{"id":361,"date":"2019-06-20T15:18:08","date_gmt":"2019-06-20T13:18:08","guid":{"rendered":"https:\/\/lethiguel.com\/es\/?page_id=361"},"modified":"2020-07-31T12:32:54","modified_gmt":"2020-07-31T10:32:54","slug":"carro-calentador-para-fundicion","status":"publish","type":"page","link":"https:\/\/lethiguel.com\/es\/carro-calentador-para-fundicion.html","title":{"rendered":"Carro calentador"},"content":{"rendered":"<section class=\"wpb-content-wrapper\"><p>[vc_row type=\u00bbvc_default\u00bb el_class=\u00bbbloc-article\u00bb][vc_column width=\u00bb1\/3&#8243; el_class=\u00bbtexteblanc bloc-text-bloc-article\u00bb][vc_column_text css=\u00bb.vc_custom_1575974089253{padding-top: 20px !important;padding-right: 20px !important;padding-bottom: 20px !important;padding-left: 20px !important;background-color: #313131 !important;}\u00bb]El <strong class=\"d2b\">carro calentador<\/strong> es un perif\u00e9rico de <strong class=\"d2b\">horno<\/strong> para <strong>calentadores de inmersi\u00f3n<\/strong>, <strong class=\"d2b\">termopares<\/strong> y <strong class=\"d2b\">calentadores de aire<\/strong>. Es compatible con la gama de <a href=\"https:\/\/lethiguel.com\/es\/thermal-power-heater.html\">calentadores Thermal Power<\/a> y <a href=\"https:\/\/lethiguel.com\/es\/quickcheck.html\">QuickCheck<\/a>. Su pr\u00e1ctico dise\u00f1o facilita el manejo de los calentadores al permitir a los operarios y trabajadores de mantenimiento mover y utilizar los calentadores alrededor de la fundici\u00f3n.<\/p>\n<p><span class=\"fort\">Ref. DESTP-00<\/span>[\/vc_column_text][\/vc_column][vc_column width=\u00bb2\/3&#8243; animation=\u00bbfadeInRight\u00bb el_class=\u00bbbloc-img-bloc-article\u00bb][vc_single_image image=\u00bb1195&#8243; img_size=\u00bbfull\u00bb alignment=\u00bbcenter\u00bb][\/vc_column][\/vc_row][vc_row][vc_column][vc_btn title=\u00bbCont\u00e1ctenos\u00bb style=\u00bbcustom\u00bb custom_background=\u00bb#cf302d\u00bb custom_text=\u00bb#ffffff\u00bb size=\u00bblg\u00bb align=\u00bbcenter\u00bb link=\u00bburl:https%3A%2F%2Flethiguel.com\/es%2Fcontact.html|title:Contact||\u00bb][\/vc_column][\/vc_row]<\/p>\n<\/section>","protected":false},"excerpt":{"rendered":"<p>[vc_row type=\u00bbvc_default\u00bb el_class=\u00bbbloc-article\u00bb][vc_column width=\u00bb1\/3&#8243; el_class=\u00bbtexteblanc bloc-text-bloc-article\u00bb][vc_column_text css=\u00bb.vc_custom_1575974089253{padding-top: 20px !important;padding-right: 20px !important;padding-bottom: 20px !important;padding-left: 20px !important;background-color: #313131 !important;}\u00bb]El carro calentador es un perif\u00e9rico de horno para calentadores de inmersi\u00f3n, termopares y calentadores de aire. Es compatible con la gama de calentadores Thermal Power y QuickCheck. Su pr\u00e1ctico dise\u00f1o facilita el manejo de los calentadores al permitir&hellip;<\/p>\n","protected":false},"author":1,"featured_media":0,"parent":0,"menu_order":0,"comment_status":"closed","ping_status":"closed","template":"","meta":{"footnotes":""},"class_list":["post-361","page","type-page","status-publish","hentry","description-off"],"yoast_head":"<!-- This site is optimized with the Yoast SEO plugin v27.4 - https:\/\/yoast.com\/product\/yoast-seo-wordpress\/ -->\n<title>Lethiguel<\/title>\n<meta name=\"description\" content=\"LETHIGUEL fabrica carro de calentamiento para la industria de fundici\u00f3n. Cont\u00e1ctenos para detalles sobre nuestros productos de calentamiento.\" \/>\n<meta name=\"robots\" content=\"index, follow, max-snippet:-1, max-image-preview:large, max-video-preview:-1\" \/>\n<link rel=\"canonical\" href=\"https:\/\/lethiguel.com\/es\/carro-calentador-para-fundicion.html\" \/>\n<meta property=\"og:locale\" content=\"es_ES\" \/>\n<meta property=\"og:type\" content=\"article\" \/>\n<meta property=\"og:title\" content=\"Lethiguel\" \/>\n<meta property=\"og:description\" content=\"LETHIGUEL fabrica carro de calentamiento para la industria de fundici\u00f3n. Cont\u00e1ctenos para detalles sobre nuestros productos de calentamiento.\" \/>\n<meta property=\"og:url\" content=\"https:\/\/lethiguel.com\/es\/carro-calentador-para-fundicion.html\" \/>\n<meta property=\"og:site_name\" content=\"Lethiguel Espa\u00f1ol\" \/>\n<meta property=\"article:modified_time\" content=\"2020-07-31T10:32:54+00:00\" \/>\n<meta name=\"twitter:card\" content=\"summary_large_image\" \/>\n<meta name=\"twitter:label1\" content=\"Tiempo de lectura\" \/>\n\t<meta name=\"twitter:data1\" content=\"1 minuto\" \/>\n<script type=\"application\/ld+json\" class=\"yoast-schema-graph\">{\"@context\":\"https:\\\/\\\/schema.org\",\"@graph\":[{\"@type\":\"WebPage\",\"@id\":\"https:\\\/\\\/lethiguel.com\\\/es\\\/carro-calentador-para-fundicion.html\",\"url\":\"https:\\\/\\\/lethiguel.com\\\/es\\\/carro-calentador-para-fundicion.html\",\"name\":\"Lethiguel\",\"isPartOf\":{\"@id\":\"https:\\\/\\\/lethiguel.com\\\/es\\\/#website\"},\"datePublished\":\"2019-06-20T13:18:08+00:00\",\"dateModified\":\"2020-07-31T10:32:54+00:00\",\"description\":\"LETHIGUEL fabrica carro de calentamiento para la industria de fundici\u00f3n. Cont\u00e1ctenos para detalles sobre nuestros productos de calentamiento.\",\"breadcrumb\":{\"@id\":\"https:\\\/\\\/lethiguel.com\\\/es\\\/carro-calentador-para-fundicion.html#breadcrumb\"},\"inLanguage\":\"es\",\"potentialAction\":[{\"@type\":\"ReadAction\",\"target\":[\"https:\\\/\\\/lethiguel.com\\\/es\\\/carro-calentador-para-fundicion.html\"]}]},{\"@type\":\"BreadcrumbList\",\"@id\":\"https:\\\/\\\/lethiguel.com\\\/es\\\/carro-calentador-para-fundicion.html#breadcrumb\",\"itemListElement\":[{\"@type\":\"ListItem\",\"position\":1,\"name\":\"Accueil\",\"item\":\"https:\\\/\\\/lethiguel.com\\\/es\\\/\"},{\"@type\":\"ListItem\",\"position\":2,\"name\":\"Carro calentador\"}]},{\"@type\":\"WebSite\",\"@id\":\"https:\\\/\\\/lethiguel.com\\\/es\\\/#website\",\"url\":\"https:\\\/\\\/lethiguel.com\\\/es\\\/\",\"name\":\"Lethiguel Espa\u00f1ol\",\"description\":\"Heating and cooling solutions\",\"potentialAction\":[{\"@type\":\"SearchAction\",\"target\":{\"@type\":\"EntryPoint\",\"urlTemplate\":\"https:\\\/\\\/lethiguel.com\\\/es\\\/?s={search_term_string}\"},\"query-input\":{\"@type\":\"PropertyValueSpecification\",\"valueRequired\":true,\"valueName\":\"search_term_string\"}}],\"inLanguage\":\"es\"}]}<\/script>\n<!-- \/ Yoast SEO plugin. -->","yoast_head_json":{"title":"Lethiguel","description":"LETHIGUEL fabrica carro de calentamiento para la industria de fundici\u00f3n. Cont\u00e1ctenos para detalles sobre nuestros productos de calentamiento.","robots":{"index":"index","follow":"follow","max-snippet":"max-snippet:-1","max-image-preview":"max-image-preview:large","max-video-preview":"max-video-preview:-1"},"canonical":"https:\/\/lethiguel.com\/es\/carro-calentador-para-fundicion.html","og_locale":"es_ES","og_type":"article","og_title":"Lethiguel","og_description":"LETHIGUEL fabrica carro de calentamiento para la industria de fundici\u00f3n. Cont\u00e1ctenos para detalles sobre nuestros productos de calentamiento.","og_url":"https:\/\/lethiguel.com\/es\/carro-calentador-para-fundicion.html","og_site_name":"Lethiguel Espa\u00f1ol","article_modified_time":"2020-07-31T10:32:54+00:00","twitter_card":"summary_large_image","twitter_misc":{"Tiempo de lectura":"1 minuto"},"schema":{"@context":"https:\/\/schema.org","@graph":[{"@type":"WebPage","@id":"https:\/\/lethiguel.com\/es\/carro-calentador-para-fundicion.html","url":"https:\/\/lethiguel.com\/es\/carro-calentador-para-fundicion.html","name":"Lethiguel","isPartOf":{"@id":"https:\/\/lethiguel.com\/es\/#website"},"datePublished":"2019-06-20T13:18:08+00:00","dateModified":"2020-07-31T10:32:54+00:00","description":"LETHIGUEL fabrica carro de calentamiento para la industria de fundici\u00f3n. Cont\u00e1ctenos para detalles sobre nuestros productos de calentamiento.","breadcrumb":{"@id":"https:\/\/lethiguel.com\/es\/carro-calentador-para-fundicion.html#breadcrumb"},"inLanguage":"es","potentialAction":[{"@type":"ReadAction","target":["https:\/\/lethiguel.com\/es\/carro-calentador-para-fundicion.html"]}]},{"@type":"BreadcrumbList","@id":"https:\/\/lethiguel.com\/es\/carro-calentador-para-fundicion.html#breadcrumb","itemListElement":[{"@type":"ListItem","position":1,"name":"Accueil","item":"https:\/\/lethiguel.com\/es\/"},{"@type":"ListItem","position":2,"name":"Carro calentador"}]},{"@type":"WebSite","@id":"https:\/\/lethiguel.com\/es\/#website","url":"https:\/\/lethiguel.com\/es\/","name":"Lethiguel Espa\u00f1ol","description":"Heating and cooling solutions","potentialAction":[{"@type":"SearchAction","target":{"@type":"EntryPoint","urlTemplate":"https:\/\/lethiguel.com\/es\/?s={search_term_string}"},"query-input":{"@type":"PropertyValueSpecification","valueRequired":true,"valueName":"search_term_string"}}],"inLanguage":"es"}]}},"_links":{"self":[{"href":"https:\/\/lethiguel.com\/es\/wp-json\/wp\/v2\/pages\/361","targetHints":{"allow":["GET"]}}],"collection":[{"href":"https:\/\/lethiguel.com\/es\/wp-json\/wp\/v2\/pages"}],"about":[{"href":"https:\/\/lethiguel.com\/es\/wp-json\/wp\/v2\/types\/page"}],"author":[{"embeddable":true,"href":"https:\/\/lethiguel.com\/es\/wp-json\/wp\/v2\/users\/1"}],"replies":[{"embeddable":true,"href":"https:\/\/lethiguel.com\/es\/wp-json\/wp\/v2\/comments?post=361"}],"version-history":[{"count":15,"href":"https:\/\/lethiguel.com\/es\/wp-json\/wp\/v2\/pages\/361\/revisions"}],"predecessor-version":[{"id":1736,"href":"https:\/\/lethiguel.com\/es\/wp-json\/wp\/v2\/pages\/361\/revisions\/1736"}],"wp:attachment":[{"href":"https:\/\/lethiguel.com\/es\/wp-json\/wp\/v2\/media?parent=361"}],"curies":[{"name":"wp","href":"https:\/\/api.w.org\/{rel}","templated":true}]}}