{"id":376,"date":"2019-06-20T15:58:43","date_gmt":"2019-06-20T13:58:43","guid":{"rendered":"https:\/\/lethiguel.com\/es\/?page_id=376"},"modified":"2020-07-31T10:21:51","modified_gmt":"2020-07-31T08:21:51","slug":"ceral","status":"publish","type":"page","link":"https:\/\/lethiguel.com\/es\/ceral.html","title":{"rendered":"Ceral"},"content":{"rendered":"<section class=\"wpb-content-wrapper\"><p>[vc_row el_class=\u00bbbloc-article\u00bb][vc_column width=\u00bb1\/3&#8243; el_class=\u00bbtexteblanc bloc-text-bloc-article\u00bb][vc_column_text css=\u00bb.vc_custom_1585133422400{padding-top: 20px !important;padding-right: 20px !important;padding-bottom: 20px !important;padding-left: 20px !important;background-color: #313131 !important;}\u00bb]<\/p>\n<h3 class=\"avantages1\">Tubos y tallo de protecci\u00f3n y desgasificaci\u00f3n: instrucciones de uso adecuadas:<\/h3>\n<ul>\n<li>Almacenar en atm\u00f3sfera seca antes de su uso<\/li>\n<li>Precalentar antes de calentar el horno fr\u00edo<\/li>\n<li>Calentar\/enfriar gradualmente el material &#8211; evitar enfriamiento y calentamiento brusco<\/li>\n<li>Manejar con cuidado<\/li>\n<li>Mant\u00e9ngase bajo mantenimiento regular para mejorar la vida \u00fatil.<\/li>\n<\/ul>\n<p>[\/vc_column_text][vc_column_text css=\u00bb.vc_custom_1585133433933{margin-top: -40px !important;padding-top: 20px !important;padding-right: 20px !important;padding-bottom: 20px !important;padding-left: 20px !important;background-color: #cf302d !important;}\u00bb]<span class=\"fort\">Ceral ofrece una amplia gama de tecnolog\u00edas y dise\u00f1os seg\u00fan la demanda espec\u00edfica, y proporciona instrucciones de uso relevantes.<\/span>[\/vc_column_text][\/vc_column][vc_column width=\u00bb2\/3&#8243; animation=\u00bbfadeInRight\u00bb el_class=\u00bbbloc-img-bloc-article\u00bb][vc_single_image image=\u00bb1198&#8243; img_size=\u00bbfull\u00bb alignment=\u00bbcenter\u00bb el_class=\u00bbcentrage\u00bb][\/vc_column][\/vc_row][vc_row margin_top=\u00bb60&#8243;][vc_column animation=\u00bbfadeInLeft\u00bb][vc_column_text]<\/p>\n<h3>Tubo de protecci\u00f3n<\/h3>\n<p>[\/vc_column_text][vc_separator align=\u00bbalign_left\u00bb el_width=\u00bb20&#8243; css=\u00bb.vc_custom_1577175365837{margin-top: -30px !important;}\u00bb][\/vc_column][\/vc_row][vc_row animation=\u00bbfadeInLeft\u00bb][vc_column width=\u00bb1\/3&#8243;][vc_single_image image=\u00bb1542&#8243; img_size=\u00bbmedium\u00bb alignment=\u00bbcenter\u00bb css=\u00bb.vc_custom_1585133566858{margin-top: 40px !important;}\u00bb][\/vc_column][vc_column width=\u00bb1\/3&#8243;][vc_column_text]<\/p>\n<p style=\"text-align: center;\">Aplicaciones principales<\/p>\n<p>[\/vc_column_text][vc_separator el_width=\u00bb60&#8243; css=\u00bb.vc_custom_1577176080605{margin-top: -30px !important;}\u00bb][\/vc_column][vc_column width=\u00bb1\/3&#8243; css=\u00bb.vc_custom_1577177034098{margin-top: 60px !important;margin-left: 30px !important;}\u00bb][vc_column_text]La cer\u00e1mica de nitruro de silicio CERAL presenta una \u00f3ptima conductividad t\u00e9rmica al utilizarse en aplicaciones de fundici\u00f3n de aluminio. Aunque puede darse una diferencia de temperatura entre el tubo y la soluci\u00f3n de aluminio en aquellos entornos m\u00e1s exigentes, el tubo de protecci\u00f3n del calentador funcionar\u00e1 siempre de forma estable. En lo que respecta a su vida \u00fatil, puede durar muchos a\u00f1os si se somete a un mantenimiento regular y se utiliza en los entornos operativos apropiados.[\/vc_column_text][\/vc_column][\/vc_row][vc_row margin_top=\u00bb60&#8243; css=\u00bb.vc_custom_1577176394181{margin-bottom: 60px !important;}\u00bb][vc_column animation=\u00bbfadeInRight\u00bb][vc_column_text]<\/p>\n<h3>Tallo para fundici\u00f3n a baja presi\u00f3n<\/h3>\n<p>[\/vc_column_text][vc_separator align=\u00bbalign_left\u00bb el_width=\u00bb20&#8243; css=\u00bb.vc_custom_1577175365837{margin-top: -30px !important;}\u00bb][\/vc_column][\/vc_row][vc_row animation=\u00bbfadeInRight\u00bb][vc_column width=\u00bb1\/3&#8243;][vc_single_image image=\u00bb1544&#8243; img_size=\u00bbmedium\u00bb alignment=\u00bbcenter\u00bb css=\u00bb.vc_custom_1585133665692{margin-top: 40px !important;}\u00bb][\/vc_column][vc_column width=\u00bb1\/3&#8243;][vc_column_text]<\/p>\n<p style=\"text-align: center;\">Aplicaciones principales<\/p>\n<p>[\/vc_column_text][vc_separator el_width=\u00bb60&#8243; css=\u00bb.vc_custom_1577176080605{margin-top: -30px !important;}\u00bb][vc_single_image image=\u00bb1546&#8243; img_size=\u00bbmedium\u00bb alignment=\u00bbcenter\u00bb][\/vc_column][vc_column width=\u00bb1\/3&#8243; css=\u00bb.vc_custom_1577177056709{margin-top: 60px !important;margin-left: 30px !important;}\u00bb][vc_column_text]El tallo de cer\u00e1mica de nitruro de silicio presenta una excelente resistencia a la corrosi\u00f3n para aplicaciones de fundici\u00f3n a baja presi\u00f3n. Adem\u00e1s, retiene el calor de forma excepcional, con lo que la p\u00e9rdida de calor se reduce al m\u00ednimo.<\/p>\n<p>El tallo puede utilizarse durante muchos a\u00f1os si se somete a un mantenimiento regular.[\/vc_column_text][\/vc_column][\/vc_row][vc_row animation=\u00bbfadeInLeft\u00bb margin_top=\u00bb60&#8243;][vc_column][vc_column_text]<\/p>\n<h3>Tubo de cierre<\/h3>\n<p>[\/vc_column_text][vc_separator align=\u00bbalign_left\u00bb el_width=\u00bb20&#8243; css=\u00bb.vc_custom_1577175365837{margin-top: -30px !important;}\u00bb][\/vc_column][\/vc_row][vc_row animation=\u00bbfadeInLeft\u00bb][vc_column width=\u00bb1\/3&#8243; css=\u00bb.vc_custom_1577176669052{margin-top: 30px !important;}\u00bb][vc_single_image image=\u00bb1548&#8243; img_size=\u00bbmedium\u00bb alignment=\u00bbcenter\u00bb css=\u00bb.vc_custom_1585133788591{margin-top: 40px !important;}\u00bb][\/vc_column][vc_column width=\u00bb1\/3&#8243;][vc_column_text]<\/p>\n<p style=\"text-align: center;\">Aplicaciones principales<\/p>\n<p>[\/vc_column_text][vc_separator el_width=\u00bb60&#8243; css=\u00bb.vc_custom_1577176080605{margin-top: -30px !important;}\u00bb][vc_single_image image=\u00bb1547&#8243; img_size=\u00bbmedium\u00bb alignment=\u00bbcenter\u00bb][\/vc_column][vc_column width=\u00bb1\/3&#8243; css=\u00bb.vc_custom_1577177066666{margin-top: 60px !important;margin-left: 30px !important;}\u00bb][vc_column_text]La cer\u00e1mica de nitruro de silicio CERAL presenta una alta densidad y una gran resistencia a la abrasi\u00f3n; es el material m\u00e1s apropiado en aplicaciones de fundici\u00f3n a baja presi\u00f3n.<\/p>\n<p>El tubo de cierre presenta unas propiedades \u00f3ptimas: dureza, no mojabilidad y un dise\u00f1o extremadamente preciso.<\/p>\n<p>El tubo de cierre puede utilizarse durante muchos a\u00f1os si se somete a un mantenimiento regular.<\/p>\n<p>La propiedad de la no mojabilidad es fundamental cuando se utiliza en aplicaciones de fundici\u00f3n a baja presi\u00f3n.[\/vc_column_text][\/vc_column][\/vc_row][vc_row animation=\u00bbfadeInRight\u00bb margin_top=\u00bb60&#8243;][vc_column][vc_column_text]<\/p>\n<h3>Tubo de desgasificaci\u00f3n y rotor<\/h3>\n<p>[\/vc_column_text][vc_separator align=\u00bbalign_left\u00bb el_width=\u00bb20&#8243; css=\u00bb.vc_custom_1577175365837{margin-top: -30px !important;}\u00bb][\/vc_column][\/vc_row][vc_row animation=\u00bbfadeInRight\u00bb][vc_column width=\u00bb1\/3&#8243; css=\u00bb.vc_custom_1577176669052{margin-top: 30px !important;}\u00bb][\/vc_column][vc_column width=\u00bb1\/3&#8243;][vc_column_text]<\/p>\n<p style=\"text-align: center;\">Aplicaciones principales<\/p>\n<p>[\/vc_column_text][vc_separator el_width=\u00bb60&#8243; css=\u00bb.vc_custom_1577176080605{margin-top: -30px !important;}\u00bb][vc_single_image image=\u00bb1551&#8243; img_size=\u00bbmedium\u00bb alignment=\u00bbcenter\u00bb][\/vc_column][vc_column width=\u00bb1\/3&#8243; css=\u00bb.vc_custom_1577177073329{margin-top: 60px !important;margin-left: 30px !important;}\u00bb][vc_column_text]La cer\u00e1mica de nitruro de silicio CERAL presenta una alta densidad y una gran resistencia a la abrasi\u00f3n, por lo que es el material m\u00e1s apropiado para los tubos de desgasificaci\u00f3n y el eje del rotor.<\/p>\n<p>El eje del rotor fabricado con nitruro de silicio CERAL muestra una excelente resistencia a la corrosi\u00f3n y la oxidaci\u00f3n en comparaci\u00f3n con otros productos. De esta manera, garantiza una alta eficiencia en la eliminaci\u00f3n del hidr\u00f3geno.<\/p>\n<p>El eje del rotor puede utilizarse durante muchos a\u00f1os si se somete a un mantenimiento regular.<\/p>\n<p>La eficiencia de la desgasificaci\u00f3n var\u00eda en funci\u00f3n de la forma del rotor y de otros par\u00e1metros.<\/p>\n<p>Vendemos el rotor m\u00e1s adecuado de acuerdo con la situaci\u00f3n espec\u00edfica de cada cliente.[\/vc_column_text][\/vc_column][\/vc_row][vc_row][vc_column][vc_btn title=\u00bbCont\u00e1ctenos\u00bb style=\u00bbcustom\u00bb custom_background=\u00bb#cf302d\u00bb custom_text=\u00bb#ffffff\u00bb size=\u00bblg\u00bb align=\u00bbcenter\u00bb link=\u00bburl:https%3A%2F%2Flethiguel.com%2Fcontact-us.html|title:Contact||\u00bb][\/vc_column][\/vc_row]<\/p>\n<\/section>","protected":false},"excerpt":{"rendered":"<p>[vc_row el_class=\u00bbbloc-article\u00bb][vc_column width=\u00bb1\/3&#8243; el_class=\u00bbtexteblanc bloc-text-bloc-article\u00bb][vc_column_text css=\u00bb.vc_custom_1585133422400{padding-top: 20px !important;padding-right: 20px !important;padding-bottom: 20px !important;padding-left: 20px !important;background-color: #313131 !important;}\u00bb] Tubos y tallo de protecci\u00f3n y desgasificaci\u00f3n: instrucciones de uso adecuadas: Almacenar en atm\u00f3sfera seca antes de su uso Precalentar antes de calentar el horno fr\u00edo Calentar\/enfriar gradualmente el material &#8211; evitar enfriamiento y calentamiento brusco Manejar con cuidado&hellip;<\/p>\n","protected":false},"author":1,"featured_media":0,"parent":0,"menu_order":0,"comment_status":"closed","ping_status":"closed","template":"","meta":{"footnotes":""},"class_list":["post-376","page","type-page","status-publish","hentry","description-off"],"yoast_head":"<!-- This site is optimized with the Yoast SEO plugin v27.4 - https:\/\/yoast.com\/product\/yoast-seo-wordpress\/ -->\n<title>Lethiguel<\/title>\n<meta name=\"description\" content=\"LETHIGUAL dise\u00f1a y fabrica tubos y tallos de protecci\u00f3n, desgasificaci\u00f3n, ... en la industria de fundici\u00f3n. Cont\u00e1ctenos para m\u00e1s informaciones.\" \/>\n<meta name=\"robots\" content=\"index, follow, max-snippet:-1, max-image-preview:large, max-video-preview:-1\" \/>\n<link rel=\"canonical\" href=\"https:\/\/lethiguel.com\/es\/ceral.html\" \/>\n<meta property=\"og:locale\" content=\"es_ES\" \/>\n<meta property=\"og:type\" content=\"article\" \/>\n<meta property=\"og:title\" content=\"Lethiguel\" \/>\n<meta property=\"og:description\" content=\"LETHIGUAL dise\u00f1a y fabrica tubos y tallos de protecci\u00f3n, desgasificaci\u00f3n, ... en la industria de fundici\u00f3n. Cont\u00e1ctenos para m\u00e1s informaciones.\" \/>\n<meta property=\"og:url\" content=\"https:\/\/lethiguel.com\/es\/ceral.html\" \/>\n<meta property=\"og:site_name\" content=\"Lethiguel Espa\u00f1ol\" \/>\n<meta property=\"article:modified_time\" content=\"2020-07-31T08:21:51+00:00\" \/>\n<meta name=\"twitter:card\" content=\"summary_large_image\" \/>\n<meta name=\"twitter:label1\" content=\"Tiempo de lectura\" \/>\n\t<meta name=\"twitter:data1\" content=\"5 minutos\" \/>\n<script type=\"application\/ld+json\" class=\"yoast-schema-graph\">{\"@context\":\"https:\\\/\\\/schema.org\",\"@graph\":[{\"@type\":\"WebPage\",\"@id\":\"https:\\\/\\\/lethiguel.com\\\/es\\\/ceral.html\",\"url\":\"https:\\\/\\\/lethiguel.com\\\/es\\\/ceral.html\",\"name\":\"Lethiguel\",\"isPartOf\":{\"@id\":\"https:\\\/\\\/lethiguel.com\\\/es\\\/#website\"},\"datePublished\":\"2019-06-20T13:58:43+00:00\",\"dateModified\":\"2020-07-31T08:21:51+00:00\",\"description\":\"LETHIGUAL dise\u00f1a y fabrica tubos y tallos de protecci\u00f3n, desgasificaci\u00f3n, ... en la industria de fundici\u00f3n. Cont\u00e1ctenos para m\u00e1s informaciones.\",\"breadcrumb\":{\"@id\":\"https:\\\/\\\/lethiguel.com\\\/es\\\/ceral.html#breadcrumb\"},\"inLanguage\":\"es\",\"potentialAction\":[{\"@type\":\"ReadAction\",\"target\":[\"https:\\\/\\\/lethiguel.com\\\/es\\\/ceral.html\"]}]},{\"@type\":\"BreadcrumbList\",\"@id\":\"https:\\\/\\\/lethiguel.com\\\/es\\\/ceral.html#breadcrumb\",\"itemListElement\":[{\"@type\":\"ListItem\",\"position\":1,\"name\":\"Accueil\",\"item\":\"https:\\\/\\\/lethiguel.com\\\/es\\\/\"},{\"@type\":\"ListItem\",\"position\":2,\"name\":\"Ceral\"}]},{\"@type\":\"WebSite\",\"@id\":\"https:\\\/\\\/lethiguel.com\\\/es\\\/#website\",\"url\":\"https:\\\/\\\/lethiguel.com\\\/es\\\/\",\"name\":\"Lethiguel Espa\u00f1ol\",\"description\":\"Heating and cooling solutions\",\"potentialAction\":[{\"@type\":\"SearchAction\",\"target\":{\"@type\":\"EntryPoint\",\"urlTemplate\":\"https:\\\/\\\/lethiguel.com\\\/es\\\/?s={search_term_string}\"},\"query-input\":{\"@type\":\"PropertyValueSpecification\",\"valueRequired\":true,\"valueName\":\"search_term_string\"}}],\"inLanguage\":\"es\"}]}<\/script>\n<!-- \/ Yoast SEO plugin. -->","yoast_head_json":{"title":"Lethiguel","description":"LETHIGUAL dise\u00f1a y fabrica tubos y tallos de protecci\u00f3n, desgasificaci\u00f3n, ... en la industria de fundici\u00f3n. Cont\u00e1ctenos para m\u00e1s informaciones.","robots":{"index":"index","follow":"follow","max-snippet":"max-snippet:-1","max-image-preview":"max-image-preview:large","max-video-preview":"max-video-preview:-1"},"canonical":"https:\/\/lethiguel.com\/es\/ceral.html","og_locale":"es_ES","og_type":"article","og_title":"Lethiguel","og_description":"LETHIGUAL dise\u00f1a y fabrica tubos y tallos de protecci\u00f3n, desgasificaci\u00f3n, ... en la industria de fundici\u00f3n. Cont\u00e1ctenos para m\u00e1s informaciones.","og_url":"https:\/\/lethiguel.com\/es\/ceral.html","og_site_name":"Lethiguel Espa\u00f1ol","article_modified_time":"2020-07-31T08:21:51+00:00","twitter_card":"summary_large_image","twitter_misc":{"Tiempo de lectura":"5 minutos"},"schema":{"@context":"https:\/\/schema.org","@graph":[{"@type":"WebPage","@id":"https:\/\/lethiguel.com\/es\/ceral.html","url":"https:\/\/lethiguel.com\/es\/ceral.html","name":"Lethiguel","isPartOf":{"@id":"https:\/\/lethiguel.com\/es\/#website"},"datePublished":"2019-06-20T13:58:43+00:00","dateModified":"2020-07-31T08:21:51+00:00","description":"LETHIGUAL dise\u00f1a y fabrica tubos y tallos de protecci\u00f3n, desgasificaci\u00f3n, ... en la industria de fundici\u00f3n. Cont\u00e1ctenos para m\u00e1s informaciones.","breadcrumb":{"@id":"https:\/\/lethiguel.com\/es\/ceral.html#breadcrumb"},"inLanguage":"es","potentialAction":[{"@type":"ReadAction","target":["https:\/\/lethiguel.com\/es\/ceral.html"]}]},{"@type":"BreadcrumbList","@id":"https:\/\/lethiguel.com\/es\/ceral.html#breadcrumb","itemListElement":[{"@type":"ListItem","position":1,"name":"Accueil","item":"https:\/\/lethiguel.com\/es\/"},{"@type":"ListItem","position":2,"name":"Ceral"}]},{"@type":"WebSite","@id":"https:\/\/lethiguel.com\/es\/#website","url":"https:\/\/lethiguel.com\/es\/","name":"Lethiguel Espa\u00f1ol","description":"Heating and cooling solutions","potentialAction":[{"@type":"SearchAction","target":{"@type":"EntryPoint","urlTemplate":"https:\/\/lethiguel.com\/es\/?s={search_term_string}"},"query-input":{"@type":"PropertyValueSpecification","valueRequired":true,"valueName":"search_term_string"}}],"inLanguage":"es"}]}},"_links":{"self":[{"href":"https:\/\/lethiguel.com\/es\/wp-json\/wp\/v2\/pages\/376","targetHints":{"allow":["GET"]}}],"collection":[{"href":"https:\/\/lethiguel.com\/es\/wp-json\/wp\/v2\/pages"}],"about":[{"href":"https:\/\/lethiguel.com\/es\/wp-json\/wp\/v2\/types\/page"}],"author":[{"embeddable":true,"href":"https:\/\/lethiguel.com\/es\/wp-json\/wp\/v2\/users\/1"}],"replies":[{"embeddable":true,"href":"https:\/\/lethiguel.com\/es\/wp-json\/wp\/v2\/comments?post=376"}],"version-history":[{"count":18,"href":"https:\/\/lethiguel.com\/es\/wp-json\/wp\/v2\/pages\/376\/revisions"}],"predecessor-version":[{"id":1723,"href":"https:\/\/lethiguel.com\/es\/wp-json\/wp\/v2\/pages\/376\/revisions\/1723"}],"wp:attachment":[{"href":"https:\/\/lethiguel.com\/es\/wp-json\/wp\/v2\/media?parent=376"}],"curies":[{"name":"wp","href":"https:\/\/api.w.org\/{rel}","templated":true}]}}