{"id":588,"date":"2019-07-22T14:24:49","date_gmt":"2019-07-22T12:24:49","guid":{"rendered":"https:\/\/lethiguel.com\/es\/?page_id=588"},"modified":"2022-10-17T14:03:27","modified_gmt":"2022-10-17T12:03:27","slug":"key-dates","status":"publish","type":"page","link":"https:\/\/lethiguel.com\/es\/key-dates.html","title":{"rendered":"Fechas clave"},"content":{"rendered":"<section class=\"wpb-content-wrapper\"><p>[vc_row][vc_column]<div class=\"legacy-timeline\" style=\"background:#f4f4f4;\"><div class=\"legacy-timeline-item\"><div class=\"legacy-timeline-year\">2021<\/div><div class=\"legacy-timeline-content\"><\/p>\n<p class=\"txt-timeline\">Creaci\u00f3n de Lethiguel M\u00e9xico<\/p>\n<p><img fetchpriority=\"high\" decoding=\"async\" class=\"alignnone wp-image-1962\" src=\"https:\/\/lethiguel.com\/es\/wp-content\/uploads\/sites\/9\/2022\/10\/Lethiguel_Mexico-removebg-preview.png\" alt=\"\" width=\"335\" height=\"223\" srcset=\"https:\/\/lethiguel.com\/es\/wp-content\/uploads\/sites\/9\/2022\/10\/Lethiguel_Mexico-removebg-preview.png 612w, https:\/\/lethiguel.com\/es\/wp-content\/uploads\/sites\/9\/2022\/10\/Lethiguel_Mexico-removebg-preview-300x200.png 300w\" sizes=\"(max-width: 335px) 100vw, 335px\" \/><\/div><\/div><div class=\"legacy-timeline-item\"><div class=\"legacy-timeline-year\">2021<\/div><div class=\"legacy-timeline-content\"><\/p>\n<p class=\"txt-timeline\">Lethiguel adquiere Midland Technologies en Estados Unidos<\/p>\n<p><img decoding=\"async\" class=\"alignnone wp-image-1963\" src=\"https:\/\/lethiguel.com\/es\/wp-content\/uploads\/sites\/9\/2022\/10\/midland_logo_2-removebg-preview.png\" alt=\"\" width=\"469\" height=\"153\" srcset=\"https:\/\/lethiguel.com\/es\/wp-content\/uploads\/sites\/9\/2022\/10\/midland_logo_2-removebg-preview.png 875w, https:\/\/lethiguel.com\/es\/wp-content\/uploads\/sites\/9\/2022\/10\/midland_logo_2-removebg-preview-300x98.png 300w, https:\/\/lethiguel.com\/es\/wp-content\/uploads\/sites\/9\/2022\/10\/midland_logo_2-removebg-preview-768x250.png 768w\" sizes=\"(max-width: 469px) 100vw, 469px\" \/><\/div><\/div><div class=\"legacy-timeline-item\"><div class=\"legacy-timeline-year\">2020<\/div><div class=\"legacy-timeline-content\">Oficial cerrado Lethiguel North-America en Toronto, Canad\u00e1<\/div><\/div><div class=\"legacy-timeline-item\"><div class=\"legacy-timeline-year\">2019<\/div><div class=\"legacy-timeline-content\"><\/p>\n<p class=\"txt-timeline\">Traslado de la sede de\u00a0Lethiguel a Lentilly, Francia<\/p>\n<p><img decoding=\"async\" class=\"alignnone wp-image-1964\" src=\"https:\/\/lethiguel.com\/es\/wp-content\/uploads\/sites\/9\/2022\/10\/DSC_0205-light-scaled.jpg\" alt=\"\" width=\"303\" height=\"210\" srcset=\"https:\/\/lethiguel.com\/es\/wp-content\/uploads\/sites\/9\/2022\/10\/DSC_0205-light-scaled.jpg 2560w, https:\/\/lethiguel.com\/es\/wp-content\/uploads\/sites\/9\/2022\/10\/DSC_0205-light-300x208.jpg 300w, https:\/\/lethiguel.com\/es\/wp-content\/uploads\/sites\/9\/2022\/10\/DSC_0205-light-1024x711.jpg 1024w, https:\/\/lethiguel.com\/es\/wp-content\/uploads\/sites\/9\/2022\/10\/DSC_0205-light-768x533.jpg 768w, https:\/\/lethiguel.com\/es\/wp-content\/uploads\/sites\/9\/2022\/10\/DSC_0205-light-1536x1066.jpg 1536w, https:\/\/lethiguel.com\/es\/wp-content\/uploads\/sites\/9\/2022\/10\/DSC_0205-light-2048x1422.jpg 2048w\" sizes=\"(max-width: 303px) 100vw, 303px\" \/><\/div><\/div><div class=\"legacy-timeline-item\"><div class=\"legacy-timeline-year\">2016<\/div><div class=\"legacy-timeline-content\"><\/p>\n<p class=\"txt-timeline\" style=\"text-align: left;\">Establecimiento de Lethiguel Jap\u00f3n en Nagoya. La plantilla crece hasta alcanzar los 30 empleados.<\/p>\n<div class=\"img-timeline\"><img loading=\"lazy\" decoding=\"async\" class=\"alignnone wp-image-1965 \" src=\"https:\/\/lethiguel.com\/es\/wp-content\/uploads\/sites\/9\/2022\/10\/lethiguel_logo_japan.png\" alt=\"\" width=\"345\" height=\"173\" srcset=\"https:\/\/lethiguel.com\/es\/wp-content\/uploads\/sites\/9\/2022\/10\/lethiguel_logo_japan.png 2000w, https:\/\/lethiguel.com\/es\/wp-content\/uploads\/sites\/9\/2022\/10\/lethiguel_logo_japan-300x150.png 300w, https:\/\/lethiguel.com\/es\/wp-content\/uploads\/sites\/9\/2022\/10\/lethiguel_logo_japan-1024x512.png 1024w, https:\/\/lethiguel.com\/es\/wp-content\/uploads\/sites\/9\/2022\/10\/lethiguel_logo_japan-768x384.png 768w, https:\/\/lethiguel.com\/es\/wp-content\/uploads\/sites\/9\/2022\/10\/lethiguel_logo_japan-1536x768.png 1536w\" sizes=\"(max-width: 345px) 100vw, 345px\" \/><\/div>\n<p><\/div><\/div><div class=\"legacy-timeline-item\"><div class=\"legacy-timeline-year\">2015<\/div><div class=\"legacy-timeline-content\"><\/p>\n<p class=\"txt-timeline\" style=\"text-align: left;\">Instalaci\u00f3n de Lethiguel North-America en Toronto, Canad\u00e1<\/p>\n<div class=\"img-timeline\"><img loading=\"lazy\" decoding=\"async\" class=\"alignnone wp-image-1966 \" src=\"https:\/\/lethiguel.com\/es\/wp-content\/uploads\/sites\/9\/2022\/10\/Logo_Lethiguel_america-removebg-preview.png\" alt=\"\" width=\"365\" height=\"157\" srcset=\"https:\/\/lethiguel.com\/es\/wp-content\/uploads\/sites\/9\/2022\/10\/Logo_Lethiguel_america-removebg-preview.png 528w, https:\/\/lethiguel.com\/es\/wp-content\/uploads\/sites\/9\/2022\/10\/Logo_Lethiguel_america-removebg-preview-300x129.png 300w\" sizes=\"(max-width: 365px) 100vw, 365px\" \/><\/div>\n<p><\/div><\/div><div class=\"legacy-timeline-item\"><div class=\"legacy-timeline-year\">2013<\/div><div class=\"legacy-timeline-content\"><\/p>\n<p class=\"txt-timeline\" style=\"text-align: left;\">Montaje de Lethiguel GMBH en Francfort, Alemania<\/p>\n<div class=\"img-timeline\"><img loading=\"lazy\" decoding=\"async\" class=\"alignnone wp-image-1967 \" src=\"https:\/\/lethiguel.com\/es\/wp-content\/uploads\/sites\/9\/2022\/10\/png_logo_europe-removebg-preview.png\" alt=\"\" width=\"433\" height=\"225\" srcset=\"https:\/\/lethiguel.com\/es\/wp-content\/uploads\/sites\/9\/2022\/10\/png_logo_europe-removebg-preview.png 693w, https:\/\/lethiguel.com\/es\/wp-content\/uploads\/sites\/9\/2022\/10\/png_logo_europe-removebg-preview-300x156.png 300w\" sizes=\"(max-width: 433px) 100vw, 433px\" \/><\/div>\n<p><\/div><\/div><div class=\"legacy-timeline-item\"><div class=\"legacy-timeline-year\">2010<\/div><div class=\"legacy-timeline-content\"><\/p>\n<p class=\"txt-timeline\" style=\"text-align: left;\">Las funciones comerciales, productivas y administrativas se agrupan en Lozanne, Francia.<\/p>\n<div class=\"img-timeline\"><img loading=\"lazy\" decoding=\"async\" class=\"size-medium wp-image-1210 alignleft\" src=\"https:\/\/lethiguel.com\/es\/wp-content\/uploads\/sites\/9\/2019\/12\/lethiguel-fabricante-soluciones-calentamiento-refirgeracion-fundicion-300x67.jpg\" alt=\"Fabricante de soluciones de calentamiento y de refrigeraci\u00f3n para fundici\u00f3on\" width=\"300\" height=\"67\" srcset=\"https:\/\/lethiguel.com\/es\/wp-content\/uploads\/sites\/9\/2019\/12\/lethiguel-fabricante-soluciones-calentamiento-refirgeracion-fundicion-300x67.jpg 300w, https:\/\/lethiguel.com\/es\/wp-content\/uploads\/sites\/9\/2019\/12\/lethiguel-fabricante-soluciones-calentamiento-refirgeracion-fundicion-768x171.jpg 768w, https:\/\/lethiguel.com\/es\/wp-content\/uploads\/sites\/9\/2019\/12\/lethiguel-fabricante-soluciones-calentamiento-refirgeracion-fundicion.jpg 800w\" sizes=\"(max-width: 300px) 100vw, 300px\" \/><\/div>\n<p><\/div><\/div><div class=\"legacy-timeline-item\"><div class=\"legacy-timeline-year\">2009<\/div><div class=\"legacy-timeline-content\"><\/p>\n<p class=\"txt-timeline\">Se contrata a Guillaume Levacher para desarrollar las ventas internacionales<\/p>\n<p><\/div><\/div><div class=\"legacy-timeline-item\"><div class=\"legacy-timeline-year\">2008<\/div><div class=\"legacy-timeline-content\"><\/p>\n<p class=\"txt-timeline\">Certificaci\u00f3n ISO 9001<\/p>\n<p><\/div><\/div><div class=\"legacy-timeline-item\"><div class=\"legacy-timeline-year\">2007<\/div><div class=\"legacy-timeline-content\"><\/p>\n<p class=\"txt-timeline\">Con la compra de Hifast, Lethiguel comienza a fabricar sus propios calentadores<\/p>\n<p><\/div><\/div><div class=\"legacy-timeline-item\"><div class=\"legacy-timeline-year\">2003<\/div><div class=\"legacy-timeline-content\"><\/p>\n<p class=\"txt-timeline\">Lethiguel incorpora Fitec que se convertir\u00e1 en el departamento de m\u00e1quina-herramienta<\/p>\n<p><\/div><\/div><div class=\"legacy-timeline-item\"><div class=\"legacy-timeline-year\">1998<\/div><div class=\"legacy-timeline-content\"><\/p>\n<p class=\"txt-timeline\">Desarrollo de las ventas de calentadores de inmersi\u00f3n en el mercado franc\u00e9s<\/p>\n<p><\/div><\/div><div class=\"legacy-timeline-item\"><div class=\"legacy-timeline-year\">1991<\/div><div class=\"legacy-timeline-content\"><\/p>\n<p class=\"txt-timeline\">Creaci\u00f3n del holding que financia las inversiones globales de Lethiguel<\/p>\n<p><\/div><\/div><div class=\"legacy-timeline-item\"><div class=\"legacy-timeline-year\">1979<\/div><div class=\"legacy-timeline-content\"><\/p>\n<p class=\"txt-timeline\">Lethiguel se instala en una nueva oficina en Tassin la Demi-Lune, Francia<\/p>\n<p><\/div><\/div><div class=\"legacy-timeline-item\"><div class=\"legacy-timeline-year\">1976<\/div><div class=\"legacy-timeline-content\"><\/p>\n<p class=\"txt-timeline\">Establecimiento Lethiguel el 26 de febrero. A continuaci\u00f3n, la empresa vende crisoles alemanes a fundiciones francesas.<\/p>\n<p><\/div><\/div><\/div>[\/vc_column][\/vc_row]<\/p>\n<\/section>","protected":false},"excerpt":{"rendered":"<p>[vc_row][vc_column][\/vc_column][\/vc_row]<\/p>\n","protected":false},"author":1,"featured_media":0,"parent":0,"menu_order":0,"comment_status":"closed","ping_status":"closed","template":"","meta":{"footnotes":""},"class_list":["post-588","page","type-page","status-publish","hentry","description-off"],"yoast_head":"<!-- This site is optimized with the Yoast SEO plugin v27.4 - https:\/\/yoast.com\/product\/yoast-seo-wordpress\/ -->\n<title>Lethiguel<\/title>\n<meta name=\"description\" content=\"Descubra la historia de Lethiguel, un especialista en soluciones de calefacci\u00f3n y refrigeraci\u00f3n de fundici\u00f3n. Cont\u00e1ctenos para detalles sobre nuestros productos.\" \/>\n<meta name=\"robots\" content=\"index, follow, max-snippet:-1, max-image-preview:large, max-video-preview:-1\" \/>\n<link rel=\"canonical\" href=\"https:\/\/lethiguel.com\/es\/key-dates.html\" \/>\n<meta property=\"og:locale\" content=\"es_ES\" \/>\n<meta property=\"og:type\" content=\"article\" \/>\n<meta property=\"og:title\" content=\"Lethiguel\" \/>\n<meta property=\"og:description\" content=\"Descubra la historia de Lethiguel, un especialista en soluciones de calefacci\u00f3n y refrigeraci\u00f3n de fundici\u00f3n. Cont\u00e1ctenos para detalles sobre nuestros productos.\" \/>\n<meta property=\"og:url\" content=\"https:\/\/lethiguel.com\/es\/key-dates.html\" \/>\n<meta property=\"og:site_name\" content=\"Lethiguel Espa\u00f1ol\" \/>\n<meta property=\"article:modified_time\" content=\"2022-10-17T12:03:27+00:00\" \/>\n<meta property=\"og:image\" content=\"https:\/\/lethiguel.com\/es\/wp-content\/uploads\/sites\/9\/2022\/10\/Lethiguel_Mexico-removebg-preview.png\" \/>\n<meta name=\"twitter:card\" content=\"summary_large_image\" \/>\n<meta name=\"twitter:label1\" content=\"Tiempo de lectura\" \/>\n\t<meta name=\"twitter:data1\" content=\"2 minutos\" \/>\n<script type=\"application\/ld+json\" class=\"yoast-schema-graph\">{\"@context\":\"https:\\\/\\\/schema.org\",\"@graph\":[{\"@type\":\"WebPage\",\"@id\":\"https:\\\/\\\/lethiguel.com\\\/es\\\/key-dates.html\",\"url\":\"https:\\\/\\\/lethiguel.com\\\/es\\\/key-dates.html\",\"name\":\"Lethiguel\",\"isPartOf\":{\"@id\":\"https:\\\/\\\/lethiguel.com\\\/es\\\/#website\"},\"primaryImageOfPage\":{\"@id\":\"https:\\\/\\\/lethiguel.com\\\/es\\\/key-dates.html#primaryimage\"},\"image\":{\"@id\":\"https:\\\/\\\/lethiguel.com\\\/es\\\/key-dates.html#primaryimage\"},\"thumbnailUrl\":\"https:\\\/\\\/lethiguel.com\\\/es\\\/wp-content\\\/uploads\\\/sites\\\/9\\\/2022\\\/10\\\/Lethiguel_Mexico-removebg-preview.png\",\"datePublished\":\"2019-07-22T12:24:49+00:00\",\"dateModified\":\"2022-10-17T12:03:27+00:00\",\"description\":\"Descubra la historia de Lethiguel, un especialista en soluciones de calefacci\u00f3n y refrigeraci\u00f3n de fundici\u00f3n. Cont\u00e1ctenos para detalles sobre nuestros productos.\",\"breadcrumb\":{\"@id\":\"https:\\\/\\\/lethiguel.com\\\/es\\\/key-dates.html#breadcrumb\"},\"inLanguage\":\"es\",\"potentialAction\":[{\"@type\":\"ReadAction\",\"target\":[\"https:\\\/\\\/lethiguel.com\\\/es\\\/key-dates.html\"]}]},{\"@type\":\"ImageObject\",\"inLanguage\":\"es\",\"@id\":\"https:\\\/\\\/lethiguel.com\\\/es\\\/key-dates.html#primaryimage\",\"url\":\"https:\\\/\\\/lethiguel.com\\\/es\\\/wp-content\\\/uploads\\\/sites\\\/9\\\/2022\\\/10\\\/Lethiguel_Mexico-removebg-preview.png\",\"contentUrl\":\"https:\\\/\\\/lethiguel.com\\\/es\\\/wp-content\\\/uploads\\\/sites\\\/9\\\/2022\\\/10\\\/Lethiguel_Mexico-removebg-preview.png\",\"width\":612,\"height\":408},{\"@type\":\"BreadcrumbList\",\"@id\":\"https:\\\/\\\/lethiguel.com\\\/es\\\/key-dates.html#breadcrumb\",\"itemListElement\":[{\"@type\":\"ListItem\",\"position\":1,\"name\":\"Accueil\",\"item\":\"https:\\\/\\\/lethiguel.com\\\/es\\\/\"},{\"@type\":\"ListItem\",\"position\":2,\"name\":\"Fechas clave\"}]},{\"@type\":\"WebSite\",\"@id\":\"https:\\\/\\\/lethiguel.com\\\/es\\\/#website\",\"url\":\"https:\\\/\\\/lethiguel.com\\\/es\\\/\",\"name\":\"Lethiguel Espa\u00f1ol\",\"description\":\"Heating and cooling solutions\",\"potentialAction\":[{\"@type\":\"SearchAction\",\"target\":{\"@type\":\"EntryPoint\",\"urlTemplate\":\"https:\\\/\\\/lethiguel.com\\\/es\\\/?s={search_term_string}\"},\"query-input\":{\"@type\":\"PropertyValueSpecification\",\"valueRequired\":true,\"valueName\":\"search_term_string\"}}],\"inLanguage\":\"es\"}]}<\/script>\n<!-- \/ Yoast SEO plugin. -->","yoast_head_json":{"title":"Lethiguel","description":"Descubra la historia de Lethiguel, un especialista en soluciones de calefacci\u00f3n y refrigeraci\u00f3n de fundici\u00f3n. Cont\u00e1ctenos para detalles sobre nuestros productos.","robots":{"index":"index","follow":"follow","max-snippet":"max-snippet:-1","max-image-preview":"max-image-preview:large","max-video-preview":"max-video-preview:-1"},"canonical":"https:\/\/lethiguel.com\/es\/key-dates.html","og_locale":"es_ES","og_type":"article","og_title":"Lethiguel","og_description":"Descubra la historia de Lethiguel, un especialista en soluciones de calefacci\u00f3n y refrigeraci\u00f3n de fundici\u00f3n. Cont\u00e1ctenos para detalles sobre nuestros productos.","og_url":"https:\/\/lethiguel.com\/es\/key-dates.html","og_site_name":"Lethiguel Espa\u00f1ol","article_modified_time":"2022-10-17T12:03:27+00:00","og_image":[{"url":"https:\/\/lethiguel.com\/es\/wp-content\/uploads\/sites\/9\/2022\/10\/Lethiguel_Mexico-removebg-preview.png","type":"","width":"","height":""}],"twitter_card":"summary_large_image","twitter_misc":{"Tiempo de lectura":"2 minutos"},"schema":{"@context":"https:\/\/schema.org","@graph":[{"@type":"WebPage","@id":"https:\/\/lethiguel.com\/es\/key-dates.html","url":"https:\/\/lethiguel.com\/es\/key-dates.html","name":"Lethiguel","isPartOf":{"@id":"https:\/\/lethiguel.com\/es\/#website"},"primaryImageOfPage":{"@id":"https:\/\/lethiguel.com\/es\/key-dates.html#primaryimage"},"image":{"@id":"https:\/\/lethiguel.com\/es\/key-dates.html#primaryimage"},"thumbnailUrl":"https:\/\/lethiguel.com\/es\/wp-content\/uploads\/sites\/9\/2022\/10\/Lethiguel_Mexico-removebg-preview.png","datePublished":"2019-07-22T12:24:49+00:00","dateModified":"2022-10-17T12:03:27+00:00","description":"Descubra la historia de Lethiguel, un especialista en soluciones de calefacci\u00f3n y refrigeraci\u00f3n de fundici\u00f3n. Cont\u00e1ctenos para detalles sobre nuestros productos.","breadcrumb":{"@id":"https:\/\/lethiguel.com\/es\/key-dates.html#breadcrumb"},"inLanguage":"es","potentialAction":[{"@type":"ReadAction","target":["https:\/\/lethiguel.com\/es\/key-dates.html"]}]},{"@type":"ImageObject","inLanguage":"es","@id":"https:\/\/lethiguel.com\/es\/key-dates.html#primaryimage","url":"https:\/\/lethiguel.com\/es\/wp-content\/uploads\/sites\/9\/2022\/10\/Lethiguel_Mexico-removebg-preview.png","contentUrl":"https:\/\/lethiguel.com\/es\/wp-content\/uploads\/sites\/9\/2022\/10\/Lethiguel_Mexico-removebg-preview.png","width":612,"height":408},{"@type":"BreadcrumbList","@id":"https:\/\/lethiguel.com\/es\/key-dates.html#breadcrumb","itemListElement":[{"@type":"ListItem","position":1,"name":"Accueil","item":"https:\/\/lethiguel.com\/es\/"},{"@type":"ListItem","position":2,"name":"Fechas clave"}]},{"@type":"WebSite","@id":"https:\/\/lethiguel.com\/es\/#website","url":"https:\/\/lethiguel.com\/es\/","name":"Lethiguel Espa\u00f1ol","description":"Heating and cooling solutions","potentialAction":[{"@type":"SearchAction","target":{"@type":"EntryPoint","urlTemplate":"https:\/\/lethiguel.com\/es\/?s={search_term_string}"},"query-input":{"@type":"PropertyValueSpecification","valueRequired":true,"valueName":"search_term_string"}}],"inLanguage":"es"}]}},"_links":{"self":[{"href":"https:\/\/lethiguel.com\/es\/wp-json\/wp\/v2\/pages\/588","targetHints":{"allow":["GET"]}}],"collection":[{"href":"https:\/\/lethiguel.com\/es\/wp-json\/wp\/v2\/pages"}],"about":[{"href":"https:\/\/lethiguel.com\/es\/wp-json\/wp\/v2\/types\/page"}],"author":[{"embeddable":true,"href":"https:\/\/lethiguel.com\/es\/wp-json\/wp\/v2\/users\/1"}],"replies":[{"embeddable":true,"href":"https:\/\/lethiguel.com\/es\/wp-json\/wp\/v2\/comments?post=588"}],"version-history":[{"count":16,"href":"https:\/\/lethiguel.com\/es\/wp-json\/wp\/v2\/pages\/588\/revisions"}],"predecessor-version":[{"id":808,"href":"https:\/\/lethiguel.com\/es\/wp-json\/wp\/v2\/pages\/588\/revisions\/808"}],"wp:attachment":[{"href":"https:\/\/lethiguel.com\/es\/wp-json\/wp\/v2\/media?parent=588"}],"curies":[{"name":"wp","href":"https:\/\/api.w.org\/{rel}","templated":true}]}}