{"id":788,"date":"2019-09-02T11:24:02","date_gmt":"2019-09-02T09:24:02","guid":{"rendered":"https:\/\/lethiguel.com\/es\/?page_id=788"},"modified":"2020-08-03T10:14:34","modified_gmt":"2020-08-03T08:14:34","slug":"gifa-2019-messe-dusseldorf-germany","status":"publish","type":"page","link":"https:\/\/lethiguel.com\/es\/gifa-2019-messe-dusseldorf-germany.html","title":{"rendered":"GIFA 2019, Messe D\u00fcsseldorf, Alemania"},"content":{"rendered":"<section class=\"wpb-content-wrapper\"><p>[vc_row][vc_column animation=\u00bbfadeInLeft\u00bb][vc_single_image image=\u00bb1225&#8243; img_size=\u00bbfull\u00bb][\/vc_column][\/vc_row][vc_row][vc_column animation=\u00bbfadeInLeft\u00bb][vc_column_text]Lethiguel tuvo la gran oportunidad de exponer en la\u00a0<a href=\"https:\/\/www.gifa.com\/\">GIFA 2019<\/a>, lo que s\u00f3lo ocurre una vez cada 4 a\u00f1os. Pudimos dar la bienvenida a visitantes de todo el mundo con nuestro asombroso dise\u00f1o de stand.<\/p>\n<p>Se realizaron catas de vinos para una experiencia cultural y una discusi\u00f3n m\u00e1s profunda entre los visitantes y nosotros. A trav\u00e9s de esto, pudimos recopilar informaci\u00f3n sobre las necesidades del mercado para poder ofrecer una soluci\u00f3n m\u00e1s integrada a los clientes.<\/p>\n<p>Nos vemos en la pr\u00f3xima GIFA! Prep\u00e1rate para m\u00e1s sorpresas y experiencias![\/vc_column_text][\/vc_column][\/vc_row][vc_row][vc_column animation=\u00bbfadeInLeft\u00bb][vc_video link=\u00bbhttps:\/\/www.youtube.com\/watch?v=m8qX-da466s&amp;feature=youtu.be\u00bb title=\u00bbGIFA 2019 \u00ab][\/vc_column][\/vc_row]<\/p>\n<\/section>","protected":false},"excerpt":{"rendered":"<p>[vc_row][vc_column animation=\u00bbfadeInLeft\u00bb][vc_single_image image=\u00bb1225&#8243; img_size=\u00bbfull\u00bb][\/vc_column][\/vc_row][vc_row][vc_column animation=\u00bbfadeInLeft\u00bb][vc_column_text]Lethiguel tuvo la gran oportunidad de exponer en la\u00a0GIFA 2019, lo que s\u00f3lo ocurre una vez cada 4 a\u00f1os. Pudimos dar la bienvenida a visitantes de todo el mundo con nuestro asombroso dise\u00f1o de stand. Se realizaron catas de vinos para una experiencia cultural y una discusi\u00f3n m\u00e1s profunda entre los&hellip;<\/p>\n","protected":false},"author":2,"featured_media":1774,"parent":0,"menu_order":0,"comment_status":"closed","ping_status":"closed","template":"","meta":{"footnotes":""},"class_list":["post-788","page","type-page","status-publish","has-post-thumbnail","hentry","description-off"],"yoast_head":"<!-- This site is optimized with the Yoast SEO plugin v27.4 - https:\/\/yoast.com\/product\/yoast-seo-wordpress\/ -->\n<title>Lethiguel<\/title>\n<meta name=\"description\" content=\"\u00a1Estuvimos en GIFA 2019! haga clic para m\u00e1s informaci\u00f3n!\" \/>\n<meta name=\"robots\" content=\"index, follow, max-snippet:-1, max-image-preview:large, max-video-preview:-1\" \/>\n<link rel=\"canonical\" href=\"https:\/\/lethiguel.com\/es\/gifa-2019-messe-dusseldorf-germany.html\" \/>\n<meta property=\"og:locale\" content=\"es_ES\" \/>\n<meta property=\"og:type\" content=\"article\" \/>\n<meta property=\"og:title\" content=\"Lethiguel\" \/>\n<meta property=\"og:description\" content=\"\u00a1Estuvimos en GIFA 2019! haga clic para m\u00e1s informaci\u00f3n!\" \/>\n<meta property=\"og:url\" content=\"https:\/\/lethiguel.com\/es\/gifa-2019-messe-dusseldorf-germany.html\" \/>\n<meta property=\"og:site_name\" content=\"Lethiguel Espa\u00f1ol\" \/>\n<meta property=\"article:modified_time\" content=\"2020-08-03T08:14:34+00:00\" \/>\n<meta property=\"og:image\" content=\"https:\/\/lethiguel.com\/es\/wp-content\/uploads\/sites\/9\/2020\/08\/IMG_1269.jpg\" \/>\n\t<meta property=\"og:image:width\" content=\"2128\" \/>\n\t<meta property=\"og:image:height\" content=\"1416\" \/>\n\t<meta property=\"og:image:type\" content=\"image\/jpeg\" \/>\n<meta name=\"twitter:card\" content=\"summary_large_image\" \/>\n<meta name=\"twitter:label1\" content=\"Tiempo de lectura\" \/>\n\t<meta name=\"twitter:data1\" content=\"1 minuto\" \/>\n<script type=\"application\/ld+json\" class=\"yoast-schema-graph\">{\"@context\":\"https:\\\/\\\/schema.org\",\"@graph\":[{\"@type\":\"WebPage\",\"@id\":\"https:\\\/\\\/lethiguel.com\\\/es\\\/gifa-2019-messe-dusseldorf-germany.html\",\"url\":\"https:\\\/\\\/lethiguel.com\\\/es\\\/gifa-2019-messe-dusseldorf-germany.html\",\"name\":\"Lethiguel\",\"isPartOf\":{\"@id\":\"https:\\\/\\\/lethiguel.com\\\/es\\\/#website\"},\"primaryImageOfPage\":{\"@id\":\"https:\\\/\\\/lethiguel.com\\\/es\\\/gifa-2019-messe-dusseldorf-germany.html#primaryimage\"},\"image\":{\"@id\":\"https:\\\/\\\/lethiguel.com\\\/es\\\/gifa-2019-messe-dusseldorf-germany.html#primaryimage\"},\"thumbnailUrl\":\"https:\\\/\\\/lethiguel.com\\\/es\\\/wp-content\\\/uploads\\\/sites\\\/9\\\/2020\\\/08\\\/IMG_1269.jpg\",\"datePublished\":\"2019-09-02T09:24:02+00:00\",\"dateModified\":\"2020-08-03T08:14:34+00:00\",\"description\":\"\u00a1Estuvimos en GIFA 2019! haga clic para m\u00e1s informaci\u00f3n!\",\"breadcrumb\":{\"@id\":\"https:\\\/\\\/lethiguel.com\\\/es\\\/gifa-2019-messe-dusseldorf-germany.html#breadcrumb\"},\"inLanguage\":\"es\",\"potentialAction\":[{\"@type\":\"ReadAction\",\"target\":[\"https:\\\/\\\/lethiguel.com\\\/es\\\/gifa-2019-messe-dusseldorf-germany.html\"]}]},{\"@type\":\"ImageObject\",\"inLanguage\":\"es\",\"@id\":\"https:\\\/\\\/lethiguel.com\\\/es\\\/gifa-2019-messe-dusseldorf-germany.html#primaryimage\",\"url\":\"https:\\\/\\\/lethiguel.com\\\/es\\\/wp-content\\\/uploads\\\/sites\\\/9\\\/2020\\\/08\\\/IMG_1269.jpg\",\"contentUrl\":\"https:\\\/\\\/lethiguel.com\\\/es\\\/wp-content\\\/uploads\\\/sites\\\/9\\\/2020\\\/08\\\/IMG_1269.jpg\",\"width\":2128,\"height\":1416},{\"@type\":\"BreadcrumbList\",\"@id\":\"https:\\\/\\\/lethiguel.com\\\/es\\\/gifa-2019-messe-dusseldorf-germany.html#breadcrumb\",\"itemListElement\":[{\"@type\":\"ListItem\",\"position\":1,\"name\":\"Accueil\",\"item\":\"https:\\\/\\\/lethiguel.com\\\/es\\\/\"},{\"@type\":\"ListItem\",\"position\":2,\"name\":\"GIFA 2019, Messe D\u00fcsseldorf, Alemania\"}]},{\"@type\":\"WebSite\",\"@id\":\"https:\\\/\\\/lethiguel.com\\\/es\\\/#website\",\"url\":\"https:\\\/\\\/lethiguel.com\\\/es\\\/\",\"name\":\"Lethiguel Espa\u00f1ol\",\"description\":\"Heating and cooling solutions\",\"potentialAction\":[{\"@type\":\"SearchAction\",\"target\":{\"@type\":\"EntryPoint\",\"urlTemplate\":\"https:\\\/\\\/lethiguel.com\\\/es\\\/?s={search_term_string}\"},\"query-input\":{\"@type\":\"PropertyValueSpecification\",\"valueRequired\":true,\"valueName\":\"search_term_string\"}}],\"inLanguage\":\"es\"}]}<\/script>\n<!-- \/ Yoast SEO plugin. -->","yoast_head_json":{"title":"Lethiguel","description":"\u00a1Estuvimos en GIFA 2019! haga clic para m\u00e1s informaci\u00f3n!","robots":{"index":"index","follow":"follow","max-snippet":"max-snippet:-1","max-image-preview":"max-image-preview:large","max-video-preview":"max-video-preview:-1"},"canonical":"https:\/\/lethiguel.com\/es\/gifa-2019-messe-dusseldorf-germany.html","og_locale":"es_ES","og_type":"article","og_title":"Lethiguel","og_description":"\u00a1Estuvimos en GIFA 2019! haga clic para m\u00e1s informaci\u00f3n!","og_url":"https:\/\/lethiguel.com\/es\/gifa-2019-messe-dusseldorf-germany.html","og_site_name":"Lethiguel Espa\u00f1ol","article_modified_time":"2020-08-03T08:14:34+00:00","og_image":[{"width":2128,"height":1416,"url":"https:\/\/lethiguel.com\/es\/wp-content\/uploads\/sites\/9\/2020\/08\/IMG_1269.jpg","type":"image\/jpeg"}],"twitter_card":"summary_large_image","twitter_misc":{"Tiempo de lectura":"1 minuto"},"schema":{"@context":"https:\/\/schema.org","@graph":[{"@type":"WebPage","@id":"https:\/\/lethiguel.com\/es\/gifa-2019-messe-dusseldorf-germany.html","url":"https:\/\/lethiguel.com\/es\/gifa-2019-messe-dusseldorf-germany.html","name":"Lethiguel","isPartOf":{"@id":"https:\/\/lethiguel.com\/es\/#website"},"primaryImageOfPage":{"@id":"https:\/\/lethiguel.com\/es\/gifa-2019-messe-dusseldorf-germany.html#primaryimage"},"image":{"@id":"https:\/\/lethiguel.com\/es\/gifa-2019-messe-dusseldorf-germany.html#primaryimage"},"thumbnailUrl":"https:\/\/lethiguel.com\/es\/wp-content\/uploads\/sites\/9\/2020\/08\/IMG_1269.jpg","datePublished":"2019-09-02T09:24:02+00:00","dateModified":"2020-08-03T08:14:34+00:00","description":"\u00a1Estuvimos en GIFA 2019! haga clic para m\u00e1s informaci\u00f3n!","breadcrumb":{"@id":"https:\/\/lethiguel.com\/es\/gifa-2019-messe-dusseldorf-germany.html#breadcrumb"},"inLanguage":"es","potentialAction":[{"@type":"ReadAction","target":["https:\/\/lethiguel.com\/es\/gifa-2019-messe-dusseldorf-germany.html"]}]},{"@type":"ImageObject","inLanguage":"es","@id":"https:\/\/lethiguel.com\/es\/gifa-2019-messe-dusseldorf-germany.html#primaryimage","url":"https:\/\/lethiguel.com\/es\/wp-content\/uploads\/sites\/9\/2020\/08\/IMG_1269.jpg","contentUrl":"https:\/\/lethiguel.com\/es\/wp-content\/uploads\/sites\/9\/2020\/08\/IMG_1269.jpg","width":2128,"height":1416},{"@type":"BreadcrumbList","@id":"https:\/\/lethiguel.com\/es\/gifa-2019-messe-dusseldorf-germany.html#breadcrumb","itemListElement":[{"@type":"ListItem","position":1,"name":"Accueil","item":"https:\/\/lethiguel.com\/es\/"},{"@type":"ListItem","position":2,"name":"GIFA 2019, Messe D\u00fcsseldorf, Alemania"}]},{"@type":"WebSite","@id":"https:\/\/lethiguel.com\/es\/#website","url":"https:\/\/lethiguel.com\/es\/","name":"Lethiguel Espa\u00f1ol","description":"Heating and cooling solutions","potentialAction":[{"@type":"SearchAction","target":{"@type":"EntryPoint","urlTemplate":"https:\/\/lethiguel.com\/es\/?s={search_term_string}"},"query-input":{"@type":"PropertyValueSpecification","valueRequired":true,"valueName":"search_term_string"}}],"inLanguage":"es"}]}},"_links":{"self":[{"href":"https:\/\/lethiguel.com\/es\/wp-json\/wp\/v2\/pages\/788","targetHints":{"allow":["GET"]}}],"collection":[{"href":"https:\/\/lethiguel.com\/es\/wp-json\/wp\/v2\/pages"}],"about":[{"href":"https:\/\/lethiguel.com\/es\/wp-json\/wp\/v2\/types\/page"}],"author":[{"embeddable":true,"href":"https:\/\/lethiguel.com\/es\/wp-json\/wp\/v2\/users\/2"}],"replies":[{"embeddable":true,"href":"https:\/\/lethiguel.com\/es\/wp-json\/wp\/v2\/comments?post=788"}],"version-history":[{"count":24,"href":"https:\/\/lethiguel.com\/es\/wp-json\/wp\/v2\/pages\/788\/revisions"}],"predecessor-version":[{"id":1775,"href":"https:\/\/lethiguel.com\/es\/wp-json\/wp\/v2\/pages\/788\/revisions\/1775"}],"wp:featuredmedia":[{"embeddable":true,"href":"https:\/\/lethiguel.com\/es\/wp-json\/wp\/v2\/media\/1774"}],"wp:attachment":[{"href":"https:\/\/lethiguel.com\/es\/wp-json\/wp\/v2\/media?parent=788"}],"curies":[{"name":"wp","href":"https:\/\/api.w.org\/{rel}","templated":true}]}}