{"id":84,"date":"2019-06-18T15:19:24","date_gmt":"2019-06-18T13:19:24","guid":{"rendered":"https:\/\/lethiguel.com\/es\/?page_id=84"},"modified":"2020-07-31T13:32:53","modified_gmt":"2020-07-31T11:32:53","slug":"soluciones-de-refrigeracion","status":"publish","type":"page","link":"https:\/\/lethiguel.com\/es\/soluciones-de-refrigeracion.html","title":{"rendered":"Soluciones de refrigeraci\u00f3n"},"content":{"rendered":"<section class=\"wpb-content-wrapper\"><p>[vc_row][vc_column][rev_slider alias=\u00bbCooling solutions1&#8243;][vc_empty_space][\/vc_column][vc_column animation=\u00bbfadeInLeft\u00bb][vc_row_inner][vc_column_inner][vc_column_text css_animation=\u00bbfadeInLeft\u00bb css=\u00bb.vc_custom_1596191858482{margin-top: 20px !important;}\u00bb]Jet Cooling por chorro optimizar\u00e1 la calidad de su fundici\u00f3n y el tiempo de ciclo, lo que significa rendimiento y calidad para empresas innovadoras. Esta tecnolog\u00eda fue desarrollada y patentada originalmente por Ahresty Japan. Como su socio cercano e hist\u00f3rico, Lethiguel no solo distribuye los sistemas de Ahresty en el mercado seleccionado, sino que tambi\u00e9n ha desarrollado su propia gama de m\u00e1quinas de circuito cerrado.[\/vc_column_text][vc_column_text css_animation=\u00bbfadeInLeft\u00bb css=\u00bb.vc_custom_1596191863486{padding-top: 20px !important;padding-right: 20px !important;padding-bottom: 20px !important;padding-left: 20px !important;background-color: #ededed !important;}\u00bb]<\/p>\n<h3>\u00bfC\u00f3mo funciona Jet Cooling?<\/h3>\n<p>Una unidad hidr\u00e1ulica asegura la circulaci\u00f3n de agua de refrigeraci\u00f3n presurizada (de 3 a 20\u00a0bares) durante un periodo determinado en los circuitos de los inyectores de peque\u00f1o di\u00e1metro (de entre 1,2 y 2,8\u00a0mm) insertados en los pernos espec\u00edficos.<\/p>\n<p>Al final del periodo de refrigeraci\u00f3n, un distribuidor neum\u00e1tico inyecta aire en los circuitos del inyector para purgarlo. De esta manera, se puede completar el ciclo con total seguridad sin presencia de agua en el interior de los circuitos.<\/p>\n<p>El ciclo de refrigeraci\u00f3n se sincroniza mediante temporizaciones ajustables con la m\u00e1quina de fundici\u00f3n a presi\u00f3n.[\/vc_column_text][\/vc_column_inner][\/vc_row_inner][\/vc_column][\/vc_row][vc_row][vc_column animation=\u00bbfadeInLeft\u00bb][vc_single_image image=\u00bb1737&#8243; img_size=\u00bbfull\u00bb][vc_btn title=\u00bbVideo jet Cooling \u00bb color=\u00bbprimary\u00bb align=\u00bbleft\u00bb link=\u00bburl:https%3A%2F%2Fwww.youtube.com%2Fwatch%3Fv%3Dmsqh8DJD7xw%26t%3D1s||target:%20_blank|\u00bb css=\u00bb.vc_custom_1596194985391{margin-top: -200px !important;padding-left: 20px !important;}\u00bb][vc_btn title=\u00bbEstudio de caso\u00bb color=\u00bbprimary\u00bb align=\u00bbleft\u00bb link=\u00bburl:https%3A%2F%2Flethiguel.com%2Fes%2Festudio-de-caso-jet-cooling.html|||\u00bb css=\u00bb.vc_custom_1596194998677{padding-left: 20px !important;}\u00bb][\/vc_column][\/vc_row][vc_row][vc_column animation=\u00bbfadeInLeft\u00bb css=\u00bb.vc_custom_1596195123890{margin-top: 50px !important;}\u00bb][vc_column_text css=\u00bb.vc_custom_1595495740767{padding-top: 20px !important;padding-right: 20px !important;padding-bottom: 20px !important;padding-left: 20px !important;background-color: #ededed !important;}\u00bb]<\/p>\n<h3>Ventajas de la soluci\u00f3n Jet Cooling para el sector de la fundici\u00f3n a presi\u00f3n:<\/h3>\n<p>La fatiga t\u00e9rmica de las coquillas de fundici\u00f3n a presi\u00f3n de metales no f\u00e9rreos aumenta cuanto m\u00e1s altas son las temperaturas de servicio y reduce la vida \u00fatil de la coquilla. Para prolongar su vida \u00fatil, las coquillas se deben dise\u00f1ar con sistemas de refrigeraci\u00f3n eficientes. Jet Cooling puede utilizarse para resolver la mayor\u00eda de los problemas relacionados con la temperatura en la fundici\u00f3n a presi\u00f3n de metales no f\u00e9rreos:<\/p>\n<ul>\n<li>Reduce los tiempos de ciclo<\/li>\n<li>Disminuye la cantidad de desechos<\/li>\n<li>Evita la porosidad y la contracci\u00f3n del material<\/li>\n<li>Aumenta la durabilidad de las coquillas<\/li>\n<\/ul>\n<p>[\/vc_column_text][\/vc_column][\/vc_row][vc_row][vc_column animation=\u00bbfadeInLeft\u00bb][vc_column_text]\u00bfNecesita m\u00e1s informaci\u00f3n sobre Jet Cooling o alguna aclaraci\u00f3n por parte de nuestro equipo? \u00a1Nosotros le explicamos todo al detalle![\/vc_column_text][vc_btn title=\u00bbCont\u00e1ctenos\u00bb align=\u00bbleft\u00bb css=\u00bb.vc_custom_1585559306692{margin-top: -30px !important;}\u00bb][vc_separator color=\u00bbcustom\u00bb accent_color=\u00bb#474747&#8243;][\/vc_column][\/vc_row][vc_row type=\u00bbvc_default\u00bb gap=\u00bb10&#8243; equal_height=\u00bbyes\u00bb css_animation=\u00bbfadeInDown\u00bb el_class=\u00bbrow-produits\u00bb][vc_column width=\u00bb1\/4&#8243; el_class=\u00bbencart-produits\u00bb][vc_single_image image=\u00bb1312&#8243; img_size=\u00bbfull\u00bb alignment=\u00bbcenter\u00bb el_class=\u00bbphotomachine bloc-img-machine\u00bb][vc_column_text]<\/p>\n<h3 style=\"text-align: center;\"><span style=\"color: #009fe1;\">SpotCool Classic<\/span><\/h3>\n<p>[\/vc_column_text][vc_btn title=\u00bbLee mas\u00bb style=\u00bbcustom\u00bb custom_background=\u00bb#ffffff\u00bb custom_text=\u00bb#383838&#8243; shape=\u00bbround\u00bb align=\u00bbcenter\u00bb link=\u00bburl:https%3A%2F%2Flethiguel.com%2Fes%2Fspotcool-classic.html|title:SpotCool%20Classic||\u00bb el_class=\u00bbbtn-encart\u00bb][\/vc_column][vc_column width=\u00bb1\/4&#8243; el_class=\u00bbencart-produits\u00bb][vc_single_image image=\u00bb1322&#8243; img_size=\u00bbfull\u00bb alignment=\u00bbcenter\u00bb el_class=\u00bbphotomachine bloc-img-machine\u00bb][vc_column_text]<\/p>\n<h3 style=\"text-align: center;\"><span style=\"color: #009fe1;\">SpotCool Evolution<br \/>\n<\/span><\/h3>\n<p>[\/vc_column_text][vc_btn title=\u00bbLee mas\u00bb style=\u00bbcustom\u00bb custom_background=\u00bb#ffffff\u00bb custom_text=\u00bb#383838&#8243; shape=\u00bbround\u00bb align=\u00bbcenter\u00bb link=\u00bburl:https%3A%2F%2Flethiguel.com%2Fes%2Fspotcool-evolution.html|title:SpotCool%20Evolution||\u00bb el_class=\u00bbbtn-encart\u00bb][\/vc_column][vc_column width=\u00bb1\/4&#8243; el_class=\u00bbencart-produits\u00bb][vc_single_image image=\u00bb1342&#8243; img_size=\u00bbfull\u00bb alignment=\u00bbcenter\u00bb el_class=\u00bbphotomachine bloc-img-machine\u00bb][vc_column_text]<\/p>\n<h3 style=\"text-align: center;\"><span style=\"color: #009fe1;\">SpotCool Performance<\/span><\/h3>\n<p>[\/vc_column_text][vc_btn title=\u00bbLee mas\u00bb style=\u00bbcustom\u00bb custom_background=\u00bb#ffffff\u00bb custom_text=\u00bb#383838&#8243; shape=\u00bbround\u00bb align=\u00bbcenter\u00bb link=\u00bburl:https%3A%2F%2Flethiguel.com%2Fes%2Fspotcool-performance.html|title:SpotCool%20Performance||\u00bb el_class=\u00bbbtn-encart\u00bb][\/vc_column][vc_column width=\u00bb1\/4&#8243; el_class=\u00bbencart-produits\u00bb][vc_single_image image=\u00bb1426&#8243; img_size=\u00bbfull\u00bb alignment=\u00bbcenter\u00bb el_class=\u00bbphotomachine bloc-img-machine\u00bb][vc_column_text]<\/p>\n<h3 style=\"text-align: center;\"><span style=\"color: #009fe1;\">Despachador<\/span><\/h3>\n<p>[\/vc_column_text][vc_btn title=\u00bbLee mas\u00bb style=\u00bbcustom\u00bb custom_background=\u00bb#ffffff\u00bb custom_text=\u00bb#383838&#8243; shape=\u00bbround\u00bb align=\u00bbcenter\u00bb link=\u00bburl:https%3A%2F%2Flethiguel.com%2Fes%2Fdespachador-monitor-presion.html|title:Manifolds||\u00bb el_class=\u00bbbtn-encart\u00bb][\/vc_column][\/vc_row][vc_row type=\u00bbvc_default\u00bb gap=\u00bb10&#8243; equal_height=\u00bbyes\u00bb css_animation=\u00bbfadeInDown\u00bb el_class=\u00bbrow-produits\u00bb][vc_column width=\u00bb1\/4&#8243; el_class=\u00bbencart-produits\u00bb][vc_single_image image=\u00bb1285&#8243; img_size=\u00bbfull\u00bb alignment=\u00bbcenter\u00bb el_class=\u00bbphotomachine bloc-img-machine\u00bb][vc_column_text]<\/p>\n<h3 style=\"text-align: center;\"><span style=\"color: #009fe1;\">Pernos<\/span><\/h3>\n<p>[\/vc_column_text][vc_btn title=\u00bbLee mas\u00bb style=\u00bbcustom\u00bb custom_background=\u00bb#ffffff\u00bb custom_text=\u00bb#383838&#8243; shape=\u00bbround\u00bb align=\u00bbcenter\u00bb link=\u00bburl:https%3A%2F%2Flethiguel.com%2Fes%2Fpernos-enfriamiento-fundicion.html|title:Corepins||\u00bb el_class=\u00bbbtn-encart\u00bb][\/vc_column][vc_column width=\u00bb1\/4&#8243; el_class=\u00bbencart-produits\u00bb][vc_single_image image=\u00bb1294&#8243; img_size=\u00bbfull\u00bb alignment=\u00bbcenter\u00bb el_class=\u00bbphotomachine bloc-img-machine\u00bb][vc_column_text]<\/p>\n<h3 style=\"text-align: center;\"><span style=\"color: #009fe1;\">Sistema Flowmaster<br \/>\n<\/span><\/h3>\n<p>[\/vc_column_text][vc_btn title=\u00bbLee mas\u00bb style=\u00bbcustom\u00bb custom_background=\u00bb#ffffff\u00bb custom_text=\u00bb#383838&#8243; shape=\u00bbround\u00bb align=\u00bbcenter\u00bb link=\u00bburl:https%3A%2F%2Flethiguel.com%2Fes%2Fsistema-control-agua-flowmaster.html|title:Flowmaster||\u00bb el_class=\u00bbbtn-encart\u00bb][\/vc_column][vc_column width=\u00bb1\/4&#8243; el_class=\u00bbencart-produits\u00bb][vc_single_image image=\u00bb1347&#8243; img_size=\u00bbfull\u00bb alignment=\u00bbcenter\u00bb el_class=\u00bbphotomachine bloc-img-machine\u00bb][vc_column_text]<\/p>\n<h3 style=\"text-align: center;\"><span style=\"color: #009fe1;\">Water Check<br \/>\n<\/span><\/h3>\n<p>[\/vc_column_text][vc_btn title=\u00bbLee mas\u00bb style=\u00bbcustom\u00bb custom_background=\u00bb#ffffff\u00bb custom_text=\u00bb#383838&#8243; shape=\u00bbround\u00bb align=\u00bbcenter\u00bb link=\u00bburl:https%3A%2F%2Flethiguel.com%2Fes%2Fspotcool-water-check.html|title:SpotCool%20Mini%20Water%20Check||\u00bb el_class=\u00bbbtn-encart\u00bb][\/vc_column][vc_column width=\u00bb1\/4&#8243; el_class=\u00bbencart-produits\u00bb][vc_single_image image=\u00bb1331&#8243; img_size=\u00bbfull\u00bb alignment=\u00bbcenter\u00bb el_class=\u00bbphotomachine bloc-img-machine\u00bb][vc_column_text]<\/p>\n<h3 style=\"text-align: center;\"><span style=\"color: #009fe1;\">Mini Water Check<br \/>\n<\/span><\/h3>\n<p>[\/vc_column_text][vc_btn title=\u00bbLee mas\u00bb style=\u00bbcustom\u00bb custom_background=\u00bb#ffffff\u00bb custom_text=\u00bb#383838&#8243; shape=\u00bbround\u00bb align=\u00bbcenter\u00bb link=\u00bburl:https%3A%2F%2Flethiguel.com%2Fes%2Fspotcool-mini-water-check.html|title:SpotCool%20Mini%20Water%20Check||\u00bb el_class=\u00bbbtn-encart\u00bb][\/vc_column][\/vc_row][vc_row type=\u00bbvc_default\u00bb gap=\u00bb10&#8243; equal_height=\u00bbyes\u00bb css_animation=\u00bbfadeInDown\u00bb el_class=\u00bbrow-produits\u00bb][vc_column width=\u00bb1\/4&#8243; el_class=\u00bbencart-produits\u00bb][vc_single_image image=\u00bb1351&#8243; img_size=\u00bbfull\u00bb alignment=\u00bbcenter\u00bb el_class=\u00bbphotomachine bloc-img-machine\u00bb][vc_column_text]<\/p>\n<h3 style=\"text-align: center;\"><span style=\"color: #009fe1;\">Ablandador de agua<br \/>\n<\/span><\/h3>\n<p>[\/vc_column_text][vc_btn title=\u00bbLee mas\u00bb style=\u00bbcustom\u00bb custom_background=\u00bb#ffffff\u00bb custom_text=\u00bb#383838&#8243; shape=\u00bbround\u00bb align=\u00bbcenter\u00bb link=\u00bburl:https%3A%2F%2Flethiguel.com%2Fes%2Fablandador-agua-spotcool.html|title:SpotCool%20Water%20Softener||\u00bb el_class=\u00bbbtn-encart\u00bb][\/vc_column][vc_column width=\u00bb1\/4&#8243; el_class=\u00bbencart-produits\u00bb][vc_single_image image=\u00bb1261&#8243; img_size=\u00bbfull\u00bb alignment=\u00bbcenter\u00bb el_class=\u00bbphotomachine bloc-img-machine\u00bb][vc_column_text]<\/p>\n<h3 style=\"text-align: center;\"><span style=\"color: #009fe1;\">Jet Cooler<br \/>\n<\/span><\/h3>\n<p>[\/vc_column_text][vc_btn title=\u00bbLee mas\u00bb style=\u00bbcustom\u00bb custom_background=\u00bb#ffffff\u00bb custom_text=\u00bb#383838&#8243; shape=\u00bbround\u00bb align=\u00bbcenter\u00bb link=\u00bburl:https%3A%2F%2Flethiguel.com%2Fes%2Fsistema-refrigeracion-fundicion-jet-cooler.html|title:Jet%20cooler||\u00bb el_class=\u00bbbtn-encart\u00bb][\/vc_column][vc_column width=\u00bb1\/4&#8243; el_class=\u00bbencart-produits\u00bb][vc_single_image image=\u00bb1385&#8243; img_size=\u00bbfull\u00bb alignment=\u00bbcenter\u00bb el_class=\u00bbphotomachine bloc-img-machine\u00bb][vc_column_text]<\/p>\n<h3 style=\"text-align: center;\"><span style=\"color: #009fe1;\">Paquete de conexi\u00f3n<br \/>\n<\/span><\/h3>\n<p>[\/vc_column_text][vc_btn title=\u00bbLee mas\u00bb style=\u00bbcustom\u00bb custom_background=\u00bb#ffffff\u00bb custom_text=\u00bb#383838&#8243; shape=\u00bbround\u00bb align=\u00bbcenter\u00bb link=\u00bburl:https%3A%2F%2Flethiguel.com%2Fes%2Fpaquete-conexion-sistema-enfriamiento-spotcool.html|title:Connection%20pack||\u00bb el_class=\u00bbbtn-encart\u00bb][\/vc_column][vc_column width=\u00bb1\/4&#8243;][\/vc_column][\/vc_row]<\/p>\n<\/section>","protected":false},"excerpt":{"rendered":"<p>[vc_row][vc_column][rev_slider alias=\u00bbCooling solutions1&#8243;][vc_empty_space][\/vc_column][vc_column animation=\u00bbfadeInLeft\u00bb][vc_row_inner][vc_column_inner][vc_column_text css_animation=\u00bbfadeInLeft\u00bb css=\u00bb.vc_custom_1596191858482{margin-top: 20px !important;}\u00bb]Jet Cooling por chorro optimizar\u00e1 la calidad de su fundici\u00f3n y el tiempo de ciclo, lo que significa rendimiento y calidad para empresas innovadoras. Esta tecnolog\u00eda fue desarrollada y patentada originalmente por Ahresty Japan. Como su socio cercano e hist\u00f3rico, Lethiguel no solo distribuye los sistemas de Ahresty&hellip;<\/p>\n","protected":false},"author":1,"featured_media":0,"parent":0,"menu_order":0,"comment_status":"closed","ping_status":"closed","template":"","meta":{"footnotes":""},"class_list":["post-84","page","type-page","status-publish","hentry","description-off"],"yoast_head":"<!-- This site is optimized with the Yoast SEO plugin v27.4 - https:\/\/yoast.com\/product\/yoast-seo-wordpress\/ -->\n<title>Lethiguel<\/title>\n<meta name=\"description\" content=\"LETHIGUEL fabrica soluciones de refrigeraci\u00f3n para la industria de fundici\u00f3n. Cont\u00e1ctenos para informaciones sobre nuestros productos.\" \/>\n<meta name=\"robots\" content=\"index, follow, max-snippet:-1, max-image-preview:large, max-video-preview:-1\" \/>\n<link rel=\"canonical\" href=\"https:\/\/lethiguel.com\/es\/soluciones-de-refrigeracion.html\" \/>\n<meta property=\"og:locale\" content=\"es_ES\" \/>\n<meta property=\"og:type\" content=\"article\" \/>\n<meta property=\"og:title\" content=\"Lethiguel\" \/>\n<meta property=\"og:description\" content=\"LETHIGUEL fabrica soluciones de refrigeraci\u00f3n para la industria de fundici\u00f3n. Cont\u00e1ctenos para informaciones sobre nuestros productos.\" \/>\n<meta property=\"og:url\" content=\"https:\/\/lethiguel.com\/es\/soluciones-de-refrigeracion.html\" \/>\n<meta property=\"og:site_name\" content=\"Lethiguel Espa\u00f1ol\" \/>\n<meta property=\"article:modified_time\" content=\"2020-07-31T11:32:53+00:00\" \/>\n<meta name=\"twitter:card\" content=\"summary_large_image\" \/>\n<meta name=\"twitter:label1\" content=\"Tiempo de lectura\" \/>\n\t<meta name=\"twitter:data1\" content=\"6 minutos\" \/>\n<script type=\"application\/ld+json\" class=\"yoast-schema-graph\">{\"@context\":\"https:\\\/\\\/schema.org\",\"@graph\":[{\"@type\":\"WebPage\",\"@id\":\"https:\\\/\\\/lethiguel.com\\\/es\\\/soluciones-de-refrigeracion.html\",\"url\":\"https:\\\/\\\/lethiguel.com\\\/es\\\/soluciones-de-refrigeracion.html\",\"name\":\"Lethiguel\",\"isPartOf\":{\"@id\":\"https:\\\/\\\/lethiguel.com\\\/es\\\/#website\"},\"datePublished\":\"2019-06-18T13:19:24+00:00\",\"dateModified\":\"2020-07-31T11:32:53+00:00\",\"description\":\"LETHIGUEL fabrica soluciones de refrigeraci\u00f3n para la industria de fundici\u00f3n. Cont\u00e1ctenos para informaciones sobre nuestros productos.\",\"breadcrumb\":{\"@id\":\"https:\\\/\\\/lethiguel.com\\\/es\\\/soluciones-de-refrigeracion.html#breadcrumb\"},\"inLanguage\":\"es\",\"potentialAction\":[{\"@type\":\"ReadAction\",\"target\":[\"https:\\\/\\\/lethiguel.com\\\/es\\\/soluciones-de-refrigeracion.html\"]}]},{\"@type\":\"BreadcrumbList\",\"@id\":\"https:\\\/\\\/lethiguel.com\\\/es\\\/soluciones-de-refrigeracion.html#breadcrumb\",\"itemListElement\":[{\"@type\":\"ListItem\",\"position\":1,\"name\":\"Accueil\",\"item\":\"https:\\\/\\\/lethiguel.com\\\/es\\\/\"},{\"@type\":\"ListItem\",\"position\":2,\"name\":\"Soluciones de refrigeraci\u00f3n\"}]},{\"@type\":\"WebSite\",\"@id\":\"https:\\\/\\\/lethiguel.com\\\/es\\\/#website\",\"url\":\"https:\\\/\\\/lethiguel.com\\\/es\\\/\",\"name\":\"Lethiguel Espa\u00f1ol\",\"description\":\"Heating and cooling solutions\",\"potentialAction\":[{\"@type\":\"SearchAction\",\"target\":{\"@type\":\"EntryPoint\",\"urlTemplate\":\"https:\\\/\\\/lethiguel.com\\\/es\\\/?s={search_term_string}\"},\"query-input\":{\"@type\":\"PropertyValueSpecification\",\"valueRequired\":true,\"valueName\":\"search_term_string\"}}],\"inLanguage\":\"es\"}]}<\/script>\n<!-- \/ Yoast SEO plugin. -->","yoast_head_json":{"title":"Lethiguel","description":"LETHIGUEL fabrica soluciones de refrigeraci\u00f3n para la industria de fundici\u00f3n. Cont\u00e1ctenos para informaciones sobre nuestros productos.","robots":{"index":"index","follow":"follow","max-snippet":"max-snippet:-1","max-image-preview":"max-image-preview:large","max-video-preview":"max-video-preview:-1"},"canonical":"https:\/\/lethiguel.com\/es\/soluciones-de-refrigeracion.html","og_locale":"es_ES","og_type":"article","og_title":"Lethiguel","og_description":"LETHIGUEL fabrica soluciones de refrigeraci\u00f3n para la industria de fundici\u00f3n. Cont\u00e1ctenos para informaciones sobre nuestros productos.","og_url":"https:\/\/lethiguel.com\/es\/soluciones-de-refrigeracion.html","og_site_name":"Lethiguel Espa\u00f1ol","article_modified_time":"2020-07-31T11:32:53+00:00","twitter_card":"summary_large_image","twitter_misc":{"Tiempo de lectura":"6 minutos"},"schema":{"@context":"https:\/\/schema.org","@graph":[{"@type":"WebPage","@id":"https:\/\/lethiguel.com\/es\/soluciones-de-refrigeracion.html","url":"https:\/\/lethiguel.com\/es\/soluciones-de-refrigeracion.html","name":"Lethiguel","isPartOf":{"@id":"https:\/\/lethiguel.com\/es\/#website"},"datePublished":"2019-06-18T13:19:24+00:00","dateModified":"2020-07-31T11:32:53+00:00","description":"LETHIGUEL fabrica soluciones de refrigeraci\u00f3n para la industria de fundici\u00f3n. Cont\u00e1ctenos para informaciones sobre nuestros productos.","breadcrumb":{"@id":"https:\/\/lethiguel.com\/es\/soluciones-de-refrigeracion.html#breadcrumb"},"inLanguage":"es","potentialAction":[{"@type":"ReadAction","target":["https:\/\/lethiguel.com\/es\/soluciones-de-refrigeracion.html"]}]},{"@type":"BreadcrumbList","@id":"https:\/\/lethiguel.com\/es\/soluciones-de-refrigeracion.html#breadcrumb","itemListElement":[{"@type":"ListItem","position":1,"name":"Accueil","item":"https:\/\/lethiguel.com\/es\/"},{"@type":"ListItem","position":2,"name":"Soluciones de refrigeraci\u00f3n"}]},{"@type":"WebSite","@id":"https:\/\/lethiguel.com\/es\/#website","url":"https:\/\/lethiguel.com\/es\/","name":"Lethiguel Espa\u00f1ol","description":"Heating and cooling solutions","potentialAction":[{"@type":"SearchAction","target":{"@type":"EntryPoint","urlTemplate":"https:\/\/lethiguel.com\/es\/?s={search_term_string}"},"query-input":{"@type":"PropertyValueSpecification","valueRequired":true,"valueName":"search_term_string"}}],"inLanguage":"es"}]}},"_links":{"self":[{"href":"https:\/\/lethiguel.com\/es\/wp-json\/wp\/v2\/pages\/84","targetHints":{"allow":["GET"]}}],"collection":[{"href":"https:\/\/lethiguel.com\/es\/wp-json\/wp\/v2\/pages"}],"about":[{"href":"https:\/\/lethiguel.com\/es\/wp-json\/wp\/v2\/types\/page"}],"author":[{"embeddable":true,"href":"https:\/\/lethiguel.com\/es\/wp-json\/wp\/v2\/users\/1"}],"replies":[{"embeddable":true,"href":"https:\/\/lethiguel.com\/es\/wp-json\/wp\/v2\/comments?post=84"}],"version-history":[{"count":62,"href":"https:\/\/lethiguel.com\/es\/wp-json\/wp\/v2\/pages\/84\/revisions"}],"predecessor-version":[{"id":1738,"href":"https:\/\/lethiguel.com\/es\/wp-json\/wp\/v2\/pages\/84\/revisions\/1738"}],"wp:attachment":[{"href":"https:\/\/lethiguel.com\/es\/wp-json\/wp\/v2\/media?parent=84"}],"curies":[{"name":"wp","href":"https:\/\/api.w.org\/{rel}","templated":true}]}}