{"id":87,"date":"2019-06-18T15:19:57","date_gmt":"2019-06-18T13:19:57","guid":{"rendered":"https:\/\/lethiguel.com\/es\/?page_id=87"},"modified":"2023-11-10T14:50:12","modified_gmt":"2023-11-10T13:50:12","slug":"soluciones-de-calentamiento","status":"publish","type":"page","link":"https:\/\/lethiguel.com\/es\/soluciones-de-calentamiento.html","title":{"rendered":"Soluciones de calentamiento"},"content":{"rendered":"<section class=\"wpb-content-wrapper\"><p>[vc_row][vc_column][vc_column_text css_animation=\u00bbfadeInLeft\u00bb]<\/p>\n<h4>Lethiguel ofrece una amplia gama de <strong>soluciones de calefacci\u00f3n<\/strong>, desde <strong>calentadores<\/strong> de potencia t\u00e9rmica hasta <strong>hornos personalizados<\/strong>.<\/h4>\n<p>Nuestra principal soluci\u00f3n de calefacci\u00f3n son los calentadores de inmersi\u00f3n de aluminio, hemos desarrollado esta tecnolog\u00eda para aumentar la eficiencia de calentamiento de aluminio. Hemos realizado muchos estudios y nos hemos dado cuenta de que nuestro m\u00e9todo de calentamiento es m\u00e1s eficiente que el m\u00e9todo tradicional de calentamiento de aluminio. Al utilizar nuestras soluciones de calefacci\u00f3n, podemos optimizar su:<\/p>\n<ul>\n<li>Productividad<\/li>\n<li>Menor costo de producci\u00f3n.<\/li>\n<li>Calidad del metal<\/li>\n<\/ul>\n<p>Sistemas de alto valor agregado que aseguran fundiciones para optimizar el consumo de energ\u00eda, la calidad de las piezas cr\u00edticas, la productividad y la seguridad.<\/p>\n<p>No dude en <a href=\"https:\/\/lethiguel.com\/es\/contact.html\">ponerse en contacto con nosotros<\/a> para cualquier consulta.[\/vc_column_text][vc_btn title=\u00bbCont\u00e1ctenos\u00bb align=\u00bbleft\u00bb css_animation=\u00bbfadeInLeft\u00bb link=\u00bburl:https%3A%2F%2Flethiguel.com\/es%2Fcontact.html|||\u00bb][vc_separator color=\u00bbcustom\u00bb accent_color=\u00bb#474747&#8243;][\/vc_column][vc_column animation=\u00bbfadeInUp\u00bb][vc_column_text]<\/p>\n<h3 style=\"text-align: center;\"><span style=\"color: #ff0000;\">\u00a1Productos exclusivos para fundiciones y fundiciones innovadoras!<\/span><\/h3>\n<p>[\/vc_column_text][\/vc_column][\/vc_row][vc_row type=\u00bbvc_default\u00bb gap=\u00bb10&#8243; equal_height=\u00bbyes\u00bb css_animation=\u00bbfadeInDown\u00bb el_class=\u00bbrow-produits\u00bb][vc_column width=\u00bb1\/4&#8243; el_class=\u00bbencart-produits\u00bb][vc_single_image image=\u00bb1375&#8243; img_size=\u00bbfull\u00bb alignment=\u00bbcenter\u00bb el_class=\u00bbphotomachine bloc-img-machine\u00bb][vc_column_text]<\/p>\n<h3 style=\"text-align: center;\"><span style=\"color: #009fe1;\"><span style=\"color: #cf302d;\">Calentador de inmersi\u00f3n Thermal Power<\/span><br \/>\n<\/span><\/h3>\n<p>[\/vc_column_text][vc_btn title=\u00bbLee mas\u00bb style=\u00bbcustom\u00bb custom_background=\u00bb#ffffff\u00bb custom_text=\u00bb#383838&#8243; shape=\u00bbround\u00bb align=\u00bbcenter\u00bb link=\u00bburl:https%3A%2F%2Flethiguel.com%2Fes%2Fcalentador-inmersion-thermal-power.html|title:Thermal%20Power%20heater||\u00bb el_class=\u00bbbtn-encart\u00bb][\/vc_column][vc_column width=\u00bb1\/4&#8243; el_class=\u00bbencart-produits\u00bb][vc_single_image image=\u00bb1376&#8243; img_size=\u00bbfull\u00bb alignment=\u00bbcenter\u00bb el_class=\u00bbphotomachine bloc-img-machine\u00bb][vc_column_text]<\/p>\n<h3 style=\"text-align: center;\"><span style=\"color: #009fe1;\"><span style=\"color: #cf302d;\">Calentador tipo L<\/span><br \/>\n<\/span><\/h3>\n<p>[\/vc_column_text][vc_btn title=\u00bbLee mas\u00bb style=\u00bbcustom\u00bb custom_background=\u00bb#ffffff\u00bb custom_text=\u00bb#383838&#8243; shape=\u00bbround\u00bb align=\u00bbcenter\u00bb link=\u00bburl:https%3A%2F%2Flethiguel.com%2Fes%2Fcalentador-inmersion-tipo-l.html|title:L-Type%20Thermal%20Power%20heater||\u00bb el_class=\u00bbbtn-encart\u00bb][\/vc_column][vc_column width=\u00bb1\/4&#8243; el_class=\u00bbencart-produits\u00bb][vc_single_image image=\u00bb1837&#8243; img_size=\u00bbmedium\u00bb alignment=\u00bbcenter\u00bb el_class=\u00bbphotomachine bloc-img-machine\u00bb][vc_column_text]<\/p>\n<h3 style=\"text-align: center;\"><span style=\"color: #cf302d;\">WattMobil<\/span><\/h3>\n<p>[\/vc_column_text][vc_btn title=\u00bbLee mas\u00bb style=\u00bbcustom\u00bb custom_background=\u00bb#ffffff\u00bb custom_text=\u00bb#383838&#8243; shape=\u00bbround\u00bb align=\u00bbcenter\u00bb link=\u00bburl:https%3A%2F%2Flethiguel.com%2Fes%2Fsolucion-calentamiento-wattmobil.html|title:WattMobil||\u00bb el_class=\u00bbbtn-encart\u00bb][\/vc_column][vc_column width=\u00bb1\/4&#8243; el_class=\u00bbencart-produits\u00bb][vc_single_image image=\u00bb1291&#8243; img_size=\u00bbfull\u00bb alignment=\u00bbcenter\u00bb el_class=\u00bbphotomachine bloc-img-machine\u00bb][vc_column_text]<\/p>\n<h3 style=\"text-align: center;\"><span style=\"color: #cf302d;\">QuickCheck<\/span><\/h3>\n<p>[\/vc_column_text][vc_btn title=\u00bbLee mas\u00bb style=\u00bbcustom\u00bb custom_background=\u00bb#ffffff\u00bb custom_text=\u00bb#383838&#8243; shape=\u00bbround\u00bb align=\u00bbcenter\u00bb link=\u00bburl:https%3A%2F%2Flethiguel.com%2Fes%2Ftermopar-quickcheck.html|title:QuickCheck||\u00bb el_class=\u00bbbtn-encart\u00bb][\/vc_column][\/vc_row][vc_row type=\u00bbvc_default\u00bb gap=\u00bb10&#8243; equal_height=\u00bbyes\u00bb css_animation=\u00bbfadeInDown\u00bb el_class=\u00bbrow-produits\u00bb][vc_column width=\u00bb1\/4&#8243; el_class=\u00bbencart-produits\u00bb][vc_single_image image=\u00bb1180&#8243; img_size=\u00bbfull\u00bb alignment=\u00bbcenter\u00bb el_class=\u00bbphotomachine bloc-img-machine\u00bb][vc_column_text]<\/p>\n<h3 style=\"text-align: center;\"><span style=\"color: #009fe1;\"><span style=\"color: #cf302d;\">Calentador de aire Thermal Power<\/span><br \/>\n<\/span><\/h3>\n<p>[\/vc_column_text][vc_btn title=\u00bbLee mas\u00bb style=\u00bbcustom\u00bb custom_background=\u00bb#ffffff\u00bb custom_text=\u00bb#383838&#8243; shape=\u00bbround\u00bb align=\u00bbcenter\u00bb link=\u00bburl:https%3A%2F%2Flethiguel.com%2Fes%2Fcalentadores-aire-thermal-power.html|title:Air%20Thermal%20Power%20heater||\u00bb el_class=\u00bbbtn-encart\u00bb][\/vc_column][vc_column width=\u00bb1\/4&#8243; el_class=\u00bbencart-produits\u00bb][vc_single_image image=\u00bb572&#8243; img_size=\u00bbfull\u00bb alignment=\u00bbcenter\u00bb el_class=\u00bbphotomachine bloc-img-machine\u00bb][vc_column_text]<\/p>\n<h3 style=\"text-align: center;\"><span style=\"color: #009fe1;\"><span style=\"color: #cf302d;\">Ceral<\/span><br \/>\n<\/span><\/h3>\n<p>[\/vc_column_text][vc_btn title=\u00bbLee mas\u00bb style=\u00bbcustom\u00bb custom_background=\u00bb#ffffff\u00bb custom_text=\u00bb#383838&#8243; shape=\u00bbround\u00bb align=\u00bbcenter\u00bb link=\u00bburl:https%3A%2F%2Flethiguel.com\/es%2Fceral.html|title:Ceral||\u00bb el_class=\u00bbbtn-encart\u00bb][\/vc_column][vc_column width=\u00bb1\/4&#8243; el_class=\u00bbencart-produits\u00bb][vc_single_image image=\u00bb1184&#8243; img_size=\u00bbfull\u00bb alignment=\u00bbcenter\u00bb el_class=\u00bbphotomachine bloc-img-machine\u00bb][vc_column_text]<\/p>\n<h3 style=\"text-align: center;\"><span style=\"color: #009fe1;\"><span style=\"color: #cf302d;\">Al Clean<\/span><br \/>\n<\/span><\/h3>\n<p>[\/vc_column_text][vc_btn title=\u00bbLee mas\u00bb style=\u00bbcustom\u00bb custom_background=\u00bb#ffffff\u00bb custom_text=\u00bb#383838&#8243; shape=\u00bbround\u00bb align=\u00bbcenter\u00bb link=\u00bburl:https%3A%2F%2Flethiguel.com%2Fes%2Fhorno-soporte-aluminio-al-clean.html|title:Al%20Clean||\u00bb el_class=\u00bbbtn-encart\u00bb][\/vc_column][vc_column width=\u00bb1\/4&#8243; el_class=\u00bbencart-produits\u00bb][vc_single_image image=\u00bb1258&#8243; img_size=\u00bbfull\u00bb alignment=\u00bbcenter\u00bb el_class=\u00bbphotomachine bloc-img-machine\u00bb][vc_column_text]<\/p>\n<h3 style=\"text-align: center;\"><span style=\"color: #cf302d;\">Hornos a medida<\/span><\/h3>\n<p>[\/vc_column_text][vc_btn title=\u00bbLee mas\u00bb style=\u00bbcustom\u00bb custom_background=\u00bb#ffffff\u00bb custom_text=\u00bb#383838&#8243; shape=\u00bbround\u00bb align=\u00bbcenter\u00bb link=\u00bburl:https%3A%2F%2Flethiguel.com%2Fes%2Fhorno-de-fundicion-a-medida.html|title:Customized%20furnaces||\u00bb el_class=\u00bbbtn-encart\u00bb][\/vc_column][\/vc_row][vc_row type=\u00bbvc_default\u00bb gap=\u00bb10&#8243; equal_height=\u00bbyes\u00bb css_animation=\u00bbfadeInDown\u00bb el_class=\u00bbrow-produits\u00bb][vc_column width=\u00bb1\/4&#8243; el_class=\u00bbencart-produits\u00bb][vc_single_image image=\u00bb1368&#8243; img_size=\u00bbfull\u00bb alignment=\u00bbcenter\u00bb el_class=\u00bbphotomachine bloc-img-machine\u00bb][vc_column_text]<\/p>\n<h3 style=\"text-align: center;\"><span style=\"color: #009fe1;\"><span style=\"color: #cf302d;\">Twiga<\/span><br \/>\n<\/span><\/h3>\n<p>[\/vc_column_text][vc_btn title=\u00bbLee mas\u00bb style=\u00bbcustom\u00bb custom_background=\u00bb#ffffff\u00bb custom_text=\u00bb#383838&#8243; shape=\u00bbround\u00bb align=\u00bbcenter\u00bb link=\u00bburl:https%3A%2F%2Flethiguel.com%2Fes%2Festacion-calentamiento-aluminio-twiga.html|title:Twiga||\u00bb el_class=\u00bbbtn-encart\u00bb][\/vc_column][vc_column width=\u00bb1\/4&#8243; el_class=\u00bbencart-produits\u00bb][vc_single_image image=\u00bb1265&#8243; img_size=\u00bbfull\u00bb alignment=\u00bbcenter\u00bb el_class=\u00bbphotomachine bloc-img-machine\u00bb][vc_column_text]<\/p>\n<h3 style=\"text-align: center;\"><span style=\"color: #cf302d;\">Kit de limpieza<\/span><\/h3>\n<p>[\/vc_column_text][vc_btn title=\u00bbLee mas\u00bb style=\u00bbcustom\u00bb custom_background=\u00bb#ffffff\u00bb custom_text=\u00bb#383838&#8243; shape=\u00bbround\u00bb align=\u00bbcenter\u00bb link=\u00bburl:https%3A%2F%2Flethiguel.com%2Fes%2Fkit-limpieza.html|title:Clean%20Kit||\u00bb el_class=\u00bbbtn-encart\u00bb][\/vc_column][vc_column width=\u00bb1\/4&#8243; el_class=\u00bbencart-produits\u00bb][vc_single_image image=\u00bb1195&#8243; img_size=\u00bbfull\u00bb alignment=\u00bbcenter\u00bb el_class=\u00bbphotomachine bloc-img-machine\u00bb][vc_column_text]<\/p>\n<h3 style=\"text-align: center;\"><span style=\"color: #cf302d;\">Carro calentador<\/span><\/h3>\n<p>[\/vc_column_text][vc_btn title=\u00bbLee mas\u00bb style=\u00bbcustom\u00bb custom_background=\u00bb#ffffff\u00bb custom_text=\u00bb#383838&#8243; shape=\u00bbround\u00bb align=\u00bbcenter\u00bb link=\u00bburl:https%3A%2F%2Flethiguel.com%2Fes%2Fcarro-calentador-para-fundicion.html|title:Clean%20Kit||\u00bb el_class=\u00bbbtn-encart\u00bb][\/vc_column][\/vc_row]<\/p>\n<\/section>","protected":false},"excerpt":{"rendered":"<p>[vc_row][vc_column][vc_column_text css_animation=\u00bbfadeInLeft\u00bb] Lethiguel ofrece una amplia gama de soluciones de calefacci\u00f3n, desde calentadores de potencia t\u00e9rmica hasta hornos personalizados. Nuestra principal soluci\u00f3n de calefacci\u00f3n son los calentadores de inmersi\u00f3n de aluminio, hemos desarrollado esta tecnolog\u00eda para aumentar la eficiencia de calentamiento de aluminio. Hemos realizado muchos estudios y nos hemos dado cuenta de que nuestro&hellip;<\/p>\n","protected":false},"author":1,"featured_media":0,"parent":0,"menu_order":0,"comment_status":"closed","ping_status":"closed","template":"","meta":{"footnotes":""},"class_list":["post-87","page","type-page","status-publish","hentry","description-off"],"yoast_head":"<!-- This site is optimized with the Yoast SEO plugin v27.4 - https:\/\/yoast.com\/product\/yoast-seo-wordpress\/ -->\n<title>Lethiguel<\/title>\n<meta name=\"description\" content=\"Lethiguel ofrece soluciones de calentamiento por industrial aplicaciones. Cont\u00e1ctenos para obtener detalles sobre nuestros productos.\" \/>\n<meta name=\"robots\" content=\"index, follow, max-snippet:-1, max-image-preview:large, max-video-preview:-1\" \/>\n<link rel=\"canonical\" href=\"https:\/\/lethiguel.com\/es\/soluciones-de-calentamiento.html\" \/>\n<meta property=\"og:locale\" content=\"es_ES\" \/>\n<meta property=\"og:type\" content=\"article\" \/>\n<meta property=\"og:title\" content=\"Lethiguel\" \/>\n<meta property=\"og:description\" content=\"Lethiguel ofrece soluciones de calentamiento por industrial aplicaciones. Cont\u00e1ctenos para obtener detalles sobre nuestros productos.\" \/>\n<meta property=\"og:url\" content=\"https:\/\/lethiguel.com\/es\/soluciones-de-calentamiento.html\" \/>\n<meta property=\"og:site_name\" content=\"Lethiguel Espa\u00f1ol\" \/>\n<meta property=\"article:modified_time\" content=\"2023-11-10T13:50:12+00:00\" \/>\n<meta name=\"twitter:card\" content=\"summary_large_image\" \/>\n<meta name=\"twitter:label1\" content=\"Tiempo de lectura\" \/>\n\t<meta name=\"twitter:data1\" content=\"2 minutos\" \/>\n<script type=\"application\/ld+json\" class=\"yoast-schema-graph\">{\"@context\":\"https:\\\/\\\/schema.org\",\"@graph\":[{\"@type\":\"WebPage\",\"@id\":\"https:\\\/\\\/lethiguel.com\\\/es\\\/soluciones-de-calentamiento.html\",\"url\":\"https:\\\/\\\/lethiguel.com\\\/es\\\/soluciones-de-calentamiento.html\",\"name\":\"Lethiguel\",\"isPartOf\":{\"@id\":\"https:\\\/\\\/lethiguel.com\\\/es\\\/#website\"},\"datePublished\":\"2019-06-18T13:19:57+00:00\",\"dateModified\":\"2023-11-10T13:50:12+00:00\",\"description\":\"Lethiguel ofrece soluciones de calentamiento por industrial aplicaciones. Cont\u00e1ctenos para obtener detalles sobre nuestros productos.\",\"breadcrumb\":{\"@id\":\"https:\\\/\\\/lethiguel.com\\\/es\\\/soluciones-de-calentamiento.html#breadcrumb\"},\"inLanguage\":\"es\",\"potentialAction\":[{\"@type\":\"ReadAction\",\"target\":[\"https:\\\/\\\/lethiguel.com\\\/es\\\/soluciones-de-calentamiento.html\"]}]},{\"@type\":\"BreadcrumbList\",\"@id\":\"https:\\\/\\\/lethiguel.com\\\/es\\\/soluciones-de-calentamiento.html#breadcrumb\",\"itemListElement\":[{\"@type\":\"ListItem\",\"position\":1,\"name\":\"Accueil\",\"item\":\"https:\\\/\\\/lethiguel.com\\\/es\\\/\"},{\"@type\":\"ListItem\",\"position\":2,\"name\":\"Soluciones de calentamiento\"}]},{\"@type\":\"WebSite\",\"@id\":\"https:\\\/\\\/lethiguel.com\\\/es\\\/#website\",\"url\":\"https:\\\/\\\/lethiguel.com\\\/es\\\/\",\"name\":\"Lethiguel Espa\u00f1ol\",\"description\":\"Heating and cooling solutions\",\"potentialAction\":[{\"@type\":\"SearchAction\",\"target\":{\"@type\":\"EntryPoint\",\"urlTemplate\":\"https:\\\/\\\/lethiguel.com\\\/es\\\/?s={search_term_string}\"},\"query-input\":{\"@type\":\"PropertyValueSpecification\",\"valueRequired\":true,\"valueName\":\"search_term_string\"}}],\"inLanguage\":\"es\"}]}<\/script>\n<!-- \/ Yoast SEO plugin. -->","yoast_head_json":{"title":"Lethiguel","description":"Lethiguel ofrece soluciones de calentamiento por industrial aplicaciones. Cont\u00e1ctenos para obtener detalles sobre nuestros productos.","robots":{"index":"index","follow":"follow","max-snippet":"max-snippet:-1","max-image-preview":"max-image-preview:large","max-video-preview":"max-video-preview:-1"},"canonical":"https:\/\/lethiguel.com\/es\/soluciones-de-calentamiento.html","og_locale":"es_ES","og_type":"article","og_title":"Lethiguel","og_description":"Lethiguel ofrece soluciones de calentamiento por industrial aplicaciones. Cont\u00e1ctenos para obtener detalles sobre nuestros productos.","og_url":"https:\/\/lethiguel.com\/es\/soluciones-de-calentamiento.html","og_site_name":"Lethiguel Espa\u00f1ol","article_modified_time":"2023-11-10T13:50:12+00:00","twitter_card":"summary_large_image","twitter_misc":{"Tiempo de lectura":"2 minutos"},"schema":{"@context":"https:\/\/schema.org","@graph":[{"@type":"WebPage","@id":"https:\/\/lethiguel.com\/es\/soluciones-de-calentamiento.html","url":"https:\/\/lethiguel.com\/es\/soluciones-de-calentamiento.html","name":"Lethiguel","isPartOf":{"@id":"https:\/\/lethiguel.com\/es\/#website"},"datePublished":"2019-06-18T13:19:57+00:00","dateModified":"2023-11-10T13:50:12+00:00","description":"Lethiguel ofrece soluciones de calentamiento por industrial aplicaciones. Cont\u00e1ctenos para obtener detalles sobre nuestros productos.","breadcrumb":{"@id":"https:\/\/lethiguel.com\/es\/soluciones-de-calentamiento.html#breadcrumb"},"inLanguage":"es","potentialAction":[{"@type":"ReadAction","target":["https:\/\/lethiguel.com\/es\/soluciones-de-calentamiento.html"]}]},{"@type":"BreadcrumbList","@id":"https:\/\/lethiguel.com\/es\/soluciones-de-calentamiento.html#breadcrumb","itemListElement":[{"@type":"ListItem","position":1,"name":"Accueil","item":"https:\/\/lethiguel.com\/es\/"},{"@type":"ListItem","position":2,"name":"Soluciones de calentamiento"}]},{"@type":"WebSite","@id":"https:\/\/lethiguel.com\/es\/#website","url":"https:\/\/lethiguel.com\/es\/","name":"Lethiguel Espa\u00f1ol","description":"Heating and cooling solutions","potentialAction":[{"@type":"SearchAction","target":{"@type":"EntryPoint","urlTemplate":"https:\/\/lethiguel.com\/es\/?s={search_term_string}"},"query-input":{"@type":"PropertyValueSpecification","valueRequired":true,"valueName":"search_term_string"}}],"inLanguage":"es"}]}},"_links":{"self":[{"href":"https:\/\/lethiguel.com\/es\/wp-json\/wp\/v2\/pages\/87","targetHints":{"allow":["GET"]}}],"collection":[{"href":"https:\/\/lethiguel.com\/es\/wp-json\/wp\/v2\/pages"}],"about":[{"href":"https:\/\/lethiguel.com\/es\/wp-json\/wp\/v2\/types\/page"}],"author":[{"embeddable":true,"href":"https:\/\/lethiguel.com\/es\/wp-json\/wp\/v2\/users\/1"}],"replies":[{"embeddable":true,"href":"https:\/\/lethiguel.com\/es\/wp-json\/wp\/v2\/comments?post=87"}],"version-history":[{"count":48,"href":"https:\/\/lethiguel.com\/es\/wp-json\/wp\/v2\/pages\/87\/revisions"}],"predecessor-version":[{"id":1982,"href":"https:\/\/lethiguel.com\/es\/wp-json\/wp\/v2\/pages\/87\/revisions\/1982"}],"wp:attachment":[{"href":"https:\/\/lethiguel.com\/es\/wp-json\/wp\/v2\/media?parent=87"}],"curies":[{"name":"wp","href":"https:\/\/api.w.org\/{rel}","templated":true}]}}