{"id":10,"date":"2019-06-17T14:09:49","date_gmt":"2019-06-17T12:09:49","guid":{"rendered":"https:\/\/lethiguel.com\/fr\/?page_id=10"},"modified":"2025-05-30T14:06:20","modified_gmt":"2025-05-30T12:06:20","slug":"accueil","status":"publish","type":"page","link":"https:\/\/lethiguel.com\/fr\/","title":{"rendered":"Accueil"},"content":{"rendered":"<section class=\"wpb-content-wrapper\"><p>[vc_row type=\u00a0\u00bbvc_default\u00a0\u00bb full_width=\u00a0\u00bbstretch_row\u00a0\u00bb el_class=\u00a0\u00bbbloc-girafe-tablette-mobile-fr\u00a0\u00bb][vc_column][\/vc_column][\/vc_row][vc_row type=\u00a0\u00bbvc_default\u00a0\u00bb full_width=\u00a0\u00bbstretch_row\u00a0\u00bb el_class=\u00a0\u00bbbloc-girafe-fr\u00a0\u00bb][vc_column animation=\u00a0\u00bbfadeInDown\u00a0\u00bb][vc_row_inner][vc_column_inner el_class=\u00a0\u00bbbloc-1-girage\u00a0\u00bb width=\u00a0\u00bb1\/3&Prime;][vc_column_text el_class=\u00a0\u00bbtexteblanc\u00a0\u00bb]<\/p>\n<h3>Lethiguel est une marque fran\u00e7aise de haute technologie en solutions thermiques<\/h3>\n<p>L&rsquo;entreprise con\u00e7oit, fabrique et fournit des solutions de refroidissement et de chauffage \u00e0 l&rsquo;industrie de la fonderie de m\u00e9taux l\u00e9gers.<\/p>\n<p>Une \u00e9quipe de 40 personnes se consacre enti\u00e8rement \u00e0 soutenir et \u00e0 fournir des entreprises exigeantes dans un march\u00e9 exigeant.<\/p>\n<p>Gr\u00e2ce \u00e0 son innovation et son engagement, Lethiguel s&rsquo;est forg\u00e9 une excellente r\u00e9putation, a prouv\u00e9 qu&rsquo;elle est un partenaire fiable et un fournisseur de solutions fiables pour l&rsquo;industrie mondiale de la fonderie.[\/vc_column_text][vc_btn title=\u00a0\u00bbMore\u00a0\u00bb style=\u00a0\u00bboutline-custom\u00a0\u00bb outline_custom_color=\u00a0\u00bb#ffffff\u00a0\u00bb outline_custom_hover_background=\u00a0\u00bb#ffffff\u00a0\u00bb outline_custom_hover_text=\u00a0\u00bb#565656&Prime; shape=\u00a0\u00bbround\u00a0\u00bb css=\u00a0\u00bb.vc_custom_1576078391557{margin-bottom: 30px !important;}\u00a0\u00bb link=\u00a0\u00bburl:https%3A%2F%2Flethiguel.com%2Ffr%2Fcontact.html|title:Contact||\u00a0\u00bb][\/vc_column_inner][vc_column_inner el_class=\u00a0\u00bbbloc-2-girage\u00a0\u00bb width=\u00a0\u00bb2\/3&Prime;][\/vc_column_inner][\/vc_row_inner][\/vc_column][\/vc_row][vc_row type=\u00a0\u00bbvc_default\u00a0\u00bb el_class=\u00a0\u00bbensemble-bloc-gris-sombre-produit-home-page\u00a0\u00bb][vc_column width=\u00a0\u00bb1\/2&Prime; animation=\u00a0\u00bbfadeInLeft\u00a0\u00bb][vc_column_text]<\/p>\n<h3>Solutions chaud<\/h3>\n<p>[\/vc_column_text][vc_separator color=\u00a0\u00bbcustom\u00a0\u00bb accent_color=\u00a0\u00bb#cccccc\u00a0\u00bb css=\u00a0\u00bb.vc_custom_1560777974819{margin-top: -15px !important;}\u00a0\u00bb][vc_row_inner][vc_column_inner el_class=\u00a0\u00bbbloc-gris-sombre\u00a0\u00bb width=\u00a0\u00bb1\/2&Prime;][vc_single_image image=\u00a0\u00bb1333&Prime; img_size=\u00a0\u00bbfull\u00a0\u00bb alignment=\u00a0\u00bbcenter\u00a0\u00bb onclick=\u00a0\u00bbcustom_link\u00a0\u00bb link=\u00a0\u00bbhttps:\/\/lethiguel.com\/twiga.html\u00a0\u00bb el_class=\u00a0\u00bbblocimg\u00a0\u00bb][vc_column_text el_class=\u00a0\u00bbtexteblanc\u00a0\u00bb]<\/p>\n<h3 style=\"text-align: center;\"><span style=\"color: #cf302d;\">Twiga<\/span><\/h3>\n<p>Twiga est la plus r\u00e9cente station de chauffage pour aluminium Lethiguel. Con\u00e7u pour optimiser l&rsquo;espace de travail et la consommation d&rsquo;\u00e9nergie, Twiga s&rsquo;adapte \u00e0 tout type de poche de transport et peut \u00eatre propos\u00e9 avec syst\u00e8me de d\u00e9gazage gr\u00e2ce \u00e0 un porte-couvercle adaptable. Mont\u00e9 avec <a href=\"https:\/\/lethiguel.com\/fr\/thermoplongeur-thermal-power.html\">Lethiguel Thermal Power\u00ae<\/a>, Twiga permet une vitesse de chauffage \u00e9lev\u00e9e et une faible perte de chaleur.[\/vc_column_text][vc_btn title=\u00a0\u00bbRead more\u00a0\u00bb style=\u00a0\u00bbcustom\u00a0\u00bb custom_background=\u00a0\u00bb#ffffff\u00a0\u00bb custom_text=\u00a0\u00bb#383838&Prime; shape=\u00a0\u00bbround\u00a0\u00bb align=\u00a0\u00bbcenter\u00a0\u00bb link=\u00a0\u00bburl:https%3A%2F%2Flethiguel.com%2Ffr%2Fstation-chauffage-degazage-twiga.html|title:WattMobil||\u00a0\u00bb el_class=\u00a0\u00bbbtn-home\u00a0\u00bb][\/vc_column_inner][vc_column_inner el_class=\u00a0\u00bbbloc-gris-sombre\u00a0\u00bb width=\u00a0\u00bb1\/2&Prime;][vc_single_image image=\u00a0\u00bb1187&Prime; img_size=\u00a0\u00bbfull\u00a0\u00bb alignment=\u00a0\u00bbcenter\u00a0\u00bb onclick=\u00a0\u00bbcustom_link\u00a0\u00bb link=\u00a0\u00bbhttps:\/\/lethiguel.com\/fr\/four-maintien-temperature-aluminium-al-clean.html\u00a0\u00bb el_class=\u00a0\u00bbblocimg\u00a0\u00bb][vc_column_text el_class=\u00a0\u00bbtexteblanc\u00a0\u00bb]<\/p>\n<h3 style=\"text-align: center;\"><span style=\"color: #cf302d;\">Al Clean<\/span><\/h3>\n<p>Al Clean est la gamme de four de maintien d\u2019aluminium de LETHIGUEL. Con\u00e7u pour optimiser la qualit\u00e9 de l&rsquo;aluminium et la consommation d&rsquo;\u00e9nergie, Al Clean utilise le syst\u00e8me de chauffage le plus efficace du march\u00e9 pour combiner une tr\u00e8s faible consommation moyenne d&rsquo;\u00e9nergie et une vitesse de chauffage \u00e9lev\u00e9e. Mont\u00e9 avec des <a href=\"https:\/\/lethiguel.com\/fr\/thermoplongeur-thermal-power.html\">thermoplongeurs ThermalPower\u00ae<\/a>, le four de maintien Al Clean pour aluminium optimise la qualit\u00e9 de l&rsquo;aluminium.[\/vc_column_text][vc_btn title=\u00a0\u00bbRead more\u00a0\u00bb style=\u00a0\u00bbcustom\u00a0\u00bb custom_background=\u00a0\u00bb#ffffff\u00a0\u00bb custom_text=\u00a0\u00bb#383838&Prime; shape=\u00a0\u00bbround\u00a0\u00bb align=\u00a0\u00bbcenter\u00a0\u00bb link=\u00a0\u00bburl:https%3A%2F%2Flethiguel.com%2Ffr%2Ffour-maintien-temperature-aluminium-al-clean.html|title:Al%20Clean||\u00a0\u00bb el_class=\u00a0\u00bbbtn-home\u00a0\u00bb][\/vc_column_inner][\/vc_row_inner][\/vc_column][vc_column width=\u00a0\u00bb1\/2&Prime; animation=\u00a0\u00bbfadeInRight\u00a0\u00bb][vc_column_text]<\/p>\n<h3>Solutions refroidissement<\/h3>\n<p>[\/vc_column_text][vc_separator color=\u00a0\u00bbcustom\u00a0\u00bb accent_color=\u00a0\u00bb#cccccc\u00a0\u00bb css=\u00a0\u00bb.vc_custom_1560777981537{margin-top: -15px !important;}\u00a0\u00bb][vc_row_inner][vc_column_inner el_class=\u00a0\u00bbbloc-gris-sombre\u00a0\u00bb width=\u00a0\u00bb1\/2&Prime;][vc_single_image image=\u00a0\u00bb1302&Prime; img_size=\u00a0\u00bbfull\u00a0\u00bb alignment=\u00a0\u00bbcenter\u00a0\u00bb onclick=\u00a0\u00bbcustom_link\u00a0\u00bb link=\u00a0\u00bbhttps:\/\/lethiguel.com\/fr\/spotcool-evolution.html\u00a0\u00bb el_class=\u00a0\u00bbblocimg\u00a0\u00bb][vc_column_text el_class=\u00a0\u00bbtexteblanc\u00a0\u00bb]<\/p>\n<h3 style=\"text-align: center;\"><span style=\"color: #009fe1;\">SpotCool Evolution<\/span><\/h3>\n<p>SpotCool Evolution est la r\u00e9ponse de Lethiguel aux derni\u00e8res transformations du march\u00e9 et de la technologie pour le refroidissement de coul\u00e9e sous pression. Cette machine int\u00e8gre l&rsquo;essence m\u00eame de l&rsquo;innovation dans la communication M2M (machine-to-machine), avec transmission des donn\u00e9es DCM de huit points de mesure, y compris le d\u00e9bit et la pression pour chaque circuit, l&rsquo;air d&rsquo;alimentation et la pression d&rsquo;entr\u00e9e de la pompe HP, la conductivit\u00e9 d&rsquo;eau.[\/vc_column_text][vc_btn title=\u00a0\u00bbRead more\u00a0\u00bb style=\u00a0\u00bbcustom\u00a0\u00bb custom_background=\u00a0\u00bb#ffffff\u00a0\u00bb custom_text=\u00a0\u00bb#383838&Prime; shape=\u00a0\u00bbround\u00a0\u00bb align=\u00a0\u00bbcenter\u00a0\u00bb link=\u00a0\u00bburl:https%3A%2F%2Flethiguel.com%2Ffr%2Fspotcool-evolution.html|title:SpotCool%20Evolution||\u00a0\u00bb el_class=\u00a0\u00bbbtn-home\u00a0\u00bb][\/vc_column_inner][vc_column_inner el_class=\u00a0\u00bbbloc-gris-sombre\u00a0\u00bb width=\u00a0\u00bb1\/2&Prime;][vc_single_image image=\u00a0\u00bb1210&Prime; img_size=\u00a0\u00bbfull\u00a0\u00bb alignment=\u00a0\u00bbcenter\u00a0\u00bb onclick=\u00a0\u00bbcustom_link\u00a0\u00bb link=\u00a0\u00bbhttps:\/\/lethiguel.com\/fr\/debitmetre-flowmaster-fonderie.html\u00a0\u00bb el_class=\u00a0\u00bbblocimg\u00a0\u00bb][vc_column_text el_class=\u00a0\u00bbtexteblanc\u00a0\u00bb]<\/p>\n<h3 style=\"text-align: center;\"><span style=\"color: #009fe1;\">FlowMaster<\/span><\/h3>\n<p>Une longue exp\u00e9rience dans Jet Cooling aide Lethiguel \u00e0 mettre au point un d\u00e9bitm\u00e8tre FlowMaster qui permet que le syst\u00e8me de refroidissement Jet Cooling surveille pr\u00e9cis\u00e9ment l&rsquo;\u00e9tat du d\u00e9bit, en temps r\u00e9el, et pour chaque point de refroidissement. De cette fa\u00e7on, la maintenance pr\u00e9ventive devient plus facile et hautement pr\u00e9dictive, ce qui permet d&rsquo;\u00e9conomiser des ressources pr\u00e9cieuses pour les fonderies et d&rsquo;atteindre une productivit\u00e9 \u00e9lev\u00e9e.[\/vc_column_text][vc_btn title=\u00a0\u00bbRead more\u00a0\u00bb style=\u00a0\u00bbcustom\u00a0\u00bb custom_background=\u00a0\u00bb#ffffff\u00a0\u00bb custom_text=\u00a0\u00bb#383838&Prime; shape=\u00a0\u00bbround\u00a0\u00bb align=\u00a0\u00bbcenter\u00a0\u00bb link=\u00a0\u00bburl:https%3A%2F%2Flethiguel.com%2Ffr%2Fdebitmetre-flowmaster-fonderie.html|title:Manifolds||\u00a0\u00bb el_class=\u00a0\u00bbbtn-home\u00a0\u00bb][\/vc_column_inner][\/vc_row_inner][\/vc_column][\/vc_row][vc_row type=\u00a0\u00bbvc_default\u00a0\u00bb full_width=\u00a0\u00bbstretch_row\u00a0\u00bb el_class=\u00a0\u00bbpingouin-fr\u00a0\u00bb][vc_column][\/vc_column][\/vc_row]<\/p>\n<\/section>","protected":false},"excerpt":{"rendered":"<p>[vc_row type=\u00a0\u00bbvc_default\u00a0\u00bb full_width=\u00a0\u00bbstretch_row\u00a0\u00bb el_class=\u00a0\u00bbbloc-girafe-tablette-mobile-fr\u00a0\u00bb][vc_column][\/vc_column][\/vc_row][vc_row type=\u00a0\u00bbvc_default\u00a0\u00bb full_width=\u00a0\u00bbstretch_row\u00a0\u00bb el_class=\u00a0\u00bbbloc-girafe-fr\u00a0\u00bb][vc_column animation=\u00a0\u00bbfadeInDown\u00a0\u00bb][vc_row_inner][vc_column_inner el_class=\u00a0\u00bbbloc-1-girage\u00a0\u00bb width=\u00a0\u00bb1\/3&Prime;][vc_column_text el_class=\u00a0\u00bbtexteblanc\u00a0\u00bb] Lethiguel est une marque fran\u00e7aise de haute technologie en solutions thermiques L&rsquo;entreprise con\u00e7oit, fabrique et fournit des solutions de refroidissement et de chauffage \u00e0 l&rsquo;industrie de la fonderie de m\u00e9taux l\u00e9gers. Une \u00e9quipe de 40 personnes se consacre enti\u00e8rement \u00e0 soutenir et \u00e0 fournir&hellip;<\/p>\n","protected":false},"author":1,"featured_media":0,"parent":0,"menu_order":0,"comment_status":"closed","ping_status":"closed","template":"","meta":{"footnotes":""},"class_list":["post-10","page","type-page","status-publish","hentry","description-off"],"yoast_head":"<!-- This site is optimized with the Yoast SEO plugin v27.4 - https:\/\/yoast.com\/product\/yoast-seo-wordpress\/ -->\n<title>Lethiguel<\/title>\n<meta name=\"description\" content=\"Lethiguel est un fabricant de solutions de refroidissement et de chauffage \u00e0 l\u2019industrie de la fonderie de m\u00e9taux l\u00e9gers. Contactez-nous !\" \/>\n<meta name=\"robots\" content=\"index, follow, max-snippet:-1, max-image-preview:large, max-video-preview:-1\" \/>\n<link rel=\"canonical\" href=\"https:\/\/lethiguel.com\/fr\/\" \/>\n<meta property=\"og:locale\" content=\"fr_FR\" \/>\n<meta property=\"og:type\" content=\"article\" \/>\n<meta property=\"og:title\" content=\"Lethiguel\" \/>\n<meta property=\"og:description\" content=\"Lethiguel est un fabricant de solutions de refroidissement et de chauffage \u00e0 l\u2019industrie de la fonderie de m\u00e9taux l\u00e9gers. Contactez-nous !\" \/>\n<meta property=\"og:url\" content=\"https:\/\/lethiguel.com\/fr\/\" \/>\n<meta property=\"og:site_name\" content=\"Lethiguel Fran\u00e7ais\" \/>\n<meta property=\"article:modified_time\" content=\"2025-05-30T12:06:20+00:00\" \/>\n<meta name=\"twitter:card\" content=\"summary_large_image\" \/>\n<meta name=\"twitter:label1\" content=\"Dur\u00e9e de lecture estim\u00e9e\" \/>\n\t<meta name=\"twitter:data1\" content=\"3 minutes\" \/>\n<script type=\"application\/ld+json\" class=\"yoast-schema-graph\">{\"@context\":\"https:\\\/\\\/schema.org\",\"@graph\":[{\"@type\":\"WebPage\",\"@id\":\"https:\\\/\\\/lethiguel.com\\\/fr\\\/\",\"url\":\"https:\\\/\\\/lethiguel.com\\\/fr\\\/\",\"name\":\"Lethiguel\",\"isPartOf\":{\"@id\":\"https:\\\/\\\/lethiguel.com\\\/fr\\\/#website\"},\"datePublished\":\"2019-06-17T12:09:49+00:00\",\"dateModified\":\"2025-05-30T12:06:20+00:00\",\"description\":\"Lethiguel est un fabricant de solutions de refroidissement et de chauffage \u00e0 l\u2019industrie de la fonderie de m\u00e9taux l\u00e9gers. Contactez-nous !\",\"breadcrumb\":{\"@id\":\"https:\\\/\\\/lethiguel.com\\\/fr\\\/#breadcrumb\"},\"inLanguage\":\"fr-FR\",\"potentialAction\":[{\"@type\":\"ReadAction\",\"target\":[\"https:\\\/\\\/lethiguel.com\\\/fr\\\/\"]}]},{\"@type\":\"BreadcrumbList\",\"@id\":\"https:\\\/\\\/lethiguel.com\\\/fr\\\/#breadcrumb\",\"itemListElement\":[{\"@type\":\"ListItem\",\"position\":1,\"name\":\"Accueil\",\"item\":\"https:\\\/\\\/lethiguel.com\\\/fr\\\/\"},{\"@type\":\"ListItem\",\"position\":2,\"name\":\"Accueil\"}]},{\"@type\":\"WebSite\",\"@id\":\"https:\\\/\\\/lethiguel.com\\\/fr\\\/#website\",\"url\":\"https:\\\/\\\/lethiguel.com\\\/fr\\\/\",\"name\":\"Lethiguel Fran\u00e7ais\",\"description\":\"Heating and cooling solutions\",\"potentialAction\":[{\"@type\":\"SearchAction\",\"target\":{\"@type\":\"EntryPoint\",\"urlTemplate\":\"https:\\\/\\\/lethiguel.com\\\/fr\\\/?s={search_term_string}\"},\"query-input\":{\"@type\":\"PropertyValueSpecification\",\"valueRequired\":true,\"valueName\":\"search_term_string\"}}],\"inLanguage\":\"fr-FR\"}]}<\/script>\n<!-- \/ Yoast SEO plugin. -->","yoast_head_json":{"title":"Lethiguel","description":"Lethiguel est un fabricant de solutions de refroidissement et de chauffage \u00e0 l\u2019industrie de la fonderie de m\u00e9taux l\u00e9gers. Contactez-nous !","robots":{"index":"index","follow":"follow","max-snippet":"max-snippet:-1","max-image-preview":"max-image-preview:large","max-video-preview":"max-video-preview:-1"},"canonical":"https:\/\/lethiguel.com\/fr\/","og_locale":"fr_FR","og_type":"article","og_title":"Lethiguel","og_description":"Lethiguel est un fabricant de solutions de refroidissement et de chauffage \u00e0 l\u2019industrie de la fonderie de m\u00e9taux l\u00e9gers. Contactez-nous !","og_url":"https:\/\/lethiguel.com\/fr\/","og_site_name":"Lethiguel Fran\u00e7ais","article_modified_time":"2025-05-30T12:06:20+00:00","twitter_card":"summary_large_image","twitter_misc":{"Dur\u00e9e de lecture estim\u00e9e":"3 minutes"},"schema":{"@context":"https:\/\/schema.org","@graph":[{"@type":"WebPage","@id":"https:\/\/lethiguel.com\/fr\/","url":"https:\/\/lethiguel.com\/fr\/","name":"Lethiguel","isPartOf":{"@id":"https:\/\/lethiguel.com\/fr\/#website"},"datePublished":"2019-06-17T12:09:49+00:00","dateModified":"2025-05-30T12:06:20+00:00","description":"Lethiguel est un fabricant de solutions de refroidissement et de chauffage \u00e0 l\u2019industrie de la fonderie de m\u00e9taux l\u00e9gers. Contactez-nous !","breadcrumb":{"@id":"https:\/\/lethiguel.com\/fr\/#breadcrumb"},"inLanguage":"fr-FR","potentialAction":[{"@type":"ReadAction","target":["https:\/\/lethiguel.com\/fr\/"]}]},{"@type":"BreadcrumbList","@id":"https:\/\/lethiguel.com\/fr\/#breadcrumb","itemListElement":[{"@type":"ListItem","position":1,"name":"Accueil","item":"https:\/\/lethiguel.com\/fr\/"},{"@type":"ListItem","position":2,"name":"Accueil"}]},{"@type":"WebSite","@id":"https:\/\/lethiguel.com\/fr\/#website","url":"https:\/\/lethiguel.com\/fr\/","name":"Lethiguel Fran\u00e7ais","description":"Heating and cooling solutions","potentialAction":[{"@type":"SearchAction","target":{"@type":"EntryPoint","urlTemplate":"https:\/\/lethiguel.com\/fr\/?s={search_term_string}"},"query-input":{"@type":"PropertyValueSpecification","valueRequired":true,"valueName":"search_term_string"}}],"inLanguage":"fr-FR"}]}},"_links":{"self":[{"href":"https:\/\/lethiguel.com\/fr\/wp-json\/wp\/v2\/pages\/10","targetHints":{"allow":["GET"]}}],"collection":[{"href":"https:\/\/lethiguel.com\/fr\/wp-json\/wp\/v2\/pages"}],"about":[{"href":"https:\/\/lethiguel.com\/fr\/wp-json\/wp\/v2\/types\/page"}],"author":[{"embeddable":true,"href":"https:\/\/lethiguel.com\/fr\/wp-json\/wp\/v2\/users\/1"}],"replies":[{"embeddable":true,"href":"https:\/\/lethiguel.com\/fr\/wp-json\/wp\/v2\/comments?post=10"}],"version-history":[{"count":81,"href":"https:\/\/lethiguel.com\/fr\/wp-json\/wp\/v2\/pages\/10\/revisions"}],"predecessor-version":[{"id":2176,"href":"https:\/\/lethiguel.com\/fr\/wp-json\/wp\/v2\/pages\/10\/revisions\/2176"}],"wp:attachment":[{"href":"https:\/\/lethiguel.com\/fr\/wp-json\/wp\/v2\/media?parent=10"}],"curies":[{"name":"wp","href":"https:\/\/api.w.org\/{rel}","templated":true}]}}