{"id":1036,"date":"2020-02-17T15:42:55","date_gmt":"2020-02-17T14:42:55","guid":{"rendered":"https:\/\/lethiguel.com\/fr\/?page_id=1036"},"modified":"2025-05-30T14:12:52","modified_gmt":"2025-05-30T12:12:52","slug":"wattmobil-case-study","status":"publish","type":"page","link":"https:\/\/lethiguel.com\/fr\/wattmobil-case-study.html","title":{"rendered":"Cas d&rsquo;\u00e9tude WattMobil"},"content":{"rendered":"<section class=\"wpb-content-wrapper\"><p>[vc_row][vc_column width=\u00a0\u00bb1\/2&Prime;][vc_column_text]<\/p>\n<h2>Probl\u00e8me actuel dans le domaine du moulage sous pression d&rsquo;aluminium :<\/h2>\n<p>[\/vc_column_text][vc_separator color=\u00a0\u00bbcustom\u00a0\u00bb align=\u00a0\u00bbalign_left\u00a0\u00bb border_width=\u00a0\u00bb2&Prime; el_width=\u00a0\u00bb20&Prime; accent_color=\u00a0\u00bb#dd3333&Prime; css=\u00a0\u00bb.vc_custom_1571141349566{margin-top: -20px !important;}\u00a0\u00bb][vc_column_text css=\u00a0\u00bb.vc_custom_1612874229151{padding-bottom: 40px !important;}\u00a0\u00bb]Un four de maintien de l&rsquo;aluminium en moulage sous haute pression est en maintenance . Le four subit l&rsquo;entretien d&rsquo;une chambre forte de chauffage. Une fois l&rsquo;entretien termin\u00e9, il faut 4 heures pour chauffer \u00e0 la temp\u00e9rature de coul\u00e9e (675 \u00b0 C)[\/vc_column_text][vc_column_text]<\/p>\n<h2>Four de maintien :<\/h2>\n<p>[\/vc_column_text][vc_separator color=\u00a0\u00bbcustom\u00a0\u00bb align=\u00a0\u00bbalign_left\u00a0\u00bb border_width=\u00a0\u00bb2&Prime; el_width=\u00a0\u00bb20&Prime; accent_color=\u00a0\u00bb#dd3333&Prime; css=\u00a0\u00bb.vc_custom_1571141476428{margin-top: -20px !important;}\u00a0\u00bb][vc_column_text css=\u00a0\u00bb.vc_custom_1612874261605{padding-bottom: 40px !important;}\u00a0\u00bb]<\/p>\n<ul>\n<li>Capacit\u00e9 de four : 1500kg<\/li>\n<li>Temp\u00e9rature de coul\u00e9e : 675\u00b0C<\/li>\n<li>Type de four : <a href=\"https:\/\/lethiguel.com\/fr\/thermoplongeur-type-l.html\">Thermoplongeurs<\/a><\/li>\n<\/ul>\n<p>[\/vc_column_text][vc_column_text]<\/p>\n<h2>Solution de Lethiguel pour le moulage sous pression<\/h2>\n<p>[\/vc_column_text][vc_separator color=\u00a0\u00bbcustom\u00a0\u00bb align=\u00a0\u00bbalign_left\u00a0\u00bb border_width=\u00a0\u00bb2&Prime; el_width=\u00a0\u00bb20&Prime; accent_color=\u00a0\u00bb#dd3333&Prime; css=\u00a0\u00bb.vc_custom_1571141909431{margin-top: -20px !important;}\u00a0\u00bb][vc_column_text css=\u00a0\u00bb.vc_custom_1612874345787{padding-bottom: 40px !important;}\u00a0\u00bb]Le <a href=\"https:\/\/lethiguel.com\/fr\/chauffage-metal-wattmobil.html\">four de maintien WattMobil<\/a> avec un <a href=\"https:\/\/lethiguel.com\/fr\/thermoplongeur-thermal-power.html\">Thermoplongeur Thermal Power<\/a> \u00e0 14kW<\/p>\n<p>Le four a commenc\u00e9 \u00e0 9h40 de 636\u00b0C[\/vc_column_text][\/vc_column][vc_column width=\u00a0\u00bb1\/2&Prime;][vc_single_image image=\u00a0\u00bb1953&Prime; img_size=\u00a0\u00bb400&#215;400&Prime; alignment=\u00a0\u00bbcenter\u00a0\u00bb][vc_row_inner][vc_column_inner][vc_single_image image=\u00a0\u00bb1958&Prime; img_size=\u00a0\u00bb400&#215;400&Prime; alignment=\u00a0\u00bbcenter\u00a0\u00bb][\/vc_column_inner][\/vc_row_inner][\/vc_column][\/vc_row][vc_row][vc_column][vc_column_text css=\u00a0\u00bb.vc_custom_1612874356616{margin-top: -20px !important;}\u00a0\u00bb]<\/p>\n<h2>R\u00e9sultat :<\/h2>\n<p>[\/vc_column_text][vc_separator color=\u00a0\u00bbcustom\u00a0\u00bb align=\u00a0\u00bbalign_left\u00a0\u00bb border_width=\u00a0\u00bb2&Prime; el_width=\u00a0\u00bb20&Prime; accent_color=\u00a0\u00bb#dd3333&Prime; css=\u00a0\u00bb.vc_custom_1571141724896{margin-top: -20px !important;}\u00a0\u00bb][vc_single_image image=\u00a0\u00bb1594&Prime; img_size=\u00a0\u00bbfull\u00a0\u00bb alignment=\u00a0\u00bbcenter\u00a0\u00bb onclick=\u00a0\u00bbzoom\u00a0\u00bb][vc_column_text]<strong><span style=\"color: #ff0000;\">Ligne rouge : Avec WattMobil, commenc\u00e9 \u00e0 9h40<\/span><\/strong><\/p>\n<p><strong><span style=\"color: #0000ff;\">Ligne bleu : Sans WattMobil<\/span><\/strong><\/p>\n<p><strong style=\"color: #339966;\">Ligne verte : Avec WattMobil, commenc\u00e9 au <\/strong><span style=\"color: #339966;\"><b>d\u00e9but<\/b><\/span>[\/vc_column_text][vc_row_inner][vc_column_inner][vc_column_text]Il a pris 1h 20 minutes pour arriver la temp\u00e9rature de coul\u00e9e et relancer la production de moulage sous pression.<\/p>\n<p>La solution de chauffage WattMobil a r\u00e9duit le temps d&rsquo;entretien \u00e0 2 heures 40 minutes au lieu de 7 heures ![\/vc_column_text][\/vc_column_inner][\/vc_row_inner][vc_column_text]<\/p>\n<h2>Suggestions pour la maintenance de vos \u00e9quipements de chauffage de m\u00e9taux pour moulage sous pression :<\/h2>\n<p>[\/vc_column_text][vc_separator color=\u00a0\u00bbcustom\u00a0\u00bb align=\u00a0\u00bbalign_left\u00a0\u00bb border_width=\u00a0\u00bb2&Prime; el_width=\u00a0\u00bb20&Prime; accent_color=\u00a0\u00bb#dd3333&Prime; css=\u00a0\u00bb.vc_custom_1571144258514{margin-top: -20px !important;}\u00a0\u00bb][vc_column_text]En utilisant le thermoplongeur pendant l&rsquo;entretien, nous pouvons r\u00e9duire la chute temp\u00e9rature et relancer la production plus rapidement.[\/vc_column_text][vc_row_inner][vc_column_inner][vc_single_image image=\u00a0\u00bb1959&Prime; img_size=\u00a0\u00bbfull\u00a0\u00bb alignment=\u00a0\u00bbcenter\u00a0\u00bb css=\u00a0\u00bb.vc_custom_1612880388071{margin-top: 40px !important;}\u00a0\u00bb][vc_btn title=\u00a0\u00bbPlus d&rsquo;informations\u00a0\u00bb align=\u00a0\u00bbcenter\u00a0\u00bb link=\u00a0\u00bburl:https%3A%2F%2Flethiguel.com\/fr%2Fwattmobil.html||target:%20_blank|\u00a0\u00bb][vc_empty_space][\/vc_column_inner][\/vc_row_inner][\/vc_column][\/vc_row][vc_row][vc_column]<div class=\"dt-fancy-separator\" style=\"width: 100%;\"><div class=\"dt-fancy-title\"><span class=\"separator-holder separator-left\"><\/span>\u00e7a peut vous int\u00e9resse r<span class=\"separator-holder separator-right\"><\/span><\/div><\/div>[\/vc_column][\/vc_row][vc_row][vc_column][\/vc_column][\/vc_row]<\/p>\n<\/section>","protected":false},"excerpt":{"rendered":"<p>[vc_row][vc_column width=\u00a0\u00bb1\/2&Prime;][vc_column_text] Probl\u00e8me actuel dans le domaine du moulage sous pression d&rsquo;aluminium : [\/vc_column_text][vc_separator color=\u00a0\u00bbcustom\u00a0\u00bb align=\u00a0\u00bbalign_left\u00a0\u00bb border_width=\u00a0\u00bb2&Prime; el_width=\u00a0\u00bb20&Prime; accent_color=\u00a0\u00bb#dd3333&Prime; css=\u00a0\u00bb.vc_custom_1571141349566{margin-top: -20px !important;}\u00a0\u00bb][vc_column_text css=\u00a0\u00bb.vc_custom_1612874229151{padding-bottom: 40px !important;}\u00a0\u00bb]Un four de maintien de l&rsquo;aluminium en moulage sous haute pression est en maintenance . Le four subit l&rsquo;entretien d&rsquo;une chambre forte de chauffage. Une fois l&rsquo;entretien termin\u00e9, il faut 4&hellip;<\/p>\n","protected":false},"author":2,"featured_media":0,"parent":0,"menu_order":0,"comment_status":"closed","ping_status":"closed","template":"","meta":{"footnotes":""},"class_list":["post-1036","page","type-page","status-publish","hentry","description-off"],"yoast_head":"<!-- This site is optimized with the Yoast SEO plugin v27.4 - https:\/\/yoast.com\/product\/yoast-seo-wordpress\/ -->\n<title>Lethiguel<\/title>\n<meta name=\"description\" content=\"Consultez le cas d&#039;\u00e9tude Wattmobil pour voir comment LETHIGUEL peut vous aider \u00e0 r\u00e9duire le temps d&#039;arr\u00eat de vos \u00e9quipements de moulage sous pression.\" \/>\n<meta name=\"robots\" content=\"index, follow, max-snippet:-1, max-image-preview:large, max-video-preview:-1\" \/>\n<link rel=\"canonical\" href=\"https:\/\/lethiguel.com\/fr\/wattmobil-case-study.html\" \/>\n<meta property=\"og:locale\" content=\"fr_FR\" \/>\n<meta property=\"og:type\" content=\"article\" \/>\n<meta property=\"og:title\" content=\"Lethiguel\" \/>\n<meta property=\"og:description\" content=\"Consultez le cas d&#039;\u00e9tude Wattmobil pour voir comment LETHIGUEL peut vous aider \u00e0 r\u00e9duire le temps d&#039;arr\u00eat de vos \u00e9quipements de moulage sous pression.\" \/>\n<meta property=\"og:url\" content=\"https:\/\/lethiguel.com\/fr\/wattmobil-case-study.html\" \/>\n<meta property=\"og:site_name\" content=\"Lethiguel Fran\u00e7ais\" \/>\n<meta property=\"article:modified_time\" content=\"2025-05-30T12:12:52+00:00\" \/>\n<meta name=\"twitter:card\" content=\"summary_large_image\" \/>\n<meta name=\"twitter:label1\" content=\"Dur\u00e9e de lecture estim\u00e9e\" \/>\n\t<meta name=\"twitter:data1\" content=\"2 minutes\" \/>\n<script type=\"application\/ld+json\" class=\"yoast-schema-graph\">{\"@context\":\"https:\\\/\\\/schema.org\",\"@graph\":[{\"@type\":\"WebPage\",\"@id\":\"https:\\\/\\\/lethiguel.com\\\/fr\\\/wattmobil-case-study.html\",\"url\":\"https:\\\/\\\/lethiguel.com\\\/fr\\\/wattmobil-case-study.html\",\"name\":\"Lethiguel\",\"isPartOf\":{\"@id\":\"https:\\\/\\\/lethiguel.com\\\/fr\\\/#website\"},\"datePublished\":\"2020-02-17T14:42:55+00:00\",\"dateModified\":\"2025-05-30T12:12:52+00:00\",\"description\":\"Consultez le cas d'\u00e9tude Wattmobil pour voir comment LETHIGUEL peut vous aider \u00e0 r\u00e9duire le temps d'arr\u00eat de vos \u00e9quipements de moulage sous pression.\",\"breadcrumb\":{\"@id\":\"https:\\\/\\\/lethiguel.com\\\/fr\\\/wattmobil-case-study.html#breadcrumb\"},\"inLanguage\":\"fr-FR\",\"potentialAction\":[{\"@type\":\"ReadAction\",\"target\":[\"https:\\\/\\\/lethiguel.com\\\/fr\\\/wattmobil-case-study.html\"]}]},{\"@type\":\"BreadcrumbList\",\"@id\":\"https:\\\/\\\/lethiguel.com\\\/fr\\\/wattmobil-case-study.html#breadcrumb\",\"itemListElement\":[{\"@type\":\"ListItem\",\"position\":1,\"name\":\"Accueil\",\"item\":\"https:\\\/\\\/lethiguel.com\\\/fr\\\/\"},{\"@type\":\"ListItem\",\"position\":2,\"name\":\"Cas d&rsquo;\u00e9tude WattMobil\"}]},{\"@type\":\"WebSite\",\"@id\":\"https:\\\/\\\/lethiguel.com\\\/fr\\\/#website\",\"url\":\"https:\\\/\\\/lethiguel.com\\\/fr\\\/\",\"name\":\"Lethiguel Fran\u00e7ais\",\"description\":\"Heating and cooling solutions\",\"potentialAction\":[{\"@type\":\"SearchAction\",\"target\":{\"@type\":\"EntryPoint\",\"urlTemplate\":\"https:\\\/\\\/lethiguel.com\\\/fr\\\/?s={search_term_string}\"},\"query-input\":{\"@type\":\"PropertyValueSpecification\",\"valueRequired\":true,\"valueName\":\"search_term_string\"}}],\"inLanguage\":\"fr-FR\"}]}<\/script>\n<!-- \/ Yoast SEO plugin. -->","yoast_head_json":{"title":"Lethiguel","description":"Consultez le cas d'\u00e9tude Wattmobil pour voir comment LETHIGUEL peut vous aider \u00e0 r\u00e9duire le temps d'arr\u00eat de vos \u00e9quipements de moulage sous pression.","robots":{"index":"index","follow":"follow","max-snippet":"max-snippet:-1","max-image-preview":"max-image-preview:large","max-video-preview":"max-video-preview:-1"},"canonical":"https:\/\/lethiguel.com\/fr\/wattmobil-case-study.html","og_locale":"fr_FR","og_type":"article","og_title":"Lethiguel","og_description":"Consultez le cas d'\u00e9tude Wattmobil pour voir comment LETHIGUEL peut vous aider \u00e0 r\u00e9duire le temps d'arr\u00eat de vos \u00e9quipements de moulage sous pression.","og_url":"https:\/\/lethiguel.com\/fr\/wattmobil-case-study.html","og_site_name":"Lethiguel Fran\u00e7ais","article_modified_time":"2025-05-30T12:12:52+00:00","twitter_card":"summary_large_image","twitter_misc":{"Dur\u00e9e de lecture estim\u00e9e":"2 minutes"},"schema":{"@context":"https:\/\/schema.org","@graph":[{"@type":"WebPage","@id":"https:\/\/lethiguel.com\/fr\/wattmobil-case-study.html","url":"https:\/\/lethiguel.com\/fr\/wattmobil-case-study.html","name":"Lethiguel","isPartOf":{"@id":"https:\/\/lethiguel.com\/fr\/#website"},"datePublished":"2020-02-17T14:42:55+00:00","dateModified":"2025-05-30T12:12:52+00:00","description":"Consultez le cas d'\u00e9tude Wattmobil pour voir comment LETHIGUEL peut vous aider \u00e0 r\u00e9duire le temps d'arr\u00eat de vos \u00e9quipements de moulage sous pression.","breadcrumb":{"@id":"https:\/\/lethiguel.com\/fr\/wattmobil-case-study.html#breadcrumb"},"inLanguage":"fr-FR","potentialAction":[{"@type":"ReadAction","target":["https:\/\/lethiguel.com\/fr\/wattmobil-case-study.html"]}]},{"@type":"BreadcrumbList","@id":"https:\/\/lethiguel.com\/fr\/wattmobil-case-study.html#breadcrumb","itemListElement":[{"@type":"ListItem","position":1,"name":"Accueil","item":"https:\/\/lethiguel.com\/fr\/"},{"@type":"ListItem","position":2,"name":"Cas d&rsquo;\u00e9tude WattMobil"}]},{"@type":"WebSite","@id":"https:\/\/lethiguel.com\/fr\/#website","url":"https:\/\/lethiguel.com\/fr\/","name":"Lethiguel Fran\u00e7ais","description":"Heating and cooling solutions","potentialAction":[{"@type":"SearchAction","target":{"@type":"EntryPoint","urlTemplate":"https:\/\/lethiguel.com\/fr\/?s={search_term_string}"},"query-input":{"@type":"PropertyValueSpecification","valueRequired":true,"valueName":"search_term_string"}}],"inLanguage":"fr-FR"}]}},"_links":{"self":[{"href":"https:\/\/lethiguel.com\/fr\/wp-json\/wp\/v2\/pages\/1036","targetHints":{"allow":["GET"]}}],"collection":[{"href":"https:\/\/lethiguel.com\/fr\/wp-json\/wp\/v2\/pages"}],"about":[{"href":"https:\/\/lethiguel.com\/fr\/wp-json\/wp\/v2\/types\/page"}],"author":[{"embeddable":true,"href":"https:\/\/lethiguel.com\/fr\/wp-json\/wp\/v2\/users\/2"}],"replies":[{"embeddable":true,"href":"https:\/\/lethiguel.com\/fr\/wp-json\/wp\/v2\/comments?post=1036"}],"version-history":[{"count":73,"href":"https:\/\/lethiguel.com\/fr\/wp-json\/wp\/v2\/pages\/1036\/revisions"}],"predecessor-version":[{"id":2182,"href":"https:\/\/lethiguel.com\/fr\/wp-json\/wp\/v2\/pages\/1036\/revisions\/2182"}],"wp:attachment":[{"href":"https:\/\/lethiguel.com\/fr\/wp-json\/wp\/v2\/media?parent=1036"}],"curies":[{"name":"wp","href":"https:\/\/api.w.org\/{rel}","templated":true}]}}