{"id":1624,"date":"2020-02-20T15:18:12","date_gmt":"2020-02-20T14:18:12","guid":{"rendered":"https:\/\/lethiguel.com\/fr\/?page_id=1624"},"modified":"2025-05-30T14:11:33","modified_gmt":"2025-05-30T12:11:33","slug":"l-type-thermoplongeur-case-study","status":"publish","type":"page","link":"https:\/\/lethiguel.com\/fr\/l-type-thermoplongeur-case-study.html","title":{"rendered":"Cas d&rsquo;\u00e9tude L type thermoplongeur"},"content":{"rendered":"<section class=\"wpb-content-wrapper\"><p>[vc_row][vc_column]<div class=\"dt-fancy-separator\" style=\"width: 100%;\"><div class=\"dt-fancy-title\"><span class=\"separator-holder separator-left\"><\/span>Une \u00e9tude de cas dans une industrie de la coul\u00e9e gravit\u00e9 <span class=\"separator-holder separator-right\"><\/span><\/div><\/div>[vc_column_text css=\u00a0\u00bb.vc_custom_1612880470279{padding-top: 30px !important;}\u00a0\u00bb]<\/p>\n<p style=\"text-align: center;\">Une fonderie nous a contact\u00e9 pour un probl\u00e8me qu&rsquo;ils rencontrent. La temp\u00e9rature chute dans la goulotte de la coul\u00e9e par gravit\u00e9. La temp\u00e9rature est basse dans la goulotte entre le premier et le deuxi\u00e8me des fours de maintien.<\/p>\n<p>[\/vc_column_text][vc_row_inner][vc_column_inner][vc_column_text]<\/p>\n<h3 style=\"text-align: center;\">Probl\u00e8mes rencontr\u00e9<\/h3>\n<p style=\"text-align: center;\">Haute consomption d&rsquo;energy<\/p>\n<p style=\"text-align: center;\">Productivit\u00e9 faible<\/p>\n<p style=\"text-align: center;\">Faible qualit\u00e9 d\u2019aluminium<\/p>\n<p>[\/vc_column_text][\/vc_column_inner][\/vc_row_inner][vc_single_image image=\u00a0\u00bb1962&Prime; img_size=\u00a0\u00bbfull\u00a0\u00bb alignment=\u00a0\u00bbcenter\u00a0\u00bb style=\u00a0\u00bbvc_box_border\u00a0\u00bb][vc_single_image image=\u00a0\u00bb1633&Prime; img_size=\u00a0\u00bbfull\u00a0\u00bb alignment=\u00a0\u00bbcenter\u00a0\u00bb][vc_separator el_width=\u00a0\u00bb80&Prime;][\/vc_column][\/vc_row][vc_row][vc_column][vc_column_text]<\/p>\n<h3 style=\"text-align: center;\">Sp\u00e9cifications de la goulotte initiale :<\/h3>\n<p style=\"text-align: center;\">Un syst\u00e8me de chauffage de toit<\/p>\n<p style=\"text-align: center;\">32 kW radiation<\/p>\n<p style=\"text-align: center;\">Couvercles ferm\u00e9s<\/p>\n<p>[\/vc_column_text][vc_single_image image=\u00a0\u00bb1963&Prime; img_size=\u00a0\u00bbfull\u00a0\u00bb alignment=\u00a0\u00bbcenter\u00a0\u00bb style=\u00a0\u00bbvc_box_border\u00a0\u00bb css=\u00a0\u00bb.vc_custom_1612880717572{padding-bottom: 30px !important;}\u00a0\u00bb][vc_separator el_width=\u00a0\u00bb80&Prime;][vc_row_inner][vc_column_inner][vc_column_text]<\/p>\n<h3 style=\"text-align: center;\">Les d\u00e9fis pour la temp\u00e9rature de l&rsquo;aluminium dans la goulotte :<\/h3>\n<p style=\"text-align: center;\">La temp\u00e9rature d&rsquo;aluminium dans la goulotte: <strong>611\u00b0C<\/strong><\/p>\n<p style=\"text-align: center;\">Le syst\u00e8me de chauffage de toit n&rsquo;\u00e9tait pas capable de maintenir ou augmenter la temp\u00e9rature d&rsquo;aluminium souhait\u00e9e (de 735\u00b0C up to 780\u00b0C).<\/p>\n<p style=\"text-align: center;\">L&rsquo;aluminium doit rester plus longtemps dans la deuxi\u00e8me fonderie pour atteindre la bonne temp\u00e9rature afin de couler des pi\u00e8ces.<\/p>\n<p>[\/vc_column_text][vc_single_image image=\u00a0\u00bb1964&Prime; img_size=\u00a0\u00bbfull\u00a0\u00bb alignment=\u00a0\u00bbcenter\u00a0\u00bb style=\u00a0\u00bbvc_box_border\u00a0\u00bb css=\u00a0\u00bb.vc_custom_1612883559022{padding-bottom: 30px !important;}\u00a0\u00bb][\/vc_column_inner][\/vc_row_inner][vc_separator el_width=\u00a0\u00bb80&Prime;][\/vc_column][\/vc_row][vc_row][vc_column][vc_column_text]<\/p>\n<h3 style=\"text-align: center;\">Nos solutions :<\/h3>\n<p style=\"text-align: center;\">2 <a href=\"https:\/\/lethiguel.com\/fr\/thermoplongeur-type-l.html\">Thermoplongeurs de type L<\/a> \u00e0 8kW chacun<\/p>\n<p style=\"text-align: center;\">Nouveau couvert<\/p>\n<p style=\"text-align: center;\">Une armoire \u00e9lectrique pour r\u00e9gulariser le thermoplongeur type L<\/p>\n<p>[\/vc_column_text][vc_single_image image=\u00a0\u00bb1632&Prime; img_size=\u00a0\u00bbfull\u00a0\u00bb alignment=\u00a0\u00bbcenter\u00a0\u00bb style=\u00a0\u00bbvc_box_border\u00a0\u00bb][vc_single_image image=\u00a0\u00bb1631&Prime; img_size=\u00a0\u00bbfull\u00a0\u00bb alignment=\u00a0\u00bbcenter\u00a0\u00bb style=\u00a0\u00bbvc_box_border\u00a0\u00bb][vc_separator el_width=\u00a0\u00bb80&Prime;][vc_column_text]<\/p>\n<h3 style=\"text-align: center;\">R\u00e9sultats :<\/h3>\n<p style=\"text-align: center;\">Avec 2 thermoplongeurs type L x 16kW, nous pouvons atteindre la bonne temp\u00e9rature.<\/p>\n<p>[\/vc_column_text][\/vc_column][\/vc_row][vc_row][vc_column][vc_text_separator title=\u00a0\u00bbYou might be interested\u00a0\u00bb][\/vc_column][\/vc_row]<\/p>\n<\/section>","protected":false},"excerpt":{"rendered":"<p>[vc_row][vc_column][vc_column_text css=\u00a0\u00bb.vc_custom_1612880470279{padding-top: 30px !important;}\u00a0\u00bb] Une fonderie nous a contact\u00e9 pour un probl\u00e8me qu&rsquo;ils rencontrent. La temp\u00e9rature chute dans la goulotte de la coul\u00e9e par gravit\u00e9. La temp\u00e9rature est basse dans la goulotte entre le premier et le deuxi\u00e8me des fours de maintien. [\/vc_column_text][vc_row_inner][vc_column_inner][vc_column_text] Probl\u00e8mes rencontr\u00e9 Haute consomption d&rsquo;energy Productivit\u00e9 faible Faible qualit\u00e9 d\u2019aluminium [\/vc_column_text][\/vc_column_inner][\/vc_row_inner][vc_single_image image=\u00a0\u00bb1962&Prime;&hellip;<\/p>\n","protected":false},"author":2,"featured_media":0,"parent":0,"menu_order":0,"comment_status":"closed","ping_status":"closed","template":"","meta":{"footnotes":""},"class_list":["post-1624","page","type-page","status-publish","hentry","description-off"],"yoast_head":"<!-- This site is optimized with the Yoast SEO plugin v27.4 - https:\/\/yoast.com\/product\/yoast-seo-wordpress\/ -->\n<title>Lethiguel<\/title>\n<meta name=\"description\" content=\"LETHIGUEL fabrique des thermoplongeurs pour fonderie d&#039;aluminium. Consultez notre site pour en savoir plus.\" \/>\n<meta name=\"robots\" content=\"index, follow, max-snippet:-1, max-image-preview:large, max-video-preview:-1\" \/>\n<link rel=\"canonical\" href=\"https:\/\/lethiguel.com\/fr\/l-type-thermoplongeur-case-study.html\" \/>\n<meta property=\"og:locale\" content=\"fr_FR\" \/>\n<meta property=\"og:type\" content=\"article\" \/>\n<meta property=\"og:title\" content=\"Lethiguel\" \/>\n<meta property=\"og:description\" content=\"LETHIGUEL fabrique des thermoplongeurs pour fonderie d&#039;aluminium. Consultez notre site pour en savoir plus.\" \/>\n<meta property=\"og:url\" content=\"https:\/\/lethiguel.com\/fr\/l-type-thermoplongeur-case-study.html\" \/>\n<meta property=\"og:site_name\" content=\"Lethiguel Fran\u00e7ais\" \/>\n<meta property=\"article:modified_time\" content=\"2025-05-30T12:11:33+00:00\" \/>\n<meta name=\"twitter:card\" content=\"summary_large_image\" \/>\n<meta name=\"twitter:label1\" content=\"Dur\u00e9e de lecture estim\u00e9e\" \/>\n\t<meta name=\"twitter:data1\" content=\"2 minutes\" \/>\n<script type=\"application\/ld+json\" class=\"yoast-schema-graph\">{\"@context\":\"https:\\\/\\\/schema.org\",\"@graph\":[{\"@type\":\"WebPage\",\"@id\":\"https:\\\/\\\/lethiguel.com\\\/fr\\\/l-type-thermoplongeur-case-study.html\",\"url\":\"https:\\\/\\\/lethiguel.com\\\/fr\\\/l-type-thermoplongeur-case-study.html\",\"name\":\"Lethiguel\",\"isPartOf\":{\"@id\":\"https:\\\/\\\/lethiguel.com\\\/fr\\\/#website\"},\"datePublished\":\"2020-02-20T14:18:12+00:00\",\"dateModified\":\"2025-05-30T12:11:33+00:00\",\"description\":\"LETHIGUEL fabrique des thermoplongeurs pour fonderie d'aluminium. Consultez notre site pour en savoir plus.\",\"breadcrumb\":{\"@id\":\"https:\\\/\\\/lethiguel.com\\\/fr\\\/l-type-thermoplongeur-case-study.html#breadcrumb\"},\"inLanguage\":\"fr-FR\",\"potentialAction\":[{\"@type\":\"ReadAction\",\"target\":[\"https:\\\/\\\/lethiguel.com\\\/fr\\\/l-type-thermoplongeur-case-study.html\"]}]},{\"@type\":\"BreadcrumbList\",\"@id\":\"https:\\\/\\\/lethiguel.com\\\/fr\\\/l-type-thermoplongeur-case-study.html#breadcrumb\",\"itemListElement\":[{\"@type\":\"ListItem\",\"position\":1,\"name\":\"Accueil\",\"item\":\"https:\\\/\\\/lethiguel.com\\\/fr\\\/\"},{\"@type\":\"ListItem\",\"position\":2,\"name\":\"Cas d&rsquo;\u00e9tude L type thermoplongeur\"}]},{\"@type\":\"WebSite\",\"@id\":\"https:\\\/\\\/lethiguel.com\\\/fr\\\/#website\",\"url\":\"https:\\\/\\\/lethiguel.com\\\/fr\\\/\",\"name\":\"Lethiguel Fran\u00e7ais\",\"description\":\"Heating and cooling solutions\",\"potentialAction\":[{\"@type\":\"SearchAction\",\"target\":{\"@type\":\"EntryPoint\",\"urlTemplate\":\"https:\\\/\\\/lethiguel.com\\\/fr\\\/?s={search_term_string}\"},\"query-input\":{\"@type\":\"PropertyValueSpecification\",\"valueRequired\":true,\"valueName\":\"search_term_string\"}}],\"inLanguage\":\"fr-FR\"}]}<\/script>\n<!-- \/ Yoast SEO plugin. -->","yoast_head_json":{"title":"Lethiguel","description":"LETHIGUEL fabrique des thermoplongeurs pour fonderie d'aluminium. Consultez notre site pour en savoir plus.","robots":{"index":"index","follow":"follow","max-snippet":"max-snippet:-1","max-image-preview":"max-image-preview:large","max-video-preview":"max-video-preview:-1"},"canonical":"https:\/\/lethiguel.com\/fr\/l-type-thermoplongeur-case-study.html","og_locale":"fr_FR","og_type":"article","og_title":"Lethiguel","og_description":"LETHIGUEL fabrique des thermoplongeurs pour fonderie d'aluminium. Consultez notre site pour en savoir plus.","og_url":"https:\/\/lethiguel.com\/fr\/l-type-thermoplongeur-case-study.html","og_site_name":"Lethiguel Fran\u00e7ais","article_modified_time":"2025-05-30T12:11:33+00:00","twitter_card":"summary_large_image","twitter_misc":{"Dur\u00e9e de lecture estim\u00e9e":"2 minutes"},"schema":{"@context":"https:\/\/schema.org","@graph":[{"@type":"WebPage","@id":"https:\/\/lethiguel.com\/fr\/l-type-thermoplongeur-case-study.html","url":"https:\/\/lethiguel.com\/fr\/l-type-thermoplongeur-case-study.html","name":"Lethiguel","isPartOf":{"@id":"https:\/\/lethiguel.com\/fr\/#website"},"datePublished":"2020-02-20T14:18:12+00:00","dateModified":"2025-05-30T12:11:33+00:00","description":"LETHIGUEL fabrique des thermoplongeurs pour fonderie d'aluminium. Consultez notre site pour en savoir plus.","breadcrumb":{"@id":"https:\/\/lethiguel.com\/fr\/l-type-thermoplongeur-case-study.html#breadcrumb"},"inLanguage":"fr-FR","potentialAction":[{"@type":"ReadAction","target":["https:\/\/lethiguel.com\/fr\/l-type-thermoplongeur-case-study.html"]}]},{"@type":"BreadcrumbList","@id":"https:\/\/lethiguel.com\/fr\/l-type-thermoplongeur-case-study.html#breadcrumb","itemListElement":[{"@type":"ListItem","position":1,"name":"Accueil","item":"https:\/\/lethiguel.com\/fr\/"},{"@type":"ListItem","position":2,"name":"Cas d&rsquo;\u00e9tude L type thermoplongeur"}]},{"@type":"WebSite","@id":"https:\/\/lethiguel.com\/fr\/#website","url":"https:\/\/lethiguel.com\/fr\/","name":"Lethiguel Fran\u00e7ais","description":"Heating and cooling solutions","potentialAction":[{"@type":"SearchAction","target":{"@type":"EntryPoint","urlTemplate":"https:\/\/lethiguel.com\/fr\/?s={search_term_string}"},"query-input":{"@type":"PropertyValueSpecification","valueRequired":true,"valueName":"search_term_string"}}],"inLanguage":"fr-FR"}]}},"_links":{"self":[{"href":"https:\/\/lethiguel.com\/fr\/wp-json\/wp\/v2\/pages\/1624","targetHints":{"allow":["GET"]}}],"collection":[{"href":"https:\/\/lethiguel.com\/fr\/wp-json\/wp\/v2\/pages"}],"about":[{"href":"https:\/\/lethiguel.com\/fr\/wp-json\/wp\/v2\/types\/page"}],"author":[{"embeddable":true,"href":"https:\/\/lethiguel.com\/fr\/wp-json\/wp\/v2\/users\/2"}],"replies":[{"embeddable":true,"href":"https:\/\/lethiguel.com\/fr\/wp-json\/wp\/v2\/comments?post=1624"}],"version-history":[{"count":8,"href":"https:\/\/lethiguel.com\/fr\/wp-json\/wp\/v2\/pages\/1624\/revisions"}],"predecessor-version":[{"id":2181,"href":"https:\/\/lethiguel.com\/fr\/wp-json\/wp\/v2\/pages\/1624\/revisions\/2181"}],"wp:attachment":[{"href":"https:\/\/lethiguel.com\/fr\/wp-json\/wp\/v2\/media?parent=1624"}],"curies":[{"name":"wp","href":"https:\/\/api.w.org\/{rel}","templated":true}]}}