{"id":1704,"date":"2020-07-17T11:03:32","date_gmt":"2020-07-17T09:03:32","guid":{"rendered":"https:\/\/lethiguel.com\/fr\/?page_id=1704"},"modified":"2025-05-30T14:08:56","modified_gmt":"2025-05-30T12:08:56","slug":"cas-detude-four-de-maintien","status":"publish","type":"page","link":"https:\/\/lethiguel.com\/fr\/cas-detude-four-de-maintien.html","title":{"rendered":"Cas d&rsquo;\u00e9tude Four de maintien"},"content":{"rendered":"<section class=\"wpb-content-wrapper\"><p>[vc_row][vc_column]<div class=\"dt-fancy-separator\" style=\"width: 100%;\"><div class=\"dt-fancy-title\"><span class=\"separator-holder separator-left\"><\/span>Un cas d&#039;\u00e9tude de four de maintien en temp\u00e9rature dans le march\u00e9 HPDC<span class=\"separator-holder separator-right\"><\/span><\/div><\/div>[vc_column_text css_animation=\u00a0\u00bbfadeInLeft\u00a0\u00bb css=\u00a0\u00bb.vc_custom_1612873786978{padding-top: 20px !important;}\u00a0\u00bb]<\/p>\n<p style=\"text-align: center;\">Un d\u00e9veloppement et \u00e9tude d&rsquo;un four de maintien en temp\u00e9rature bas\u00e9 sur des sp\u00e9cifications techniques<\/p>\n<p>[\/vc_column_text][vc_single_image image=\u00a0\u00bb1691&Prime; img_size=\u00a0\u00bb600&#215;300&Prime; alignment=\u00a0\u00bbcenter\u00a0\u00bb css_animation=\u00a0\u00bbfadeInLeft\u00a0\u00bb][vc_column_text css_animation=\u00a0\u00bbfadeInRight\u00a0\u00bb]<\/p>\n<h3 style=\"text-align: center;\">Sp\u00e9cifications techniques :<\/h3>\n<p style=\"text-align: center;\">Pi\u00e8ces moul\u00e9es : 25kg<\/p>\n<p style=\"text-align: center;\">Syst\u00e8me d&rsquo;immersion : 35kg louche<\/p>\n<p style=\"text-align: center;\">Syst\u00e8me de remplissage : 600kg louches de transfert<\/p>\n<p style=\"text-align: center;\">Capacit\u00e9 de maintien : 3000kg<\/p>\n<p style=\"text-align: center;\">Max M\u00e9tal T\u00b0C : 700\u00b0C<\/p>\n<p style=\"text-align: center;\">Chauffe T\u00b0C : entre 650\u00b0C et 680\u00b0C<\/p>\n<p style=\"text-align: center;\">Niveau d&rsquo;immersion r\u00e9glable<\/p>\n<p>[\/vc_column_text][vc_separator][vc_column_text css_animation=\u00a0\u00bbfadeInLeft\u00a0\u00bb]<\/p>\n<h3 style=\"text-align: center;\">Les d\u00e9fis :<\/h3>\n<p style=\"text-align: center;\">Communication facile avec d&rsquo;autres \u00e9quipements<\/p>\n<p style=\"text-align: center;\">Communication facile avec les op\u00e9rateurs<\/p>\n<p style=\"text-align: center;\">Nettoyage facile du bain et de l&rsquo;ensemble du four, sans d\u00e9monter le syst\u00e8me de chauffage<\/p>\n<p style=\"text-align: center;\">R\u00e9gulation T \u00b0 C +\/- 2 \u00b0 C<\/p>\n<p style=\"text-align: center;\">Haute qualit\u00e9 en aluminium<\/p>\n<p style=\"text-align: center;\">Faible consommation \u00e9lectrique<\/p>\n<p>[\/vc_column_text][vc_single_image image=\u00a0\u00bb894&Prime; img_size=\u00a0\u00bb600&#215;300&Prime; alignment=\u00a0\u00bbcenter\u00a0\u00bb css_animation=\u00a0\u00bbfadeInUp\u00a0\u00bb][vc_separator][\/vc_column][\/vc_row][vc_row][vc_column][vc_column_text css_animation=\u00a0\u00bbfadeInLeft\u00a0\u00bb]<\/p>\n<h3 style=\"text-align: center;\">Nos solutions de maintien de temp\u00e9rature :<\/h3>\n<p style=\"text-align: center;\">Lethiguel, LH3000 \u2013 <a href=\"https:\/\/lethiguel.com\/fr\/four-maintien-temperature-aluminium-al-clean.html\">Four de maintien<\/a><\/p>\n<p style=\"text-align: center;\">Capacit\u00e9 : 3000kg<\/p>\n<p style=\"text-align: center;\">Capacit\u00e9 de travail : 1300kg<\/p>\n<p style=\"text-align: center;\">Syst\u00e8me chauffage : 3x15kW <a href=\"https:\/\/lethiguel.com\/fr\/thermoplongeur-thermal-power.html\">Thermoplongeurs TP<\/a><\/p>\n<p style=\"text-align: center;\">Syst\u00e8me r\u00e9gulation : SIEMENS PLC S7-1500, PID \/ PFC boucle de r\u00e9gulation<\/p>\n<p style=\"text-align: center;\">HMI : SIEMENS TP 12\u2019\u2019<\/p>\n<p style=\"text-align: center;\">\u00c9clairage de tour pour le niveau d&rsquo;aluminium + l&rsquo;\u00e9tat du processus<\/p>\n<p style=\"text-align: center;\">Pieds r\u00e9glables<\/p>\n<p>[\/vc_column_text][vc_row_inner][vc_column_inner width=\u00a0\u00bb1\/3&Prime;][vc_single_image image=\u00a0\u00bb1708&Prime; img_size=\u00a0\u00bb400&#215;300&Prime; alignment=\u00a0\u00bbcenter\u00a0\u00bb css_animation=\u00a0\u00bbfadeInUp\u00a0\u00bb][\/vc_column_inner][vc_column_inner width=\u00a0\u00bb1\/3&Prime;][vc_single_image image=\u00a0\u00bb1706&Prime; img_size=\u00a0\u00bb400&#215;300&Prime; alignment=\u00a0\u00bbcenter\u00a0\u00bb css_animation=\u00a0\u00bbfadeInUp\u00a0\u00bb][\/vc_column_inner][vc_column_inner width=\u00a0\u00bb1\/3&Prime;][vc_single_image image=\u00a0\u00bb1707&Prime; img_size=\u00a0\u00bb400&#215;300&Prime; alignment=\u00a0\u00bbcenter\u00a0\u00bb css_animation=\u00a0\u00bbfadeInUp\u00a0\u00bb][\/vc_column_inner][\/vc_row_inner][vc_separator][vc_column_text css_animation=\u00a0\u00bbfadeInLeft\u00a0\u00bb]<\/p>\n<h3 style=\"text-align: center;\">R\u00e9sultat :<\/h3>\n<p>[\/vc_column_text][vc_single_image image=\u00a0\u00bb1710&Prime; img_size=\u00a0\u00bbfull\u00a0\u00bb alignment=\u00a0\u00bbcenter\u00a0\u00bb css_animation=\u00a0\u00bbfadeInLeft\u00a0\u00bb css=\u00a0\u00bb.vc_custom_1594976521598{padding-top: -20px !important;}\u00a0\u00bb][vc_single_image image=\u00a0\u00bb1711&Prime; img_size=\u00a0\u00bbfull\u00a0\u00bb alignment=\u00a0\u00bbcenter\u00a0\u00bb css_animation=\u00a0\u00bbfadeInLeft\u00a0\u00bb][vc_column_text css_animation=\u00a0\u00bbfadeInRight\u00a0\u00bb]<\/p>\n<p style=\"text-align: center;\">La variation moyenne est d&rsquo;environ 0,54 \u00b0 C et de petites variations (jusqu&rsquo;\u00e0 6 \u00b0 C) se produisent lors du remplissage du four. Pour \u00e9viter cette variation, il est fortement recommand\u00e9 de remplir le four avec de l&rsquo;aluminium \u00e0 la m\u00eame temp\u00e9rature de maintien. L&rsquo;objectif de r\u00e9gulation est atteint avec notre syst\u00e8me.<\/p>\n<p style=\"text-align: center;\">Augmentation de la consommation d&rsquo;\u00e9nergie et de la temp\u00e9rature.<\/p>\n<p style=\"text-align: center;\">Le four consomme environ 18 kW pour maintenir une temp\u00e9rature de 680 \u00b0 C lorsqu&rsquo;il est plein. Les 27 kW suppl\u00e9mentaires install\u00e9s peuvent ensuite \u00eatre utilis\u00e9s pour augmenter la temp\u00e9rature \u00e0 25-30 \u00b0 C \/ h (3000 kg) ou 40 \u00b0 C \/ h (2100 kg).<\/p>\n<p>[\/vc_column_text][vc_single_image image=\u00a0\u00bb1712&Prime; img_size=\u00a0\u00bbfull\u00a0\u00bb alignment=\u00a0\u00bbcenter\u00a0\u00bb css_animation=\u00a0\u00bbfadeInLeft\u00a0\u00bb][vc_column_text css_animation=\u00a0\u00bbfadeInUp\u00a0\u00bb]<\/p>\n<p style=\"text-align: center;\">Un mode \u00ab\u00a0Eco\u00bb est install\u00e9 pour r\u00e9duire la consommation d&rsquo;\u00e9nergie lors de l&rsquo;arr\u00eat de la production. L&rsquo;\u00e9conomie d&rsquo;\u00e9nergie est d&rsquo;environ 150 kWh pour un arr\u00eat complet le week-end.<\/p>\n<p>[\/vc_column_text][\/vc_column][\/vc_row][vc_row][vc_column animation=\u00a0\u00bbfadeInUp\u00a0\u00bb]<div class=\"dt-fancy-separator\" style=\"width: 100%;\"><div class=\"dt-fancy-title\"><span class=\"separator-holder separator-left\"><\/span>Vous pourriez \u00eatre int\u00e9ress\u00e9<span class=\"separator-holder separator-right\"><\/span><\/div><\/div>[vc_empty_space][\/vc_column][\/vc_row]<\/p>\n<\/section>","protected":false},"excerpt":{"rendered":"<p>[vc_row][vc_column][vc_column_text css_animation=\u00a0\u00bbfadeInLeft\u00a0\u00bb css=\u00a0\u00bb.vc_custom_1612873786978{padding-top: 20px !important;}\u00a0\u00bb] Un d\u00e9veloppement et \u00e9tude d&rsquo;un four de maintien en temp\u00e9rature bas\u00e9 sur des sp\u00e9cifications techniques [\/vc_column_text][vc_single_image image=\u00a0\u00bb1691&Prime; img_size=\u00a0\u00bb600&#215;300&Prime; alignment=\u00a0\u00bbcenter\u00a0\u00bb css_animation=\u00a0\u00bbfadeInLeft\u00a0\u00bb][vc_column_text css_animation=\u00a0\u00bbfadeInRight\u00a0\u00bb] Sp\u00e9cifications techniques : Pi\u00e8ces moul\u00e9es : 25kg Syst\u00e8me d&rsquo;immersion : 35kg louche Syst\u00e8me de remplissage : 600kg louches de transfert Capacit\u00e9 de maintien : 3000kg Max M\u00e9tal T\u00b0C :&hellip;<\/p>\n","protected":false},"author":2,"featured_media":0,"parent":0,"menu_order":0,"comment_status":"closed","ping_status":"closed","template":"","meta":{"footnotes":""},"class_list":["post-1704","page","type-page","status-publish","hentry","description-off"],"yoast_head":"<!-- This site is optimized with the Yoast SEO plugin v27.4 - https:\/\/yoast.com\/product\/yoast-seo-wordpress\/ -->\n<title>Lethiguel<\/title>\n<meta name=\"description\" content=\"LETHIGUEL con\u00e7oit et fabrique des fours de maintien en temp\u00e9rature pour vos applications impliquant de l&#039;aluminium. Contactez-nous pour un devis.\" \/>\n<meta name=\"robots\" content=\"index, follow, max-snippet:-1, max-image-preview:large, max-video-preview:-1\" \/>\n<link rel=\"canonical\" href=\"https:\/\/lethiguel.com\/fr\/cas-detude-four-de-maintien.html\" \/>\n<meta property=\"og:locale\" content=\"fr_FR\" \/>\n<meta property=\"og:type\" content=\"article\" \/>\n<meta property=\"og:title\" content=\"Lethiguel\" \/>\n<meta property=\"og:description\" content=\"LETHIGUEL con\u00e7oit et fabrique des fours de maintien en temp\u00e9rature pour vos applications impliquant de l&#039;aluminium. Contactez-nous pour un devis.\" \/>\n<meta property=\"og:url\" content=\"https:\/\/lethiguel.com\/fr\/cas-detude-four-de-maintien.html\" \/>\n<meta property=\"og:site_name\" content=\"Lethiguel Fran\u00e7ais\" \/>\n<meta property=\"article:modified_time\" content=\"2025-05-30T12:08:56+00:00\" \/>\n<meta name=\"twitter:card\" content=\"summary_large_image\" \/>\n<meta name=\"twitter:label1\" content=\"Dur\u00e9e de lecture estim\u00e9e\" \/>\n\t<meta name=\"twitter:data1\" content=\"2 minutes\" \/>\n<script type=\"application\/ld+json\" class=\"yoast-schema-graph\">{\"@context\":\"https:\\\/\\\/schema.org\",\"@graph\":[{\"@type\":\"WebPage\",\"@id\":\"https:\\\/\\\/lethiguel.com\\\/fr\\\/cas-detude-four-de-maintien.html\",\"url\":\"https:\\\/\\\/lethiguel.com\\\/fr\\\/cas-detude-four-de-maintien.html\",\"name\":\"Lethiguel\",\"isPartOf\":{\"@id\":\"https:\\\/\\\/lethiguel.com\\\/fr\\\/#website\"},\"datePublished\":\"2020-07-17T09:03:32+00:00\",\"dateModified\":\"2025-05-30T12:08:56+00:00\",\"description\":\"LETHIGUEL con\u00e7oit et fabrique des fours de maintien en temp\u00e9rature pour vos applications impliquant de l'aluminium. Contactez-nous pour un devis.\",\"breadcrumb\":{\"@id\":\"https:\\\/\\\/lethiguel.com\\\/fr\\\/cas-detude-four-de-maintien.html#breadcrumb\"},\"inLanguage\":\"fr-FR\",\"potentialAction\":[{\"@type\":\"ReadAction\",\"target\":[\"https:\\\/\\\/lethiguel.com\\\/fr\\\/cas-detude-four-de-maintien.html\"]}]},{\"@type\":\"BreadcrumbList\",\"@id\":\"https:\\\/\\\/lethiguel.com\\\/fr\\\/cas-detude-four-de-maintien.html#breadcrumb\",\"itemListElement\":[{\"@type\":\"ListItem\",\"position\":1,\"name\":\"Accueil\",\"item\":\"https:\\\/\\\/lethiguel.com\\\/fr\\\/\"},{\"@type\":\"ListItem\",\"position\":2,\"name\":\"Cas d&rsquo;\u00e9tude Four de maintien\"}]},{\"@type\":\"WebSite\",\"@id\":\"https:\\\/\\\/lethiguel.com\\\/fr\\\/#website\",\"url\":\"https:\\\/\\\/lethiguel.com\\\/fr\\\/\",\"name\":\"Lethiguel Fran\u00e7ais\",\"description\":\"Heating and cooling solutions\",\"potentialAction\":[{\"@type\":\"SearchAction\",\"target\":{\"@type\":\"EntryPoint\",\"urlTemplate\":\"https:\\\/\\\/lethiguel.com\\\/fr\\\/?s={search_term_string}\"},\"query-input\":{\"@type\":\"PropertyValueSpecification\",\"valueRequired\":true,\"valueName\":\"search_term_string\"}}],\"inLanguage\":\"fr-FR\"}]}<\/script>\n<!-- \/ Yoast SEO plugin. -->","yoast_head_json":{"title":"Lethiguel","description":"LETHIGUEL con\u00e7oit et fabrique des fours de maintien en temp\u00e9rature pour vos applications impliquant de l'aluminium. Contactez-nous pour un devis.","robots":{"index":"index","follow":"follow","max-snippet":"max-snippet:-1","max-image-preview":"max-image-preview:large","max-video-preview":"max-video-preview:-1"},"canonical":"https:\/\/lethiguel.com\/fr\/cas-detude-four-de-maintien.html","og_locale":"fr_FR","og_type":"article","og_title":"Lethiguel","og_description":"LETHIGUEL con\u00e7oit et fabrique des fours de maintien en temp\u00e9rature pour vos applications impliquant de l'aluminium. Contactez-nous pour un devis.","og_url":"https:\/\/lethiguel.com\/fr\/cas-detude-four-de-maintien.html","og_site_name":"Lethiguel Fran\u00e7ais","article_modified_time":"2025-05-30T12:08:56+00:00","twitter_card":"summary_large_image","twitter_misc":{"Dur\u00e9e de lecture estim\u00e9e":"2 minutes"},"schema":{"@context":"https:\/\/schema.org","@graph":[{"@type":"WebPage","@id":"https:\/\/lethiguel.com\/fr\/cas-detude-four-de-maintien.html","url":"https:\/\/lethiguel.com\/fr\/cas-detude-four-de-maintien.html","name":"Lethiguel","isPartOf":{"@id":"https:\/\/lethiguel.com\/fr\/#website"},"datePublished":"2020-07-17T09:03:32+00:00","dateModified":"2025-05-30T12:08:56+00:00","description":"LETHIGUEL con\u00e7oit et fabrique des fours de maintien en temp\u00e9rature pour vos applications impliquant de l'aluminium. Contactez-nous pour un devis.","breadcrumb":{"@id":"https:\/\/lethiguel.com\/fr\/cas-detude-four-de-maintien.html#breadcrumb"},"inLanguage":"fr-FR","potentialAction":[{"@type":"ReadAction","target":["https:\/\/lethiguel.com\/fr\/cas-detude-four-de-maintien.html"]}]},{"@type":"BreadcrumbList","@id":"https:\/\/lethiguel.com\/fr\/cas-detude-four-de-maintien.html#breadcrumb","itemListElement":[{"@type":"ListItem","position":1,"name":"Accueil","item":"https:\/\/lethiguel.com\/fr\/"},{"@type":"ListItem","position":2,"name":"Cas d&rsquo;\u00e9tude Four de maintien"}]},{"@type":"WebSite","@id":"https:\/\/lethiguel.com\/fr\/#website","url":"https:\/\/lethiguel.com\/fr\/","name":"Lethiguel Fran\u00e7ais","description":"Heating and cooling solutions","potentialAction":[{"@type":"SearchAction","target":{"@type":"EntryPoint","urlTemplate":"https:\/\/lethiguel.com\/fr\/?s={search_term_string}"},"query-input":{"@type":"PropertyValueSpecification","valueRequired":true,"valueName":"search_term_string"}}],"inLanguage":"fr-FR"}]}},"_links":{"self":[{"href":"https:\/\/lethiguel.com\/fr\/wp-json\/wp\/v2\/pages\/1704","targetHints":{"allow":["GET"]}}],"collection":[{"href":"https:\/\/lethiguel.com\/fr\/wp-json\/wp\/v2\/pages"}],"about":[{"href":"https:\/\/lethiguel.com\/fr\/wp-json\/wp\/v2\/types\/page"}],"author":[{"embeddable":true,"href":"https:\/\/lethiguel.com\/fr\/wp-json\/wp\/v2\/users\/2"}],"replies":[{"embeddable":true,"href":"https:\/\/lethiguel.com\/fr\/wp-json\/wp\/v2\/comments?post=1704"}],"version-history":[{"count":10,"href":"https:\/\/lethiguel.com\/fr\/wp-json\/wp\/v2\/pages\/1704\/revisions"}],"predecessor-version":[{"id":2179,"href":"https:\/\/lethiguel.com\/fr\/wp-json\/wp\/v2\/pages\/1704\/revisions\/2179"}],"wp:attachment":[{"href":"https:\/\/lethiguel.com\/fr\/wp-json\/wp\/v2\/media?parent=1704"}],"curies":[{"name":"wp","href":"https:\/\/api.w.org\/{rel}","templated":true}]}}