{"id":1767,"date":"2020-07-21T10:44:59","date_gmt":"2020-07-21T08:44:59","guid":{"rendered":"https:\/\/lethiguel.com\/fr\/?page_id=1767"},"modified":"2025-05-30T14:33:25","modified_gmt":"2025-05-30T12:33:25","slug":"primaire","status":"publish","type":"page","link":"https:\/\/lethiguel.com\/fr\/primaire.html","title":{"rendered":"Primaire"},"content":{"rendered":"<section class=\"wpb-content-wrapper\"><p>[vc_row animation=\u00a0\u00bbfadeInLeft\u00a0\u00bb][vc_column width=\u00a0\u00bb1\/3&Prime;][vc_single_image image=\u00a0\u00bb1953&Prime; img_size=\u00a0\u00bb300&#215;300&Prime;][\/vc_column][vc_column width=\u00a0\u00bb1\/3&Prime;][vc_column_text]<\/p>\n<h4><b>WattMobil, Solution de maintien en temp\u00e9rature<\/b><\/h4>\n<p><strong>Optimiser <\/strong>:<\/p>\n<ul>\n<li>La maintenance de four<\/li>\n<li>Mont\u00e9e et surveillance de la temp\u00e9rature<\/li>\n<li>Panne de chauffe<\/li>\n<li>Temps de d\u00e9gazage<\/li>\n<li>Augmenter la performance du four<\/li>\n<\/ul>\n<p>[\/vc_column_text][\/vc_column][vc_column width=\u00a0\u00bb1\/3&Prime;][vc_btn title=\u00a0\u00bbCas d&rsquo;\u00e9tude\u00a0\u00bb align=\u00a0\u00bbcenter\u00a0\u00bb css=\u00a0\u00bb.vc_custom_1595252208578{margin-top: 120px !important;}\u00a0\u00bb link=\u00a0\u00bburl:https%3A%2F%2Flethiguel.com%2Ffr%2Fwattmobil-case-study.html|title:WattMobil%20case%20study||\u00a0\u00bb][\/vc_column][\/vc_row][vc_row][vc_column][vc_separator][\/vc_column][\/vc_row][vc_row animation=\u00a0\u00bbfadeInLeft\u00a0\u00bb][vc_column][vc_row_inner][vc_column_inner width=\u00a0\u00bb1\/3&Prime;][vc_single_image image=\u00a0\u00bb1955&Prime; img_size=\u00a0\u00bb300&#215;300&Prime;][\/vc_column_inner][vc_column_inner width=\u00a0\u00bb1\/3&Prime;][vc_column_text]<\/p>\n<h4>Al Clean, Four de maintien en t\u00e9mperature<\/h4>\n<p>Montage avec les\u00a0thermoplongeurs ThermalPower\u00ae de Lethiguel, Al Clean optimise la qualit\u00e9 de l\u2019aluminium.<\/p>\n<p><strong>Optimiser<\/strong>:<\/p>\n<ul>\n<li>Faible consommation d\u2019\u00e9nergie<\/li>\n<li>Four \u00e0 grande vitesse de chauffage<\/li>\n<li>Haute qualit\u00e9 de l\u2019aluminium<\/li>\n<li>D\u00e9gazage int\u00e9gr\u00e9 Surveillance avanc\u00e9e pour l\u2019entretien pr\u00e9ventif<\/li>\n<li>Entretien facile<\/li>\n<\/ul>\n<p>[\/vc_column_text][\/vc_column_inner][vc_column_inner width=\u00a0\u00bb1\/3&Prime;][vc_btn title=\u00a0\u00bbCas d&rsquo;\u00e9tude\u00a0\u00bb align=\u00a0\u00bbcenter\u00a0\u00bb css=\u00a0\u00bb.vc_custom_1595252520760{margin-top: 120px !important;}\u00a0\u00bb link=\u00a0\u00bburl:https%3A%2F%2Flethiguel.com%2Ffr%2Fcas-detude-four-de-maintien.html|title:Cas%20d%E2%80%99%C3%A9tude%20Four%20de%20maintien||\u00a0\u00bb][\/vc_column_inner][\/vc_row_inner][\/vc_column][\/vc_row][vc_row animation=\u00a0\u00bbfadeInLeft\u00a0\u00bb][vc_column][vc_separator][vc_row_inner][vc_column_inner width=\u00a0\u00bb1\/3&Prime;][vc_single_image image=\u00a0\u00bb1276&Prime; img_size=\u00a0\u00bb300&#215;300&Prime;][\/vc_column_inner][vc_column_inner width=\u00a0\u00bb1\/3&Prime;][vc_column_text]<\/p>\n<h4>Thermoplongeur de type L<\/h4>\n<p>Il est sp\u00e9cialement con\u00e7u pour les niveaux de bain peu profonds et dans les goulottes d\u2019aluminium.<\/p>\n<p><strong>Optimiser:<\/strong><\/p>\n<ul>\n<li>Maintenir la t\u00e9mperature d&rsquo;aluminum<\/li>\n<li>Faible consommation<\/li>\n<li>La qualit\u00e9 d&rsquo;aluminum<\/li>\n<\/ul>\n<p>[\/vc_column_text][\/vc_column_inner][vc_column_inner width=\u00a0\u00bb1\/3&Prime;][vc_btn title=\u00a0\u00bbCas d&rsquo;\u00e9tude\u00a0\u00bb align=\u00a0\u00bbcenter\u00a0\u00bb css=\u00a0\u00bb.vc_custom_1595252671109{margin-top: 120px !important;}\u00a0\u00bb link=\u00a0\u00bburl:https%3A%2F%2Flethiguel.com%2Ffr%2Fl-type-thermoplongeur-case-study.html|title:L%20type%20thermoplongeur%20case%20study||\u00a0\u00bb][\/vc_column_inner][\/vc_row_inner][\/vc_column][\/vc_row]<\/p>\n<\/section>","protected":false},"excerpt":{"rendered":"<p>[vc_row animation=\u00a0\u00bbfadeInLeft\u00a0\u00bb][vc_column width=\u00a0\u00bb1\/3&Prime;][vc_single_image image=\u00a0\u00bb1953&Prime; img_size=\u00a0\u00bb300&#215;300&Prime;][\/vc_column][vc_column width=\u00a0\u00bb1\/3&Prime;][vc_column_text] WattMobil, Solution de maintien en temp\u00e9rature Optimiser : La maintenance de four Mont\u00e9e et surveillance de la temp\u00e9rature Panne de chauffe Temps de d\u00e9gazage Augmenter la performance du four [\/vc_column_text][\/vc_column][vc_column width=\u00a0\u00bb1\/3&Prime;][vc_btn title=\u00a0\u00bbCas d&rsquo;\u00e9tude\u00a0\u00bb align=\u00a0\u00bbcenter\u00a0\u00bb css=\u00a0\u00bb.vc_custom_1595252208578{margin-top: 120px !important;}\u00a0\u00bb link=\u00a0\u00bburl:https%3A%2F%2Flethiguel.com%2Ffr%2Fwattmobil-case-study.html|title:WattMobil%20case%20study||\u00a0\u00bb][\/vc_column][\/vc_row][vc_row][vc_column][vc_separator][\/vc_column][\/vc_row][vc_row animation=\u00a0\u00bbfadeInLeft\u00a0\u00bb][vc_column][vc_row_inner][vc_column_inner width=\u00a0\u00bb1\/3&Prime;][vc_single_image image=\u00a0\u00bb1955&Prime; img_size=\u00a0\u00bb300&#215;300&Prime;][\/vc_column_inner][vc_column_inner width=\u00a0\u00bb1\/3&Prime;][vc_column_text] Al Clean, Four de maintien en&hellip;<\/p>\n","protected":false},"author":2,"featured_media":0,"parent":0,"menu_order":0,"comment_status":"closed","ping_status":"closed","template":"","meta":{"footnotes":""},"class_list":["post-1767","page","type-page","status-publish","hentry","description-off"],"yoast_head":"<!-- This site is optimized with the Yoast SEO plugin v27.4 - https:\/\/yoast.com\/product\/yoast-seo-wordpress\/ -->\n<title>Lethiguel<\/title>\n<meta name=\"description\" content=\"LETHIGUEL con\u00e7oit et fabrique des solutions de chauffage de l&#039;aluminium pour fonderie. Consultez notre site pour en savoir plus.\" \/>\n<meta name=\"robots\" content=\"index, follow, max-snippet:-1, max-image-preview:large, max-video-preview:-1\" \/>\n<link rel=\"canonical\" href=\"https:\/\/lethiguel.com\/fr\/primaire.html\" \/>\n<meta property=\"og:locale\" content=\"fr_FR\" \/>\n<meta property=\"og:type\" content=\"article\" \/>\n<meta property=\"og:title\" content=\"Lethiguel\" \/>\n<meta property=\"og:description\" content=\"LETHIGUEL con\u00e7oit et fabrique des solutions de chauffage de l&#039;aluminium pour fonderie. Consultez notre site pour en savoir plus.\" \/>\n<meta property=\"og:url\" content=\"https:\/\/lethiguel.com\/fr\/primaire.html\" \/>\n<meta property=\"og:site_name\" content=\"Lethiguel Fran\u00e7ais\" \/>\n<meta property=\"article:modified_time\" content=\"2025-05-30T12:33:25+00:00\" \/>\n<meta name=\"twitter:card\" content=\"summary_large_image\" \/>\n<meta name=\"twitter:label1\" content=\"Dur\u00e9e de lecture estim\u00e9e\" \/>\n\t<meta name=\"twitter:data1\" content=\"1 minute\" \/>\n<script type=\"application\/ld+json\" class=\"yoast-schema-graph\">{\"@context\":\"https:\\\/\\\/schema.org\",\"@graph\":[{\"@type\":\"WebPage\",\"@id\":\"https:\\\/\\\/lethiguel.com\\\/fr\\\/primaire.html\",\"url\":\"https:\\\/\\\/lethiguel.com\\\/fr\\\/primaire.html\",\"name\":\"Lethiguel\",\"isPartOf\":{\"@id\":\"https:\\\/\\\/lethiguel.com\\\/fr\\\/#website\"},\"datePublished\":\"2020-07-21T08:44:59+00:00\",\"dateModified\":\"2025-05-30T12:33:25+00:00\",\"description\":\"LETHIGUEL con\u00e7oit et fabrique des solutions de chauffage de l'aluminium pour fonderie. Consultez notre site pour en savoir plus.\",\"breadcrumb\":{\"@id\":\"https:\\\/\\\/lethiguel.com\\\/fr\\\/primaire.html#breadcrumb\"},\"inLanguage\":\"fr-FR\",\"potentialAction\":[{\"@type\":\"ReadAction\",\"target\":[\"https:\\\/\\\/lethiguel.com\\\/fr\\\/primaire.html\"]}]},{\"@type\":\"BreadcrumbList\",\"@id\":\"https:\\\/\\\/lethiguel.com\\\/fr\\\/primaire.html#breadcrumb\",\"itemListElement\":[{\"@type\":\"ListItem\",\"position\":1,\"name\":\"Accueil\",\"item\":\"https:\\\/\\\/lethiguel.com\\\/fr\\\/\"},{\"@type\":\"ListItem\",\"position\":2,\"name\":\"Primaire\"}]},{\"@type\":\"WebSite\",\"@id\":\"https:\\\/\\\/lethiguel.com\\\/fr\\\/#website\",\"url\":\"https:\\\/\\\/lethiguel.com\\\/fr\\\/\",\"name\":\"Lethiguel Fran\u00e7ais\",\"description\":\"Heating and cooling solutions\",\"potentialAction\":[{\"@type\":\"SearchAction\",\"target\":{\"@type\":\"EntryPoint\",\"urlTemplate\":\"https:\\\/\\\/lethiguel.com\\\/fr\\\/?s={search_term_string}\"},\"query-input\":{\"@type\":\"PropertyValueSpecification\",\"valueRequired\":true,\"valueName\":\"search_term_string\"}}],\"inLanguage\":\"fr-FR\"}]}<\/script>\n<!-- \/ Yoast SEO plugin. -->","yoast_head_json":{"title":"Lethiguel","description":"LETHIGUEL con\u00e7oit et fabrique des solutions de chauffage de l'aluminium pour fonderie. Consultez notre site pour en savoir plus.","robots":{"index":"index","follow":"follow","max-snippet":"max-snippet:-1","max-image-preview":"max-image-preview:large","max-video-preview":"max-video-preview:-1"},"canonical":"https:\/\/lethiguel.com\/fr\/primaire.html","og_locale":"fr_FR","og_type":"article","og_title":"Lethiguel","og_description":"LETHIGUEL con\u00e7oit et fabrique des solutions de chauffage de l'aluminium pour fonderie. Consultez notre site pour en savoir plus.","og_url":"https:\/\/lethiguel.com\/fr\/primaire.html","og_site_name":"Lethiguel Fran\u00e7ais","article_modified_time":"2025-05-30T12:33:25+00:00","twitter_card":"summary_large_image","twitter_misc":{"Dur\u00e9e de lecture estim\u00e9e":"1 minute"},"schema":{"@context":"https:\/\/schema.org","@graph":[{"@type":"WebPage","@id":"https:\/\/lethiguel.com\/fr\/primaire.html","url":"https:\/\/lethiguel.com\/fr\/primaire.html","name":"Lethiguel","isPartOf":{"@id":"https:\/\/lethiguel.com\/fr\/#website"},"datePublished":"2020-07-21T08:44:59+00:00","dateModified":"2025-05-30T12:33:25+00:00","description":"LETHIGUEL con\u00e7oit et fabrique des solutions de chauffage de l'aluminium pour fonderie. Consultez notre site pour en savoir plus.","breadcrumb":{"@id":"https:\/\/lethiguel.com\/fr\/primaire.html#breadcrumb"},"inLanguage":"fr-FR","potentialAction":[{"@type":"ReadAction","target":["https:\/\/lethiguel.com\/fr\/primaire.html"]}]},{"@type":"BreadcrumbList","@id":"https:\/\/lethiguel.com\/fr\/primaire.html#breadcrumb","itemListElement":[{"@type":"ListItem","position":1,"name":"Accueil","item":"https:\/\/lethiguel.com\/fr\/"},{"@type":"ListItem","position":2,"name":"Primaire"}]},{"@type":"WebSite","@id":"https:\/\/lethiguel.com\/fr\/#website","url":"https:\/\/lethiguel.com\/fr\/","name":"Lethiguel Fran\u00e7ais","description":"Heating and cooling solutions","potentialAction":[{"@type":"SearchAction","target":{"@type":"EntryPoint","urlTemplate":"https:\/\/lethiguel.com\/fr\/?s={search_term_string}"},"query-input":{"@type":"PropertyValueSpecification","valueRequired":true,"valueName":"search_term_string"}}],"inLanguage":"fr-FR"}]}},"_links":{"self":[{"href":"https:\/\/lethiguel.com\/fr\/wp-json\/wp\/v2\/pages\/1767","targetHints":{"allow":["GET"]}}],"collection":[{"href":"https:\/\/lethiguel.com\/fr\/wp-json\/wp\/v2\/pages"}],"about":[{"href":"https:\/\/lethiguel.com\/fr\/wp-json\/wp\/v2\/types\/page"}],"author":[{"embeddable":true,"href":"https:\/\/lethiguel.com\/fr\/wp-json\/wp\/v2\/users\/2"}],"replies":[{"embeddable":true,"href":"https:\/\/lethiguel.com\/fr\/wp-json\/wp\/v2\/comments?post=1767"}],"version-history":[{"count":5,"href":"https:\/\/lethiguel.com\/fr\/wp-json\/wp\/v2\/pages\/1767\/revisions"}],"predecessor-version":[{"id":2197,"href":"https:\/\/lethiguel.com\/fr\/wp-json\/wp\/v2\/pages\/1767\/revisions\/2197"}],"wp:attachment":[{"href":"https:\/\/lethiguel.com\/fr\/wp-json\/wp\/v2\/media?parent=1767"}],"curies":[{"name":"wp","href":"https:\/\/api.w.org\/{rel}","templated":true}]}}