{"id":180,"date":"2019-06-19T12:18:38","date_gmt":"2019-06-19T10:18:38","guid":{"rendered":"https:\/\/lethiguel.com\/fr\/?page_id=180"},"modified":"2025-05-30T14:41:12","modified_gmt":"2025-05-30T12:41:12","slug":"spotcool-evolution","status":"publish","type":"page","link":"https:\/\/lethiguel.com\/fr\/spotcool-evolution.html","title":{"rendered":"SpotCool Evolution"},"content":{"rendered":"<section class=\"wpb-content-wrapper\"><p>[vc_row type=\u00a0\u00bbvc_default\u00a0\u00bb content_placement=\u00a0\u00bbmiddle\u00a0\u00bb el_class=\u00a0\u00bbbloc-article\u00a0\u00bb][vc_column width=\u00a0\u00bb1\/3&Prime; el_class=\u00a0\u00bbtexteblanc bloc-text-bloc-article\u00a0\u00bb][vc_single_image image=\u00a0\u00bb1301&Prime; img_size=\u00a0\u00bbfull\u00a0\u00bb][vc_column_text css=\u00a0\u00bb.vc_custom_1575664934373{padding-top: 20px !important;padding-right: 20px !important;padding-bottom: 20px !important;padding-left: 20px !important;background-color: #313131 !important;}\u00a0\u00bb]<\/p>\n<h3 class=\"avantages\">Avantages de la solution de refroidissement pour coul\u00e9e sous pression SpotCool Evolution :<\/h3>\n<ul>\n<li>4 circuits<\/li>\n<li>48L\/min<\/li>\n<li>32 broches<\/li>\n<li>Taille de l&rsquo;\u00e9cran 9\u2033<\/li>\n<li>15 Points de mesure<\/li>\n<\/ul>\n<p>[\/vc_column_text][vc_column_text css=\u00a0\u00bb.vc_custom_1575664005973{margin-top: -40px !important;padding-top: 20px !important;padding-right: 20px !important;padding-bottom: 20px !important;padding-left: 20px !important;background-color: #009fe3 !important;}\u00a0\u00bb]SpotCool Evolution est la derni\u00e8re transformation du march\u00e9 et de la technologie pour les solutions thermiques de l&rsquo;industrie de la coul\u00e9e sous pression. Cette machine int\u00e8gre l&rsquo;essence m\u00eame de l&rsquo;innovation dans la communication M2M (machine-to-machine), avec transmission des donn\u00e9es DCM de huit points de mesure, y compris le d\u00e9bit et la pression pour chaque circuit, l&rsquo;air d&rsquo;alimentation et la pression d&rsquo;entr\u00e9e de la pompe HP, la conductivit\u00e9 de l&rsquo;eau, la pression \u00e0 l&rsquo;entr\u00e9e\/sortie des filtres. Gr\u00e2ce \u00e0 une analyse et \u00e0 des recherches approfondies, la transformation de la SpotCool Evolution en une machine r\u00e9volutionnaire pour la gestion de la productivit\u00e9 et l&rsquo;\u00e9quilibre de la qualit\u00e9 des\u00a0syst\u00e8mes de refroidissement de l&rsquo;industrie du moulage sous pression.<\/p>\n<p><strong>SpotCool Evolution : La r\u00e9volutionnaire !<\/strong>[\/vc_column_text][\/vc_column][vc_column width=\u00a0\u00bb2\/3&Prime; animation=\u00a0\u00bbfadeInRight\u00a0\u00bb el_class=\u00a0\u00bbbloc-img-bloc-article\u00a0\u00bb][vc_single_image image=\u00a0\u00bb1671&Prime; img_size=\u00a0\u00bbfull\u00a0\u00bb alignment=\u00a0\u00bbcenter\u00a0\u00bb css=\u00a0\u00bb.vc_custom_1593433588112{margin-top: 50px !important;}\u00a0\u00bb][\/vc_column][\/vc_row][vc_row][vc_column][vc_single_image image=\u00a0\u00bb913&Prime; img_size=\u00a0\u00bblarge\u00a0\u00bb css_animation=\u00a0\u00bbfadeInLeft\u00a0\u00bb css=\u00a0\u00bb.vc_custom_1595512023511{margin-top: -100px !important;}\u00a0\u00bb][\/vc_column][\/vc_row][vc_row type=\u00a0\u00bbvc_default\u00a0\u00bb gap=\u00a0\u00bb10&Prime; css=\u00a0\u00bb.vc_custom_1560947205923{margin-top: 30px !important;}\u00a0\u00bb][vc_column width=\u00a0\u00bb1\/2&Prime; animation=\u00a0\u00bbfadeInLeft\u00a0\u00bb el_class=\u00a0\u00bbsimilar\u00a0\u00bb][vc_column_text]<\/p>\n<h3>Produits similaires<\/h3>\n<p>[\/vc_column_text][vc_separator color=\u00a0\u00bbcustom\u00a0\u00bb accent_color=\u00a0\u00bb#474747&Prime; css=\u00a0\u00bb.vc_custom_1560947192642{margin-top: -15px !important;}\u00a0\u00bb][\/vc_column][vc_column width=\u00a0\u00bb1\/2&Prime; animation=\u00a0\u00bbfadeInRight\u00a0\u00bb el_class=\u00a0\u00bbaccess\u00a0\u00bb][vc_column_text]<\/p>\n<h3>Accessoires<\/h3>\n<p>[\/vc_column_text][vc_separator color=\u00a0\u00bbcustom\u00a0\u00bb accent_color=\u00a0\u00bb#474747&Prime; css=\u00a0\u00bb.vc_custom_1560947192642{margin-top: -15px !important;}\u00a0\u00bb][\/vc_column][\/vc_row][vc_row][vc_column][vc_btn title=\u00a0\u00bbContactez nous\u00a0\u00bb style=\u00a0\u00bbcustom\u00a0\u00bb custom_background=\u00a0\u00bb#009fe3&Prime; custom_text=\u00a0\u00bb#ffffff\u00a0\u00bb size=\u00a0\u00bblg\u00a0\u00bb align=\u00a0\u00bbcenter\u00a0\u00bb link=\u00a0\u00bburl:https%3A%2F%2Flethiguel.com\/fr%2Fcontact.html|title:Contact||\u00a0\u00bb][\/vc_column][\/vc_row]<\/p>\n<\/section>","protected":false},"excerpt":{"rendered":"<p>[vc_row type=\u00a0\u00bbvc_default\u00a0\u00bb content_placement=\u00a0\u00bbmiddle\u00a0\u00bb el_class=\u00a0\u00bbbloc-article\u00a0\u00bb][vc_column width=\u00a0\u00bb1\/3&Prime; el_class=\u00a0\u00bbtexteblanc bloc-text-bloc-article\u00a0\u00bb][vc_single_image image=\u00a0\u00bb1301&Prime; img_size=\u00a0\u00bbfull\u00a0\u00bb][vc_column_text css=\u00a0\u00bb.vc_custom_1575664934373{padding-top: 20px !important;padding-right: 20px !important;padding-bottom: 20px !important;padding-left: 20px !important;background-color: #313131 !important;}\u00a0\u00bb] Avantages de la solution de refroidissement pour coul\u00e9e sous pression SpotCool Evolution : 4 circuits 48L\/min 32 broches Taille de l&rsquo;\u00e9cran 9\u2033 15 Points de mesure [\/vc_column_text][vc_column_text css=\u00a0\u00bb.vc_custom_1575664005973{margin-top: -40px !important;padding-top: 20px !important;padding-right: 20px !important;padding-bottom: 20px&hellip;<\/p>\n","protected":false},"author":1,"featured_media":0,"parent":0,"menu_order":0,"comment_status":"closed","ping_status":"closed","template":"","meta":{"footnotes":""},"class_list":["post-180","page","type-page","status-publish","hentry","description-off"],"yoast_head":"<!-- This site is optimized with the Yoast SEO plugin v27.4 - https:\/\/yoast.com\/product\/yoast-seo-wordpress\/ -->\n<title>Lethiguel<\/title>\n<meta name=\"description\" content=\"LETHIGUEL fabrique des solutions de refroidissement pour l&#039;industrie de la coul\u00e9e sous pression. Contactez-nous pour un devis sur mesure.\" \/>\n<meta name=\"robots\" content=\"index, follow, max-snippet:-1, max-image-preview:large, max-video-preview:-1\" \/>\n<link rel=\"canonical\" href=\"https:\/\/lethiguel.com\/fr\/spotcool-evolution.html\" \/>\n<meta property=\"og:locale\" content=\"fr_FR\" \/>\n<meta property=\"og:type\" content=\"article\" \/>\n<meta property=\"og:title\" content=\"Lethiguel\" \/>\n<meta property=\"og:description\" content=\"LETHIGUEL fabrique des solutions de refroidissement pour l&#039;industrie de la coul\u00e9e sous pression. Contactez-nous pour un devis sur mesure.\" \/>\n<meta property=\"og:url\" content=\"https:\/\/lethiguel.com\/fr\/spotcool-evolution.html\" \/>\n<meta property=\"og:site_name\" content=\"Lethiguel Fran\u00e7ais\" \/>\n<meta property=\"article:modified_time\" content=\"2025-05-30T12:41:12+00:00\" \/>\n<meta name=\"twitter:card\" content=\"summary_large_image\" \/>\n<meta name=\"twitter:label1\" content=\"Dur\u00e9e de lecture estim\u00e9e\" \/>\n\t<meta name=\"twitter:data1\" content=\"3 minutes\" \/>\n<script type=\"application\/ld+json\" class=\"yoast-schema-graph\">{\"@context\":\"https:\\\/\\\/schema.org\",\"@graph\":[{\"@type\":\"WebPage\",\"@id\":\"https:\\\/\\\/lethiguel.com\\\/fr\\\/spotcool-evolution.html\",\"url\":\"https:\\\/\\\/lethiguel.com\\\/fr\\\/spotcool-evolution.html\",\"name\":\"Lethiguel\",\"isPartOf\":{\"@id\":\"https:\\\/\\\/lethiguel.com\\\/fr\\\/#website\"},\"datePublished\":\"2019-06-19T10:18:38+00:00\",\"dateModified\":\"2025-05-30T12:41:12+00:00\",\"description\":\"LETHIGUEL fabrique des solutions de refroidissement pour l'industrie de la coul\u00e9e sous pression. Contactez-nous pour un devis sur mesure.\",\"breadcrumb\":{\"@id\":\"https:\\\/\\\/lethiguel.com\\\/fr\\\/spotcool-evolution.html#breadcrumb\"},\"inLanguage\":\"fr-FR\",\"potentialAction\":[{\"@type\":\"ReadAction\",\"target\":[\"https:\\\/\\\/lethiguel.com\\\/fr\\\/spotcool-evolution.html\"]}]},{\"@type\":\"BreadcrumbList\",\"@id\":\"https:\\\/\\\/lethiguel.com\\\/fr\\\/spotcool-evolution.html#breadcrumb\",\"itemListElement\":[{\"@type\":\"ListItem\",\"position\":1,\"name\":\"Accueil\",\"item\":\"https:\\\/\\\/lethiguel.com\\\/fr\\\/\"},{\"@type\":\"ListItem\",\"position\":2,\"name\":\"SpotCool Evolution\"}]},{\"@type\":\"WebSite\",\"@id\":\"https:\\\/\\\/lethiguel.com\\\/fr\\\/#website\",\"url\":\"https:\\\/\\\/lethiguel.com\\\/fr\\\/\",\"name\":\"Lethiguel Fran\u00e7ais\",\"description\":\"Heating and cooling solutions\",\"potentialAction\":[{\"@type\":\"SearchAction\",\"target\":{\"@type\":\"EntryPoint\",\"urlTemplate\":\"https:\\\/\\\/lethiguel.com\\\/fr\\\/?s={search_term_string}\"},\"query-input\":{\"@type\":\"PropertyValueSpecification\",\"valueRequired\":true,\"valueName\":\"search_term_string\"}}],\"inLanguage\":\"fr-FR\"}]}<\/script>\n<!-- \/ Yoast SEO plugin. -->","yoast_head_json":{"title":"Lethiguel","description":"LETHIGUEL fabrique des solutions de refroidissement pour l'industrie de la coul\u00e9e sous pression. Contactez-nous pour un devis sur mesure.","robots":{"index":"index","follow":"follow","max-snippet":"max-snippet:-1","max-image-preview":"max-image-preview:large","max-video-preview":"max-video-preview:-1"},"canonical":"https:\/\/lethiguel.com\/fr\/spotcool-evolution.html","og_locale":"fr_FR","og_type":"article","og_title":"Lethiguel","og_description":"LETHIGUEL fabrique des solutions de refroidissement pour l'industrie de la coul\u00e9e sous pression. Contactez-nous pour un devis sur mesure.","og_url":"https:\/\/lethiguel.com\/fr\/spotcool-evolution.html","og_site_name":"Lethiguel Fran\u00e7ais","article_modified_time":"2025-05-30T12:41:12+00:00","twitter_card":"summary_large_image","twitter_misc":{"Dur\u00e9e de lecture estim\u00e9e":"3 minutes"},"schema":{"@context":"https:\/\/schema.org","@graph":[{"@type":"WebPage","@id":"https:\/\/lethiguel.com\/fr\/spotcool-evolution.html","url":"https:\/\/lethiguel.com\/fr\/spotcool-evolution.html","name":"Lethiguel","isPartOf":{"@id":"https:\/\/lethiguel.com\/fr\/#website"},"datePublished":"2019-06-19T10:18:38+00:00","dateModified":"2025-05-30T12:41:12+00:00","description":"LETHIGUEL fabrique des solutions de refroidissement pour l'industrie de la coul\u00e9e sous pression. Contactez-nous pour un devis sur mesure.","breadcrumb":{"@id":"https:\/\/lethiguel.com\/fr\/spotcool-evolution.html#breadcrumb"},"inLanguage":"fr-FR","potentialAction":[{"@type":"ReadAction","target":["https:\/\/lethiguel.com\/fr\/spotcool-evolution.html"]}]},{"@type":"BreadcrumbList","@id":"https:\/\/lethiguel.com\/fr\/spotcool-evolution.html#breadcrumb","itemListElement":[{"@type":"ListItem","position":1,"name":"Accueil","item":"https:\/\/lethiguel.com\/fr\/"},{"@type":"ListItem","position":2,"name":"SpotCool Evolution"}]},{"@type":"WebSite","@id":"https:\/\/lethiguel.com\/fr\/#website","url":"https:\/\/lethiguel.com\/fr\/","name":"Lethiguel Fran\u00e7ais","description":"Heating and cooling solutions","potentialAction":[{"@type":"SearchAction","target":{"@type":"EntryPoint","urlTemplate":"https:\/\/lethiguel.com\/fr\/?s={search_term_string}"},"query-input":{"@type":"PropertyValueSpecification","valueRequired":true,"valueName":"search_term_string"}}],"inLanguage":"fr-FR"}]}},"_links":{"self":[{"href":"https:\/\/lethiguel.com\/fr\/wp-json\/wp\/v2\/pages\/180","targetHints":{"allow":["GET"]}}],"collection":[{"href":"https:\/\/lethiguel.com\/fr\/wp-json\/wp\/v2\/pages"}],"about":[{"href":"https:\/\/lethiguel.com\/fr\/wp-json\/wp\/v2\/types\/page"}],"author":[{"embeddable":true,"href":"https:\/\/lethiguel.com\/fr\/wp-json\/wp\/v2\/users\/1"}],"replies":[{"embeddable":true,"href":"https:\/\/lethiguel.com\/fr\/wp-json\/wp\/v2\/comments?post=180"}],"version-history":[{"count":42,"href":"https:\/\/lethiguel.com\/fr\/wp-json\/wp\/v2\/pages\/180\/revisions"}],"predecessor-version":[{"id":2199,"href":"https:\/\/lethiguel.com\/fr\/wp-json\/wp\/v2\/pages\/180\/revisions\/2199"}],"wp:attachment":[{"href":"https:\/\/lethiguel.com\/fr\/wp-json\/wp\/v2\/media?parent=180"}],"curies":[{"name":"wp","href":"https:\/\/api.w.org\/{rel}","templated":true}]}}