{"id":2020,"date":"2021-12-17T12:06:32","date_gmt":"2021-12-17T11:06:32","guid":{"rendered":"https:\/\/lethiguel.com\/fr\/?page_id=2020"},"modified":"2023-11-10T14:46:53","modified_gmt":"2023-11-10T13:46:53","slug":"notre-presence-globale","status":"publish","type":"page","link":"https:\/\/lethiguel.com\/fr\/notre-presence-globale.html","title":{"rendered":"Notre pr\u00e9sence globale"},"content":{"rendered":"<section class=\"wpb-content-wrapper\"><p>[vc_row][vc_column][vc_column_text]<div class=\"map_wrapper\" id=\"map_wrapper_2023\">\n<div class=\"map_box\" style=\"max-width:2000px\">\n<div class=\"map_aspect_ratio\" style=\"padding-top:56%\" data-padding-top=\"56%\" data-padding-top-mobile=\"0%\">\n<div class=\"map_container\">\n<div class=\"map_render map_loading\" id=\"map_2023\"><\/div>\n<\/div>\n<\/div>\n<\/div>\n<\/div>[\/vc_column_text][\/vc_column][\/vc_row][vc_row][vc_column width=\u00a0\u00bb1\/3&Prime;][vc_column_text]<\/p>\n<h4>Am\u00e9rique<\/h4>\n<p>\u00c9tats-Unis: <a href=\"https:\/\/midlandtechnologies.com\">Midland Technologies, Inc<\/a> (Filiale)<\/p>\n<p>Mexique: Lethiguel Mexico (Filiale)[\/vc_column_text][vc_column_text]<\/p>\n<h4>Am\u00e9rique du Sud<\/h4>\n<p>Argentine: Eliseo Wiurnos (Repr\u00e9sentative)[\/vc_column_text][\/vc_column][vc_column width=\u00a0\u00bb1\/3&Prime;][vc_column_text]<\/p>\n<h4>Europe<\/h4>\n<p>France: Lethiguel SAS (Headquarter)<\/p>\n<p>Allemagne: Lethiguel GmbH (Filiale)<\/p>\n<p>R\u00e9publique tch\u00e8que: <a href=\"http:\/\/www.sebestasro.cz\/cz\/\" target=\"_blank\" rel=\"noopener noreferrer\">Sebesta<\/a> (Repr\u00e9sentative)<\/p>\n<p>Hongrie: <a href=\"https:\/\/www.practilub.hu\/en\/\" target=\"_blank\" rel=\"noopener noreferrer\">Practilub<\/a> (Repr\u00e9sentative)<\/p>\n<p>Roumanie: <a href=\"https:\/\/vgadiecastsolutions.com\/en\/\" target=\"_blank\" rel=\"noopener noreferrer\">VGA<\/a> (Repr\u00e9sentative)<\/p>\n<p>Portugal et Espagne: <a href=\"https:\/\/coniex.pt\/pt\" target=\"_blank\" rel=\"noopener noreferrer\">Coniex<\/a> (Repr\u00e9sentative)<\/p>\n<p>Turquie: <a href=\"http:\/\/www.ascast.com.tr\/\">ASCAST<\/a> (Repr\u00e9sentative)[\/vc_column_text][vc_column_text]<\/p>\n<h4>Angleterre<\/h4>\n<p>Royaume-Uni: <a href=\"https:\/\/www.ramsell-naber.co.uk\/\" target=\"_blank\" rel=\"noopener noreferrer\">Ramsell Naber<\/a> (Repr\u00e9sentative)[\/vc_column_text][vc_column_text]<\/p>\n<h4>Afrique<\/h4>\n<p>Afrique du Sud: <a href=\"https:\/\/www.gnventerprises.com\" target=\"_blank\" rel=\"noopener noreferrer\">GNV Enterprise<\/a> (Repr\u00e9sentative)[\/vc_column_text][\/vc_column][vc_column width=\u00a0\u00bb1\/3&Prime;][vc_column_text]<\/p>\n<h4>Asie<\/h4>\n<p>Chine: <a href=\"http:\/\/www.willize.cn\/\" target=\"_blank\" rel=\"noopener noreferrer\">Willize Shanghai<\/a> (Alliance strat\u00e9gique)<\/p>\n<p>Cor\u00e9e du Sud: <a href=\"http:\/\/www.kkamco.com\/\" target=\"_blank\" rel=\"noopener noreferrer\">Kamco<\/a> (Repr\u00e9sentative)<\/p>\n<p>Taiwan: Ju Wei Technology (Repr\u00e9sentative)<\/p>\n<p>Inde: <a href=\"https:\/\/www.ultrasealindia.com\/index.php\" target=\"_blank\" rel=\"noopener noreferrer\">Ultraseal<\/a> (Repr\u00e9sentative)<\/p>\n<p>Indon\u00e9sie: WICO (Repr\u00e9sentative)[\/vc_column_text][\/vc_column][\/vc_row]<\/p>\n<\/section>","protected":false},"excerpt":{"rendered":"<p>[vc_row][vc_column][vc_column_text][\/vc_column_text][\/vc_column][\/vc_row][vc_row][vc_column width=\u00a0\u00bb1\/3&Prime;][vc_column_text] Am\u00e9rique \u00c9tats-Unis: Midland Technologies, Inc (Filiale) Mexique: Lethiguel Mexico (Filiale)[\/vc_column_text][vc_column_text] Am\u00e9rique du Sud Argentine: Eliseo Wiurnos (Repr\u00e9sentative)[\/vc_column_text][\/vc_column][vc_column width=\u00a0\u00bb1\/3&Prime;][vc_column_text] Europe France: Lethiguel SAS (Headquarter) Allemagne: Lethiguel GmbH (Filiale) R\u00e9publique tch\u00e8que: Sebesta (Repr\u00e9sentative) Hongrie: Practilub (Repr\u00e9sentative) Roumanie: VGA (Repr\u00e9sentative) Portugal et Espagne: Coniex (Repr\u00e9sentative) Turquie: ASCAST (Repr\u00e9sentative)[\/vc_column_text][vc_column_text] Angleterre Royaume-Uni: Ramsell Naber (Repr\u00e9sentative)[\/vc_column_text][vc_column_text] Afrique Afrique du&hellip;<\/p>\n","protected":false},"author":2,"featured_media":0,"parent":0,"menu_order":0,"comment_status":"closed","ping_status":"closed","template":"","meta":{"footnotes":""},"class_list":["post-2020","page","type-page","status-publish","hentry","description-off"],"yoast_head":"<!-- This site is optimized with the Yoast SEO plugin v27.4 - https:\/\/yoast.com\/product\/yoast-seo-wordpress\/ -->\n<title>Lethiguel<\/title>\n<meta name=\"robots\" content=\"index, follow, max-snippet:-1, max-image-preview:large, max-video-preview:-1\" \/>\n<link rel=\"canonical\" href=\"https:\/\/lethiguel.com\/fr\/notre-presence-globale.html\" \/>\n<meta property=\"og:locale\" content=\"fr_FR\" \/>\n<meta property=\"og:type\" content=\"article\" \/>\n<meta property=\"og:title\" content=\"Lethiguel\" \/>\n<meta property=\"og:description\" content=\"[vc_row][vc_column][vc_column_text][\/vc_column_text][\/vc_column][\/vc_row][vc_row][vc_column width=\u00a0\u00bb1\/3&Prime;][vc_column_text] Am\u00e9rique \u00c9tats-Unis: Midland Technologies, Inc (Filiale) Mexique: Lethiguel Mexico (Filiale)[\/vc_column_text][vc_column_text] Am\u00e9rique du Sud Argentine: Eliseo Wiurnos (Repr\u00e9sentative)[\/vc_column_text][\/vc_column][vc_column width=\u00a0\u00bb1\/3&Prime;][vc_column_text] Europe France: Lethiguel SAS (Headquarter) Allemagne: Lethiguel GmbH (Filiale) R\u00e9publique tch\u00e8que: Sebesta (Repr\u00e9sentative) Hongrie: Practilub (Repr\u00e9sentative) Roumanie: VGA (Repr\u00e9sentative) Portugal et Espagne: Coniex (Repr\u00e9sentative) Turquie: ASCAST (Repr\u00e9sentative)[\/vc_column_text][vc_column_text] Angleterre Royaume-Uni: Ramsell Naber (Repr\u00e9sentative)[\/vc_column_text][vc_column_text] Afrique Afrique du&hellip;\" \/>\n<meta property=\"og:url\" content=\"https:\/\/lethiguel.com\/fr\/notre-presence-globale.html\" \/>\n<meta property=\"og:site_name\" content=\"Lethiguel Fran\u00e7ais\" \/>\n<meta property=\"article:modified_time\" content=\"2023-11-10T13:46:53+00:00\" \/>\n<meta name=\"twitter:card\" content=\"summary_large_image\" \/>\n<meta name=\"twitter:label1\" content=\"Dur\u00e9e de lecture estim\u00e9e\" \/>\n\t<meta name=\"twitter:data1\" content=\"1 minute\" \/>\n<script type=\"application\/ld+json\" class=\"yoast-schema-graph\">{\"@context\":\"https:\\\/\\\/schema.org\",\"@graph\":[{\"@type\":\"WebPage\",\"@id\":\"https:\\\/\\\/lethiguel.com\\\/fr\\\/notre-presence-globale.html\",\"url\":\"https:\\\/\\\/lethiguel.com\\\/fr\\\/notre-presence-globale.html\",\"name\":\"Lethiguel\",\"isPartOf\":{\"@id\":\"https:\\\/\\\/lethiguel.com\\\/fr\\\/#website\"},\"datePublished\":\"2021-12-17T11:06:32+00:00\",\"dateModified\":\"2023-11-10T13:46:53+00:00\",\"breadcrumb\":{\"@id\":\"https:\\\/\\\/lethiguel.com\\\/fr\\\/notre-presence-globale.html#breadcrumb\"},\"inLanguage\":\"fr-FR\",\"potentialAction\":[{\"@type\":\"ReadAction\",\"target\":[\"https:\\\/\\\/lethiguel.com\\\/fr\\\/notre-presence-globale.html\"]}]},{\"@type\":\"BreadcrumbList\",\"@id\":\"https:\\\/\\\/lethiguel.com\\\/fr\\\/notre-presence-globale.html#breadcrumb\",\"itemListElement\":[{\"@type\":\"ListItem\",\"position\":1,\"name\":\"Accueil\",\"item\":\"https:\\\/\\\/lethiguel.com\\\/fr\\\/\"},{\"@type\":\"ListItem\",\"position\":2,\"name\":\"Notre pr\u00e9sence globale\"}]},{\"@type\":\"WebSite\",\"@id\":\"https:\\\/\\\/lethiguel.com\\\/fr\\\/#website\",\"url\":\"https:\\\/\\\/lethiguel.com\\\/fr\\\/\",\"name\":\"Lethiguel Fran\u00e7ais\",\"description\":\"Heating and cooling solutions\",\"potentialAction\":[{\"@type\":\"SearchAction\",\"target\":{\"@type\":\"EntryPoint\",\"urlTemplate\":\"https:\\\/\\\/lethiguel.com\\\/fr\\\/?s={search_term_string}\"},\"query-input\":{\"@type\":\"PropertyValueSpecification\",\"valueRequired\":true,\"valueName\":\"search_term_string\"}}],\"inLanguage\":\"fr-FR\"}]}<\/script>\n<!-- \/ Yoast SEO plugin. -->","yoast_head_json":{"title":"Lethiguel","robots":{"index":"index","follow":"follow","max-snippet":"max-snippet:-1","max-image-preview":"max-image-preview:large","max-video-preview":"max-video-preview:-1"},"canonical":"https:\/\/lethiguel.com\/fr\/notre-presence-globale.html","og_locale":"fr_FR","og_type":"article","og_title":"Lethiguel","og_description":"[vc_row][vc_column][vc_column_text][\/vc_column_text][\/vc_column][\/vc_row][vc_row][vc_column width=\u00a0\u00bb1\/3&Prime;][vc_column_text] Am\u00e9rique \u00c9tats-Unis: Midland Technologies, Inc (Filiale) Mexique: Lethiguel Mexico (Filiale)[\/vc_column_text][vc_column_text] Am\u00e9rique du Sud Argentine: Eliseo Wiurnos (Repr\u00e9sentative)[\/vc_column_text][\/vc_column][vc_column width=\u00a0\u00bb1\/3&Prime;][vc_column_text] Europe France: Lethiguel SAS (Headquarter) Allemagne: Lethiguel GmbH (Filiale) R\u00e9publique tch\u00e8que: Sebesta (Repr\u00e9sentative) Hongrie: Practilub (Repr\u00e9sentative) Roumanie: VGA (Repr\u00e9sentative) Portugal et Espagne: Coniex (Repr\u00e9sentative) Turquie: ASCAST (Repr\u00e9sentative)[\/vc_column_text][vc_column_text] Angleterre Royaume-Uni: Ramsell Naber (Repr\u00e9sentative)[\/vc_column_text][vc_column_text] Afrique Afrique du&hellip;","og_url":"https:\/\/lethiguel.com\/fr\/notre-presence-globale.html","og_site_name":"Lethiguel Fran\u00e7ais","article_modified_time":"2023-11-10T13:46:53+00:00","twitter_card":"summary_large_image","twitter_misc":{"Dur\u00e9e de lecture estim\u00e9e":"1 minute"},"schema":{"@context":"https:\/\/schema.org","@graph":[{"@type":"WebPage","@id":"https:\/\/lethiguel.com\/fr\/notre-presence-globale.html","url":"https:\/\/lethiguel.com\/fr\/notre-presence-globale.html","name":"Lethiguel","isPartOf":{"@id":"https:\/\/lethiguel.com\/fr\/#website"},"datePublished":"2021-12-17T11:06:32+00:00","dateModified":"2023-11-10T13:46:53+00:00","breadcrumb":{"@id":"https:\/\/lethiguel.com\/fr\/notre-presence-globale.html#breadcrumb"},"inLanguage":"fr-FR","potentialAction":[{"@type":"ReadAction","target":["https:\/\/lethiguel.com\/fr\/notre-presence-globale.html"]}]},{"@type":"BreadcrumbList","@id":"https:\/\/lethiguel.com\/fr\/notre-presence-globale.html#breadcrumb","itemListElement":[{"@type":"ListItem","position":1,"name":"Accueil","item":"https:\/\/lethiguel.com\/fr\/"},{"@type":"ListItem","position":2,"name":"Notre pr\u00e9sence globale"}]},{"@type":"WebSite","@id":"https:\/\/lethiguel.com\/fr\/#website","url":"https:\/\/lethiguel.com\/fr\/","name":"Lethiguel Fran\u00e7ais","description":"Heating and cooling solutions","potentialAction":[{"@type":"SearchAction","target":{"@type":"EntryPoint","urlTemplate":"https:\/\/lethiguel.com\/fr\/?s={search_term_string}"},"query-input":{"@type":"PropertyValueSpecification","valueRequired":true,"valueName":"search_term_string"}}],"inLanguage":"fr-FR"}]}},"_links":{"self":[{"href":"https:\/\/lethiguel.com\/fr\/wp-json\/wp\/v2\/pages\/2020","targetHints":{"allow":["GET"]}}],"collection":[{"href":"https:\/\/lethiguel.com\/fr\/wp-json\/wp\/v2\/pages"}],"about":[{"href":"https:\/\/lethiguel.com\/fr\/wp-json\/wp\/v2\/types\/page"}],"author":[{"embeddable":true,"href":"https:\/\/lethiguel.com\/fr\/wp-json\/wp\/v2\/users\/2"}],"replies":[{"embeddable":true,"href":"https:\/\/lethiguel.com\/fr\/wp-json\/wp\/v2\/comments?post=2020"}],"version-history":[{"count":4,"href":"https:\/\/lethiguel.com\/fr\/wp-json\/wp\/v2\/pages\/2020\/revisions"}],"predecessor-version":[{"id":2171,"href":"https:\/\/lethiguel.com\/fr\/wp-json\/wp\/v2\/pages\/2020\/revisions\/2171"}],"wp:attachment":[{"href":"https:\/\/lethiguel.com\/fr\/wp-json\/wp\/v2\/media?parent=2020"}],"curies":[{"name":"wp","href":"https:\/\/api.w.org\/{rel}","templated":true}]}}