{"id":209,"date":"2019-06-19T14:49:04","date_gmt":"2019-06-19T12:49:04","guid":{"rendered":"https:\/\/lethiguel.com\/fr\/?page_id=209"},"modified":"2025-05-30T14:42:48","modified_gmt":"2025-05-30T12:42:48","slug":"spotcool-performance","status":"publish","type":"page","link":"https:\/\/lethiguel.com\/fr\/spotcool-performance.html","title":{"rendered":"SpotCool Performance"},"content":{"rendered":"<section class=\"wpb-content-wrapper\"><p>[vc_row type=\u00a0\u00bbvc_default\u00a0\u00bb content_placement=\u00a0\u00bbmiddle\u00a0\u00bb el_class=\u00a0\u00bbbloc-article\u00a0\u00bb][vc_column width=\u00a0\u00bb1\/3&Prime; el_class=\u00a0\u00bbtexteblanc bloc-text-bloc-article\u00a0\u00bb][vc_single_image image=\u00a0\u00bb1314&Prime; img_size=\u00a0\u00bbfull\u00a0\u00bb][vc_column_text css=\u00a0\u00bb.vc_custom_1691657710517{padding-top: 20px !important;padding-right: 20px !important;padding-bottom: 20px !important;padding-left: 20px !important;background-color: #313131 !important;}\u00a0\u00bb]<\/p>\n<h3 class=\"avantages\">Avantages de la solution de refroidissement SpotCool Performance :<\/h3>\n<ul>\n<li>6 circuits<\/li>\n<li>150L\/min<\/li>\n<li>96 broches<\/li>\n<li>Taille de l&rsquo;\u00e9cran 12\u2033<\/li>\n<li>23 Points de mesure<\/li>\n<\/ul>\n<p>[\/vc_column_text][vc_column_text css=\u00a0\u00bb.vc_custom_1691657730474{margin-top: -40px !important;padding-top: 20px !important;padding-right: 20px !important;padding-bottom: 20px !important;padding-left: 20px !important;background-color: #009fe3 !important;}\u00a0\u00bb]Plus avanc\u00e9 que SpotCool Evolution, SpotCool Performance dispose de 6 circuits pour refroidir efficacement 96 broches. Cette machine a \u00e9t\u00e9 sp\u00e9cialement con\u00e7ue pour les grandes matrices, les pi\u00e8ces structurelles et complexes. L&rsquo;installation DCM b\u00e9n\u00e9ficiera d&rsquo;une grande flexibilit\u00e9 en termes de distribution des broches. Le nombre de collecteurs permet une grande pr\u00e9cision dans la r\u00e9partition des circuits de refroidissement, ainsi qu&rsquo;une meilleure r\u00e9partition de la puissance de refroidissement.<\/p>\n<ul>\n<li>R\u00e9duire consid\u00e9rablement le niveau de rebut<\/li>\n<li>SpotCool Performance int\u00e8gre la m\u00eame caract\u00e9ristique que SpotCool Evolution en termes de communication et de points de mesure tout en doublant la capacit\u00e9 de\u00a0refroidissement\u00a0des\u00a0broches dans l&rsquo;industrie de la fonderie sous pression.<\/li>\n<\/ul>\n<p><strong>SpotCool Performance : Doublez le refroidissement, doublez la productivit\u00e9 !<\/strong>[\/vc_column_text][\/vc_column][vc_column width=\u00a0\u00bb2\/3&Prime; animation=\u00a0\u00bbfadeInRight\u00a0\u00bb css=\u00a0\u00bb.vc_custom_1595512057703{margin-top: 50px !important;}\u00a0\u00bb el_class=\u00a0\u00bbbloc-img-bloc-article\u00a0\u00bb][vc_single_image image=\u00a0\u00bb2131&Prime; img_size=\u00a0\u00bbfull\u00a0\u00bb css=\u00a0\u00bb.vc_custom_1691657766428{margin-top: 50px !important;}\u00a0\u00bb][\/vc_column][\/vc_row][vc_row][vc_column][vc_single_image image=\u00a0\u00bb913&Prime; img_size=\u00a0\u00bblarge\u00a0\u00bb alignment=\u00a0\u00bbcenter\u00a0\u00bb css_animation=\u00a0\u00bbfadeInLeft\u00a0\u00bb][\/vc_column][\/vc_row][vc_row type=\u00a0\u00bbvc_default\u00a0\u00bb gap=\u00a0\u00bb10&Prime; css=\u00a0\u00bb.vc_custom_1560947205923{margin-top: 30px !important;}\u00a0\u00bb][vc_column width=\u00a0\u00bb1\/2&Prime; animation=\u00a0\u00bbfadeInLeft\u00a0\u00bb el_class=\u00a0\u00bbsimilar\u00a0\u00bb][vc_column_text]<\/p>\n<h3>Produits similaires<\/h3>\n<p>[\/vc_column_text][vc_separator color=\u00a0\u00bbcustom\u00a0\u00bb accent_color=\u00a0\u00bb#474747&Prime; css=\u00a0\u00bb.vc_custom_1560947192642{margin-top: -15px !important;}\u00a0\u00bb][\/vc_column][vc_column width=\u00a0\u00bb1\/2&Prime; animation=\u00a0\u00bbfadeInRight\u00a0\u00bb el_class=\u00a0\u00bbaccess\u00a0\u00bb][vc_column_text]<\/p>\n<h3>Accessoires<\/h3>\n<p>[\/vc_column_text][vc_separator color=\u00a0\u00bbcustom\u00a0\u00bb accent_color=\u00a0\u00bb#474747&Prime; css=\u00a0\u00bb.vc_custom_1560947192642{margin-top: -15px !important;}\u00a0\u00bb][\/vc_column][\/vc_row][vc_row][vc_column][vc_btn title=\u00a0\u00bbContactez nous\u00a0\u00bb style=\u00a0\u00bbcustom\u00a0\u00bb custom_background=\u00a0\u00bb#009fe3&Prime; custom_text=\u00a0\u00bb#ffffff\u00a0\u00bb size=\u00a0\u00bblg\u00a0\u00bb align=\u00a0\u00bbcenter\u00a0\u00bb link=\u00a0\u00bburl:https%3A%2F%2Flethiguel.com\/fr%2Fcontact.html|title:Contact||\u00a0\u00bb][\/vc_column][\/vc_row]<\/p>\n<\/section>","protected":false},"excerpt":{"rendered":"<p>[vc_row type=\u00a0\u00bbvc_default\u00a0\u00bb content_placement=\u00a0\u00bbmiddle\u00a0\u00bb el_class=\u00a0\u00bbbloc-article\u00a0\u00bb][vc_column width=\u00a0\u00bb1\/3&Prime; el_class=\u00a0\u00bbtexteblanc bloc-text-bloc-article\u00a0\u00bb][vc_single_image image=\u00a0\u00bb1314&Prime; img_size=\u00a0\u00bbfull\u00a0\u00bb][vc_column_text css=\u00a0\u00bb.vc_custom_1691657710517{padding-top: 20px !important;padding-right: 20px !important;padding-bottom: 20px !important;padding-left: 20px !important;background-color: #313131 !important;}\u00a0\u00bb] Avantages de la solution de refroidissement SpotCool Performance : 6 circuits 150L\/min 96 broches Taille de l&rsquo;\u00e9cran 12\u2033 23 Points de mesure [\/vc_column_text][vc_column_text css=\u00a0\u00bb.vc_custom_1691657730474{margin-top: -40px !important;padding-top: 20px !important;padding-right: 20px !important;padding-bottom: 20px !important;padding-left: 20px !important;background-color: #009fe3&hellip;<\/p>\n","protected":false},"author":1,"featured_media":0,"parent":0,"menu_order":0,"comment_status":"closed","ping_status":"closed","template":"","meta":{"footnotes":""},"class_list":["post-209","page","type-page","status-publish","hentry","description-off"],"yoast_head":"<!-- This site is optimized with the Yoast SEO plugin v27.4 - https:\/\/yoast.com\/product\/yoast-seo-wordpress\/ -->\n<title>Lethiguel<\/title>\n<meta name=\"description\" content=\"LETHIGUEL fabrique des solutions de refroidissement pour fonderie et coul\u00e9e sous pression. Contactez-nous pour en savoir plus sur SpotCool Performance.\" \/>\n<meta name=\"robots\" content=\"index, follow, max-snippet:-1, max-image-preview:large, max-video-preview:-1\" \/>\n<link rel=\"canonical\" href=\"https:\/\/lethiguel.com\/fr\/spotcool-performance.html\" \/>\n<meta property=\"og:locale\" content=\"fr_FR\" \/>\n<meta property=\"og:type\" content=\"article\" \/>\n<meta property=\"og:title\" content=\"Lethiguel\" \/>\n<meta property=\"og:description\" content=\"LETHIGUEL fabrique des solutions de refroidissement pour fonderie et coul\u00e9e sous pression. Contactez-nous pour en savoir plus sur SpotCool Performance.\" \/>\n<meta property=\"og:url\" content=\"https:\/\/lethiguel.com\/fr\/spotcool-performance.html\" \/>\n<meta property=\"og:site_name\" content=\"Lethiguel Fran\u00e7ais\" \/>\n<meta property=\"article:modified_time\" content=\"2025-05-30T12:42:48+00:00\" \/>\n<meta name=\"twitter:card\" content=\"summary_large_image\" \/>\n<meta name=\"twitter:label1\" content=\"Dur\u00e9e de lecture estim\u00e9e\" \/>\n\t<meta name=\"twitter:data1\" content=\"3 minutes\" \/>\n<script type=\"application\/ld+json\" class=\"yoast-schema-graph\">{\"@context\":\"https:\\\/\\\/schema.org\",\"@graph\":[{\"@type\":\"WebPage\",\"@id\":\"https:\\\/\\\/lethiguel.com\\\/fr\\\/spotcool-performance.html\",\"url\":\"https:\\\/\\\/lethiguel.com\\\/fr\\\/spotcool-performance.html\",\"name\":\"Lethiguel\",\"isPartOf\":{\"@id\":\"https:\\\/\\\/lethiguel.com\\\/fr\\\/#website\"},\"datePublished\":\"2019-06-19T12:49:04+00:00\",\"dateModified\":\"2025-05-30T12:42:48+00:00\",\"description\":\"LETHIGUEL fabrique des solutions de refroidissement pour fonderie et coul\u00e9e sous pression. Contactez-nous pour en savoir plus sur SpotCool Performance.\",\"breadcrumb\":{\"@id\":\"https:\\\/\\\/lethiguel.com\\\/fr\\\/spotcool-performance.html#breadcrumb\"},\"inLanguage\":\"fr-FR\",\"potentialAction\":[{\"@type\":\"ReadAction\",\"target\":[\"https:\\\/\\\/lethiguel.com\\\/fr\\\/spotcool-performance.html\"]}]},{\"@type\":\"BreadcrumbList\",\"@id\":\"https:\\\/\\\/lethiguel.com\\\/fr\\\/spotcool-performance.html#breadcrumb\",\"itemListElement\":[{\"@type\":\"ListItem\",\"position\":1,\"name\":\"Accueil\",\"item\":\"https:\\\/\\\/lethiguel.com\\\/fr\\\/\"},{\"@type\":\"ListItem\",\"position\":2,\"name\":\"SpotCool Performance\"}]},{\"@type\":\"WebSite\",\"@id\":\"https:\\\/\\\/lethiguel.com\\\/fr\\\/#website\",\"url\":\"https:\\\/\\\/lethiguel.com\\\/fr\\\/\",\"name\":\"Lethiguel Fran\u00e7ais\",\"description\":\"Heating and cooling solutions\",\"potentialAction\":[{\"@type\":\"SearchAction\",\"target\":{\"@type\":\"EntryPoint\",\"urlTemplate\":\"https:\\\/\\\/lethiguel.com\\\/fr\\\/?s={search_term_string}\"},\"query-input\":{\"@type\":\"PropertyValueSpecification\",\"valueRequired\":true,\"valueName\":\"search_term_string\"}}],\"inLanguage\":\"fr-FR\"}]}<\/script>\n<!-- \/ Yoast SEO plugin. -->","yoast_head_json":{"title":"Lethiguel","description":"LETHIGUEL fabrique des solutions de refroidissement pour fonderie et coul\u00e9e sous pression. Contactez-nous pour en savoir plus sur SpotCool Performance.","robots":{"index":"index","follow":"follow","max-snippet":"max-snippet:-1","max-image-preview":"max-image-preview:large","max-video-preview":"max-video-preview:-1"},"canonical":"https:\/\/lethiguel.com\/fr\/spotcool-performance.html","og_locale":"fr_FR","og_type":"article","og_title":"Lethiguel","og_description":"LETHIGUEL fabrique des solutions de refroidissement pour fonderie et coul\u00e9e sous pression. Contactez-nous pour en savoir plus sur SpotCool Performance.","og_url":"https:\/\/lethiguel.com\/fr\/spotcool-performance.html","og_site_name":"Lethiguel Fran\u00e7ais","article_modified_time":"2025-05-30T12:42:48+00:00","twitter_card":"summary_large_image","twitter_misc":{"Dur\u00e9e de lecture estim\u00e9e":"3 minutes"},"schema":{"@context":"https:\/\/schema.org","@graph":[{"@type":"WebPage","@id":"https:\/\/lethiguel.com\/fr\/spotcool-performance.html","url":"https:\/\/lethiguel.com\/fr\/spotcool-performance.html","name":"Lethiguel","isPartOf":{"@id":"https:\/\/lethiguel.com\/fr\/#website"},"datePublished":"2019-06-19T12:49:04+00:00","dateModified":"2025-05-30T12:42:48+00:00","description":"LETHIGUEL fabrique des solutions de refroidissement pour fonderie et coul\u00e9e sous pression. Contactez-nous pour en savoir plus sur SpotCool Performance.","breadcrumb":{"@id":"https:\/\/lethiguel.com\/fr\/spotcool-performance.html#breadcrumb"},"inLanguage":"fr-FR","potentialAction":[{"@type":"ReadAction","target":["https:\/\/lethiguel.com\/fr\/spotcool-performance.html"]}]},{"@type":"BreadcrumbList","@id":"https:\/\/lethiguel.com\/fr\/spotcool-performance.html#breadcrumb","itemListElement":[{"@type":"ListItem","position":1,"name":"Accueil","item":"https:\/\/lethiguel.com\/fr\/"},{"@type":"ListItem","position":2,"name":"SpotCool Performance"}]},{"@type":"WebSite","@id":"https:\/\/lethiguel.com\/fr\/#website","url":"https:\/\/lethiguel.com\/fr\/","name":"Lethiguel Fran\u00e7ais","description":"Heating and cooling solutions","potentialAction":[{"@type":"SearchAction","target":{"@type":"EntryPoint","urlTemplate":"https:\/\/lethiguel.com\/fr\/?s={search_term_string}"},"query-input":{"@type":"PropertyValueSpecification","valueRequired":true,"valueName":"search_term_string"}}],"inLanguage":"fr-FR"}]}},"_links":{"self":[{"href":"https:\/\/lethiguel.com\/fr\/wp-json\/wp\/v2\/pages\/209","targetHints":{"allow":["GET"]}}],"collection":[{"href":"https:\/\/lethiguel.com\/fr\/wp-json\/wp\/v2\/pages"}],"about":[{"href":"https:\/\/lethiguel.com\/fr\/wp-json\/wp\/v2\/types\/page"}],"author":[{"embeddable":true,"href":"https:\/\/lethiguel.com\/fr\/wp-json\/wp\/v2\/users\/1"}],"replies":[{"embeddable":true,"href":"https:\/\/lethiguel.com\/fr\/wp-json\/wp\/v2\/comments?post=209"}],"version-history":[{"count":30,"href":"https:\/\/lethiguel.com\/fr\/wp-json\/wp\/v2\/pages\/209\/revisions"}],"predecessor-version":[{"id":2201,"href":"https:\/\/lethiguel.com\/fr\/wp-json\/wp\/v2\/pages\/209\/revisions\/2201"}],"wp:attachment":[{"href":"https:\/\/lethiguel.com\/fr\/wp-json\/wp\/v2\/media?parent=209"}],"curies":[{"name":"wp","href":"https:\/\/api.w.org\/{rel}","templated":true}]}}