{"id":225,"date":"2019-06-19T15:25:37","date_gmt":"2019-06-19T13:25:37","guid":{"rendered":"https:\/\/lethiguel.com\/fr\/?page_id=225"},"modified":"2025-05-30T14:41:39","modified_gmt":"2025-05-30T12:41:39","slug":"spotcool-mini-water-check","status":"publish","type":"page","link":"https:\/\/lethiguel.com\/fr\/spotcool-mini-water-check.html","title":{"rendered":"SpotCool Mini Water Check"},"content":{"rendered":"<section class=\"wpb-content-wrapper\"><p>[vc_row type=\u00a0\u00bbvc_default\u00a0\u00bb content_placement=\u00a0\u00bbmiddle\u00a0\u00bb el_class=\u00a0\u00bbbloc-article\u00a0\u00bb][vc_column width=\u00a0\u00bb1\/3&Prime; el_class=\u00a0\u00bbtexteblanc bloc-text-bloc-article\u00a0\u00bb][vc_single_image image=\u00a0\u00bb1310&Prime; img_size=\u00a0\u00bbfull\u00a0\u00bb][vc_column_text css=\u00a0\u00bb.vc_custom_1575666044536{padding-top: 20px !important;padding-right: 20px !important;padding-bottom: 20px !important;padding-left: 20px !important;background-color: #313131 !important;}\u00a0\u00bb]<\/p>\n<h3 class=\"avantages\">Caract\u00e9ristiques du mesureur pour adoucisseur d&rsquo;eau :<\/h3>\n<ul>\n<li>Certifi\u00e9 CE<\/li>\n<li>Mont\u00e9 avec batterie AAA<\/li>\n<li>Convient \u00e0 tous les capteurs de conductivit\u00e9 SpotCool<\/li>\n<li>Mont\u00e9 sur l&rsquo;adoucisseur d&rsquo;eau SpotCool<\/li>\n<li>Contr\u00f4le facile avec 3 LEDs de niveau<\/li>\n<\/ul>\n<p>[\/vc_column_text][vc_column_text css=\u00a0\u00bb.vc_custom_1575665962405{margin-top: -40px !important;padding-top: 20px !important;padding-right: 20px !important;padding-bottom: 20px !important;padding-left: 20px !important;background-color: #009fe3 !important;}\u00a0\u00bb]Le SpotCool Mini Water Check est un appareil de mesure fixe mont\u00e9 sur l&rsquo;adoucisseur d&rsquo;eau. Gr\u00e2ce \u00e0 sa configuration simple, il indique la qualit\u00e9 de l&rsquo;eau fournie par l&rsquo;adoucisseur d&rsquo;eau SpotCool gr\u00e2ce \u00e0 un flash LED. Pas besoin d&rsquo;alimentation \u00e9lectrique car les piles AAA sont int\u00e9gr\u00e9es pour une solution plus flexible.<\/p>\n<p><span class=\"fort\">Assurez-vous que l&rsquo;installation SpotCool utilise toujours la meilleure qualit\u00e9 d&rsquo;eau sans une seule op\u00e9ration, il suffit de regarder !<\/span>[\/vc_column_text][\/vc_column][vc_column width=\u00a0\u00bb2\/3&Prime; el_class=\u00a0\u00bbbloc-img-bloc-article\u00a0\u00bb][vc_single_image image=\u00a0\u00bb1873&Prime; img_size=\u00a0\u00bbfull\u00a0\u00bb alignment=\u00a0\u00bbcenter\u00a0\u00bb][\/vc_column][\/vc_row][vc_row][vc_column][vc_btn title=\u00a0\u00bbContactez nous\u00a0\u00bb style=\u00a0\u00bbcustom\u00a0\u00bb custom_background=\u00a0\u00bb#009fe3&Prime; custom_text=\u00a0\u00bb#ffffff\u00a0\u00bb size=\u00a0\u00bblg\u00a0\u00bb align=\u00a0\u00bbcenter\u00a0\u00bb link=\u00a0\u00bburl:https%3A%2F%2Flethiguel.com\/fr%2Fcontact.html|title:Contact||\u00a0\u00bb][\/vc_column][\/vc_row]<\/p>\n<\/section>","protected":false},"excerpt":{"rendered":"<p>[vc_row type=\u00a0\u00bbvc_default\u00a0\u00bb content_placement=\u00a0\u00bbmiddle\u00a0\u00bb el_class=\u00a0\u00bbbloc-article\u00a0\u00bb][vc_column width=\u00a0\u00bb1\/3&Prime; el_class=\u00a0\u00bbtexteblanc bloc-text-bloc-article\u00a0\u00bb][vc_single_image image=\u00a0\u00bb1310&Prime; img_size=\u00a0\u00bbfull\u00a0\u00bb][vc_column_text css=\u00a0\u00bb.vc_custom_1575666044536{padding-top: 20px !important;padding-right: 20px !important;padding-bottom: 20px !important;padding-left: 20px !important;background-color: #313131 !important;}\u00a0\u00bb] Caract\u00e9ristiques du mesureur pour adoucisseur d&rsquo;eau : Certifi\u00e9 CE Mont\u00e9 avec batterie AAA Convient \u00e0 tous les capteurs de conductivit\u00e9 SpotCool Mont\u00e9 sur l&rsquo;adoucisseur d&rsquo;eau SpotCool Contr\u00f4le facile avec 3 LEDs de niveau [\/vc_column_text][vc_column_text css=\u00a0\u00bb.vc_custom_1575665962405{margin-top:&hellip;<\/p>\n","protected":false},"author":1,"featured_media":0,"parent":0,"menu_order":0,"comment_status":"closed","ping_status":"closed","template":"","meta":{"footnotes":""},"class_list":["post-225","page","type-page","status-publish","hentry","description-off"],"yoast_head":"<!-- This site is optimized with the Yoast SEO plugin v27.4 - https:\/\/yoast.com\/product\/yoast-seo-wordpress\/ -->\n<title>Lethiguel<\/title>\n<meta name=\"description\" content=\"LETHIGUEL fournit des syst\u00e8mes de refroidissement pour fonderie ainsi que des contr\u00f4leurs de la qualit\u00e9 d&#039;eau sur adoucisseur. Contactez-nous pour des d\u00e9tails.\" \/>\n<meta name=\"robots\" content=\"index, follow, max-snippet:-1, max-image-preview:large, max-video-preview:-1\" \/>\n<link rel=\"canonical\" href=\"https:\/\/lethiguel.com\/fr\/spotcool-mini-water-check.html\" \/>\n<meta property=\"og:locale\" content=\"fr_FR\" \/>\n<meta property=\"og:type\" content=\"article\" \/>\n<meta property=\"og:title\" content=\"Lethiguel\" \/>\n<meta property=\"og:description\" content=\"LETHIGUEL fournit des syst\u00e8mes de refroidissement pour fonderie ainsi que des contr\u00f4leurs de la qualit\u00e9 d&#039;eau sur adoucisseur. Contactez-nous pour des d\u00e9tails.\" \/>\n<meta property=\"og:url\" content=\"https:\/\/lethiguel.com\/fr\/spotcool-mini-water-check.html\" \/>\n<meta property=\"og:site_name\" content=\"Lethiguel Fran\u00e7ais\" \/>\n<meta property=\"article:modified_time\" content=\"2025-05-30T12:41:39+00:00\" \/>\n<meta name=\"twitter:card\" content=\"summary_large_image\" \/>\n<meta name=\"twitter:label1\" content=\"Dur\u00e9e de lecture estim\u00e9e\" \/>\n\t<meta name=\"twitter:data1\" content=\"1 minute\" \/>\n<script type=\"application\/ld+json\" class=\"yoast-schema-graph\">{\"@context\":\"https:\\\/\\\/schema.org\",\"@graph\":[{\"@type\":\"WebPage\",\"@id\":\"https:\\\/\\\/lethiguel.com\\\/fr\\\/spotcool-mini-water-check.html\",\"url\":\"https:\\\/\\\/lethiguel.com\\\/fr\\\/spotcool-mini-water-check.html\",\"name\":\"Lethiguel\",\"isPartOf\":{\"@id\":\"https:\\\/\\\/lethiguel.com\\\/fr\\\/#website\"},\"datePublished\":\"2019-06-19T13:25:37+00:00\",\"dateModified\":\"2025-05-30T12:41:39+00:00\",\"description\":\"LETHIGUEL fournit des syst\u00e8mes de refroidissement pour fonderie ainsi que des contr\u00f4leurs de la qualit\u00e9 d'eau sur adoucisseur. Contactez-nous pour des d\u00e9tails.\",\"breadcrumb\":{\"@id\":\"https:\\\/\\\/lethiguel.com\\\/fr\\\/spotcool-mini-water-check.html#breadcrumb\"},\"inLanguage\":\"fr-FR\",\"potentialAction\":[{\"@type\":\"ReadAction\",\"target\":[\"https:\\\/\\\/lethiguel.com\\\/fr\\\/spotcool-mini-water-check.html\"]}]},{\"@type\":\"BreadcrumbList\",\"@id\":\"https:\\\/\\\/lethiguel.com\\\/fr\\\/spotcool-mini-water-check.html#breadcrumb\",\"itemListElement\":[{\"@type\":\"ListItem\",\"position\":1,\"name\":\"Accueil\",\"item\":\"https:\\\/\\\/lethiguel.com\\\/fr\\\/\"},{\"@type\":\"ListItem\",\"position\":2,\"name\":\"SpotCool Mini Water Check\"}]},{\"@type\":\"WebSite\",\"@id\":\"https:\\\/\\\/lethiguel.com\\\/fr\\\/#website\",\"url\":\"https:\\\/\\\/lethiguel.com\\\/fr\\\/\",\"name\":\"Lethiguel Fran\u00e7ais\",\"description\":\"Heating and cooling solutions\",\"potentialAction\":[{\"@type\":\"SearchAction\",\"target\":{\"@type\":\"EntryPoint\",\"urlTemplate\":\"https:\\\/\\\/lethiguel.com\\\/fr\\\/?s={search_term_string}\"},\"query-input\":{\"@type\":\"PropertyValueSpecification\",\"valueRequired\":true,\"valueName\":\"search_term_string\"}}],\"inLanguage\":\"fr-FR\"}]}<\/script>\n<!-- \/ Yoast SEO plugin. -->","yoast_head_json":{"title":"Lethiguel","description":"LETHIGUEL fournit des syst\u00e8mes de refroidissement pour fonderie ainsi que des contr\u00f4leurs de la qualit\u00e9 d'eau sur adoucisseur. Contactez-nous pour des d\u00e9tails.","robots":{"index":"index","follow":"follow","max-snippet":"max-snippet:-1","max-image-preview":"max-image-preview:large","max-video-preview":"max-video-preview:-1"},"canonical":"https:\/\/lethiguel.com\/fr\/spotcool-mini-water-check.html","og_locale":"fr_FR","og_type":"article","og_title":"Lethiguel","og_description":"LETHIGUEL fournit des syst\u00e8mes de refroidissement pour fonderie ainsi que des contr\u00f4leurs de la qualit\u00e9 d'eau sur adoucisseur. Contactez-nous pour des d\u00e9tails.","og_url":"https:\/\/lethiguel.com\/fr\/spotcool-mini-water-check.html","og_site_name":"Lethiguel Fran\u00e7ais","article_modified_time":"2025-05-30T12:41:39+00:00","twitter_card":"summary_large_image","twitter_misc":{"Dur\u00e9e de lecture estim\u00e9e":"1 minute"},"schema":{"@context":"https:\/\/schema.org","@graph":[{"@type":"WebPage","@id":"https:\/\/lethiguel.com\/fr\/spotcool-mini-water-check.html","url":"https:\/\/lethiguel.com\/fr\/spotcool-mini-water-check.html","name":"Lethiguel","isPartOf":{"@id":"https:\/\/lethiguel.com\/fr\/#website"},"datePublished":"2019-06-19T13:25:37+00:00","dateModified":"2025-05-30T12:41:39+00:00","description":"LETHIGUEL fournit des syst\u00e8mes de refroidissement pour fonderie ainsi que des contr\u00f4leurs de la qualit\u00e9 d'eau sur adoucisseur. Contactez-nous pour des d\u00e9tails.","breadcrumb":{"@id":"https:\/\/lethiguel.com\/fr\/spotcool-mini-water-check.html#breadcrumb"},"inLanguage":"fr-FR","potentialAction":[{"@type":"ReadAction","target":["https:\/\/lethiguel.com\/fr\/spotcool-mini-water-check.html"]}]},{"@type":"BreadcrumbList","@id":"https:\/\/lethiguel.com\/fr\/spotcool-mini-water-check.html#breadcrumb","itemListElement":[{"@type":"ListItem","position":1,"name":"Accueil","item":"https:\/\/lethiguel.com\/fr\/"},{"@type":"ListItem","position":2,"name":"SpotCool Mini Water Check"}]},{"@type":"WebSite","@id":"https:\/\/lethiguel.com\/fr\/#website","url":"https:\/\/lethiguel.com\/fr\/","name":"Lethiguel Fran\u00e7ais","description":"Heating and cooling solutions","potentialAction":[{"@type":"SearchAction","target":{"@type":"EntryPoint","urlTemplate":"https:\/\/lethiguel.com\/fr\/?s={search_term_string}"},"query-input":{"@type":"PropertyValueSpecification","valueRequired":true,"valueName":"search_term_string"}}],"inLanguage":"fr-FR"}]}},"_links":{"self":[{"href":"https:\/\/lethiguel.com\/fr\/wp-json\/wp\/v2\/pages\/225","targetHints":{"allow":["GET"]}}],"collection":[{"href":"https:\/\/lethiguel.com\/fr\/wp-json\/wp\/v2\/pages"}],"about":[{"href":"https:\/\/lethiguel.com\/fr\/wp-json\/wp\/v2\/types\/page"}],"author":[{"embeddable":true,"href":"https:\/\/lethiguel.com\/fr\/wp-json\/wp\/v2\/users\/1"}],"replies":[{"embeddable":true,"href":"https:\/\/lethiguel.com\/fr\/wp-json\/wp\/v2\/comments?post=225"}],"version-history":[{"count":18,"href":"https:\/\/lethiguel.com\/fr\/wp-json\/wp\/v2\/pages\/225\/revisions"}],"predecessor-version":[{"id":2200,"href":"https:\/\/lethiguel.com\/fr\/wp-json\/wp\/v2\/pages\/225\/revisions\/2200"}],"wp:attachment":[{"href":"https:\/\/lethiguel.com\/fr\/wp-json\/wp\/v2\/media?parent=225"}],"curies":[{"name":"wp","href":"https:\/\/api.w.org\/{rel}","templated":true}]}}