{"id":249,"date":"2019-06-19T15:55:24","date_gmt":"2019-06-19T13:55:24","guid":{"rendered":"https:\/\/lethiguel.com\/fr\/?page_id=249"},"modified":"2025-05-30T14:32:19","modified_gmt":"2025-05-30T12:32:19","slug":"solution-refroidissement-jet-cooler","status":"publish","type":"page","link":"https:\/\/lethiguel.com\/fr\/solution-refroidissement-jet-cooler.html","title":{"rendered":"Solution de refroidissement Jet cooler"},"content":{"rendered":"<section class=\"wpb-content-wrapper\"><p>[vc_row type=\u00a0\u00bbvc_default\u00a0\u00bb content_placement=\u00a0\u00bbmiddle\u00a0\u00bb el_class=\u00a0\u00bbbloc-article\u00a0\u00bb][vc_column width=\u00a0\u00bb1\/3&Prime; el_class=\u00a0\u00bbtexteblanc bloc-text-bloc-article\u00a0\u00bb][vc_column_text css=\u00a0\u00bb.vc_custom_1575641958853{padding-top: 20px !important;padding-right: 20px !important;padding-bottom: 20px !important;padding-left: 20px !important;background-color: #313131 !important;}\u00a0\u00bb]<\/p>\n<h3 class=\"avantages\">Coupleurs<\/h3>\n<ul>\n<li>R\u00e9f : AH-CO-P4-01MOF &#8211; 1 pi\u00e8ce &#8211; Raccord pour tube fluor \u00d84<\/li>\n<li>R\u00e9f : AH-CO-P6-01MS-OF &#8211; 1 pi\u00e8ce &#8211; Raccord pour tube fluor \u00d86<\/li>\n<\/ul>\n<h3 class=\"avantages\">Joint torique<\/h3>\n<p>R\u00e9f : AH-CO-P7 &#8211; 100 pi\u00e8ces &#8211; Joint torique pour Jet Cooler[\/vc_column_text][vc_column_text css_animation=\u00a0\u00bbappear\u00a0\u00bb css=\u00a0\u00bb.vc_custom_1575642103669{margin-top: -40px !important;padding-top: 20px !important;padding-right: 20px !important;padding-bottom: 20px !important;padding-left: 20px !important;background-color: #009fe3 !important;}\u00a0\u00bb]<\/p>\n<h3><b>V\u00e9rin rotatif isol\u00e9 Jet Cooler<\/b><\/h3>\n<p>Les nouveaux v\u00e9rins rotatifs Jet Cooler JC-HST et JC-HSR permettent d&rsquo;extraire le tube dans un sens flexible, gr\u00e2ce aux t\u00eates rotatives respectives. Ces JC peuvent \u00eatre fix\u00e9s \u00e0 une fili\u00e8re \u00e0 l&rsquo;aide de tubes de connexion, et comme la base de la t\u00eate est de forme semi-circulaire, le pas d&rsquo;installation est r\u00e9duit. Les deux types sont disponibles en \u00d84, 6, 8 et 10mm, et en longueur maximale de 1000mm.[\/vc_column_text][\/vc_column][vc_column width=\u00a0\u00bb2\/3&Prime; animation=\u00a0\u00bbfadeInRight\u00a0\u00bb el_class=\u00a0\u00bbbloc-img-bloc-article\u00a0\u00bb][vc_single_image image=\u00a0\u00bb1667&Prime; img_size=\u00a0\u00bbfull\u00a0\u00bb alignment=\u00a0\u00bbcenter\u00a0\u00bb][\/vc_column][\/vc_row][vc_row][vc_column animation=\u00a0\u00bbfadeInUp\u00a0\u00bb][vc_separator][vc_row_inner][vc_column_inner width=\u00a0\u00bb1\/2&Prime;][vc_column_text]<strong>JC &#8211; KRM<\/strong>[\/vc_column_text][vc_single_image image=\u00a0\u00bb1270&Prime; img_size=\u00a0\u00bb400&#215;300&Prime; css=\u00a0\u00bb.vc_custom_1593072252690{margin-top: -60px !important;margin-left: -30px !important;}\u00a0\u00bb][vc_column_text css=\u00a0\u00bb.vc_custom_1593072403412{margin-top: -70px !important;}\u00a0\u00bb]V\u00e9rin rotatif Jet Cooler[\/vc_column_text][\/vc_column_inner][vc_column_inner width=\u00a0\u00bb1\/2&Prime;][vc_column_text]<strong>JC &#8211; HSR<\/strong>[\/vc_column_text][vc_single_image image=\u00a0\u00bb1665&Prime; img_size=\u00a0\u00bbfull\u00a0\u00bb css=\u00a0\u00bb.vc_custom_1593072324822{margin-left: -40px !important;}\u00a0\u00bb][vc_column_text css=\u00a0\u00bb.vc_custom_1593072529697{margin-top: -10px !important;}\u00a0\u00bb]V\u00e9rin rotatif isol\u00e9 Jet Cooler<\/p>\n<p><strong>Permettre un remplacement sans enlever le Jet Cooler de fili\u00e8re.<\/strong>[\/vc_column_text][\/vc_column_inner][\/vc_row_inner][\/vc_column][\/vc_row][vc_row type=\u00a0\u00bbvc_default\u00a0\u00bb content_placement=\u00a0\u00bbmiddle\u00a0\u00bb css_animation=\u00a0\u00bbfadeInLeft\u00a0\u00bb][vc_column][vc_separator][vc_column_text css=\u00a0\u00bb.vc_custom_1593072051692{margin-top: 30px !important;}\u00a0\u00bb]Premi\u00e8re entreprise \u00e0 avoir import\u00e9 de la technologie sur le march\u00e9 europ\u00e9en, Lethiguel s&rsquo;est forg\u00e9e un solide savoir-faire en mati\u00e8re de proc\u00e9d\u00e9s thermiques dans la coul\u00e9e sous pression de m\u00e9taux non ferreux et propose des solutions cl\u00e9s en main depuis plus de quarante ans maintenant.[\/vc_column_text][vc_row_inner][vc_column_inner width=\u00a0\u00bb1\/2&Prime;][vc_single_image image=\u00a0\u00bb1272&Prime; img_size=\u00a0\u00bbfull\u00a0\u00bb alignment=\u00a0\u00bbcenter\u00a0\u00bb][\/vc_column_inner][vc_column_inner width=\u00a0\u00bb1\/2&Prime;][vc_single_image image=\u00a0\u00bb1271&Prime; img_size=\u00a0\u00bbfull\u00a0\u00bb alignment=\u00a0\u00bbcenter\u00a0\u00bb][\/vc_column_inner][\/vc_row_inner][\/vc_column][\/vc_row][vc_row animation=\u00a0\u00bbfadeInRight\u00a0\u00bb][vc_column][vc_column_text css=\u00a0\u00bb.vc_custom_1593072059369{margin-top: 30px !important;}\u00a0\u00bb]Notre bureau d&rsquo;\u00e9tudes travaille aux c\u00f4t\u00e9s de nos clients pour d\u00e9velopper la bonne solution pour la bonne application. En tant qu&rsquo;inventeur historique du circuit ferm\u00e9 Jet Cooling. Gr\u00e2ce \u00e0 notre grande compr\u00e9hension du processus de refroidissement, nous am\u00e9liorons et optimisons toutes les applications de coul\u00e9e. En tant que partenaire proche de Ahresty Techno Service Corporation, notre \u00e9quipe de fabrication a \u00e9t\u00e9 form\u00e9e au Japon, afin de s&rsquo;assurer que nous r\u00e9pondons aux exigences de qualit\u00e9 requises pour toute l&rsquo;application Jet Cooling.[\/vc_column_text][vc_single_image image=\u00a0\u00bb1666&Prime; img_size=\u00a0\u00bbfull\u00a0\u00bb alignment=\u00a0\u00bbcenter\u00a0\u00bb][vc_empty_space][vc_separator][\/vc_column][\/vc_row][vc_row][vc_column][vc_btn title=\u00a0\u00bbContactez nous\u00a0\u00bb style=\u00a0\u00bbcustom\u00a0\u00bb custom_background=\u00a0\u00bb#009fe3&Prime; custom_text=\u00a0\u00bb#ffffff\u00a0\u00bb size=\u00a0\u00bblg\u00a0\u00bb align=\u00a0\u00bbcenter\u00a0\u00bb link=\u00a0\u00bburl:https%3A%2F%2Flethiguel.com\/fr%2Fcontact.html|title:Contact||\u00a0\u00bb][\/vc_column][\/vc_row]<\/p>\n<\/section>","protected":false},"excerpt":{"rendered":"<p>[vc_row type=\u00a0\u00bbvc_default\u00a0\u00bb content_placement=\u00a0\u00bbmiddle\u00a0\u00bb el_class=\u00a0\u00bbbloc-article\u00a0\u00bb][vc_column width=\u00a0\u00bb1\/3&Prime; el_class=\u00a0\u00bbtexteblanc bloc-text-bloc-article\u00a0\u00bb][vc_column_text css=\u00a0\u00bb.vc_custom_1575641958853{padding-top: 20px !important;padding-right: 20px !important;padding-bottom: 20px !important;padding-left: 20px !important;background-color: #313131 !important;}\u00a0\u00bb] Coupleurs R\u00e9f : AH-CO-P4-01MOF &#8211; 1 pi\u00e8ce &#8211; Raccord pour tube fluor \u00d84 R\u00e9f : AH-CO-P6-01MS-OF &#8211; 1 pi\u00e8ce &#8211; Raccord pour tube fluor \u00d86 Joint torique R\u00e9f : AH-CO-P7 &#8211; 100 pi\u00e8ces &#8211; Joint torique pour&hellip;<\/p>\n","protected":false},"author":1,"featured_media":0,"parent":0,"menu_order":0,"comment_status":"closed","ping_status":"closed","template":"","meta":{"footnotes":""},"class_list":["post-249","page","type-page","status-publish","hentry","description-off"],"yoast_head":"<!-- This site is optimized with the Yoast SEO plugin v27.4 - https:\/\/yoast.com\/product\/yoast-seo-wordpress\/ -->\n<title>Lethiguel<\/title>\n<meta name=\"description\" content=\"LETHIGUEL fournit des syst\u00e8mes de refroidissement de m\u00e9taux pour coul\u00e9e sous pression. Contactez-nous pour en savoir plus sur la solution Jet Cooler.\" \/>\n<meta name=\"robots\" content=\"index, follow, max-snippet:-1, max-image-preview:large, max-video-preview:-1\" \/>\n<link rel=\"canonical\" href=\"https:\/\/lethiguel.com\/fr\/solution-refroidissement-jet-cooler.html\" \/>\n<meta property=\"og:locale\" content=\"fr_FR\" \/>\n<meta property=\"og:type\" content=\"article\" \/>\n<meta property=\"og:title\" content=\"Lethiguel\" \/>\n<meta property=\"og:description\" content=\"LETHIGUEL fournit des syst\u00e8mes de refroidissement de m\u00e9taux pour coul\u00e9e sous pression. Contactez-nous pour en savoir plus sur la solution Jet Cooler.\" \/>\n<meta property=\"og:url\" content=\"https:\/\/lethiguel.com\/fr\/solution-refroidissement-jet-cooler.html\" \/>\n<meta property=\"og:site_name\" content=\"Lethiguel Fran\u00e7ais\" \/>\n<meta property=\"article:modified_time\" content=\"2025-05-30T12:32:19+00:00\" \/>\n<meta name=\"twitter:card\" content=\"summary_large_image\" \/>\n<meta name=\"twitter:label1\" content=\"Dur\u00e9e de lecture estim\u00e9e\" \/>\n\t<meta name=\"twitter:data1\" content=\"2 minutes\" \/>\n<script type=\"application\/ld+json\" class=\"yoast-schema-graph\">{\"@context\":\"https:\\\/\\\/schema.org\",\"@graph\":[{\"@type\":\"WebPage\",\"@id\":\"https:\\\/\\\/lethiguel.com\\\/fr\\\/solution-refroidissement-jet-cooler.html\",\"url\":\"https:\\\/\\\/lethiguel.com\\\/fr\\\/solution-refroidissement-jet-cooler.html\",\"name\":\"Lethiguel\",\"isPartOf\":{\"@id\":\"https:\\\/\\\/lethiguel.com\\\/fr\\\/#website\"},\"datePublished\":\"2019-06-19T13:55:24+00:00\",\"dateModified\":\"2025-05-30T12:32:19+00:00\",\"description\":\"LETHIGUEL fournit des syst\u00e8mes de refroidissement de m\u00e9taux pour coul\u00e9e sous pression. Contactez-nous pour en savoir plus sur la solution Jet Cooler.\",\"breadcrumb\":{\"@id\":\"https:\\\/\\\/lethiguel.com\\\/fr\\\/solution-refroidissement-jet-cooler.html#breadcrumb\"},\"inLanguage\":\"fr-FR\",\"potentialAction\":[{\"@type\":\"ReadAction\",\"target\":[\"https:\\\/\\\/lethiguel.com\\\/fr\\\/solution-refroidissement-jet-cooler.html\"]}]},{\"@type\":\"BreadcrumbList\",\"@id\":\"https:\\\/\\\/lethiguel.com\\\/fr\\\/solution-refroidissement-jet-cooler.html#breadcrumb\",\"itemListElement\":[{\"@type\":\"ListItem\",\"position\":1,\"name\":\"Accueil\",\"item\":\"https:\\\/\\\/lethiguel.com\\\/fr\\\/\"},{\"@type\":\"ListItem\",\"position\":2,\"name\":\"Solution de refroidissement Jet cooler\"}]},{\"@type\":\"WebSite\",\"@id\":\"https:\\\/\\\/lethiguel.com\\\/fr\\\/#website\",\"url\":\"https:\\\/\\\/lethiguel.com\\\/fr\\\/\",\"name\":\"Lethiguel Fran\u00e7ais\",\"description\":\"Heating and cooling solutions\",\"potentialAction\":[{\"@type\":\"SearchAction\",\"target\":{\"@type\":\"EntryPoint\",\"urlTemplate\":\"https:\\\/\\\/lethiguel.com\\\/fr\\\/?s={search_term_string}\"},\"query-input\":{\"@type\":\"PropertyValueSpecification\",\"valueRequired\":true,\"valueName\":\"search_term_string\"}}],\"inLanguage\":\"fr-FR\"}]}<\/script>\n<!-- \/ Yoast SEO plugin. -->","yoast_head_json":{"title":"Lethiguel","description":"LETHIGUEL fournit des syst\u00e8mes de refroidissement de m\u00e9taux pour coul\u00e9e sous pression. Contactez-nous pour en savoir plus sur la solution Jet Cooler.","robots":{"index":"index","follow":"follow","max-snippet":"max-snippet:-1","max-image-preview":"max-image-preview:large","max-video-preview":"max-video-preview:-1"},"canonical":"https:\/\/lethiguel.com\/fr\/solution-refroidissement-jet-cooler.html","og_locale":"fr_FR","og_type":"article","og_title":"Lethiguel","og_description":"LETHIGUEL fournit des syst\u00e8mes de refroidissement de m\u00e9taux pour coul\u00e9e sous pression. Contactez-nous pour en savoir plus sur la solution Jet Cooler.","og_url":"https:\/\/lethiguel.com\/fr\/solution-refroidissement-jet-cooler.html","og_site_name":"Lethiguel Fran\u00e7ais","article_modified_time":"2025-05-30T12:32:19+00:00","twitter_card":"summary_large_image","twitter_misc":{"Dur\u00e9e de lecture estim\u00e9e":"2 minutes"},"schema":{"@context":"https:\/\/schema.org","@graph":[{"@type":"WebPage","@id":"https:\/\/lethiguel.com\/fr\/solution-refroidissement-jet-cooler.html","url":"https:\/\/lethiguel.com\/fr\/solution-refroidissement-jet-cooler.html","name":"Lethiguel","isPartOf":{"@id":"https:\/\/lethiguel.com\/fr\/#website"},"datePublished":"2019-06-19T13:55:24+00:00","dateModified":"2025-05-30T12:32:19+00:00","description":"LETHIGUEL fournit des syst\u00e8mes de refroidissement de m\u00e9taux pour coul\u00e9e sous pression. Contactez-nous pour en savoir plus sur la solution Jet Cooler.","breadcrumb":{"@id":"https:\/\/lethiguel.com\/fr\/solution-refroidissement-jet-cooler.html#breadcrumb"},"inLanguage":"fr-FR","potentialAction":[{"@type":"ReadAction","target":["https:\/\/lethiguel.com\/fr\/solution-refroidissement-jet-cooler.html"]}]},{"@type":"BreadcrumbList","@id":"https:\/\/lethiguel.com\/fr\/solution-refroidissement-jet-cooler.html#breadcrumb","itemListElement":[{"@type":"ListItem","position":1,"name":"Accueil","item":"https:\/\/lethiguel.com\/fr\/"},{"@type":"ListItem","position":2,"name":"Solution de refroidissement Jet cooler"}]},{"@type":"WebSite","@id":"https:\/\/lethiguel.com\/fr\/#website","url":"https:\/\/lethiguel.com\/fr\/","name":"Lethiguel Fran\u00e7ais","description":"Heating and cooling solutions","potentialAction":[{"@type":"SearchAction","target":{"@type":"EntryPoint","urlTemplate":"https:\/\/lethiguel.com\/fr\/?s={search_term_string}"},"query-input":{"@type":"PropertyValueSpecification","valueRequired":true,"valueName":"search_term_string"}}],"inLanguage":"fr-FR"}]}},"_links":{"self":[{"href":"https:\/\/lethiguel.com\/fr\/wp-json\/wp\/v2\/pages\/249","targetHints":{"allow":["GET"]}}],"collection":[{"href":"https:\/\/lethiguel.com\/fr\/wp-json\/wp\/v2\/pages"}],"about":[{"href":"https:\/\/lethiguel.com\/fr\/wp-json\/wp\/v2\/types\/page"}],"author":[{"embeddable":true,"href":"https:\/\/lethiguel.com\/fr\/wp-json\/wp\/v2\/users\/1"}],"replies":[{"embeddable":true,"href":"https:\/\/lethiguel.com\/fr\/wp-json\/wp\/v2\/comments?post=249"}],"version-history":[{"count":24,"href":"https:\/\/lethiguel.com\/fr\/wp-json\/wp\/v2\/pages\/249\/revisions"}],"predecessor-version":[{"id":2195,"href":"https:\/\/lethiguel.com\/fr\/wp-json\/wp\/v2\/pages\/249\/revisions\/2195"}],"wp:attachment":[{"href":"https:\/\/lethiguel.com\/fr\/wp-json\/wp\/v2\/media?parent=249"}],"curies":[{"name":"wp","href":"https:\/\/api.w.org\/{rel}","templated":true}]}}