{"id":255,"date":"2019-06-19T16:31:30","date_gmt":"2019-06-19T14:31:30","guid":{"rendered":"https:\/\/lethiguel.com\/fr\/?page_id=255"},"modified":"2025-05-30T14:07:57","modified_gmt":"2025-05-30T12:07:57","slug":"broche-jet-cooler","status":"publish","type":"page","link":"https:\/\/lethiguel.com\/fr\/broche-jet-cooler.html","title":{"rendered":"Broche pour Jet Cooler"},"content":{"rendered":"<section class=\"wpb-content-wrapper\"><p>[vc_row type=\u00a0\u00bbvc_default\u00a0\u00bb content_placement=\u00a0\u00bbmiddle\u00a0\u00bb][vc_column width=\u00a0\u00bb1\/3&Prime; el_class=\u00a0\u00bbtexteblanc bloc-text-bloc-article\u00a0\u00bb][vc_column_text css=\u00a0\u00bb.vc_custom_1596116572657{padding-top: 20px !important;padding-right: 20px !important;padding-bottom: 20px !important;padding-left: 20px !important;background-color: #313131 !important;}\u00a0\u00bb]Comme l\u2019efficacit\u00e9 de\u00a0<a href=\"https:\/\/lethiguel.com\/fr\/jet-cooler.html\">Jet Cooling<\/a>\u00a0repose sur sa capacit\u00e9 \u00e0 atteindre les points chauds de la matrice, les broches de noyau doivent \u00eatre correctement con\u00e7ues et fabriqu\u00e9es. Lethiguel fournit des\u00a0broches\u00a0\u00e0 la pointe de la technologie, avec un large panel de traitement de surface qui assure la meilleure dur\u00e9e de vie possible.[\/vc_column_text][\/vc_column][vc_column width=\u00a0\u00bb2\/3&Prime; el_class=\u00a0\u00bbbloc-img-bloc-article\u00a0\u00bb][vc_single_image image=\u00a0\u00bb1848&Prime; img_size=\u00a0\u00bbfull\u00a0\u00bb alignment=\u00a0\u00bbcenter\u00a0\u00bb css_animation=\u00a0\u00bbfadeInRight\u00a0\u00bb][\/vc_column][\/vc_row][vc_row][vc_column][vc_separator][\/vc_column][\/vc_row][vc_row animation=\u00a0\u00bbfadeInLeft\u00a0\u00bb][vc_column width=\u00a0\u00bb1\/2&Prime;][vc_column_text]<\/p>\n<h4 style=\"text-align: center;\">Gas nitrided (Gris)<\/h4>\n<p>[\/vc_column_text][\/vc_column][vc_column width=\u00a0\u00bb1\/2&Prime;][vc_column_text]<strong>Traitement de surface<\/strong><\/p>\n<ul>\n<li>Surface en acier tremp\u00e9<\/li>\n<li>Obligation g\u00e9n\u00e9rale<\/li>\n<li>\u00c0 bas prix<\/li>\n<\/ul>\n<p>[\/vc_column_text][\/vc_column][\/vc_row][vc_row animation=\u00a0\u00bbfadeInLeft\u00a0\u00bb][vc_column][vc_separator][\/vc_column][\/vc_row][vc_row animation=\u00a0\u00bbfadeInLeft\u00a0\u00bb][vc_column width=\u00a0\u00bb1\/2&Prime;][vc_column_text]<\/p>\n<h4 style=\"text-align: center;\">\u00abCascoat\u00bb TiN (or)<\/h4>\n<p>[\/vc_column_text][\/vc_column][vc_column width=\u00a0\u00bb1\/2&Prime;][vc_column_text]<strong>Traitement de surface<\/strong><\/p>\n<ul>\n<li>Proc\u00e9d\u00e9 PCVD, temp\u00e9rature d&rsquo;oxydation 500 \u00b0 C<\/li>\n<li>Protection contre la soudure et l&rsquo;\u00e9rosion<\/li>\n<li>Co\u00fbt moyen<\/li>\n<\/ul>\n<p>[\/vc_column_text][\/vc_column][\/vc_row][vc_row animation=\u00a0\u00bbfadeInLeft\u00a0\u00bb][vc_column][vc_separator][\/vc_column][\/vc_row][vc_row animation=\u00a0\u00bbfadeInLeft\u00a0\u00bb][vc_column width=\u00a0\u00bb1\/2&Prime;][vc_column_text]<\/p>\n<h4 style=\"text-align: center;\">TD-VC (Gris)<\/h4>\n<p>[\/vc_column_text][\/vc_column][vc_column width=\u00a0\u00bb1\/2&Prime;][vc_column_text]<strong>Traitement de surface<\/strong><\/p>\n<ul>\n<li>Processus de diffusion thermique<\/li>\n<li>Rev\u00eatement en carbure de vanadium<\/li>\n<li>Co\u00fbt moyen<\/li>\n<\/ul>\n<p>[\/vc_column_text][\/vc_column][\/vc_row][vc_row animation=\u00a0\u00bbfadeInLeft\u00a0\u00bb][vc_column][vc_separator][\/vc_column][\/vc_row][vc_row animation=\u00a0\u00bbfadeInLeft\u00a0\u00bb][vc_column width=\u00a0\u00bb1\/2&Prime;][vc_column_text]<\/p>\n<h4 style=\"text-align: center;\">PCVD-TlAiN (Noir)<\/h4>\n<p>[\/vc_column_text][\/vc_column][vc_column width=\u00a0\u00bb1\/2&Prime;][vc_column_text]<strong>Traitement de surface<\/strong><\/p>\n<ul>\n<li>Temp\u00e9rature d&rsquo;oxydation 700 \u00b0 C<\/li>\n<li>Meilleure protection contre la soudure et l&rsquo;\u00e9rosion<\/li>\n<li>Co\u00fbt plus \u00e9lev\u00e9<\/li>\n<\/ul>\n<p>[\/vc_column_text][\/vc_column][\/vc_row][vc_row animation=\u00a0\u00bbfadeInLeft\u00a0\u00bb][vc_column][vc_separator][\/vc_column][\/vc_row][vc_row animation=\u00a0\u00bbfadeInLeft\u00a0\u00bb][vc_column width=\u00a0\u00bb1\/2&Prime;][vc_column_text]<\/p>\n<h4 style=\"text-align: center;\">P20 (Violet)<\/h4>\n<p>[\/vc_column_text][\/vc_column][vc_column width=\u00a0\u00bb1\/2&Prime;][vc_column_text]<strong>Traitement de surface<\/strong><\/p>\n<ul>\n<li>Meilleure propri\u00e9t\u00e9 anti-oxydation, temp\u00e9rature sup\u00e9rieure \u00e0 700 \u00b0 C<\/li>\n<li>Film multicouche et bonne adh\u00e9sivit\u00e9<\/li>\n<li>Co\u00fbt plus \u00e9lev\u00e9<\/li>\n<\/ul>\n<p>[\/vc_column_text][\/vc_column][\/vc_row][vc_row][vc_column][vc_single_image image=\u00a0\u00bb1849&Prime; img_size=\u00a0\u00bbfull\u00a0\u00bb css_animation=\u00a0\u00bbfadeInLeft\u00a0\u00bb][\/vc_column][\/vc_row][vc_row][vc_column][vc_btn title=\u00a0\u00bbContactez nous\u00a0\u00bb style=\u00a0\u00bbcustom\u00a0\u00bb custom_background=\u00a0\u00bb#009fe3&Prime; custom_text=\u00a0\u00bb#ffffff\u00a0\u00bb size=\u00a0\u00bblg\u00a0\u00bb align=\u00a0\u00bbcenter\u00a0\u00bb link=\u00a0\u00bburl:https%3A%2F%2Flethiguel.com%2Ffr%2Fcontact.html|title:Contact||\u00a0\u00bb][\/vc_column][\/vc_row]<\/p>\n<\/section>","protected":false},"excerpt":{"rendered":"<p>[vc_row type=\u00a0\u00bbvc_default\u00a0\u00bb content_placement=\u00a0\u00bbmiddle\u00a0\u00bb][vc_column width=\u00a0\u00bb1\/3&Prime; el_class=\u00a0\u00bbtexteblanc bloc-text-bloc-article\u00a0\u00bb][vc_column_text css=\u00a0\u00bb.vc_custom_1596116572657{padding-top: 20px !important;padding-right: 20px !important;padding-bottom: 20px !important;padding-left: 20px !important;background-color: #313131 !important;}\u00a0\u00bb]Comme l\u2019efficacit\u00e9 de\u00a0Jet Cooling\u00a0repose sur sa capacit\u00e9 \u00e0 atteindre les points chauds de la matrice, les broches de noyau doivent \u00eatre correctement con\u00e7ues et fabriqu\u00e9es. Lethiguel fournit des\u00a0broches\u00a0\u00e0 la pointe de la technologie, avec un large panel de traitement&hellip;<\/p>\n","protected":false},"author":1,"featured_media":0,"parent":0,"menu_order":0,"comment_status":"closed","ping_status":"closed","template":"","meta":{"footnotes":""},"class_list":["post-255","page","type-page","status-publish","hentry","description-off"],"yoast_head":"<!-- This site is optimized with the Yoast SEO plugin v27.4 - https:\/\/yoast.com\/product\/yoast-seo-wordpress\/ -->\n<title>Lethiguel<\/title>\n<meta name=\"description\" content=\"LETHIGUEL vous fournit des accessoires tels que les broches pour le syst\u00e8me de refroidissement Jet Cooling. Consultez-nous pour en savoir plus.\" \/>\n<meta name=\"robots\" content=\"index, follow, max-snippet:-1, max-image-preview:large, max-video-preview:-1\" \/>\n<link rel=\"canonical\" href=\"https:\/\/lethiguel.com\/fr\/broche-jet-cooler.html\" \/>\n<meta property=\"og:locale\" content=\"fr_FR\" \/>\n<meta property=\"og:type\" content=\"article\" \/>\n<meta property=\"og:title\" content=\"Lethiguel\" \/>\n<meta property=\"og:description\" content=\"LETHIGUEL vous fournit des accessoires tels que les broches pour le syst\u00e8me de refroidissement Jet Cooling. Consultez-nous pour en savoir plus.\" \/>\n<meta property=\"og:url\" content=\"https:\/\/lethiguel.com\/fr\/broche-jet-cooler.html\" \/>\n<meta property=\"og:site_name\" content=\"Lethiguel Fran\u00e7ais\" \/>\n<meta property=\"article:modified_time\" content=\"2025-05-30T12:07:57+00:00\" \/>\n<meta name=\"twitter:card\" content=\"summary_large_image\" \/>\n<meta name=\"twitter:label1\" content=\"Dur\u00e9e de lecture estim\u00e9e\" \/>\n\t<meta name=\"twitter:data1\" content=\"2 minutes\" \/>\n<script type=\"application\/ld+json\" class=\"yoast-schema-graph\">{\"@context\":\"https:\\\/\\\/schema.org\",\"@graph\":[{\"@type\":\"WebPage\",\"@id\":\"https:\\\/\\\/lethiguel.com\\\/fr\\\/broche-jet-cooler.html\",\"url\":\"https:\\\/\\\/lethiguel.com\\\/fr\\\/broche-jet-cooler.html\",\"name\":\"Lethiguel\",\"isPartOf\":{\"@id\":\"https:\\\/\\\/lethiguel.com\\\/fr\\\/#website\"},\"datePublished\":\"2019-06-19T14:31:30+00:00\",\"dateModified\":\"2025-05-30T12:07:57+00:00\",\"description\":\"LETHIGUEL vous fournit des accessoires tels que les broches pour le syst\u00e8me de refroidissement Jet Cooling. Consultez-nous pour en savoir plus.\",\"breadcrumb\":{\"@id\":\"https:\\\/\\\/lethiguel.com\\\/fr\\\/broche-jet-cooler.html#breadcrumb\"},\"inLanguage\":\"fr-FR\",\"potentialAction\":[{\"@type\":\"ReadAction\",\"target\":[\"https:\\\/\\\/lethiguel.com\\\/fr\\\/broche-jet-cooler.html\"]}]},{\"@type\":\"BreadcrumbList\",\"@id\":\"https:\\\/\\\/lethiguel.com\\\/fr\\\/broche-jet-cooler.html#breadcrumb\",\"itemListElement\":[{\"@type\":\"ListItem\",\"position\":1,\"name\":\"Accueil\",\"item\":\"https:\\\/\\\/lethiguel.com\\\/fr\\\/\"},{\"@type\":\"ListItem\",\"position\":2,\"name\":\"Broche pour Jet Cooler\"}]},{\"@type\":\"WebSite\",\"@id\":\"https:\\\/\\\/lethiguel.com\\\/fr\\\/#website\",\"url\":\"https:\\\/\\\/lethiguel.com\\\/fr\\\/\",\"name\":\"Lethiguel Fran\u00e7ais\",\"description\":\"Heating and cooling solutions\",\"potentialAction\":[{\"@type\":\"SearchAction\",\"target\":{\"@type\":\"EntryPoint\",\"urlTemplate\":\"https:\\\/\\\/lethiguel.com\\\/fr\\\/?s={search_term_string}\"},\"query-input\":{\"@type\":\"PropertyValueSpecification\",\"valueRequired\":true,\"valueName\":\"search_term_string\"}}],\"inLanguage\":\"fr-FR\"}]}<\/script>\n<!-- \/ Yoast SEO plugin. -->","yoast_head_json":{"title":"Lethiguel","description":"LETHIGUEL vous fournit des accessoires tels que les broches pour le syst\u00e8me de refroidissement Jet Cooling. Consultez-nous pour en savoir plus.","robots":{"index":"index","follow":"follow","max-snippet":"max-snippet:-1","max-image-preview":"max-image-preview:large","max-video-preview":"max-video-preview:-1"},"canonical":"https:\/\/lethiguel.com\/fr\/broche-jet-cooler.html","og_locale":"fr_FR","og_type":"article","og_title":"Lethiguel","og_description":"LETHIGUEL vous fournit des accessoires tels que les broches pour le syst\u00e8me de refroidissement Jet Cooling. Consultez-nous pour en savoir plus.","og_url":"https:\/\/lethiguel.com\/fr\/broche-jet-cooler.html","og_site_name":"Lethiguel Fran\u00e7ais","article_modified_time":"2025-05-30T12:07:57+00:00","twitter_card":"summary_large_image","twitter_misc":{"Dur\u00e9e de lecture estim\u00e9e":"2 minutes"},"schema":{"@context":"https:\/\/schema.org","@graph":[{"@type":"WebPage","@id":"https:\/\/lethiguel.com\/fr\/broche-jet-cooler.html","url":"https:\/\/lethiguel.com\/fr\/broche-jet-cooler.html","name":"Lethiguel","isPartOf":{"@id":"https:\/\/lethiguel.com\/fr\/#website"},"datePublished":"2019-06-19T14:31:30+00:00","dateModified":"2025-05-30T12:07:57+00:00","description":"LETHIGUEL vous fournit des accessoires tels que les broches pour le syst\u00e8me de refroidissement Jet Cooling. Consultez-nous pour en savoir plus.","breadcrumb":{"@id":"https:\/\/lethiguel.com\/fr\/broche-jet-cooler.html#breadcrumb"},"inLanguage":"fr-FR","potentialAction":[{"@type":"ReadAction","target":["https:\/\/lethiguel.com\/fr\/broche-jet-cooler.html"]}]},{"@type":"BreadcrumbList","@id":"https:\/\/lethiguel.com\/fr\/broche-jet-cooler.html#breadcrumb","itemListElement":[{"@type":"ListItem","position":1,"name":"Accueil","item":"https:\/\/lethiguel.com\/fr\/"},{"@type":"ListItem","position":2,"name":"Broche pour Jet Cooler"}]},{"@type":"WebSite","@id":"https:\/\/lethiguel.com\/fr\/#website","url":"https:\/\/lethiguel.com\/fr\/","name":"Lethiguel Fran\u00e7ais","description":"Heating and cooling solutions","potentialAction":[{"@type":"SearchAction","target":{"@type":"EntryPoint","urlTemplate":"https:\/\/lethiguel.com\/fr\/?s={search_term_string}"},"query-input":{"@type":"PropertyValueSpecification","valueRequired":true,"valueName":"search_term_string"}}],"inLanguage":"fr-FR"}]}},"_links":{"self":[{"href":"https:\/\/lethiguel.com\/fr\/wp-json\/wp\/v2\/pages\/255","targetHints":{"allow":["GET"]}}],"collection":[{"href":"https:\/\/lethiguel.com\/fr\/wp-json\/wp\/v2\/pages"}],"about":[{"href":"https:\/\/lethiguel.com\/fr\/wp-json\/wp\/v2\/types\/page"}],"author":[{"embeddable":true,"href":"https:\/\/lethiguel.com\/fr\/wp-json\/wp\/v2\/users\/1"}],"replies":[{"embeddable":true,"href":"https:\/\/lethiguel.com\/fr\/wp-json\/wp\/v2\/comments?post=255"}],"version-history":[{"count":17,"href":"https:\/\/lethiguel.com\/fr\/wp-json\/wp\/v2\/pages\/255\/revisions"}],"predecessor-version":[{"id":2178,"href":"https:\/\/lethiguel.com\/fr\/wp-json\/wp\/v2\/pages\/255\/revisions\/2178"}],"wp:attachment":[{"href":"https:\/\/lethiguel.com\/fr\/wp-json\/wp\/v2\/media?parent=255"}],"curies":[{"name":"wp","href":"https:\/\/api.w.org\/{rel}","templated":true}]}}