{"id":262,"date":"2019-06-19T16:47:33","date_gmt":"2019-06-19T14:47:33","guid":{"rendered":"https:\/\/lethiguel.com\/fr\/?page_id=262"},"modified":"2020-09-16T11:38:27","modified_gmt":"2020-09-16T09:38:27","slug":"debitmetre-flowmaster-fonderie","status":"publish","type":"page","link":"https:\/\/lethiguel.com\/fr\/debitmetre-flowmaster-fonderie.html","title":{"rendered":"D\u00e9bitm\u00e8tre Flowmaster"},"content":{"rendered":"<section class=\"wpb-content-wrapper\"><p>[vc_row][vc_column width=\u00a0\u00bb1\/3&Prime; el_class=\u00a0\u00bbtexteblanc bloc-text-bloc-article\u00a0\u00bb][vc_column_text css=\u00a0\u00bb.vc_custom_1595581814443{padding-top: 20px !important;padding-right: 20px !important;padding-bottom: 20px !important;padding-left: 20px !important;background-color: #313131 !important;}\u00a0\u00bb]<\/p>\n<h3 class=\"avantages\">Fonctionnement et utilit\u00e9 du syst\u00e8me de surveillance du d\u00e9bit pour le syst\u00e8me de refroidissement:<\/h3>\n<p>Objectif: D\u00e9tecter la d\u00e9faillance \/ le colmatage des tuyaux<\/p>\n<p>Pourquoi: Anticiper \/ planifier la maintenance<\/p>\n<p>Comment: En mesurant les gouttes de d\u00e9bit[\/vc_column_text][vc_column_text css=\u00a0\u00bb.vc_custom_1595580218569{margin-top: -40px !important;padding-top: 20px !important;padding-right: 20px !important;padding-bottom: 20px !important;padding-left: 20px !important;background-color: #009fe3 !important;}\u00a0\u00bb]Le syst\u00e8me Flowmaster peut \u00eatre utilis\u00e9 en tant que produit autonome.<\/p>\n<p>SpotCool Evolution et spotcool Performance peuvent \u00eatre connect\u00e9s au FlowMaster via une interphase Profinet *[\/vc_column_text][\/vc_column][vc_column width=\u00a0\u00bb2\/3&Prime; animation=\u00a0\u00bbfadeInRight\u00a0\u00bb el_class=\u00a0\u00bbbloc-img-bloc-article\u00a0\u00bb][vc_single_image image=\u00a0\u00bb1807&Prime; img_size=\u00a0\u00bblarge\u00a0\u00bb][\/vc_column][\/vc_row][vc_row][vc_column animation=\u00a0\u00bbfadeInLeft\u00a0\u00bb][vc_single_image image=\u00a0\u00bb1810&Prime; img_size=\u00a0\u00bbfull\u00a0\u00bb alignment=\u00a0\u00bbcenter\u00a0\u00bb][\/vc_column][\/vc_row][vc_row][vc_column][vc_column_text css=\u00a0\u00bb.vc_custom_1595577817573{padding-top: 20px !important;padding-right: 20px !important;padding-bottom: 20px !important;padding-left: 20px !important;background-color: #ededed !important;}\u00a0\u00bb]<\/p>\n<h3>Le syst\u00e8me FlowMaster vous aidera \u00e0 passer de la maintenance pr\u00e9ventive \u00e0 la maintenance pr\u00e9dictive<\/h3>\n<p>Le bon fonctionnement du syst\u00e8me de refroidissement Jet Cooling d\u00e9pend en grande partie du d\u00e9bit d\u2019eau qui est inject\u00e9 dans les canaux de refroidissement de petit diam\u00e8tre. G\u00e9rer et assurer la bonne quantit\u00e9 d\u2019eau, \u00e0 chaque position de refroidissement, pour maintenir en permanence un effet de refroidissement optimal, et ainsi am\u00e9liorer le niveau de productivit\u00e9 et la qualit\u00e9 des pi\u00e8ces pressions.<\/p>\n<p>Gr\u00e2ce \u00e0 des ann\u00e9es d\u2019exp\u00e9rience de Jet Cooling. Lethiguel a mis au point un syst\u00e8me FlowMaster qui permet que la solution Jet Cooling surveille pr\u00e9cis\u00e9ment l\u2019\u00e9tat du d\u00e9bit, en temps r\u00e9el, et pour chaque position de refroidissement.<\/p>\n<p>De cette fa\u00e7on, la maintenance pr\u00e9ventive devient plus facile et hautement pr\u00e9dictive, ce qui permet d\u2019\u00e9conomiser des ressources pr\u00e9cieuses pour les fonderies et d\u2019atteindre une productivit\u00e9 \u00e9lev\u00e9e.[\/vc_column_text][vc_single_image image=\u00a0\u00bb1228&Prime; img_size=\u00a0\u00bbfull\u00a0\u00bb alignment=\u00a0\u00bbcenter\u00a0\u00bb css_animation=\u00a0\u00bbfadeInRight\u00a0\u00bb][vc_empty_space][\/vc_column][\/vc_row][vc_row][vc_column animation=\u00a0\u00bbfadeInLeft\u00a0\u00bb][vc_column_text css=\u00a0\u00bb.vc_custom_1595577910215{padding-top: 20px !important;padding-right: 20px !important;padding-bottom: 20px !important;padding-left: 20px !important;}\u00a0\u00bb]<\/p>\n<h3>Sch\u00e9ma principal de la solution Flowmaster<\/h3>\n<p><strong>SpotBox<\/strong> est un syst\u00e8me de surveillance avec un \u00e9cran de contr\u00f4le \u00e0 distance affichant la mesure du d\u00e9bit en temps r\u00e9el. Connectable \u00e0 8 flux ponctuels, qui peuvent surveiller le d\u00e9bit d&rsquo;eau jusqu&rsquo;\u00e0 64 positions.[\/vc_column_text][vc_single_image image=\u00a0\u00bb1210&Prime; img_size=\u00a0\u00bbfull\u00a0\u00bb alignment=\u00a0\u00bbcenter\u00a0\u00bb][vc_column_text css=\u00a0\u00bb.vc_custom_1595577984586{margin-top: -30px !important;padding-top: 20px !important;padding-right: 20px !important;padding-bottom: 20px !important;padding-left: 20px !important;background-color: #f2f2f2 !important;}\u00a0\u00bb]<\/p>\n<h3>Sp\u00e9cifications SpotBox:<\/h3>\n<p>Programme sp\u00e9cifique permettant la surveillance du d\u00e9bit d&rsquo;eau en temps r\u00e9el, avec graphisme visuel et mesure pr\u00e9cise du volume. Possibilit\u00e9 de param\u00e9trer une valeur nominale \u00ab0 Km\u00bb, pour chaque position ind\u00e9pendante, afin de d\u00e9finir la consigne de d\u00e9bit optimale.<\/p>\n<p>Possibilit\u00e9 de programmer 2 jeux d&rsquo;alarmes diff\u00e9rents, pour chaque position (soit en litre \/ minute, soit en% d&rsquo;une valeur nominale)<\/p>\n<p>Possibilit\u00e9 de sauvegarder jusqu&rsquo;\u00e0 99 sch\u00e9mas de flux diff\u00e9rents, pour les 64 positions ind\u00e9pendantes (permettant de sauvegarder les valeurs pr\u00e9d\u00e9finies correspondant aux diff\u00e9rentes matrices ou pi\u00e8ces). * Remarque: l&rsquo;interface profinet est actuellement disponible sur une configuration Siemens.[\/vc_column_text][\/vc_column][\/vc_row][vc_row][vc_column animation=\u00a0\u00bbfadeInRight\u00a0\u00bb][vc_single_image image=\u00a0\u00bb1811&Prime; img_size=\u00a0\u00bbfull\u00a0\u00bb alignment=\u00a0\u00bbcenter\u00a0\u00bb][\/vc_column][\/vc_row][vc_row][vc_column][vc_column_text]<strong>SpotFlow<\/strong> est un syst\u00e8me de mesure, avec 8 capteurs de d\u00e9bit int\u00e9gr\u00e9s dans un bo\u00eetier r\u00e9sistant \u00e0 la fonderie, permettant la mesure de d\u00e9bits d&rsquo;eau allant de 0,5L \u00e0 10L par minute, dans 8 circuits Jet Cooling ind\u00e9pendants.[\/vc_column_text][vc_single_image image=\u00a0\u00bb1808&Prime; img_size=\u00a0\u00bbfull\u00a0\u00bb alignment=\u00a0\u00bbcenter\u00a0\u00bb css_animation=\u00a0\u00bbfadeInLeft\u00a0\u00bb][\/vc_column][\/vc_row][vc_row animation=\u00a0\u00bbfadeInRight\u00a0\u00bb][vc_column][vc_column_text]<\/p>\n<h3>Caract\u00e9ristiques techniques<\/h3>\n<p>[\/vc_column_text][vc_row_inner][vc_column_inner width=\u00a0\u00bb1\/2&Prime;][vc_single_image image=\u00a0\u00bb1812&Prime; img_size=\u00a0\u00bbfull\u00a0\u00bb alignment=\u00a0\u00bbcenter\u00a0\u00bb][\/vc_column_inner][vc_column_inner width=\u00a0\u00bb1\/2&Prime;][vc_single_image image=\u00a0\u00bb1813&Prime; img_size=\u00a0\u00bbfull\u00a0\u00bb alignment=\u00a0\u00bbcenter\u00a0\u00bb][\/vc_column_inner][\/vc_row_inner][\/vc_column][\/vc_row][vc_row type=\u00a0\u00bbvc_default\u00a0\u00bb gap=\u00a0\u00bb10&Prime; css=\u00a0\u00bb.vc_custom_1560947205923{margin-top: 30px !important;}\u00a0\u00bb][vc_column animation=\u00a0\u00bbfadeInUp\u00a0\u00bb el_class=\u00a0\u00bbaccessorie\u00a0\u00bb][vc_column_text]<\/p>\n<h3>Accessoires<\/h3>\n<p>[\/vc_column_text][vc_separator color=\u00a0\u00bbcustom\u00a0\u00bb accent_color=\u00a0\u00bb#474747&Prime; css=\u00a0\u00bb.vc_custom_1560947199074{margin-top: -15px !important;}\u00a0\u00bb][\/vc_column][\/vc_row][vc_row][vc_column][vc_btn title=\u00a0\u00bbContactez nous\u00a0\u00bb style=\u00a0\u00bbcustom\u00a0\u00bb custom_background=\u00a0\u00bb#009fe3&Prime; custom_text=\u00a0\u00bb#ffffff\u00a0\u00bb size=\u00a0\u00bblg\u00a0\u00bb align=\u00a0\u00bbcenter\u00a0\u00bb link=\u00a0\u00bburl:https%3A%2F%2Flethiguel.com%2Ffr%2Fcontact.html|title:Contact||\u00a0\u00bb][\/vc_column][\/vc_row]<\/p>\n<\/section>","protected":false},"excerpt":{"rendered":"<p>[vc_row][vc_column width=\u00a0\u00bb1\/3&Prime; el_class=\u00a0\u00bbtexteblanc bloc-text-bloc-article\u00a0\u00bb][vc_column_text css=\u00a0\u00bb.vc_custom_1595581814443{padding-top: 20px !important;padding-right: 20px !important;padding-bottom: 20px !important;padding-left: 20px !important;background-color: #313131 !important;}\u00a0\u00bb] Fonctionnement et utilit\u00e9 du syst\u00e8me de surveillance du d\u00e9bit pour le syst\u00e8me de refroidissement: Objectif: D\u00e9tecter la d\u00e9faillance \/ le colmatage des tuyaux Pourquoi: Anticiper \/ planifier la maintenance Comment: En mesurant les gouttes de d\u00e9bit[\/vc_column_text][vc_column_text css=\u00a0\u00bb.vc_custom_1595580218569{margin-top: -40px !important;padding-top: 20px&hellip;<\/p>\n","protected":false},"author":1,"featured_media":0,"parent":0,"menu_order":0,"comment_status":"closed","ping_status":"closed","template":"","meta":{"footnotes":""},"class_list":["post-262","page","type-page","status-publish","hentry","description-off"],"yoast_head":"<!-- This site is optimized with the Yoast SEO plugin v27.4 - https:\/\/yoast.com\/product\/yoast-seo-wordpress\/ -->\n<title>Lethiguel<\/title>\n<meta name=\"description\" content=\"LETHIGUEL vous propose le d\u00e9bitm\u00e8tre Flowmaster pour le contr\u00f4le du d\u00e9bit d&#039;eau dans le syst\u00e8me de refroidissement pour fonderie. Contactez-nous pour les d\u00e9tails.\" \/>\n<meta name=\"robots\" content=\"index, follow, max-snippet:-1, max-image-preview:large, max-video-preview:-1\" \/>\n<link rel=\"canonical\" href=\"https:\/\/lethiguel.com\/fr\/debitmetre-flowmaster-fonderie.html\" \/>\n<meta property=\"og:locale\" content=\"fr_FR\" \/>\n<meta property=\"og:type\" content=\"article\" \/>\n<meta property=\"og:title\" content=\"Lethiguel\" \/>\n<meta property=\"og:description\" content=\"LETHIGUEL vous propose le d\u00e9bitm\u00e8tre Flowmaster pour le contr\u00f4le du d\u00e9bit d&#039;eau dans le syst\u00e8me de refroidissement pour fonderie. Contactez-nous pour les d\u00e9tails.\" \/>\n<meta property=\"og:url\" content=\"https:\/\/lethiguel.com\/fr\/debitmetre-flowmaster-fonderie.html\" \/>\n<meta property=\"og:site_name\" content=\"Lethiguel Fran\u00e7ais\" \/>\n<meta property=\"article:modified_time\" content=\"2020-09-16T09:38:27+00:00\" \/>\n<meta name=\"twitter:card\" content=\"summary_large_image\" \/>\n<meta name=\"twitter:label1\" content=\"Dur\u00e9e de lecture estim\u00e9e\" \/>\n\t<meta name=\"twitter:data1\" content=\"8 minutes\" \/>\n<script type=\"application\/ld+json\" class=\"yoast-schema-graph\">{\"@context\":\"https:\\\/\\\/schema.org\",\"@graph\":[{\"@type\":\"WebPage\",\"@id\":\"https:\\\/\\\/lethiguel.com\\\/fr\\\/debitmetre-flowmaster-fonderie.html\",\"url\":\"https:\\\/\\\/lethiguel.com\\\/fr\\\/debitmetre-flowmaster-fonderie.html\",\"name\":\"Lethiguel\",\"isPartOf\":{\"@id\":\"https:\\\/\\\/lethiguel.com\\\/fr\\\/#website\"},\"datePublished\":\"2019-06-19T14:47:33+00:00\",\"dateModified\":\"2020-09-16T09:38:27+00:00\",\"description\":\"LETHIGUEL vous propose le d\u00e9bitm\u00e8tre Flowmaster pour le contr\u00f4le du d\u00e9bit d'eau dans le syst\u00e8me de refroidissement pour fonderie. Contactez-nous pour les d\u00e9tails.\",\"breadcrumb\":{\"@id\":\"https:\\\/\\\/lethiguel.com\\\/fr\\\/debitmetre-flowmaster-fonderie.html#breadcrumb\"},\"inLanguage\":\"fr-FR\",\"potentialAction\":[{\"@type\":\"ReadAction\",\"target\":[\"https:\\\/\\\/lethiguel.com\\\/fr\\\/debitmetre-flowmaster-fonderie.html\"]}]},{\"@type\":\"BreadcrumbList\",\"@id\":\"https:\\\/\\\/lethiguel.com\\\/fr\\\/debitmetre-flowmaster-fonderie.html#breadcrumb\",\"itemListElement\":[{\"@type\":\"ListItem\",\"position\":1,\"name\":\"Accueil\",\"item\":\"https:\\\/\\\/lethiguel.com\\\/fr\\\/\"},{\"@type\":\"ListItem\",\"position\":2,\"name\":\"D\u00e9bitm\u00e8tre Flowmaster\"}]},{\"@type\":\"WebSite\",\"@id\":\"https:\\\/\\\/lethiguel.com\\\/fr\\\/#website\",\"url\":\"https:\\\/\\\/lethiguel.com\\\/fr\\\/\",\"name\":\"Lethiguel Fran\u00e7ais\",\"description\":\"Heating and cooling solutions\",\"potentialAction\":[{\"@type\":\"SearchAction\",\"target\":{\"@type\":\"EntryPoint\",\"urlTemplate\":\"https:\\\/\\\/lethiguel.com\\\/fr\\\/?s={search_term_string}\"},\"query-input\":{\"@type\":\"PropertyValueSpecification\",\"valueRequired\":true,\"valueName\":\"search_term_string\"}}],\"inLanguage\":\"fr-FR\"}]}<\/script>\n<!-- \/ Yoast SEO plugin. -->","yoast_head_json":{"title":"Lethiguel","description":"LETHIGUEL vous propose le d\u00e9bitm\u00e8tre Flowmaster pour le contr\u00f4le du d\u00e9bit d'eau dans le syst\u00e8me de refroidissement pour fonderie. Contactez-nous pour les d\u00e9tails.","robots":{"index":"index","follow":"follow","max-snippet":"max-snippet:-1","max-image-preview":"max-image-preview:large","max-video-preview":"max-video-preview:-1"},"canonical":"https:\/\/lethiguel.com\/fr\/debitmetre-flowmaster-fonderie.html","og_locale":"fr_FR","og_type":"article","og_title":"Lethiguel","og_description":"LETHIGUEL vous propose le d\u00e9bitm\u00e8tre Flowmaster pour le contr\u00f4le du d\u00e9bit d'eau dans le syst\u00e8me de refroidissement pour fonderie. Contactez-nous pour les d\u00e9tails.","og_url":"https:\/\/lethiguel.com\/fr\/debitmetre-flowmaster-fonderie.html","og_site_name":"Lethiguel Fran\u00e7ais","article_modified_time":"2020-09-16T09:38:27+00:00","twitter_card":"summary_large_image","twitter_misc":{"Dur\u00e9e de lecture estim\u00e9e":"8 minutes"},"schema":{"@context":"https:\/\/schema.org","@graph":[{"@type":"WebPage","@id":"https:\/\/lethiguel.com\/fr\/debitmetre-flowmaster-fonderie.html","url":"https:\/\/lethiguel.com\/fr\/debitmetre-flowmaster-fonderie.html","name":"Lethiguel","isPartOf":{"@id":"https:\/\/lethiguel.com\/fr\/#website"},"datePublished":"2019-06-19T14:47:33+00:00","dateModified":"2020-09-16T09:38:27+00:00","description":"LETHIGUEL vous propose le d\u00e9bitm\u00e8tre Flowmaster pour le contr\u00f4le du d\u00e9bit d'eau dans le syst\u00e8me de refroidissement pour fonderie. Contactez-nous pour les d\u00e9tails.","breadcrumb":{"@id":"https:\/\/lethiguel.com\/fr\/debitmetre-flowmaster-fonderie.html#breadcrumb"},"inLanguage":"fr-FR","potentialAction":[{"@type":"ReadAction","target":["https:\/\/lethiguel.com\/fr\/debitmetre-flowmaster-fonderie.html"]}]},{"@type":"BreadcrumbList","@id":"https:\/\/lethiguel.com\/fr\/debitmetre-flowmaster-fonderie.html#breadcrumb","itemListElement":[{"@type":"ListItem","position":1,"name":"Accueil","item":"https:\/\/lethiguel.com\/fr\/"},{"@type":"ListItem","position":2,"name":"D\u00e9bitm\u00e8tre Flowmaster"}]},{"@type":"WebSite","@id":"https:\/\/lethiguel.com\/fr\/#website","url":"https:\/\/lethiguel.com\/fr\/","name":"Lethiguel Fran\u00e7ais","description":"Heating and cooling solutions","potentialAction":[{"@type":"SearchAction","target":{"@type":"EntryPoint","urlTemplate":"https:\/\/lethiguel.com\/fr\/?s={search_term_string}"},"query-input":{"@type":"PropertyValueSpecification","valueRequired":true,"valueName":"search_term_string"}}],"inLanguage":"fr-FR"}]}},"_links":{"self":[{"href":"https:\/\/lethiguel.com\/fr\/wp-json\/wp\/v2\/pages\/262","targetHints":{"allow":["GET"]}}],"collection":[{"href":"https:\/\/lethiguel.com\/fr\/wp-json\/wp\/v2\/pages"}],"about":[{"href":"https:\/\/lethiguel.com\/fr\/wp-json\/wp\/v2\/types\/page"}],"author":[{"embeddable":true,"href":"https:\/\/lethiguel.com\/fr\/wp-json\/wp\/v2\/users\/1"}],"replies":[{"embeddable":true,"href":"https:\/\/lethiguel.com\/fr\/wp-json\/wp\/v2\/comments?post=262"}],"version-history":[{"count":35,"href":"https:\/\/lethiguel.com\/fr\/wp-json\/wp\/v2\/pages\/262\/revisions"}],"predecessor-version":[{"id":1869,"href":"https:\/\/lethiguel.com\/fr\/wp-json\/wp\/v2\/pages\/262\/revisions\/1869"}],"wp:attachment":[{"href":"https:\/\/lethiguel.com\/fr\/wp-json\/wp\/v2\/media?parent=262"}],"curies":[{"name":"wp","href":"https:\/\/api.w.org\/{rel}","templated":true}]}}