{"id":272,"date":"2019-06-19T17:00:46","date_gmt":"2019-06-19T15:00:46","guid":{"rendered":"https:\/\/lethiguel.com\/fr\/?page_id=272"},"modified":"2020-09-16T11:32:16","modified_gmt":"2020-09-16T09:32:16","slug":"repartiteurs","status":"publish","type":"page","link":"https:\/\/lethiguel.com\/fr\/repartiteurs.html","title":{"rendered":"R\u00e9partiteurs"},"content":{"rendered":"<section class=\"wpb-content-wrapper\"><p>[vc_row type=\u00a0\u00bbvc_default\u00a0\u00bb content_placement=\u00a0\u00bbmiddle\u00a0\u00bb el_class=\u00a0\u00bbbloc-article\u00a0\u00bb][vc_column width=\u00a0\u00bb1\/3&Prime; el_class=\u00a0\u00bbtexteblanc bloc-text-bloc-article\u00a0\u00bb][vc_column_text css=\u00a0\u00bb.vc_custom_1595577322396{padding-top: 20px !important;padding-right: 20px !important;padding-bottom: 20px !important;padding-left: 20px !important;background-color: #313131 !important;}\u00a0\u00bb]<\/p>\n<h3 class=\"avantages\">R\u00e9partiteurs<\/h3>\n<ul>\n<li>Il est con\u00e7u pour surveiller visuellement la progression du d\u00e9bit de l&rsquo;eau de refroidissement<\/li>\n<li>Pour \u00e9viter le colmatage du tuyau de refroidissement et pour s&rsquo;assurer que l&rsquo;eau de refroidissement s&rsquo;\u00e9coule compl\u00e8tement apr\u00e8s la phase de refroidissement<\/li>\n<li>Il est en circuit ferm\u00e9, il peut donc emp\u00eacher les contaminants<\/li>\n<li>Il n&rsquo;y aura pas d&rsquo;eau chaude renvers\u00e9e apr\u00e8s le refroidissement de la matrice, donc une op\u00e9ration de s\u00e9curit\u00e9 peut \u00eatre effectu\u00e9e<\/li>\n<\/ul>\n<p>[\/vc_column_text][vc_column_text css=\u00a0\u00bb.vc_custom_1595577314719{margin-top: -40px !important;padding-top: 20px !important;padding-right: 20px !important;padding-bottom: 20px !important;padding-left: 20px !important;background-color: #009fe3 !important;}\u00a0\u00bb]<\/p>\n<h3 class=\"avantages\">Pressure monitor<\/h3>\n<ul>\n<li>Ref: RP-P3-M12 \u2013 1 piece &#8211; <strong>Pressostat<\/strong>, 3 bar, G1\/4\u2019\u2019 M12 connector<\/li>\n<li>Ref: RP-2130150 \u2013 1 piece &#8211; LED cable pour <strong>Pressostat<\/strong> M12<\/li>\n<li>Ref: RP-CAPT-PR \u2013 1 piece &#8211; <strong>Capteur de pression<\/strong>, 0-100 bars, G1\/4\u2019\u2019 M12 connector<\/li>\n<li>Ref: RP-CAPT-PR2 \u2013 1 piece &#8211; <strong>Capteur de pression avec affichage<\/strong>, 1-10 bars, G1\/4\u2019\u2019 M12 connector<\/li>\n<li>Ref: RP-CAPT-CABLE \u2013 1 piece &#8211; Cable avec femelle connector pour <strong>Capteur de pressio<\/strong>n M12<\/li>\n<\/ul>\n<p>[\/vc_column_text][\/vc_column][vc_column width=\u00a0\u00bb2\/3&Prime; animation=\u00a0\u00bbfadeInRight\u00a0\u00bb css=\u00a0\u00bb.vc_custom_1594972241409{margin-top: 50px !important;}\u00a0\u00bb el_class=\u00a0\u00bbbloc-img-bloc-article\u00a0\u00bb][vc_single_image image=\u00a0\u00bb1804&Prime; img_size=\u00a0\u00bb550&#215;600&Prime; alignment=\u00a0\u00bbcenter\u00a0\u00bb style=\u00a0\u00bbvc_box_border\u00a0\u00bb][\/vc_column][\/vc_row][vc_row][vc_column animation=\u00a0\u00bbfadeInLeft\u00a0\u00bb][vc_single_image image=\u00a0\u00bb913&Prime; img_size=\u00a0\u00bbfull\u00a0\u00bb alignment=\u00a0\u00bbcenter\u00a0\u00bb][\/vc_column][\/vc_row][vc_row][vc_column][vc_separator][\/vc_column][\/vc_row][vc_row animation=\u00a0\u00bbfadeInRight\u00a0\u00bb][vc_column width=\u00a0\u00bb1\/2&Prime;][vc_single_image image=\u00a0\u00bb1861&Prime; img_size=\u00a0\u00bbmedium\u00a0\u00bb alignment=\u00a0\u00bbcenter\u00a0\u00bb][\/vc_column][vc_column width=\u00a0\u00bb1\/2&Prime;][vc_column_text]<\/p>\n<p style=\"text-align: left;\"><strong>R\u00e9partiteur pressostat<\/strong><\/p>\n<p>Ref: RP8-SC-1.1-R0 &#8211; 1 piece<br \/>\n8 entries, Core Pin Breakage, Visual Control<\/p>\n<p>Ref: RP8-SC-1.0-P41 &#8211; 1 piece<br \/>\n8 entries, Core Pin Breakage, No Visual Control,<br \/>\nwith \u00d84 couplers<\/p>\n<p>Ref: RP8-SC-1.1-P61S &#8211; 1 piece<br \/>\n8 entries, Core Pin Breakage, Visual Control,<br \/>\nwith \u00d86 couplers[\/vc_column_text][\/vc_column][\/vc_row][vc_row animation=\u00a0\u00bbfadeInLeft\u00a0\u00bb][vc_column width=\u00a0\u00bb1\/2&Prime;][vc_single_image image=\u00a0\u00bb1862&Prime; img_size=\u00a0\u00bbmedium\u00a0\u00bb alignment=\u00a0\u00bbcenter\u00a0\u00bb][\/vc_column][vc_column width=\u00a0\u00bb1\/2&Prime;][vc_column_text]<\/p>\n<p style=\"text-align: left;\"><strong>R\u00e9partiteur capteur de pression<\/strong><\/p>\n<p>Ref: RP8-SC-2.1-R0 &#8211; 1 piece<br \/>\n8 entries, Core Pin Breakage, Visual Control<\/p>\n<p>Ref: RP8-SC-2.0-P41 &#8211; 1 piece<br \/>\n8 entries, Core Pin Breakage, No Visual Control,<br \/>\nwith \u00d84 couplers<\/p>\n<p>Ref: RP8-SC-2.1-P61S &#8211; 1 piece<br \/>\n8 entries, Core Pin Breakage, Visual Control,<br \/>\nwith \u00d86 couplers[\/vc_column_text][\/vc_column][\/vc_row][vc_row animation=\u00a0\u00bbfadeInRight\u00a0\u00bb][vc_column width=\u00a0\u00bb1\/2&Prime;][vc_single_image image=\u00a0\u00bb1863&Prime; img_size=\u00a0\u00bbmedium\u00a0\u00bb alignment=\u00a0\u00bbcenter\u00a0\u00bb][\/vc_column][vc_column width=\u00a0\u00bb1\/2&Prime;][vc_column_text]<\/p>\n<p style=\"text-align: left;\"><strong>R\u00e9partiteur pressostat avec affichage visuel<\/strong><\/p>\n<p>Ref: RP8-SC-3.1-R0 &#8211; 1 piece<br \/>\n8 entries, Core Pin Breakage, Visual Control<\/p>\n<p>Ref: RP8-SC-3.0-P41 &#8211; 1 piece<br \/>\n8 entries, Core Pin Breakage, No Visual Control,<br \/>\nwith \u00d84 couplers<\/p>\n<p>Ref: RP8-SC-3.1-P61S &#8211; 1 piece<br \/>\n8 entries, Core Pin Breakage, Visual Control,<br \/>\nwith \u00d86 couplers[\/vc_column_text][\/vc_column][\/vc_row][vc_row][vc_column][vc_btn title=\u00a0\u00bbContactez nous\u00a0\u00bb style=\u00a0\u00bbcustom\u00a0\u00bb custom_background=\u00a0\u00bb#009fe3&Prime; custom_text=\u00a0\u00bb#ffffff\u00a0\u00bb size=\u00a0\u00bblg\u00a0\u00bb align=\u00a0\u00bbcenter\u00a0\u00bb link=\u00a0\u00bburl:https%3A%2F%2Flethiguel.com%2Ffr%2Fcontact.html|title:Contact||\u00a0\u00bb][\/vc_column][\/vc_row]<\/p>\n<\/section>","protected":false},"excerpt":{"rendered":"<p>[vc_row type=\u00a0\u00bbvc_default\u00a0\u00bb content_placement=\u00a0\u00bbmiddle\u00a0\u00bb el_class=\u00a0\u00bbbloc-article\u00a0\u00bb][vc_column width=\u00a0\u00bb1\/3&Prime; el_class=\u00a0\u00bbtexteblanc bloc-text-bloc-article\u00a0\u00bb][vc_column_text css=\u00a0\u00bb.vc_custom_1595577322396{padding-top: 20px !important;padding-right: 20px !important;padding-bottom: 20px !important;padding-left: 20px !important;background-color: #313131 !important;}\u00a0\u00bb] R\u00e9partiteurs Il est con\u00e7u pour surveiller visuellement la progression du d\u00e9bit de l&rsquo;eau de refroidissement Pour \u00e9viter le colmatage du tuyau de refroidissement et pour s&rsquo;assurer que l&rsquo;eau de refroidissement s&rsquo;\u00e9coule compl\u00e8tement apr\u00e8s la phase de refroidissement&hellip;<\/p>\n","protected":false},"author":1,"featured_media":0,"parent":0,"menu_order":0,"comment_status":"closed","ping_status":"closed","template":"","meta":{"footnotes":""},"class_list":["post-272","page","type-page","status-publish","hentry","description-off"],"yoast_head":"<!-- This site is optimized with the Yoast SEO plugin v27.4 - https:\/\/yoast.com\/product\/yoast-seo-wordpress\/ -->\n<title>Lethiguel<\/title>\n<meta name=\"description\" content=\"LETHIGUEL fabrique des syst\u00e8mes de contr\u00f4le de pression pour l&#039;industrie de la fonderie et coul\u00e9e sous pression. Contactez-nous pour un devis.\" \/>\n<meta name=\"robots\" content=\"index, follow, max-snippet:-1, max-image-preview:large, max-video-preview:-1\" \/>\n<link rel=\"canonical\" href=\"https:\/\/lethiguel.com\/fr\/repartiteurs.html\" \/>\n<meta property=\"og:locale\" content=\"fr_FR\" \/>\n<meta property=\"og:type\" content=\"article\" \/>\n<meta property=\"og:title\" content=\"Lethiguel\" \/>\n<meta property=\"og:description\" content=\"LETHIGUEL fabrique des syst\u00e8mes de contr\u00f4le de pression pour l&#039;industrie de la fonderie et coul\u00e9e sous pression. Contactez-nous pour un devis.\" \/>\n<meta property=\"og:url\" content=\"https:\/\/lethiguel.com\/fr\/repartiteurs.html\" \/>\n<meta property=\"og:site_name\" content=\"Lethiguel Fran\u00e7ais\" \/>\n<meta property=\"article:modified_time\" content=\"2020-09-16T09:32:16+00:00\" \/>\n<meta name=\"twitter:card\" content=\"summary_large_image\" \/>\n<meta name=\"twitter:label1\" content=\"Dur\u00e9e de lecture estim\u00e9e\" \/>\n\t<meta name=\"twitter:data1\" content=\"3 minutes\" \/>\n<script type=\"application\/ld+json\" class=\"yoast-schema-graph\">{\"@context\":\"https:\\\/\\\/schema.org\",\"@graph\":[{\"@type\":\"WebPage\",\"@id\":\"https:\\\/\\\/lethiguel.com\\\/fr\\\/repartiteurs.html\",\"url\":\"https:\\\/\\\/lethiguel.com\\\/fr\\\/repartiteurs.html\",\"name\":\"Lethiguel\",\"isPartOf\":{\"@id\":\"https:\\\/\\\/lethiguel.com\\\/fr\\\/#website\"},\"datePublished\":\"2019-06-19T15:00:46+00:00\",\"dateModified\":\"2020-09-16T09:32:16+00:00\",\"description\":\"LETHIGUEL fabrique des syst\u00e8mes de contr\u00f4le de pression pour l'industrie de la fonderie et coul\u00e9e sous pression. Contactez-nous pour un devis.\",\"breadcrumb\":{\"@id\":\"https:\\\/\\\/lethiguel.com\\\/fr\\\/repartiteurs.html#breadcrumb\"},\"inLanguage\":\"fr-FR\",\"potentialAction\":[{\"@type\":\"ReadAction\",\"target\":[\"https:\\\/\\\/lethiguel.com\\\/fr\\\/repartiteurs.html\"]}]},{\"@type\":\"BreadcrumbList\",\"@id\":\"https:\\\/\\\/lethiguel.com\\\/fr\\\/repartiteurs.html#breadcrumb\",\"itemListElement\":[{\"@type\":\"ListItem\",\"position\":1,\"name\":\"Accueil\",\"item\":\"https:\\\/\\\/lethiguel.com\\\/fr\\\/\"},{\"@type\":\"ListItem\",\"position\":2,\"name\":\"R\u00e9partiteurs\"}]},{\"@type\":\"WebSite\",\"@id\":\"https:\\\/\\\/lethiguel.com\\\/fr\\\/#website\",\"url\":\"https:\\\/\\\/lethiguel.com\\\/fr\\\/\",\"name\":\"Lethiguel Fran\u00e7ais\",\"description\":\"Heating and cooling solutions\",\"potentialAction\":[{\"@type\":\"SearchAction\",\"target\":{\"@type\":\"EntryPoint\",\"urlTemplate\":\"https:\\\/\\\/lethiguel.com\\\/fr\\\/?s={search_term_string}\"},\"query-input\":{\"@type\":\"PropertyValueSpecification\",\"valueRequired\":true,\"valueName\":\"search_term_string\"}}],\"inLanguage\":\"fr-FR\"}]}<\/script>\n<!-- \/ Yoast SEO plugin. -->","yoast_head_json":{"title":"Lethiguel","description":"LETHIGUEL fabrique des syst\u00e8mes de contr\u00f4le de pression pour l'industrie de la fonderie et coul\u00e9e sous pression. Contactez-nous pour un devis.","robots":{"index":"index","follow":"follow","max-snippet":"max-snippet:-1","max-image-preview":"max-image-preview:large","max-video-preview":"max-video-preview:-1"},"canonical":"https:\/\/lethiguel.com\/fr\/repartiteurs.html","og_locale":"fr_FR","og_type":"article","og_title":"Lethiguel","og_description":"LETHIGUEL fabrique des syst\u00e8mes de contr\u00f4le de pression pour l'industrie de la fonderie et coul\u00e9e sous pression. Contactez-nous pour un devis.","og_url":"https:\/\/lethiguel.com\/fr\/repartiteurs.html","og_site_name":"Lethiguel Fran\u00e7ais","article_modified_time":"2020-09-16T09:32:16+00:00","twitter_card":"summary_large_image","twitter_misc":{"Dur\u00e9e de lecture estim\u00e9e":"3 minutes"},"schema":{"@context":"https:\/\/schema.org","@graph":[{"@type":"WebPage","@id":"https:\/\/lethiguel.com\/fr\/repartiteurs.html","url":"https:\/\/lethiguel.com\/fr\/repartiteurs.html","name":"Lethiguel","isPartOf":{"@id":"https:\/\/lethiguel.com\/fr\/#website"},"datePublished":"2019-06-19T15:00:46+00:00","dateModified":"2020-09-16T09:32:16+00:00","description":"LETHIGUEL fabrique des syst\u00e8mes de contr\u00f4le de pression pour l'industrie de la fonderie et coul\u00e9e sous pression. Contactez-nous pour un devis.","breadcrumb":{"@id":"https:\/\/lethiguel.com\/fr\/repartiteurs.html#breadcrumb"},"inLanguage":"fr-FR","potentialAction":[{"@type":"ReadAction","target":["https:\/\/lethiguel.com\/fr\/repartiteurs.html"]}]},{"@type":"BreadcrumbList","@id":"https:\/\/lethiguel.com\/fr\/repartiteurs.html#breadcrumb","itemListElement":[{"@type":"ListItem","position":1,"name":"Accueil","item":"https:\/\/lethiguel.com\/fr\/"},{"@type":"ListItem","position":2,"name":"R\u00e9partiteurs"}]},{"@type":"WebSite","@id":"https:\/\/lethiguel.com\/fr\/#website","url":"https:\/\/lethiguel.com\/fr\/","name":"Lethiguel Fran\u00e7ais","description":"Heating and cooling solutions","potentialAction":[{"@type":"SearchAction","target":{"@type":"EntryPoint","urlTemplate":"https:\/\/lethiguel.com\/fr\/?s={search_term_string}"},"query-input":{"@type":"PropertyValueSpecification","valueRequired":true,"valueName":"search_term_string"}}],"inLanguage":"fr-FR"}]}},"_links":{"self":[{"href":"https:\/\/lethiguel.com\/fr\/wp-json\/wp\/v2\/pages\/272","targetHints":{"allow":["GET"]}}],"collection":[{"href":"https:\/\/lethiguel.com\/fr\/wp-json\/wp\/v2\/pages"}],"about":[{"href":"https:\/\/lethiguel.com\/fr\/wp-json\/wp\/v2\/types\/page"}],"author":[{"embeddable":true,"href":"https:\/\/lethiguel.com\/fr\/wp-json\/wp\/v2\/users\/1"}],"replies":[{"embeddable":true,"href":"https:\/\/lethiguel.com\/fr\/wp-json\/wp\/v2\/comments?post=272"}],"version-history":[{"count":21,"href":"https:\/\/lethiguel.com\/fr\/wp-json\/wp\/v2\/pages\/272\/revisions"}],"predecessor-version":[{"id":1864,"href":"https:\/\/lethiguel.com\/fr\/wp-json\/wp\/v2\/pages\/272\/revisions\/1864"}],"wp:attachment":[{"href":"https:\/\/lethiguel.com\/fr\/wp-json\/wp\/v2\/media?parent=272"}],"curies":[{"name":"wp","href":"https:\/\/api.w.org\/{rel}","templated":true}]}}