{"id":291,"date":"2019-06-19T17:27:38","date_gmt":"2019-06-19T15:27:38","guid":{"rendered":"https:\/\/lethiguel.com\/fr\/?page_id=291"},"modified":"2025-05-30T14:47:27","modified_gmt":"2025-05-30T12:47:27","slug":"thermoplongeur-thermal-power","status":"publish","type":"page","link":"https:\/\/lethiguel.com\/fr\/thermoplongeur-thermal-power.html","title":{"rendered":"Thermoplongeur Thermal Power"},"content":{"rendered":"<section class=\"wpb-content-wrapper\"><p>[vc_row type=\u00a0\u00bbvc_default\u00a0\u00bb el_class=\u00a0\u00bbbloc-article\u00a0\u00bb][vc_column width=\u00a0\u00bb1\/3&Prime; el_class=\u00a0\u00bbtexteblanc bloc-text-bloc-article\u00a0\u00bb][vc_column_text css=\u00a0\u00bb.vc_custom_1649056254729{padding-top: 20px !important;padding-right: 20px !important;padding-bottom: 20px !important;padding-left: 20px !important;background-color: #313131 !important;}\u00a0\u00bb]<\/p>\n<h3 class=\"avantages1\">Avantages du thermoplongeur TP :<\/h3>\n<ul>\n<li>Efficacit\u00e9 de chauffage &gt;99%.<\/li>\n<li>30 \u00e0 40 Watts par cm2<\/li>\n<li>Puissance jusqu&rsquo;\u00e0 50kW<\/li>\n<li>Jusqu&rsquo;\u00e0 50% d&rsquo;\u00e9conomie d&rsquo;\u00e9nergie par rapport aux m\u00e9thodes de chauffage traditionnelles<\/li>\n<li>R\u00e9gulation de temp\u00e9rature +\/-2\u00b0C (+\/- 36\u00b0F)<\/li>\n<li>Chauffage rapide et en douceur<\/li>\n<li>Installation rapide et maintenance facile<\/li>\n<\/ul>\n<p>[\/vc_column_text][vc_column_text css=\u00a0\u00bb.vc_custom_1580481021480{margin-top: -40px !important;padding-top: 20px !important;padding-right: 20px !important;padding-bottom: 20px !important;padding-left: 20px !important;background-color: #cf302d !important;}\u00a0\u00bb]Avez-vous \u00e0 faire \u00e0 du m\u00e9tal en fusion dans une fonderie ou une usine de recyclage ? Avec le thermoplongeur TP\u00ae, \u00e9conomisez de l&rsquo;\u00e9nergie et du temps tout en am\u00e9liorant la qualit\u00e9 et la productivit\u00e9 de vos m\u00e9taux. Le thermoplongeur TP\u00ae est un syst\u00e8me de chauffage \u00e9lectrique, con\u00e7u sp\u00e9cialement pour maintenir et \u00e9lever la temp\u00e9rature des m\u00e9taux non ferreux. Il est destin\u00e9 \u00e0 \u00eatre immerg\u00e9 directement dans le m\u00e9tal liquide. L\u2019\u00e9nergie thermique est amen\u00e9e directement au c\u0153ur du m\u00e9tal en fusion par conduction.[\/vc_column_text][\/vc_column][vc_column width=\u00a0\u00bb2\/3&Prime; animation=\u00a0\u00bbfadeInRight\u00a0\u00bb el_class=\u00a0\u00bbbloc-img-bloc-article\u00a0\u00bb][vc_single_image image=\u00a0\u00bb1678&Prime; img_size=\u00a0\u00bbfull\u00a0\u00bb alignment=\u00a0\u00bbcenter\u00a0\u00bb][\/vc_column][\/vc_row][vc_row][vc_column animation=\u00a0\u00bbfadeInLeft\u00a0\u00bb][vc_row_inner css=\u00a0\u00bb.vc_custom_1581929060620{background-color: #eaeaea !important;}\u00a0\u00bb][vc_column_inner][vc_column_text]<\/p>\n<h3>Pourquoi utilisez notre <span style=\"color: #ff0000;\">Thermoplongeur Thermal Power\u00ae<\/span>?<\/h3>\n<p>[\/vc_column_text][vc_column_text]Nous proposons cette technologie pour la fonderie sous pression,basse pression, la gravit\u00e9, l&rsquo;industrie primaire et l&rsquo;industrie du recyclage. Notre c\u0153ur de m\u00e9tier et notre produit historique est le <b>thermoplongeur. <\/b>Nous avons d\u00e9velopp\u00e9 cette technologie pour optimiser l&rsquo;efficacit\u00e9 du maintien et de la remont\u00e9e en temp\u00e9rature des bains d&rsquo;aluminium.De nombreuses \u00e9tudes ont montr\u00e9 que cette solution de chauffe est plus efficace que les m\u00e9thodes traditionnelles (vo\u00fbte chauffante, br\u00fbleur gaz, paroi chauffante, &#8230;). En utilisant notre thermoplongeur thermal power\u00ae, vous pouvez optimiser votre:<\/p>\n<ul>\n<li>Bilan \u00e9nerg\u00e9tique<\/li>\n<li>Qualit\u00e9 m\u00e9tal<\/li>\n<li>Productivit\u00e9<\/li>\n<\/ul>\n<p>[\/vc_column_text][\/vc_column_inner][\/vc_row_inner][vc_row_inner][vc_column_inner][vc_empty_space][\/vc_column_inner][\/vc_row_inner][\/vc_column][vc_column animation=\u00a0\u00bbfadeInLeft\u00a0\u00bb][vc_row_inner][vc_column_inner width=\u00a0\u00bb1\/2&Prime;][vc_column_text]<\/p>\n<h4>Bilan \u00e9nerg\u00e9tique<\/h4>\n<p>En chauffant directement le c\u0153ur du bain, le Thermoplongeur limite les pertes de chaleur et transf\u00e8re 100% de sa puissance au m\u00e9tal. Utiliser une solution de chauffe efficace et optimis\u00e9e permet un gain \u00e9nerg\u00e9tique cons\u00e9quent et un impact environnemental r\u00e9duit. Gr\u00e2ce au thermoplongeur Thermal Power, vous pouvez atteindre la temp\u00e9rature souhait\u00e9e avec moins de temps et d&rsquo;\u00e9nergie![\/vc_column_text][\/vc_column_inner][vc_column_inner width=\u00a0\u00bb1\/2&Prime;][vc_single_image image=\u00a0\u00bb1556&Prime; img_size=\u00a0\u00bb500&#215;150&Prime; alignment=\u00a0\u00bbcenter\u00a0\u00bb][\/vc_column_inner][\/vc_row_inner][vc_row_inner][vc_column_inner width=\u00a0\u00bb1\/2&Prime;][vc_column_text]<\/p>\n<h4>Qualit\u00e9 m\u00e9tal<\/h4>\n<p>En maintenant ou chauffant votre aluminium avec nos thermoplongeurs Thermal Power, l\u2019oxydation r\u00e9sultant de la surchauffe est \u00e9vit\u00e9e et nous pouvons vous assurer que la qualit\u00e9 de votre m\u00e9tal sera \u00e0 son maximum.[\/vc_column_text][\/vc_column_inner][vc_column_inner width=\u00a0\u00bb1\/2&Prime;][vc_single_image image=\u00a0\u00bb1582&Prime; img_size=\u00a0\u00bb500&#215;150&Prime; alignment=\u00a0\u00bbcenter\u00a0\u00bb][\/vc_column_inner][\/vc_row_inner][vc_row_inner][vc_column_inner width=\u00a0\u00bb1\/2&Prime;][vc_column_text]<\/p>\n<h4>Productivit\u00e9<\/h4>\n<p>Avec une solution sp\u00e9cialement con\u00e7ue et dessin\u00e9e pour votre application, r\u00e9alisez de grands gains en productivit\u00e9 (temps de chauffe, pertes \u00e9nerg\u00e9tiques limit\u00e9es, temps de maintenance r\u00e9duit, &#8230;).[\/vc_column_text][\/vc_column_inner][vc_column_inner width=\u00a0\u00bb1\/2&Prime;][vc_single_image image=\u00a0\u00bb1558&Prime; img_size=\u00a0\u00bb500&#215;150&Prime; alignment=\u00a0\u00bbcenter\u00a0\u00bb][\/vc_column_inner][\/vc_row_inner][vc_empty_space][\/vc_column][vc_column animation=\u00a0\u00bbfadeInLeft\u00a0\u00bb][vc_row_inner][vc_column_inner][vc_column_text]<\/p>\n<h3>Positionnement et \u00e9talonnage<\/h3>\n<p>Chaque thermoplongeur thermal power que nous installons est con\u00e7u en fonction des besoins de nos clients en termes de puissance de chauffage, d&rsquo;application et d&rsquo;utilisation. Chacun de nos thermoplongeurs est identifi\u00e9 par son num\u00e9ro d&rsquo;identification, cela nous permettra de comprendre et de suivre votre application.<\/p>\n<p>Lethiguel prend en compte au moins 10 param\u00e8tres pour calibrer un thermoplongeur. Nos ing\u00e9nieurs de recherche et d\u00e9veloppement concevront la solution dans les contraintes thermiques et de positionnement pour d\u00e9livrer la meilleure solution int\u00e9gr\u00e9e.[\/vc_column_text][\/vc_column_inner][\/vc_row_inner][vc_row_inner][vc_column_inner width=\u00a0\u00bb1\/2&Prime;]<div class=\"standard-arrow list-divider bullet-top\"><ul>\n<li>Type d&rsquo;alliage<\/li>\n<li>Temp\u00e9rature du bain<\/li>\n<li>Puissance<\/li>\n<li>Tension<\/li>\n<li>\u00d8 gaine<\/li>\n<\/ul>\n<\/div>[\/vc_column_inner][vc_column_inner width=\u00a0\u00bb1\/2&Prime;]<div class=\"standard-arrow list-divider bullet-top\"><ul>\n<li>Niveau de bain minimum<\/li>\n<li>Longueur sous bride<\/li>\n<li>Longueur immerg\u00e9e<\/li>\n<li>Type d&rsquo;extension<\/li>\n<li>Thermocouple de type K<\/li>\n<\/ul>\n<\/div>[\/vc_column_inner][\/vc_row_inner][vc_empty_space][\/vc_column][\/vc_row][vc_row][vc_column animation=\u00a0\u00bbfadeInLeft\u00a0\u00bb css=\u00a0\u00bb.vc_custom_1595510431680{background-color: #ededed !important;}\u00a0\u00bb][vc_column_text css=\u00a0\u00bb.vc_custom_1594207589713{background-color: #ededed !important;}\u00a0\u00bb]<\/p>\n<h3>Caract\u00e9ristiques techniques<\/h3>\n<p>Notre thermoplongeur thermal power est la combinaison de deux mat\u00e9riaux avanc\u00e9s:<\/p>\n<p>Une gaine en nitrure de silicium avec les qualit\u00e9s techniques suivantes:<\/p>\n<ul>\n<li>Pas de sensibilit\u00e9 aux chocs thermiques<\/li>\n<li>Haute r\u00e9sistance m\u00e9canique<\/li>\n<li>Excellente conductivit\u00e9 thermique<\/li>\n<li>R\u00e9sistance optimale \u00e0 la corrosion<\/li>\n<\/ul>\n<p>[\/vc_column_text][vc_column_text css=\u00a0\u00bb.vc_custom_1691656808580{background-color: #ededed !important;}\u00a0\u00bb]Une r\u00e9sistance de chauffage \u00e9lectrique \u00e0 haute densit\u00e9 de watts int\u00e9gr\u00e9e dans un mat\u00e9riau isolant tr\u00e8s performant, fournissant une isolation \u00e9lectrique et un transfert de chaleur, dimensions standard:<\/p>\n<ul>\n<li>Diam\u00e8tre de la gaine: 32, 55, 75 mm<\/li>\n<li>Longueur sous bride de 500 \u00e0 1450 mm<\/li>\n<li>La longueur immerg\u00e9e peut atteindre 1000+ mm si la profondeur du bain et la capacit\u00e9 de travail le permettent<\/li>\n<li>Tension de connexion de 36 \u00e0 600 V, mono \/ triphas\u00e9, d\u00e9livrant jusqu&rsquo;\u00e0 50 kW<\/li>\n<\/ul>\n<p>[\/vc_column_text][\/vc_column][\/vc_row][vc_row][vc_column animation=\u00a0\u00bbfadeInUp\u00a0\u00bb][vc_empty_space][vc_row_inner][vc_column_inner][vc_single_image image=\u00a0\u00bb1328&Prime; img_size=\u00a0\u00bbfull\u00a0\u00bb alignment=\u00a0\u00bbcenter\u00a0\u00bb][vc_column_text]<\/p>\n<p style=\"text-align: center;\">Les thermoplongeurs thermal power dans<\/p>\n<p style=\"text-align: center;\"><strong>un four de maintien 300kg<\/strong><\/p>\n<p>[\/vc_column_text][\/vc_column_inner][\/vc_row_inner][vc_empty_space]<div class=\"dt-fancy-separator\" style=\"width: 100%;\"><div class=\"dt-fancy-title\"><span class=\"separator-holder separator-left\"><\/span>Applications principale<span class=\"separator-holder separator-right\"><\/span><\/div><\/div>[vc_empty_space][\/vc_column][\/vc_row][vc_row animation=\u00a0\u00bbfadeInUp\u00a0\u00bb][vc_column width=\u00a0\u00bb1\/3&Prime;][vc_column_text]<\/p>\n<h4 style=\"text-align: center;\">Four de maintien<\/h4>\n<p>[\/vc_column_text][vc_single_image image=\u00a0\u00bb1561&Prime; img_size=\u00a0\u00bb200&#215;200&Prime; alignment=\u00a0\u00bbcenter\u00a0\u00bb][\/vc_column][vc_column width=\u00a0\u00bb1\/3&Prime;][vc_column_text]<\/p>\n<h4 style=\"text-align: center;\">Bo\u00eete de filtrage<\/h4>\n<p>[\/vc_column_text][vc_single_image image=\u00a0\u00bb1560&Prime; img_size=\u00a0\u00bb200&#215;200&Prime; alignment=\u00a0\u00bbcenter\u00a0\u00bb][\/vc_column][vc_column width=\u00a0\u00bb1\/3&Prime;][vc_column_text]<\/p>\n<h4 style=\"text-align: center;\">Four de dosage<\/h4>\n<p>[\/vc_column_text][vc_single_image image=\u00a0\u00bb1559&Prime; img_size=\u00a0\u00bb200&#215;200&Prime; alignment=\u00a0\u00bbcenter\u00a0\u00bb][\/vc_column][\/vc_row][vc_row][vc_column width=\u00a0\u00bb1\/3&Prime;][vc_column_text]<\/p>\n<h4 style=\"text-align: center;\">Four de fusion<\/h4>\n<p>[\/vc_column_text][vc_single_image image=\u00a0\u00bb1562&Prime; img_size=\u00a0\u00bb200&#215;200&Prime; alignment=\u00a0\u00bbcenter\u00a0\u00bb][\/vc_column][vc_column width=\u00a0\u00bb1\/3&Prime;][vc_column_text]<\/p>\n<h4 style=\"text-align: center;\">Poche de transport<\/h4>\n<p>[\/vc_column_text][vc_single_image image=\u00a0\u00bb1563&Prime; img_size=\u00a0\u00bb200&#215;200&Prime; alignment=\u00a0\u00bbcenter\u00a0\u00bb][\/vc_column][vc_column width=\u00a0\u00bb1\/3&Prime;][\/vc_column][\/vc_row][vc_row animation=\u00a0\u00bbfadeInLeft\u00a0\u00bb][vc_column]<div class=\"dt-fancy-separator\" style=\"width: 100%;\"><div class=\"dt-fancy-title\"><span class=\"separator-holder separator-left\"><\/span>Vous avez un bain peu profond?<span class=\"separator-holder separator-right\"><\/span><\/div><\/div>[vc_row_inner][vc_column_inner][vc_single_image image=\u00a0\u00bb956&Prime; img_size=\u00a0\u00bb200&#215;200&Prime; alignment=\u00a0\u00bbcenter\u00a0\u00bb][vc_btn title=\u00a0\u00bbPlus d&rsquo;info\u00a0\u00bb color=\u00a0\u00bbdanger\u00a0\u00bb align=\u00a0\u00bbcenter\u00a0\u00bb link=\u00a0\u00bburl:https%3A%2F%2Flethiguel.com%2Ffr%2Fthermoplongeur-type-l.html|title:Thermoplongeur%20de%20type%20L||\u00a0\u00bb css=\u00a0\u00bb.vc_custom_1600248409704{margin-top: 50px !important;}\u00a0\u00bb][\/vc_column_inner][\/vc_row_inner][\/vc_column][\/vc_row][vc_row][vc_column][vc_empty_space][\/vc_column][\/vc_row][vc_row][vc_column][vc_btn title=\u00a0\u00bbContactez nous\u00a0\u00bb style=\u00a0\u00bbcustom\u00a0\u00bb custom_background=\u00a0\u00bb#cf302d\u00a0\u00bb custom_text=\u00a0\u00bb#ffffff\u00a0\u00bb size=\u00a0\u00bblg\u00a0\u00bb align=\u00a0\u00bbcenter\u00a0\u00bb link=\u00a0\u00bburl:https%3A%2F%2Flethiguel.com\/fr%2Fcontact.html|title:Contact||\u00a0\u00bb][\/vc_column][\/vc_row]<\/p>\n<\/section>","protected":false},"excerpt":{"rendered":"<p>[vc_row type=\u00a0\u00bbvc_default\u00a0\u00bb el_class=\u00a0\u00bbbloc-article\u00a0\u00bb][vc_column width=\u00a0\u00bb1\/3&Prime; el_class=\u00a0\u00bbtexteblanc bloc-text-bloc-article\u00a0\u00bb][vc_column_text css=\u00a0\u00bb.vc_custom_1649056254729{padding-top: 20px !important;padding-right: 20px !important;padding-bottom: 20px !important;padding-left: 20px !important;background-color: #313131 !important;}\u00a0\u00bb] Avantages du thermoplongeur TP : Efficacit\u00e9 de chauffage &gt;99%. 30 \u00e0 40 Watts par cm2 Puissance jusqu&rsquo;\u00e0 50kW Jusqu&rsquo;\u00e0 50% d&rsquo;\u00e9conomie d&rsquo;\u00e9nergie par rapport aux m\u00e9thodes de chauffage traditionnelles R\u00e9gulation de temp\u00e9rature +\/-2\u00b0C (+\/- 36\u00b0F) Chauffage rapide et&hellip;<\/p>\n","protected":false},"author":1,"featured_media":0,"parent":0,"menu_order":0,"comment_status":"closed","ping_status":"closed","template":"","meta":{"footnotes":""},"class_list":["post-291","page","type-page","status-publish","hentry","description-off"],"yoast_head":"<!-- This site is optimized with the Yoast SEO plugin v27.4 - https:\/\/yoast.com\/product\/yoast-seo-wordpress\/ -->\n<title>Lethiguel<\/title>\n<meta name=\"description\" content=\"LETHIGUEL fabrique des thermoplongeurs pour m\u00e9taux en fusion en fonderie ou usine de recyclage. Consultez-nous pour en savoir plus.\" \/>\n<meta name=\"robots\" content=\"index, follow, max-snippet:-1, max-image-preview:large, max-video-preview:-1\" \/>\n<link rel=\"canonical\" href=\"https:\/\/lethiguel.com\/fr\/thermoplongeur-thermal-power.html\" \/>\n<meta property=\"og:locale\" content=\"fr_FR\" \/>\n<meta property=\"og:type\" content=\"article\" \/>\n<meta property=\"og:title\" content=\"Lethiguel\" \/>\n<meta property=\"og:description\" content=\"LETHIGUEL fabrique des thermoplongeurs pour m\u00e9taux en fusion en fonderie ou usine de recyclage. Consultez-nous pour en savoir plus.\" \/>\n<meta property=\"og:url\" content=\"https:\/\/lethiguel.com\/fr\/thermoplongeur-thermal-power.html\" \/>\n<meta property=\"og:site_name\" content=\"Lethiguel Fran\u00e7ais\" \/>\n<meta property=\"article:modified_time\" content=\"2025-05-30T12:47:27+00:00\" \/>\n<meta name=\"twitter:card\" content=\"summary_large_image\" \/>\n<meta name=\"twitter:label1\" content=\"Dur\u00e9e de lecture estim\u00e9e\" \/>\n\t<meta name=\"twitter:data1\" content=\"4 minutes\" \/>\n<script type=\"application\/ld+json\" class=\"yoast-schema-graph\">{\"@context\":\"https:\\\/\\\/schema.org\",\"@graph\":[{\"@type\":\"WebPage\",\"@id\":\"https:\\\/\\\/lethiguel.com\\\/fr\\\/thermoplongeur-thermal-power.html\",\"url\":\"https:\\\/\\\/lethiguel.com\\\/fr\\\/thermoplongeur-thermal-power.html\",\"name\":\"Lethiguel\",\"isPartOf\":{\"@id\":\"https:\\\/\\\/lethiguel.com\\\/fr\\\/#website\"},\"datePublished\":\"2019-06-19T15:27:38+00:00\",\"dateModified\":\"2025-05-30T12:47:27+00:00\",\"description\":\"LETHIGUEL fabrique des thermoplongeurs pour m\u00e9taux en fusion en fonderie ou usine de recyclage. Consultez-nous pour en savoir plus.\",\"breadcrumb\":{\"@id\":\"https:\\\/\\\/lethiguel.com\\\/fr\\\/thermoplongeur-thermal-power.html#breadcrumb\"},\"inLanguage\":\"fr-FR\",\"potentialAction\":[{\"@type\":\"ReadAction\",\"target\":[\"https:\\\/\\\/lethiguel.com\\\/fr\\\/thermoplongeur-thermal-power.html\"]}]},{\"@type\":\"BreadcrumbList\",\"@id\":\"https:\\\/\\\/lethiguel.com\\\/fr\\\/thermoplongeur-thermal-power.html#breadcrumb\",\"itemListElement\":[{\"@type\":\"ListItem\",\"position\":1,\"name\":\"Accueil\",\"item\":\"https:\\\/\\\/lethiguel.com\\\/fr\\\/\"},{\"@type\":\"ListItem\",\"position\":2,\"name\":\"Thermoplongeur Thermal Power\"}]},{\"@type\":\"WebSite\",\"@id\":\"https:\\\/\\\/lethiguel.com\\\/fr\\\/#website\",\"url\":\"https:\\\/\\\/lethiguel.com\\\/fr\\\/\",\"name\":\"Lethiguel Fran\u00e7ais\",\"description\":\"Heating and cooling solutions\",\"potentialAction\":[{\"@type\":\"SearchAction\",\"target\":{\"@type\":\"EntryPoint\",\"urlTemplate\":\"https:\\\/\\\/lethiguel.com\\\/fr\\\/?s={search_term_string}\"},\"query-input\":{\"@type\":\"PropertyValueSpecification\",\"valueRequired\":true,\"valueName\":\"search_term_string\"}}],\"inLanguage\":\"fr-FR\"}]}<\/script>\n<!-- \/ Yoast SEO plugin. -->","yoast_head_json":{"title":"Lethiguel","description":"LETHIGUEL fabrique des thermoplongeurs pour m\u00e9taux en fusion en fonderie ou usine de recyclage. Consultez-nous pour en savoir plus.","robots":{"index":"index","follow":"follow","max-snippet":"max-snippet:-1","max-image-preview":"max-image-preview:large","max-video-preview":"max-video-preview:-1"},"canonical":"https:\/\/lethiguel.com\/fr\/thermoplongeur-thermal-power.html","og_locale":"fr_FR","og_type":"article","og_title":"Lethiguel","og_description":"LETHIGUEL fabrique des thermoplongeurs pour m\u00e9taux en fusion en fonderie ou usine de recyclage. Consultez-nous pour en savoir plus.","og_url":"https:\/\/lethiguel.com\/fr\/thermoplongeur-thermal-power.html","og_site_name":"Lethiguel Fran\u00e7ais","article_modified_time":"2025-05-30T12:47:27+00:00","twitter_card":"summary_large_image","twitter_misc":{"Dur\u00e9e de lecture estim\u00e9e":"4 minutes"},"schema":{"@context":"https:\/\/schema.org","@graph":[{"@type":"WebPage","@id":"https:\/\/lethiguel.com\/fr\/thermoplongeur-thermal-power.html","url":"https:\/\/lethiguel.com\/fr\/thermoplongeur-thermal-power.html","name":"Lethiguel","isPartOf":{"@id":"https:\/\/lethiguel.com\/fr\/#website"},"datePublished":"2019-06-19T15:27:38+00:00","dateModified":"2025-05-30T12:47:27+00:00","description":"LETHIGUEL fabrique des thermoplongeurs pour m\u00e9taux en fusion en fonderie ou usine de recyclage. Consultez-nous pour en savoir plus.","breadcrumb":{"@id":"https:\/\/lethiguel.com\/fr\/thermoplongeur-thermal-power.html#breadcrumb"},"inLanguage":"fr-FR","potentialAction":[{"@type":"ReadAction","target":["https:\/\/lethiguel.com\/fr\/thermoplongeur-thermal-power.html"]}]},{"@type":"BreadcrumbList","@id":"https:\/\/lethiguel.com\/fr\/thermoplongeur-thermal-power.html#breadcrumb","itemListElement":[{"@type":"ListItem","position":1,"name":"Accueil","item":"https:\/\/lethiguel.com\/fr\/"},{"@type":"ListItem","position":2,"name":"Thermoplongeur Thermal Power"}]},{"@type":"WebSite","@id":"https:\/\/lethiguel.com\/fr\/#website","url":"https:\/\/lethiguel.com\/fr\/","name":"Lethiguel Fran\u00e7ais","description":"Heating and cooling solutions","potentialAction":[{"@type":"SearchAction","target":{"@type":"EntryPoint","urlTemplate":"https:\/\/lethiguel.com\/fr\/?s={search_term_string}"},"query-input":{"@type":"PropertyValueSpecification","valueRequired":true,"valueName":"search_term_string"}}],"inLanguage":"fr-FR"}]}},"_links":{"self":[{"href":"https:\/\/lethiguel.com\/fr\/wp-json\/wp\/v2\/pages\/291","targetHints":{"allow":["GET"]}}],"collection":[{"href":"https:\/\/lethiguel.com\/fr\/wp-json\/wp\/v2\/pages"}],"about":[{"href":"https:\/\/lethiguel.com\/fr\/wp-json\/wp\/v2\/types\/page"}],"author":[{"embeddable":true,"href":"https:\/\/lethiguel.com\/fr\/wp-json\/wp\/v2\/users\/1"}],"replies":[{"embeddable":true,"href":"https:\/\/lethiguel.com\/fr\/wp-json\/wp\/v2\/comments?post=291"}],"version-history":[{"count":32,"href":"https:\/\/lethiguel.com\/fr\/wp-json\/wp\/v2\/pages\/291\/revisions"}],"predecessor-version":[{"id":2206,"href":"https:\/\/lethiguel.com\/fr\/wp-json\/wp\/v2\/pages\/291\/revisions\/2206"}],"wp:attachment":[{"href":"https:\/\/lethiguel.com\/fr\/wp-json\/wp\/v2\/media?parent=291"}],"curies":[{"name":"wp","href":"https:\/\/api.w.org\/{rel}","templated":true}]}}