{"id":299,"date":"2019-06-20T13:36:09","date_gmt":"2019-06-20T11:36:09","guid":{"rendered":"https:\/\/lethiguel.com\/fr\/?page_id=299"},"modified":"2025-05-30T14:46:20","modified_gmt":"2025-05-30T12:46:20","slug":"thermoplongeur-type-l","status":"publish","type":"page","link":"https:\/\/lethiguel.com\/fr\/thermoplongeur-type-l.html","title":{"rendered":"Thermoplongeur de type L"},"content":{"rendered":"<section class=\"wpb-content-wrapper\"><p>[vc_row el_class=\u00a0\u00bbbloc-article\u00a0\u00bb][vc_column width=\u00a0\u00bb1\/3&Prime; el_class=\u00a0\u00bbtexteblanc bloc-text-bloc-article\u00a0\u00bb][vc_column_text css=\u00a0\u00bb.vc_custom_1575642878674{padding-top: 20px !important;padding-right: 20px !important;padding-bottom: 20px !important;padding-left: 20px !important;background-color: #313131 !important;}\u00a0\u00bb]<\/p>\n<h3 class=\"avantages1\">Avantages du thermoplongeur type L :<\/h3>\n<ul>\n<li>Efficacit\u00e9 de chauffage &gt;99%.<\/li>\n<li>Convient pour les niveaux de m\u00e9tal peu profonds<\/li>\n<li>Jusqu&rsquo;\u00e0 50% d&rsquo;\u00e9conomie d&rsquo;\u00e9nergie par rapport aux m\u00e9thodes de chauffage traditionnelles<\/li>\n<li>R\u00e9gulation de la temp\u00e9rature +\/-2\u00b0C (+\/- 36\u00b0F)<\/li>\n<li>Chauffage rapide et en douceur<\/li>\n<li>Installation rapide, maintenance facile<\/li>\n<\/ul>\n<p>[\/vc_column_text][vc_column_text css=\u00a0\u00bb.vc_custom_1575642904921{margin-top: -40px !important;padding-top: 20px !important;padding-right: 20px !important;padding-bottom: 20px !important;padding-left: 20px !important;background-color: #cf302d !important;}\u00a0\u00bb]Le thermoplongeur Thermal Power\u00ae de type L est rapide \u00e0 installer et offre la meilleure qualit\u00e9 m\u00e9tallurgique en r\u00e9gulant la temp\u00e9rature de d\u00e9part avec une pr\u00e9cision de +\/- 2\u00b0C.[\/vc_column_text][\/vc_column][vc_column width=\u00a0\u00bb2\/3&Prime; el_class=\u00a0\u00bbbloc-img-bloc-article\u00a0\u00bb css=\u00a0\u00bb.vc_custom_1595510945749{margin-top: -100px !important;}\u00a0\u00bb][vc_row_inner][vc_column_inner][vc_single_image image=\u00a0\u00bb1787&Prime; img_size=\u00a0\u00bblarge\u00a0\u00bb alignment=\u00a0\u00bbcenter\u00a0\u00bb][\/vc_column_inner][\/vc_row_inner][\/vc_column][\/vc_row][vc_row animation=\u00a0\u00bbfadeInLeft\u00a0\u00bb][vc_column css=\u00a0\u00bb.vc_custom_1595510973006{margin-top: -80px !important;}\u00a0\u00bb][vc_column_text]<\/p>\n<h3>Nous proposons une gamme de solutions personnalis\u00e9es bas\u00e9es sur 2 standards:<\/h3>\n<ul>\n<li>Thermoplongeur type L pour la goulotte d&rsquo;aluminium: m\u00e2t tr\u00e8s court, pour s&rsquo;adapter \u00e0 la norme de n&rsquo;importe quelle goulotte<\/li>\n<li>Thermoplongeur type L pour four \u00e0 niveau de bain peu profond: con\u00e7u en fonction de la capacit\u00e9 de coul\u00e9e<\/li>\n<\/ul>\n<p>[\/vc_column_text][\/vc_column][\/vc_row][vc_row][vc_column animation=\u00a0\u00bbfadeInLeft\u00a0\u00bb][vc_column_text]<\/p>\n<h3>Positionnement et \u00e9talonnage<\/h3>\n<p>Chaque thermoplongeur que nous installons est con\u00e7u en fonction des besoins de nos clients en termes de puissance de chauffage, d&rsquo;application et d&rsquo;utilisation. Y compris notre thermoplongeur type L est identifi\u00e9 par son num\u00e9ro d&rsquo;identification.<\/p>\n<p>Pour les thermoplongeurs type L, nous prenons en compte au moins 11 param\u00e8tres pour calibrer un thermoplongeur. Notre bureau d&rsquo;\u00e9tudes con\u00e7oit la solution dans les contraintes thermiques et de positionnement pour vous proposer la meilleure solution sur mesure.[\/vc_column_text][\/vc_column][\/vc_row][vc_row animation=\u00a0\u00bbfadeInLeft\u00a0\u00bb][vc_column width=\u00a0\u00bb1\/2&Prime;]<div class=\"standard-arrow list-divider bullet-top\"><ul>\n<li>Type d&rsquo;alliage<\/li>\n<li>Temp\u00e9rature du bain<\/li>\n<li>Puissance<\/li>\n<li>Tension<\/li>\n<li>\u00d8 gaine<\/li>\n<li>Niveau de bain minimum<\/li>\n<\/ul>\n<\/div>[\/vc_column][vc_column width=\u00a0\u00bb1\/2&Prime;]<div class=\"standard-arrow list-divider bullet-top\"><ul>\n<li>Longueur sous bride<\/li>\n<li>Longueur immerg\u00e9e<\/li>\n<li>Type d&rsquo;extension<\/li>\n<li>Thermocouple de type K<\/li>\n<li>Longueur horizontale<\/li>\n<\/ul>\n<\/div>[\/vc_column][\/vc_row][vc_row animation=\u00a0\u00bbfadeInLeft\u00a0\u00bb][vc_column][vc_column_text]L&rsquo;utilisation d&rsquo;un syst\u00e8me de chauffage immerg\u00e9 est le moyen le plus efficace de surveiller et de g\u00e9rer avec pr\u00e9cision de la temp\u00e9rature du bain d&rsquo;aluminium. Par cons\u00e9quent, il peut contribuer \u00e0 la qualit\u00e9, \u00e0 la productivit\u00e9 et aux \u00e9conomies d&rsquo;\u00e9nergie de votre m\u00e9tal.[\/vc_column_text][\/vc_column][\/vc_row][vc_row animation=\u00a0\u00bbfadeInLeft\u00a0\u00bb][vc_column width=\u00a0\u00bb1\/2&Prime;][vc_single_image image=\u00a0\u00bb1276&Prime; img_size=\u00a0\u00bb500&#215;300&Prime; alignment=\u00a0\u00bbcenter\u00a0\u00bb style=\u00a0\u00bbvc_box_shadow_3d\u00a0\u00bb][\/vc_column][vc_column width=\u00a0\u00bb1\/2&Prime;][vc_single_image image=\u00a0\u00bb1275&Prime; img_size=\u00a0\u00bb500&#215;300&Prime; alignment=\u00a0\u00bbcenter\u00a0\u00bb style=\u00a0\u00bbvc_box_shadow_3d\u00a0\u00bb][\/vc_column][\/vc_row][vc_row][vc_column animation=\u00a0\u00bbfadeInLeft\u00a0\u00bb][vc_column_text]<\/p>\n<h4>Il est sp\u00e9cialement con\u00e7u pour les niveaux de bain peu profonds et dans les goulottes d&rsquo;aluminium.<\/h4>\n<p>Un de nos clients a r\u00e9solu avec succ\u00e8s leurs probl\u00e8mes avec notre Thermoplongeur type L, veuillez regarder cette \u00e9tude de cas pour notre <a href=\"https:\/\/lethiguel.com\/fr\/l-type-thermoplongeur-case-study.html\">thermoplongeur type L<\/a>[\/vc_column_text][\/vc_column][\/vc_row][vc_row][vc_column animation=\u00a0\u00bbfadeInLeft\u00a0\u00bb][vc_btn title=\u00a0\u00bbCas d&rsquo;\u00e9tude Thermoplongeur type L\u00a0\u00bb color=\u00a0\u00bbdanger\u00a0\u00bb link=\u00a0\u00bburl:https%3A%2F%2Flethiguel.com%2Ffr%2Fl-type-thermoplongeur-case-study.html|title:L%20type%20thermoplongeur%20case%20study||\u00a0\u00bb][\/vc_column][\/vc_row][vc_row animation=\u00a0\u00bbfadeInLeft\u00a0\u00bb][vc_column][vc_text_separator title=\u00a0\u00bbApplications principales\u00a0\u00bb][vc_row_inner][vc_column_inner width=\u00a0\u00bb1\/2&Prime;][vc_single_image image=\u00a0\u00bb1281&Prime; img_size=\u00a0\u00bb300&#215;300&Prime; alignment=\u00a0\u00bbcenter\u00a0\u00bb][vc_column_text]<\/p>\n<p style=\"text-align: center;\">La goulotte d&rsquo;aluminium<\/p>\n<p>[\/vc_column_text][\/vc_column_inner][vc_column_inner width=\u00a0\u00bb1\/2&Prime;][vc_single_image image=\u00a0\u00bb1280&Prime; img_size=\u00a0\u00bb300&#215;300&Prime; alignment=\u00a0\u00bbcenter\u00a0\u00bb][vc_column_text]<\/p>\n<p style=\"text-align: center;\">Le four de maintien<\/p>\n<p>[\/vc_column_text][\/vc_column_inner][\/vc_row_inner][\/vc_column][\/vc_row][vc_row][vc_column][vc_btn title=\u00a0\u00bbContactez nous\u00a0\u00bb style=\u00a0\u00bbcustom\u00a0\u00bb custom_background=\u00a0\u00bb#cf302d\u00a0\u00bb custom_text=\u00a0\u00bb#ffffff\u00a0\u00bb size=\u00a0\u00bblg\u00a0\u00bb align=\u00a0\u00bbcenter\u00a0\u00bb link=\u00a0\u00bburl:https%3A%2F%2Flethiguel.com\/fr%2Fcontact.html|title:Contact||\u00a0\u00bb][\/vc_column][\/vc_row]<\/p>\n<\/section>","protected":false},"excerpt":{"rendered":"<p>[vc_row el_class=\u00a0\u00bbbloc-article\u00a0\u00bb][vc_column width=\u00a0\u00bb1\/3&Prime; el_class=\u00a0\u00bbtexteblanc bloc-text-bloc-article\u00a0\u00bb][vc_column_text css=\u00a0\u00bb.vc_custom_1575642878674{padding-top: 20px !important;padding-right: 20px !important;padding-bottom: 20px !important;padding-left: 20px !important;background-color: #313131 !important;}\u00a0\u00bb] Avantages du thermoplongeur type L : Efficacit\u00e9 de chauffage &gt;99%. Convient pour les niveaux de m\u00e9tal peu profonds Jusqu&rsquo;\u00e0 50% d&rsquo;\u00e9conomie d&rsquo;\u00e9nergie par rapport aux m\u00e9thodes de chauffage traditionnelles R\u00e9gulation de la temp\u00e9rature +\/-2\u00b0C (+\/- 36\u00b0F) Chauffage rapide et&hellip;<\/p>\n","protected":false},"author":1,"featured_media":0,"parent":0,"menu_order":0,"comment_status":"closed","ping_status":"closed","template":"","meta":{"footnotes":""},"class_list":["post-299","page","type-page","status-publish","hentry","description-off"],"yoast_head":"<!-- This site is optimized with the Yoast SEO plugin v27.4 - https:\/\/yoast.com\/product\/yoast-seo-wordpress\/ -->\n<title>Lethiguel<\/title>\n<meta name=\"description\" content=\"LETHIGUEL fabrique des thermoplongeurs de type L pour des applications de fonderie de m\u00e9taux. Contactez-nous pour en savoir plus.\" \/>\n<meta name=\"robots\" content=\"index, follow, max-snippet:-1, max-image-preview:large, max-video-preview:-1\" \/>\n<link rel=\"canonical\" href=\"https:\/\/lethiguel.com\/fr\/thermoplongeur-type-l.html\" \/>\n<meta property=\"og:locale\" content=\"fr_FR\" \/>\n<meta property=\"og:type\" content=\"article\" \/>\n<meta property=\"og:title\" content=\"Lethiguel\" \/>\n<meta property=\"og:description\" content=\"LETHIGUEL fabrique des thermoplongeurs de type L pour des applications de fonderie de m\u00e9taux. Contactez-nous pour en savoir plus.\" \/>\n<meta property=\"og:url\" content=\"https:\/\/lethiguel.com\/fr\/thermoplongeur-type-l.html\" \/>\n<meta property=\"og:site_name\" content=\"Lethiguel Fran\u00e7ais\" \/>\n<meta property=\"article:modified_time\" content=\"2025-05-30T12:46:20+00:00\" \/>\n<meta name=\"twitter:card\" content=\"summary_large_image\" \/>\n<meta name=\"twitter:label1\" content=\"Dur\u00e9e de lecture estim\u00e9e\" \/>\n\t<meta name=\"twitter:data1\" content=\"3 minutes\" \/>\n<script type=\"application\/ld+json\" class=\"yoast-schema-graph\">{\"@context\":\"https:\\\/\\\/schema.org\",\"@graph\":[{\"@type\":\"WebPage\",\"@id\":\"https:\\\/\\\/lethiguel.com\\\/fr\\\/thermoplongeur-type-l.html\",\"url\":\"https:\\\/\\\/lethiguel.com\\\/fr\\\/thermoplongeur-type-l.html\",\"name\":\"Lethiguel\",\"isPartOf\":{\"@id\":\"https:\\\/\\\/lethiguel.com\\\/fr\\\/#website\"},\"datePublished\":\"2019-06-20T11:36:09+00:00\",\"dateModified\":\"2025-05-30T12:46:20+00:00\",\"description\":\"LETHIGUEL fabrique des thermoplongeurs de type L pour des applications de fonderie de m\u00e9taux. Contactez-nous pour en savoir plus.\",\"breadcrumb\":{\"@id\":\"https:\\\/\\\/lethiguel.com\\\/fr\\\/thermoplongeur-type-l.html#breadcrumb\"},\"inLanguage\":\"fr-FR\",\"potentialAction\":[{\"@type\":\"ReadAction\",\"target\":[\"https:\\\/\\\/lethiguel.com\\\/fr\\\/thermoplongeur-type-l.html\"]}]},{\"@type\":\"BreadcrumbList\",\"@id\":\"https:\\\/\\\/lethiguel.com\\\/fr\\\/thermoplongeur-type-l.html#breadcrumb\",\"itemListElement\":[{\"@type\":\"ListItem\",\"position\":1,\"name\":\"Accueil\",\"item\":\"https:\\\/\\\/lethiguel.com\\\/fr\\\/\"},{\"@type\":\"ListItem\",\"position\":2,\"name\":\"Thermoplongeur de type L\"}]},{\"@type\":\"WebSite\",\"@id\":\"https:\\\/\\\/lethiguel.com\\\/fr\\\/#website\",\"url\":\"https:\\\/\\\/lethiguel.com\\\/fr\\\/\",\"name\":\"Lethiguel Fran\u00e7ais\",\"description\":\"Heating and cooling solutions\",\"potentialAction\":[{\"@type\":\"SearchAction\",\"target\":{\"@type\":\"EntryPoint\",\"urlTemplate\":\"https:\\\/\\\/lethiguel.com\\\/fr\\\/?s={search_term_string}\"},\"query-input\":{\"@type\":\"PropertyValueSpecification\",\"valueRequired\":true,\"valueName\":\"search_term_string\"}}],\"inLanguage\":\"fr-FR\"}]}<\/script>\n<!-- \/ Yoast SEO plugin. -->","yoast_head_json":{"title":"Lethiguel","description":"LETHIGUEL fabrique des thermoplongeurs de type L pour des applications de fonderie de m\u00e9taux. Contactez-nous pour en savoir plus.","robots":{"index":"index","follow":"follow","max-snippet":"max-snippet:-1","max-image-preview":"max-image-preview:large","max-video-preview":"max-video-preview:-1"},"canonical":"https:\/\/lethiguel.com\/fr\/thermoplongeur-type-l.html","og_locale":"fr_FR","og_type":"article","og_title":"Lethiguel","og_description":"LETHIGUEL fabrique des thermoplongeurs de type L pour des applications de fonderie de m\u00e9taux. Contactez-nous pour en savoir plus.","og_url":"https:\/\/lethiguel.com\/fr\/thermoplongeur-type-l.html","og_site_name":"Lethiguel Fran\u00e7ais","article_modified_time":"2025-05-30T12:46:20+00:00","twitter_card":"summary_large_image","twitter_misc":{"Dur\u00e9e de lecture estim\u00e9e":"3 minutes"},"schema":{"@context":"https:\/\/schema.org","@graph":[{"@type":"WebPage","@id":"https:\/\/lethiguel.com\/fr\/thermoplongeur-type-l.html","url":"https:\/\/lethiguel.com\/fr\/thermoplongeur-type-l.html","name":"Lethiguel","isPartOf":{"@id":"https:\/\/lethiguel.com\/fr\/#website"},"datePublished":"2019-06-20T11:36:09+00:00","dateModified":"2025-05-30T12:46:20+00:00","description":"LETHIGUEL fabrique des thermoplongeurs de type L pour des applications de fonderie de m\u00e9taux. Contactez-nous pour en savoir plus.","breadcrumb":{"@id":"https:\/\/lethiguel.com\/fr\/thermoplongeur-type-l.html#breadcrumb"},"inLanguage":"fr-FR","potentialAction":[{"@type":"ReadAction","target":["https:\/\/lethiguel.com\/fr\/thermoplongeur-type-l.html"]}]},{"@type":"BreadcrumbList","@id":"https:\/\/lethiguel.com\/fr\/thermoplongeur-type-l.html#breadcrumb","itemListElement":[{"@type":"ListItem","position":1,"name":"Accueil","item":"https:\/\/lethiguel.com\/fr\/"},{"@type":"ListItem","position":2,"name":"Thermoplongeur de type L"}]},{"@type":"WebSite","@id":"https:\/\/lethiguel.com\/fr\/#website","url":"https:\/\/lethiguel.com\/fr\/","name":"Lethiguel Fran\u00e7ais","description":"Heating and cooling solutions","potentialAction":[{"@type":"SearchAction","target":{"@type":"EntryPoint","urlTemplate":"https:\/\/lethiguel.com\/fr\/?s={search_term_string}"},"query-input":{"@type":"PropertyValueSpecification","valueRequired":true,"valueName":"search_term_string"}}],"inLanguage":"fr-FR"}]}},"_links":{"self":[{"href":"https:\/\/lethiguel.com\/fr\/wp-json\/wp\/v2\/pages\/299","targetHints":{"allow":["GET"]}}],"collection":[{"href":"https:\/\/lethiguel.com\/fr\/wp-json\/wp\/v2\/pages"}],"about":[{"href":"https:\/\/lethiguel.com\/fr\/wp-json\/wp\/v2\/types\/page"}],"author":[{"embeddable":true,"href":"https:\/\/lethiguel.com\/fr\/wp-json\/wp\/v2\/users\/1"}],"replies":[{"embeddable":true,"href":"https:\/\/lethiguel.com\/fr\/wp-json\/wp\/v2\/comments?post=299"}],"version-history":[{"count":25,"href":"https:\/\/lethiguel.com\/fr\/wp-json\/wp\/v2\/pages\/299\/revisions"}],"predecessor-version":[{"id":2205,"href":"https:\/\/lethiguel.com\/fr\/wp-json\/wp\/v2\/pages\/299\/revisions\/2205"}],"wp:attachment":[{"href":"https:\/\/lethiguel.com\/fr\/wp-json\/wp\/v2\/media?parent=299"}],"curies":[{"name":"wp","href":"https:\/\/api.w.org\/{rel}","templated":true}]}}