{"id":311,"date":"2019-06-20T14:02:19","date_gmt":"2019-06-20T12:02:19","guid":{"rendered":"https:\/\/lethiguel.com\/fr\/?page_id=311"},"modified":"2025-05-30T14:31:16","modified_gmt":"2025-05-30T12:31:16","slug":"chauffage-metal-wattmobil","status":"publish","type":"page","link":"https:\/\/lethiguel.com\/fr\/chauffage-metal-wattmobil.html","title":{"rendered":"Solution de maintien en temp\u00e9rature WattMobil"},"content":{"rendered":"<section class=\"wpb-content-wrapper\"><p>[vc_row type=\u00a0\u00bbvc_default\u00a0\u00bb content_placement=\u00a0\u00bbmiddle\u00a0\u00bb el_class=\u00a0\u00bbbloc-article\u00a0\u00bb][vc_column width=\u00a0\u00bb1\/3&Prime; el_class=\u00a0\u00bbtexteblanc bloc-text-bloc-article\u00a0\u00bb][vc_column_text css=\u00a0\u00bb.vc_custom_1575739291964{padding-top: 20px !important;padding-right: 20px !important;padding-bottom: 20px !important;padding-left: 20px !important;background-color: #313131 !important;}\u00a0\u00bb]<\/p>\n<h3 class=\"avantages1\">La <b>solution de chauffage WattMobil\u00ae<\/b> est con\u00e7u pour aider dans les situations suivantes :<\/h3>\n<ul>\n<li>Maintenance du four<\/li>\n<li>Mont\u00e9e et surveillance de la temp\u00e9rature<\/li>\n<li>Panne de chauffe<\/li>\n<li>Temps de d\u00e9gazage<\/li>\n<li>Augmenter la performance du four<\/li>\n<\/ul>\n<p>[\/vc_column_text][vc_column_text css=\u00a0\u00bb.vc_custom_1610458788102{margin-top: -40px !important;padding-top: 20px !important;padding-right: 20px !important;padding-bottom: 20px !important;padding-left: 20px !important;background-color: #cf302d !important;}\u00a0\u00bb]Con\u00e7u selon les normes de la fonderie, WattMobil\u00ae est le concentr\u00e9 parfait d&rsquo;un thermoplongeur \u00e9lectrique \u00e0 haut rendement et d&rsquo;un chariot avec armoire \u00e9lectrique int\u00e9gr\u00e9e.[\/vc_column_text][\/vc_column][vc_column width=\u00a0\u00bb2\/3&Prime; animation=\u00a0\u00bbfadeInRight\u00a0\u00bb el_class=\u00a0\u00bbbloc-img-bloc-article\u00a0\u00bb][vc_single_image image=\u00a0\u00bb1896&Prime; img_size=\u00a0\u00bbfull\u00a0\u00bb alignment=\u00a0\u00bbcenter\u00a0\u00bb][\/vc_column][\/vc_row][vc_row][vc_column][vc_single_image image=\u00a0\u00bb1901&Prime; img_size=\u00a0\u00bbfull\u00a0\u00bb alignment=\u00a0\u00bbcenter\u00a0\u00bb][vc_column_text]<\/p>\n<h3>Transmettant la puissance directement au c\u0153ur du m\u00e9tal en fusion, la solution de chauffage WattMobil\u00ae assure \u00e0 la fois le maintien et l&rsquo;\u00e9l\u00e9vation efficaces de la temp\u00e9rature, en utilisant 99% de la puissance disponible<\/h3>\n<p>[\/vc_column_text][\/vc_column][\/vc_row][vc_row][vc_column width=\u00a0\u00bb1\/2&Prime;][vc_single_image image=\u00a0\u00bb1902&Prime; img_size=\u00a0\u00bbfull\u00a0\u00bb alignment=\u00a0\u00bbcenter\u00a0\u00bb][\/vc_column][vc_column width=\u00a0\u00bb1\/2&Prime;][vc_single_image image=\u00a0\u00bb1903&Prime; img_size=\u00a0\u00bbfull\u00a0\u00bb][\/vc_column][\/vc_row][vc_row][vc_column][vc_column_text]<\/p>\n<h3>L&rsquo;utilisation continue permet de soulager vo\u00fbte chauffante du four, ce qui contribue notamment<\/h3>\n<ul>\n<li>\u00e0 \u00e9conomiser de l&rsquo;\u00e9nergie<\/li>\n<li>\u00e0 r\u00e9duire l&rsquo;oxydation du bain<\/li>\n<li>\u00e0 \u00e9liminer l&rsquo;accumulation de corindon<\/li>\n<\/ul>\n<p>[\/vc_column_text][\/vc_column][\/vc_row][vc_row][vc_column][vc_single_image image=\u00a0\u00bb1898&Prime; img_size=\u00a0\u00bbfull\u00a0\u00bb][\/vc_column][\/vc_row][vc_row][vc_column animation=\u00a0\u00bbfadeInLeft\u00a0\u00bb][vc_row_inner][vc_column_inner][vc_column_text]WattMobil\u00ae est notre solution de maintien en temp\u00e9rature id\u00e9ale pour l&rsquo;entretien de votre four.<\/p>\n<p>Voici un remarque de client! N&rsquo;h\u00e9sitez pas \u00e0 consulter l&rsquo;\u00e9tude de cas![\/vc_column_text][\/vc_column_inner][\/vc_row_inner][vc_row_inner][vc_column_inner][vc_btn title=\u00a0\u00bbCas d&rsquo;\u00e9tude WattMobil\u00a0\u00bb color=\u00a0\u00bbdanger\u00a0\u00bb link=\u00a0\u00bburl:https%3A%2F%2Flethiguel.com%2Ffr%2Fwattmobil-case-study.html|title:WattMobil%20case%20study||\u00a0\u00bb][\/vc_column_inner][\/vc_row_inner][\/vc_column][\/vc_row][vc_row][vc_column][vc_row_inner][vc_column_inner]<div class=\"dt-fancy-separator\" style=\"width: 100%;\"><div class=\"dt-fancy-title\"><span class=\"separator-holder separator-left\"><\/span>Applications principales<span class=\"separator-holder separator-right\"><\/span><\/div><\/div>[\/vc_column_inner][\/vc_row_inner][vc_row_inner][vc_column_inner width=\u00a0\u00bb1\/3&Prime;][vc_column_text]<\/p>\n<p style=\"text-align: center;\">Poche de transport<\/p>\n<p>[\/vc_column_text][vc_single_image image=\u00a0\u00bb1999&Prime; img_size=\u00a0\u00bbmedium\u00a0\u00bb alignment=\u00a0\u00bbcenter\u00a0\u00bb][\/vc_column_inner][vc_column_inner width=\u00a0\u00bb1\/3&Prime;][vc_column_text]<\/p>\n<p style=\"text-align: center;\">Maintien de four<\/p>\n<p>[\/vc_column_text][vc_single_image image=\u00a0\u00bb1998&Prime; img_size=\u00a0\u00bbmedium\u00a0\u00bb alignment=\u00a0\u00bbcenter\u00a0\u00bb][\/vc_column_inner][vc_column_inner width=\u00a0\u00bb1\/3&Prime;][vc_column_text]<\/p>\n<p style=\"text-align: center;\">Pendant degazation<\/p>\n<p>[\/vc_column_text][vc_single_image image=\u00a0\u00bb1997&Prime; img_size=\u00a0\u00bbmedium\u00a0\u00bb alignment=\u00a0\u00bbcenter\u00a0\u00bb][\/vc_column_inner][\/vc_row_inner][\/vc_column][\/vc_row][vc_row][vc_column][vc_btn title=\u00a0\u00bbContactez nous\u00a0\u00bb style=\u00a0\u00bbcustom\u00a0\u00bb custom_background=\u00a0\u00bb#cf302d\u00a0\u00bb custom_text=\u00a0\u00bb#ffffff\u00a0\u00bb size=\u00a0\u00bblg\u00a0\u00bb align=\u00a0\u00bbcenter\u00a0\u00bb link=\u00a0\u00bburl:https%3A%2F%2Flethiguel.com\/fr%2Fcontact.html|title:Contact||\u00a0\u00bb][\/vc_column][\/vc_row]<\/p>\n<\/section>","protected":false},"excerpt":{"rendered":"<p>[vc_row type=\u00a0\u00bbvc_default\u00a0\u00bb content_placement=\u00a0\u00bbmiddle\u00a0\u00bb el_class=\u00a0\u00bbbloc-article\u00a0\u00bb][vc_column width=\u00a0\u00bb1\/3&Prime; el_class=\u00a0\u00bbtexteblanc bloc-text-bloc-article\u00a0\u00bb][vc_column_text css=\u00a0\u00bb.vc_custom_1575739291964{padding-top: 20px !important;padding-right: 20px !important;padding-bottom: 20px !important;padding-left: 20px !important;background-color: #313131 !important;}\u00a0\u00bb] La solution de chauffage WattMobil\u00ae est con\u00e7u pour aider dans les situations suivantes : Maintenance du four Mont\u00e9e et surveillance de la temp\u00e9rature Panne de chauffe Temps de d\u00e9gazage Augmenter la performance du four [\/vc_column_text][vc_column_text css=\u00a0\u00bb.vc_custom_1610458788102{margin-top: -40px&hellip;<\/p>\n","protected":false},"author":1,"featured_media":0,"parent":0,"menu_order":0,"comment_status":"closed","ping_status":"closed","template":"","meta":{"footnotes":""},"class_list":["post-311","page","type-page","status-publish","hentry","description-off"],"yoast_head":"<!-- This site is optimized with the Yoast SEO plugin v27.4 - https:\/\/yoast.com\/product\/yoast-seo-wordpress\/ -->\n<title>Lethiguel<\/title>\n<meta name=\"description\" content=\"LETHIGUEL fabrique du mat\u00e9riel de contr\u00f4le de temp\u00e9rature pour l&#039;industrie des m\u00e9taux non-ferreux. Consultez la fiche de la solution Watt Mobil.\" \/>\n<meta name=\"robots\" content=\"index, follow, max-snippet:-1, max-image-preview:large, max-video-preview:-1\" \/>\n<link rel=\"canonical\" href=\"https:\/\/lethiguel.com\/fr\/chauffage-metal-wattmobil.html\" \/>\n<meta property=\"og:locale\" content=\"fr_FR\" \/>\n<meta property=\"og:type\" content=\"article\" \/>\n<meta property=\"og:title\" content=\"Lethiguel\" \/>\n<meta property=\"og:description\" content=\"LETHIGUEL fabrique du mat\u00e9riel de contr\u00f4le de temp\u00e9rature pour l&#039;industrie des m\u00e9taux non-ferreux. Consultez la fiche de la solution Watt Mobil.\" \/>\n<meta property=\"og:url\" content=\"https:\/\/lethiguel.com\/fr\/chauffage-metal-wattmobil.html\" \/>\n<meta property=\"og:site_name\" content=\"Lethiguel Fran\u00e7ais\" \/>\n<meta property=\"article:modified_time\" content=\"2025-05-30T12:31:16+00:00\" \/>\n<meta name=\"twitter:card\" content=\"summary_large_image\" \/>\n<meta name=\"twitter:label1\" content=\"Dur\u00e9e de lecture estim\u00e9e\" \/>\n\t<meta name=\"twitter:data1\" content=\"2 minutes\" \/>\n<script type=\"application\/ld+json\" class=\"yoast-schema-graph\">{\"@context\":\"https:\\\/\\\/schema.org\",\"@graph\":[{\"@type\":\"WebPage\",\"@id\":\"https:\\\/\\\/lethiguel.com\\\/fr\\\/chauffage-metal-wattmobil.html\",\"url\":\"https:\\\/\\\/lethiguel.com\\\/fr\\\/chauffage-metal-wattmobil.html\",\"name\":\"Lethiguel\",\"isPartOf\":{\"@id\":\"https:\\\/\\\/lethiguel.com\\\/fr\\\/#website\"},\"datePublished\":\"2019-06-20T12:02:19+00:00\",\"dateModified\":\"2025-05-30T12:31:16+00:00\",\"description\":\"LETHIGUEL fabrique du mat\u00e9riel de contr\u00f4le de temp\u00e9rature pour l'industrie des m\u00e9taux non-ferreux. Consultez la fiche de la solution Watt Mobil.\",\"breadcrumb\":{\"@id\":\"https:\\\/\\\/lethiguel.com\\\/fr\\\/chauffage-metal-wattmobil.html#breadcrumb\"},\"inLanguage\":\"fr-FR\",\"potentialAction\":[{\"@type\":\"ReadAction\",\"target\":[\"https:\\\/\\\/lethiguel.com\\\/fr\\\/chauffage-metal-wattmobil.html\"]}]},{\"@type\":\"BreadcrumbList\",\"@id\":\"https:\\\/\\\/lethiguel.com\\\/fr\\\/chauffage-metal-wattmobil.html#breadcrumb\",\"itemListElement\":[{\"@type\":\"ListItem\",\"position\":1,\"name\":\"Accueil\",\"item\":\"https:\\\/\\\/lethiguel.com\\\/fr\\\/\"},{\"@type\":\"ListItem\",\"position\":2,\"name\":\"Solution de maintien en temp\u00e9rature WattMobil\"}]},{\"@type\":\"WebSite\",\"@id\":\"https:\\\/\\\/lethiguel.com\\\/fr\\\/#website\",\"url\":\"https:\\\/\\\/lethiguel.com\\\/fr\\\/\",\"name\":\"Lethiguel Fran\u00e7ais\",\"description\":\"Heating and cooling solutions\",\"potentialAction\":[{\"@type\":\"SearchAction\",\"target\":{\"@type\":\"EntryPoint\",\"urlTemplate\":\"https:\\\/\\\/lethiguel.com\\\/fr\\\/?s={search_term_string}\"},\"query-input\":{\"@type\":\"PropertyValueSpecification\",\"valueRequired\":true,\"valueName\":\"search_term_string\"}}],\"inLanguage\":\"fr-FR\"}]}<\/script>\n<!-- \/ Yoast SEO plugin. -->","yoast_head_json":{"title":"Lethiguel","description":"LETHIGUEL fabrique du mat\u00e9riel de contr\u00f4le de temp\u00e9rature pour l'industrie des m\u00e9taux non-ferreux. Consultez la fiche de la solution Watt Mobil.","robots":{"index":"index","follow":"follow","max-snippet":"max-snippet:-1","max-image-preview":"max-image-preview:large","max-video-preview":"max-video-preview:-1"},"canonical":"https:\/\/lethiguel.com\/fr\/chauffage-metal-wattmobil.html","og_locale":"fr_FR","og_type":"article","og_title":"Lethiguel","og_description":"LETHIGUEL fabrique du mat\u00e9riel de contr\u00f4le de temp\u00e9rature pour l'industrie des m\u00e9taux non-ferreux. Consultez la fiche de la solution Watt Mobil.","og_url":"https:\/\/lethiguel.com\/fr\/chauffage-metal-wattmobil.html","og_site_name":"Lethiguel Fran\u00e7ais","article_modified_time":"2025-05-30T12:31:16+00:00","twitter_card":"summary_large_image","twitter_misc":{"Dur\u00e9e de lecture estim\u00e9e":"2 minutes"},"schema":{"@context":"https:\/\/schema.org","@graph":[{"@type":"WebPage","@id":"https:\/\/lethiguel.com\/fr\/chauffage-metal-wattmobil.html","url":"https:\/\/lethiguel.com\/fr\/chauffage-metal-wattmobil.html","name":"Lethiguel","isPartOf":{"@id":"https:\/\/lethiguel.com\/fr\/#website"},"datePublished":"2019-06-20T12:02:19+00:00","dateModified":"2025-05-30T12:31:16+00:00","description":"LETHIGUEL fabrique du mat\u00e9riel de contr\u00f4le de temp\u00e9rature pour l'industrie des m\u00e9taux non-ferreux. Consultez la fiche de la solution Watt Mobil.","breadcrumb":{"@id":"https:\/\/lethiguel.com\/fr\/chauffage-metal-wattmobil.html#breadcrumb"},"inLanguage":"fr-FR","potentialAction":[{"@type":"ReadAction","target":["https:\/\/lethiguel.com\/fr\/chauffage-metal-wattmobil.html"]}]},{"@type":"BreadcrumbList","@id":"https:\/\/lethiguel.com\/fr\/chauffage-metal-wattmobil.html#breadcrumb","itemListElement":[{"@type":"ListItem","position":1,"name":"Accueil","item":"https:\/\/lethiguel.com\/fr\/"},{"@type":"ListItem","position":2,"name":"Solution de maintien en temp\u00e9rature WattMobil"}]},{"@type":"WebSite","@id":"https:\/\/lethiguel.com\/fr\/#website","url":"https:\/\/lethiguel.com\/fr\/","name":"Lethiguel Fran\u00e7ais","description":"Heating and cooling solutions","potentialAction":[{"@type":"SearchAction","target":{"@type":"EntryPoint","urlTemplate":"https:\/\/lethiguel.com\/fr\/?s={search_term_string}"},"query-input":{"@type":"PropertyValueSpecification","valueRequired":true,"valueName":"search_term_string"}}],"inLanguage":"fr-FR"}]}},"_links":{"self":[{"href":"https:\/\/lethiguel.com\/fr\/wp-json\/wp\/v2\/pages\/311","targetHints":{"allow":["GET"]}}],"collection":[{"href":"https:\/\/lethiguel.com\/fr\/wp-json\/wp\/v2\/pages"}],"about":[{"href":"https:\/\/lethiguel.com\/fr\/wp-json\/wp\/v2\/types\/page"}],"author":[{"embeddable":true,"href":"https:\/\/lethiguel.com\/fr\/wp-json\/wp\/v2\/users\/1"}],"replies":[{"embeddable":true,"href":"https:\/\/lethiguel.com\/fr\/wp-json\/wp\/v2\/comments?post=311"}],"version-history":[{"count":24,"href":"https:\/\/lethiguel.com\/fr\/wp-json\/wp\/v2\/pages\/311\/revisions"}],"predecessor-version":[{"id":2194,"href":"https:\/\/lethiguel.com\/fr\/wp-json\/wp\/v2\/pages\/311\/revisions\/2194"}],"wp:attachment":[{"href":"https:\/\/lethiguel.com\/fr\/wp-json\/wp\/v2\/media?parent=311"}],"curies":[{"name":"wp","href":"https:\/\/api.w.org\/{rel}","templated":true}]}}