{"id":318,"date":"2019-06-20T14:13:07","date_gmt":"2019-06-20T12:13:07","guid":{"rendered":"https:\/\/lethiguel.com\/fr\/?page_id=318"},"modified":"2025-05-30T14:46:01","modified_gmt":"2025-05-30T12:46:01","slug":"thermocouple-quickcheck","status":"publish","type":"page","link":"https:\/\/lethiguel.com\/fr\/thermocouple-quickcheck.html","title":{"rendered":"Thermocouple QuickCheck"},"content":{"rendered":"<section class=\"wpb-content-wrapper\"><p>[vc_row type=\u00a0\u00bbvc_default\u00a0\u00bb content_placement=\u00a0\u00bbmiddle\u00a0\u00bb el_class=\u00a0\u00bbbloc-article\u00a0\u00bb][vc_column width=\u00a0\u00bb1\/3&Prime; el_class=\u00a0\u00bbtexteblanc bloc-text-bloc-article\u00a0\u00bb][vc_column_text css=\u00a0\u00bb.vc_custom_1575647343253{padding-top: 20px !important;padding-right: 20px !important;padding-bottom: 20px !important;padding-left: 20px !important;background-color: #313131 !important;}\u00a0\u00bb]<\/p>\n<h3 class=\"avantages1\">Avantages du thermocouple Quick Check :<\/h3>\n<ul>\n<li>R\u00e9ponse instantan\u00e9e \u00e0 la mesure de temp\u00e9rature. Peut \u00eatre utilis\u00e9 m\u00eame au point de d\u00e9part<\/li>\n<li>Thermocouple interne de type K amovible<\/li>\n<li>Un ou deux points de mesure par appareil<\/li>\n<li>Thermocouple \u00e0 longue dur\u00e9e de vie : une garantie de 12 mois (dur\u00e9e de vie observ\u00e9e de plus de 2,5 ans)<\/li>\n<li>Longueur sous bride disponible de 650mm \u00e0 1300mm<\/li>\n<li>Gaine SN non mouillable<\/li>\n<\/ul>\n<p>[\/vc_column_text][vc_column_text css=\u00a0\u00bb.vc_custom_1575647451829{margin-top: -40px !important;padding-top: 20px !important;padding-right: 20px !important;padding-bottom: 20px !important;padding-left: 20px !important;background-color: #cf302d !important;}\u00a0\u00bb]<\/p>\n<h3><b>Thermocouple longue dur\u00e9e \u00e0 r\u00e9ponse instantan\u00e9e<\/b><\/h3>\n<p>Une temp\u00e9rature extr\u00eamement \u00e9lev\u00e9e doit \u00eatre maintenue pour la fusion, l&rsquo;affinage et l&rsquo;alliage de l&rsquo;aluminium, ce qui n\u00e9cessite l&rsquo;application de la technologie de thermocouple Quickcheck. Une mesure pr\u00e9cise et instantan\u00e9e de la temp\u00e9rature des fours est n\u00e9cessaire pour le contr\u00f4le du processus afin d&rsquo;am\u00e9liorer la qualit\u00e9 du produit et l&rsquo;efficacit\u00e9 de la production. Les thermocouples sont recommand\u00e9s dans les bains d&rsquo;aluminium en fusion, surtout lorsqu&rsquo;il y a des fluctuations rapides de temp\u00e9rature. Un thermocouple QuickCheck emp\u00eache la chute de temp\u00e9rature dans le bain d&rsquo;aluminium fondu et contribue grandement aux \u00e9conomies d&rsquo;\u00e9nergie.[\/vc_column_text][\/vc_column][vc_column width=\u00a0\u00bb2\/3&Prime; animation=\u00a0\u00bbfadeInRight\u00a0\u00bb el_class=\u00a0\u00bbbloc-img-bloc-article\u00a0\u00bb][vc_single_image image=\u00a0\u00bb1789&Prime; img_size=\u00a0\u00bbfull\u00a0\u00bb alignment=\u00a0\u00bbcenter\u00a0\u00bb][\/vc_column][\/vc_row][vc_row animation=\u00a0\u00bbfadeInLeft\u00a0\u00bb][vc_column][vc_column_text]Thermocouple QuickCheck est le compl\u00e9ment parfait pour les applications de <a href=\"https:\/\/lethiguel.com\/fr\/thermoplongeur-thermal-power.html\">Thermoplongeur Thermal Power<\/a><\/p>\n<p>Par exemple: <a href=\"https:\/\/lethiguel.com\/fr\/four-maintien-temperature-aluminium-al-clean.html\">Four de maintien en temp\u00e9rature Al Clean<\/a>, <a href=\"https:\/\/lethiguel.com\/fr\/station-chauffage-degazage-twiga.html\">station de chauffage\/d\u00e9gazage Twiga<\/a>, <a href=\"https:\/\/lethiguel.com\/fr\/chauffage-metal-wattmobil.html\">Solution de maintien en temp\u00e9rature WattMobil<\/a>[\/vc_column_text][\/vc_column][\/vc_row][vc_row][vc_column][vc_btn title=\u00a0\u00bbContactez nous\u00a0\u00bb style=\u00a0\u00bbcustom\u00a0\u00bb custom_background=\u00a0\u00bb#cf302d\u00a0\u00bb custom_text=\u00a0\u00bb#ffffff\u00a0\u00bb size=\u00a0\u00bblg\u00a0\u00bb align=\u00a0\u00bbcenter\u00a0\u00bb link=\u00a0\u00bburl:https%3A%2F%2Flethiguel.com\/fr%2Fcontact.html|title:Contact||\u00a0\u00bb][\/vc_column][\/vc_row]<\/p>\n<\/section>","protected":false},"excerpt":{"rendered":"<p>[vc_row type=\u00a0\u00bbvc_default\u00a0\u00bb content_placement=\u00a0\u00bbmiddle\u00a0\u00bb el_class=\u00a0\u00bbbloc-article\u00a0\u00bb][vc_column width=\u00a0\u00bb1\/3&Prime; el_class=\u00a0\u00bbtexteblanc bloc-text-bloc-article\u00a0\u00bb][vc_column_text css=\u00a0\u00bb.vc_custom_1575647343253{padding-top: 20px !important;padding-right: 20px !important;padding-bottom: 20px !important;padding-left: 20px !important;background-color: #313131 !important;}\u00a0\u00bb] Avantages du thermocouple Quick Check : R\u00e9ponse instantan\u00e9e \u00e0 la mesure de temp\u00e9rature. Peut \u00eatre utilis\u00e9 m\u00eame au point de d\u00e9part Thermocouple interne de type K amovible Un ou deux points de mesure par appareil Thermocouple \u00e0&hellip;<\/p>\n","protected":false},"author":1,"featured_media":0,"parent":0,"menu_order":0,"comment_status":"closed","ping_status":"closed","template":"","meta":{"footnotes":""},"class_list":["post-318","page","type-page","status-publish","hentry","description-off"],"yoast_head":"<!-- This site is optimized with the Yoast SEO plugin v27.4 - https:\/\/yoast.com\/product\/yoast-seo-wordpress\/ -->\n<title>Lethiguel<\/title>\n<meta name=\"description\" content=\"LETHIGUEL fabrique des thermocouples de type K pour bains d&#039;aluminium. Consultez notre site pour en savoir plus et contactez-nous pour un devis sur mesure.\" \/>\n<meta name=\"robots\" content=\"index, follow, max-snippet:-1, max-image-preview:large, max-video-preview:-1\" \/>\n<link rel=\"canonical\" href=\"https:\/\/lethiguel.com\/fr\/thermocouple-quickcheck.html\" \/>\n<meta property=\"og:locale\" content=\"fr_FR\" \/>\n<meta property=\"og:type\" content=\"article\" \/>\n<meta property=\"og:title\" content=\"Lethiguel\" \/>\n<meta property=\"og:description\" content=\"LETHIGUEL fabrique des thermocouples de type K pour bains d&#039;aluminium. Consultez notre site pour en savoir plus et contactez-nous pour un devis sur mesure.\" \/>\n<meta property=\"og:url\" content=\"https:\/\/lethiguel.com\/fr\/thermocouple-quickcheck.html\" \/>\n<meta property=\"og:site_name\" content=\"Lethiguel Fran\u00e7ais\" \/>\n<meta property=\"article:modified_time\" content=\"2025-05-30T12:46:01+00:00\" \/>\n<meta name=\"twitter:card\" content=\"summary_large_image\" \/>\n<meta name=\"twitter:label1\" content=\"Dur\u00e9e de lecture estim\u00e9e\" \/>\n\t<meta name=\"twitter:data1\" content=\"2 minutes\" \/>\n<script type=\"application\/ld+json\" class=\"yoast-schema-graph\">{\"@context\":\"https:\\\/\\\/schema.org\",\"@graph\":[{\"@type\":\"WebPage\",\"@id\":\"https:\\\/\\\/lethiguel.com\\\/fr\\\/thermocouple-quickcheck.html\",\"url\":\"https:\\\/\\\/lethiguel.com\\\/fr\\\/thermocouple-quickcheck.html\",\"name\":\"Lethiguel\",\"isPartOf\":{\"@id\":\"https:\\\/\\\/lethiguel.com\\\/fr\\\/#website\"},\"datePublished\":\"2019-06-20T12:13:07+00:00\",\"dateModified\":\"2025-05-30T12:46:01+00:00\",\"description\":\"LETHIGUEL fabrique des thermocouples de type K pour bains d'aluminium. Consultez notre site pour en savoir plus et contactez-nous pour un devis sur mesure.\",\"breadcrumb\":{\"@id\":\"https:\\\/\\\/lethiguel.com\\\/fr\\\/thermocouple-quickcheck.html#breadcrumb\"},\"inLanguage\":\"fr-FR\",\"potentialAction\":[{\"@type\":\"ReadAction\",\"target\":[\"https:\\\/\\\/lethiguel.com\\\/fr\\\/thermocouple-quickcheck.html\"]}]},{\"@type\":\"BreadcrumbList\",\"@id\":\"https:\\\/\\\/lethiguel.com\\\/fr\\\/thermocouple-quickcheck.html#breadcrumb\",\"itemListElement\":[{\"@type\":\"ListItem\",\"position\":1,\"name\":\"Accueil\",\"item\":\"https:\\\/\\\/lethiguel.com\\\/fr\\\/\"},{\"@type\":\"ListItem\",\"position\":2,\"name\":\"Thermocouple QuickCheck\"}]},{\"@type\":\"WebSite\",\"@id\":\"https:\\\/\\\/lethiguel.com\\\/fr\\\/#website\",\"url\":\"https:\\\/\\\/lethiguel.com\\\/fr\\\/\",\"name\":\"Lethiguel Fran\u00e7ais\",\"description\":\"Heating and cooling solutions\",\"potentialAction\":[{\"@type\":\"SearchAction\",\"target\":{\"@type\":\"EntryPoint\",\"urlTemplate\":\"https:\\\/\\\/lethiguel.com\\\/fr\\\/?s={search_term_string}\"},\"query-input\":{\"@type\":\"PropertyValueSpecification\",\"valueRequired\":true,\"valueName\":\"search_term_string\"}}],\"inLanguage\":\"fr-FR\"}]}<\/script>\n<!-- \/ Yoast SEO plugin. -->","yoast_head_json":{"title":"Lethiguel","description":"LETHIGUEL fabrique des thermocouples de type K pour bains d'aluminium. Consultez notre site pour en savoir plus et contactez-nous pour un devis sur mesure.","robots":{"index":"index","follow":"follow","max-snippet":"max-snippet:-1","max-image-preview":"max-image-preview:large","max-video-preview":"max-video-preview:-1"},"canonical":"https:\/\/lethiguel.com\/fr\/thermocouple-quickcheck.html","og_locale":"fr_FR","og_type":"article","og_title":"Lethiguel","og_description":"LETHIGUEL fabrique des thermocouples de type K pour bains d'aluminium. Consultez notre site pour en savoir plus et contactez-nous pour un devis sur mesure.","og_url":"https:\/\/lethiguel.com\/fr\/thermocouple-quickcheck.html","og_site_name":"Lethiguel Fran\u00e7ais","article_modified_time":"2025-05-30T12:46:01+00:00","twitter_card":"summary_large_image","twitter_misc":{"Dur\u00e9e de lecture estim\u00e9e":"2 minutes"},"schema":{"@context":"https:\/\/schema.org","@graph":[{"@type":"WebPage","@id":"https:\/\/lethiguel.com\/fr\/thermocouple-quickcheck.html","url":"https:\/\/lethiguel.com\/fr\/thermocouple-quickcheck.html","name":"Lethiguel","isPartOf":{"@id":"https:\/\/lethiguel.com\/fr\/#website"},"datePublished":"2019-06-20T12:13:07+00:00","dateModified":"2025-05-30T12:46:01+00:00","description":"LETHIGUEL fabrique des thermocouples de type K pour bains d'aluminium. Consultez notre site pour en savoir plus et contactez-nous pour un devis sur mesure.","breadcrumb":{"@id":"https:\/\/lethiguel.com\/fr\/thermocouple-quickcheck.html#breadcrumb"},"inLanguage":"fr-FR","potentialAction":[{"@type":"ReadAction","target":["https:\/\/lethiguel.com\/fr\/thermocouple-quickcheck.html"]}]},{"@type":"BreadcrumbList","@id":"https:\/\/lethiguel.com\/fr\/thermocouple-quickcheck.html#breadcrumb","itemListElement":[{"@type":"ListItem","position":1,"name":"Accueil","item":"https:\/\/lethiguel.com\/fr\/"},{"@type":"ListItem","position":2,"name":"Thermocouple QuickCheck"}]},{"@type":"WebSite","@id":"https:\/\/lethiguel.com\/fr\/#website","url":"https:\/\/lethiguel.com\/fr\/","name":"Lethiguel Fran\u00e7ais","description":"Heating and cooling solutions","potentialAction":[{"@type":"SearchAction","target":{"@type":"EntryPoint","urlTemplate":"https:\/\/lethiguel.com\/fr\/?s={search_term_string}"},"query-input":{"@type":"PropertyValueSpecification","valueRequired":true,"valueName":"search_term_string"}}],"inLanguage":"fr-FR"}]}},"_links":{"self":[{"href":"https:\/\/lethiguel.com\/fr\/wp-json\/wp\/v2\/pages\/318","targetHints":{"allow":["GET"]}}],"collection":[{"href":"https:\/\/lethiguel.com\/fr\/wp-json\/wp\/v2\/pages"}],"about":[{"href":"https:\/\/lethiguel.com\/fr\/wp-json\/wp\/v2\/types\/page"}],"author":[{"embeddable":true,"href":"https:\/\/lethiguel.com\/fr\/wp-json\/wp\/v2\/users\/1"}],"replies":[{"embeddable":true,"href":"https:\/\/lethiguel.com\/fr\/wp-json\/wp\/v2\/comments?post=318"}],"version-history":[{"count":17,"href":"https:\/\/lethiguel.com\/fr\/wp-json\/wp\/v2\/pages\/318\/revisions"}],"predecessor-version":[{"id":2204,"href":"https:\/\/lethiguel.com\/fr\/wp-json\/wp\/v2\/pages\/318\/revisions\/2204"}],"wp:attachment":[{"href":"https:\/\/lethiguel.com\/fr\/wp-json\/wp\/v2\/media?parent=318"}],"curies":[{"name":"wp","href":"https:\/\/api.w.org\/{rel}","templated":true}]}}