{"id":325,"date":"2019-06-20T14:22:20","date_gmt":"2019-06-20T12:22:20","guid":{"rendered":"https:\/\/lethiguel.com\/fr\/?page_id=325"},"modified":"2025-05-30T14:07:19","modified_gmt":"2025-05-30T12:07:19","slug":"appareil-rechauffage-air-thermal-power","status":"publish","type":"page","link":"https:\/\/lethiguel.com\/fr\/appareil-rechauffage-air-thermal-power.html","title":{"rendered":"Appareil de r\u00e9chauffage Air Thermal Power"},"content":{"rendered":"<section class=\"wpb-content-wrapper\"><p>[vc_row type=\u00a0\u00bbvc_default\u00a0\u00bb content_placement=\u00a0\u00bbmiddle\u00a0\u00bb el_class=\u00a0\u00bbbloc-article\u00a0\u00bb][vc_column width=\u00a0\u00bb1\/3&Prime; el_class=\u00a0\u00bbtexteblanc bloc-text-bloc-article\u00a0\u00bb][vc_column_text css=\u00a0\u00bb.vc_custom_1575538662362{padding-top: 20px !important;padding-right: 20px !important;padding-bottom: 20px !important;padding-left: 20px !important;background-color: #313131 !important;}\u00a0\u00bb]<\/p>\n<h3 class=\"avantages1\">Avantages de l&rsquo;appareil de r\u00e9chauffage de conteneur :<\/h3>\n<ul>\n<li>Large gamme de puissance : 2-20 kW<\/li>\n<li>Temp\u00e9rature maximale \u00e9lev\u00e9e : 950\u00b0C<\/li>\n<li>Pr\u00e9chauffage doux et rapide : pas de surchauffe<\/li>\n<li>Convient \u00e0 toutes les extensions<\/li>\n<li>Disponible dans toutes les sp\u00e9cifications d&rsquo;alimentation \u00e9lectrique<\/li>\n<li>Compatibilit\u00e9 avec la gamme <a href=\"https:\/\/lethiguel.com\/fr\/four-maintien-temperature-aluminium-al-clean.html\">Al Clean<\/a>, <a href=\"https:\/\/lethiguel.com\/fr\/twiga.html\">Twiga<\/a> et <a href=\"https:\/\/lethiguel.com\/fr\/wattmobil.html\">WATTMOBIL<\/a><\/li>\n<\/ul>\n<p>[\/vc_column_text][vc_column_text css=\u00a0\u00bb.vc_custom_1575531199666{margin-top: -40px !important;padding-top: 20px !important;padding-right: 20px !important;padding-bottom: 20px !important;padding-left: 20px !important;background-color: #cf302d !important;}\u00a0\u00bb]Les solutions de r\u00e9chauffage pour fonderie Air Thermal Power est la solution id\u00e9ale pour le pr\u00e9chauffage des poches et des fours>. Bas\u00e9 sur des ann\u00e9es d&rsquo;exp\u00e9rience dans les \u00e9l\u00e9ments chauffants \u00e9lectriques conducteurs pour l&rsquo;industrie de l&rsquo;aluminium>, nous avons con\u00e7u ce puissant r\u00e9chauffeur d&rsquo;air pour un pr\u00e9chauffage rapide de tous les conteneurs.[\/vc_column_text][\/vc_column][vc_column width=\u00a0\u00bb2\/3&Prime; animation=\u00a0\u00bbfadeInRight\u00a0\u00bb el_class=\u00a0\u00bbbloc-img-bloc-article\u00a0\u00bb][vc_single_image image=\u00a0\u00bb1177&Prime; img_size=\u00a0\u00bbfull\u00a0\u00bb alignment=\u00a0\u00bbcenter\u00a0\u00bb][\/vc_column][\/vc_row][vc_row][vc_column animation=\u00a0\u00bbfadeInLeft\u00a0\u00bb][vc_column_text]Vous rencontrez un probl\u00e8me avec une chute de temp\u00e9rature dans votre aluminium en raison de la basse temp\u00e9rature de votre poche de transport ou de vos fours de maintien? Alors, vous devrez essayer notre appareil de r\u00e9chauffage de conteneur Air Thermal Power qui peut r\u00e9soudre votre probl\u00e8me en pr\u00e9chauffant vos poches de transport et vos fours!<\/p>\n<p>Pour assurer le pr\u00e9chauffage le plus efficace, nous personnaliserons enti\u00e8rement une housse adaptative pour vous.[\/vc_column_text][\/vc_column][\/vc_row][vc_row][vc_column][vc_btn title=\u00a0\u00bbContactez nous\u00a0\u00bb style=\u00a0\u00bbcustom\u00a0\u00bb custom_background=\u00a0\u00bb#cf302d\u00a0\u00bb custom_text=\u00a0\u00bb#ffffff\u00a0\u00bb size=\u00a0\u00bblg\u00a0\u00bb align=\u00a0\u00bbcenter\u00a0\u00bb link=\u00a0\u00bburl:https%3A%2F%2Flethiguel.com\/fr%2Fcontact.html|title:Contact||\u00a0\u00bb][\/vc_column][\/vc_row]<\/p>\n<\/section>","protected":false},"excerpt":{"rendered":"<p>[vc_row type=\u00a0\u00bbvc_default\u00a0\u00bb content_placement=\u00a0\u00bbmiddle\u00a0\u00bb el_class=\u00a0\u00bbbloc-article\u00a0\u00bb][vc_column width=\u00a0\u00bb1\/3&Prime; el_class=\u00a0\u00bbtexteblanc bloc-text-bloc-article\u00a0\u00bb][vc_column_text css=\u00a0\u00bb.vc_custom_1575538662362{padding-top: 20px !important;padding-right: 20px !important;padding-bottom: 20px !important;padding-left: 20px !important;background-color: #313131 !important;}\u00a0\u00bb] Avantages de l&rsquo;appareil de r\u00e9chauffage de conteneur : Large gamme de puissance : 2-20 kW Temp\u00e9rature maximale \u00e9lev\u00e9e : 950\u00b0C Pr\u00e9chauffage doux et rapide : pas de surchauffe Convient \u00e0 toutes les extensions Disponible dans toutes les&hellip;<\/p>\n","protected":false},"author":1,"featured_media":0,"parent":0,"menu_order":0,"comment_status":"closed","ping_status":"closed","template":"","meta":{"footnotes":""},"class_list":["post-325","page","type-page","status-publish","hentry","description-off"],"yoast_head":"<!-- This site is optimized with the Yoast SEO plugin v27.4 - https:\/\/yoast.com\/product\/yoast-seo-wordpress\/ -->\n<title>Lethiguel<\/title>\n<meta name=\"description\" content=\"LETHIGUEL con\u00e7oit et fabrique des appareils de r\u00e9chauffage d&#039;air pour les conteurs de fonderie. Contactez-nous pour d\u00e9finir l&#039;appareil dont vous avez besoin.\" \/>\n<meta name=\"robots\" content=\"index, follow, max-snippet:-1, max-image-preview:large, max-video-preview:-1\" \/>\n<link rel=\"canonical\" href=\"https:\/\/lethiguel.com\/fr\/appareil-rechauffage-air-thermal-power.html\" \/>\n<meta property=\"og:locale\" content=\"fr_FR\" \/>\n<meta property=\"og:type\" content=\"article\" \/>\n<meta property=\"og:title\" content=\"Lethiguel\" \/>\n<meta property=\"og:description\" content=\"LETHIGUEL con\u00e7oit et fabrique des appareils de r\u00e9chauffage d&#039;air pour les conteurs de fonderie. Contactez-nous pour d\u00e9finir l&#039;appareil dont vous avez besoin.\" \/>\n<meta property=\"og:url\" content=\"https:\/\/lethiguel.com\/fr\/appareil-rechauffage-air-thermal-power.html\" \/>\n<meta property=\"og:site_name\" content=\"Lethiguel Fran\u00e7ais\" \/>\n<meta property=\"article:modified_time\" content=\"2025-05-30T12:07:19+00:00\" \/>\n<meta name=\"twitter:card\" content=\"summary_large_image\" \/>\n<meta name=\"twitter:label1\" content=\"Dur\u00e9e de lecture estim\u00e9e\" \/>\n\t<meta name=\"twitter:data1\" content=\"2 minutes\" \/>\n<script type=\"application\/ld+json\" class=\"yoast-schema-graph\">{\"@context\":\"https:\\\/\\\/schema.org\",\"@graph\":[{\"@type\":\"WebPage\",\"@id\":\"https:\\\/\\\/lethiguel.com\\\/fr\\\/appareil-rechauffage-air-thermal-power.html\",\"url\":\"https:\\\/\\\/lethiguel.com\\\/fr\\\/appareil-rechauffage-air-thermal-power.html\",\"name\":\"Lethiguel\",\"isPartOf\":{\"@id\":\"https:\\\/\\\/lethiguel.com\\\/fr\\\/#website\"},\"datePublished\":\"2019-06-20T12:22:20+00:00\",\"dateModified\":\"2025-05-30T12:07:19+00:00\",\"description\":\"LETHIGUEL con\u00e7oit et fabrique des appareils de r\u00e9chauffage d'air pour les conteurs de fonderie. Contactez-nous pour d\u00e9finir l'appareil dont vous avez besoin.\",\"breadcrumb\":{\"@id\":\"https:\\\/\\\/lethiguel.com\\\/fr\\\/appareil-rechauffage-air-thermal-power.html#breadcrumb\"},\"inLanguage\":\"fr-FR\",\"potentialAction\":[{\"@type\":\"ReadAction\",\"target\":[\"https:\\\/\\\/lethiguel.com\\\/fr\\\/appareil-rechauffage-air-thermal-power.html\"]}]},{\"@type\":\"BreadcrumbList\",\"@id\":\"https:\\\/\\\/lethiguel.com\\\/fr\\\/appareil-rechauffage-air-thermal-power.html#breadcrumb\",\"itemListElement\":[{\"@type\":\"ListItem\",\"position\":1,\"name\":\"Accueil\",\"item\":\"https:\\\/\\\/lethiguel.com\\\/fr\\\/\"},{\"@type\":\"ListItem\",\"position\":2,\"name\":\"Appareil de r\u00e9chauffage Air Thermal Power\"}]},{\"@type\":\"WebSite\",\"@id\":\"https:\\\/\\\/lethiguel.com\\\/fr\\\/#website\",\"url\":\"https:\\\/\\\/lethiguel.com\\\/fr\\\/\",\"name\":\"Lethiguel Fran\u00e7ais\",\"description\":\"Heating and cooling solutions\",\"potentialAction\":[{\"@type\":\"SearchAction\",\"target\":{\"@type\":\"EntryPoint\",\"urlTemplate\":\"https:\\\/\\\/lethiguel.com\\\/fr\\\/?s={search_term_string}\"},\"query-input\":{\"@type\":\"PropertyValueSpecification\",\"valueRequired\":true,\"valueName\":\"search_term_string\"}}],\"inLanguage\":\"fr-FR\"}]}<\/script>\n<!-- \/ Yoast SEO plugin. -->","yoast_head_json":{"title":"Lethiguel","description":"LETHIGUEL con\u00e7oit et fabrique des appareils de r\u00e9chauffage d'air pour les conteurs de fonderie. Contactez-nous pour d\u00e9finir l'appareil dont vous avez besoin.","robots":{"index":"index","follow":"follow","max-snippet":"max-snippet:-1","max-image-preview":"max-image-preview:large","max-video-preview":"max-video-preview:-1"},"canonical":"https:\/\/lethiguel.com\/fr\/appareil-rechauffage-air-thermal-power.html","og_locale":"fr_FR","og_type":"article","og_title":"Lethiguel","og_description":"LETHIGUEL con\u00e7oit et fabrique des appareils de r\u00e9chauffage d'air pour les conteurs de fonderie. Contactez-nous pour d\u00e9finir l'appareil dont vous avez besoin.","og_url":"https:\/\/lethiguel.com\/fr\/appareil-rechauffage-air-thermal-power.html","og_site_name":"Lethiguel Fran\u00e7ais","article_modified_time":"2025-05-30T12:07:19+00:00","twitter_card":"summary_large_image","twitter_misc":{"Dur\u00e9e de lecture estim\u00e9e":"2 minutes"},"schema":{"@context":"https:\/\/schema.org","@graph":[{"@type":"WebPage","@id":"https:\/\/lethiguel.com\/fr\/appareil-rechauffage-air-thermal-power.html","url":"https:\/\/lethiguel.com\/fr\/appareil-rechauffage-air-thermal-power.html","name":"Lethiguel","isPartOf":{"@id":"https:\/\/lethiguel.com\/fr\/#website"},"datePublished":"2019-06-20T12:22:20+00:00","dateModified":"2025-05-30T12:07:19+00:00","description":"LETHIGUEL con\u00e7oit et fabrique des appareils de r\u00e9chauffage d'air pour les conteurs de fonderie. Contactez-nous pour d\u00e9finir l'appareil dont vous avez besoin.","breadcrumb":{"@id":"https:\/\/lethiguel.com\/fr\/appareil-rechauffage-air-thermal-power.html#breadcrumb"},"inLanguage":"fr-FR","potentialAction":[{"@type":"ReadAction","target":["https:\/\/lethiguel.com\/fr\/appareil-rechauffage-air-thermal-power.html"]}]},{"@type":"BreadcrumbList","@id":"https:\/\/lethiguel.com\/fr\/appareil-rechauffage-air-thermal-power.html#breadcrumb","itemListElement":[{"@type":"ListItem","position":1,"name":"Accueil","item":"https:\/\/lethiguel.com\/fr\/"},{"@type":"ListItem","position":2,"name":"Appareil de r\u00e9chauffage Air Thermal Power"}]},{"@type":"WebSite","@id":"https:\/\/lethiguel.com\/fr\/#website","url":"https:\/\/lethiguel.com\/fr\/","name":"Lethiguel Fran\u00e7ais","description":"Heating and cooling solutions","potentialAction":[{"@type":"SearchAction","target":{"@type":"EntryPoint","urlTemplate":"https:\/\/lethiguel.com\/fr\/?s={search_term_string}"},"query-input":{"@type":"PropertyValueSpecification","valueRequired":true,"valueName":"search_term_string"}}],"inLanguage":"fr-FR"}]}},"_links":{"self":[{"href":"https:\/\/lethiguel.com\/fr\/wp-json\/wp\/v2\/pages\/325","targetHints":{"allow":["GET"]}}],"collection":[{"href":"https:\/\/lethiguel.com\/fr\/wp-json\/wp\/v2\/pages"}],"about":[{"href":"https:\/\/lethiguel.com\/fr\/wp-json\/wp\/v2\/types\/page"}],"author":[{"embeddable":true,"href":"https:\/\/lethiguel.com\/fr\/wp-json\/wp\/v2\/users\/1"}],"replies":[{"embeddable":true,"href":"https:\/\/lethiguel.com\/fr\/wp-json\/wp\/v2\/comments?post=325"}],"version-history":[{"count":27,"href":"https:\/\/lethiguel.com\/fr\/wp-json\/wp\/v2\/pages\/325\/revisions"}],"predecessor-version":[{"id":2177,"href":"https:\/\/lethiguel.com\/fr\/wp-json\/wp\/v2\/pages\/325\/revisions\/2177"}],"wp:attachment":[{"href":"https:\/\/lethiguel.com\/fr\/wp-json\/wp\/v2\/media?parent=325"}],"curies":[{"name":"wp","href":"https:\/\/api.w.org\/{rel}","templated":true}]}}