{"id":331,"date":"2019-06-20T14:35:55","date_gmt":"2019-06-20T12:35:55","guid":{"rendered":"https:\/\/lethiguel.com\/fr\/?page_id=331"},"modified":"2025-05-30T14:18:20","modified_gmt":"2025-05-30T12:18:20","slug":"four-maintien-temperature-aluminium-al-clean","status":"publish","type":"page","link":"https:\/\/lethiguel.com\/fr\/four-maintien-temperature-aluminium-al-clean.html","title":{"rendered":"Four de maintien en temp\u00e9rature Al Clean"},"content":{"rendered":"<section class=\"wpb-content-wrapper\"><p>[vc_row type=\u00a0\u00bbvc_default\u00a0\u00bb content_placement=\u00a0\u00bbmiddle\u00a0\u00bb el_class=\u00a0\u00bbbloc-article\u00a0\u00bb][vc_column width=\u00a0\u00bb1\/3&Prime; el_class=\u00a0\u00bbtexteblanc bloc-text-bloc-article\u00a0\u00bb][vc_single_image image=\u00a0\u00bb1179&Prime; img_size=\u00a0\u00bbfull\u00a0\u00bb][vc_column_text css=\u00a0\u00bb.vc_custom_1575532181497{padding-top: 20px !important;padding-right: 20px !important;padding-bottom: 20px !important;padding-left: 20px !important;background-color: #313131 !important;}\u00a0\u00bb]<\/p>\n<h3 class=\"avantages1\">Avantages du four de maintien en temp\u00e9rature :<\/h3>\n<ul>\n<li>3 tailles disponibles : Al Clean 6500, Al Clean 3500 et Al Clean 1500<\/li>\n<li>Faible consommation d&rsquo;\u00e9nergie,\u00a0<b>Four \u00e0 grande vitesse de chauffage<\/b><\/li>\n<li><strong>Haute qualit\u00e9 de l&rsquo;aluminium<\/strong><\/li>\n<li>D\u00e9gazage int\u00e9gr\u00e9<\/li>\n<li>Surveillance avanc\u00e9e pour l&rsquo;entretien pr\u00e9ventif<\/li>\n<li>Entretien facile<\/li>\n<\/ul>\n<p>[\/vc_column_text][vc_column_text css=\u00a0\u00bb.vc_custom_1575532269528{margin-top: -40px !important;padding-top: 20px !important;padding-right: 20px !important;padding-bottom: 20px !important;padding-left: 20px !important;background-color: #cf302d !important;}\u00a0\u00bb]Al Clean c&rsquo;est le four de maintien de l&rsquo;aluminium. Con\u00e7u pour optimiser la qualit\u00e9 de l&rsquo;aluminium et la consommation d&rsquo;\u00e9nergie, Al Clean utilise le\u00a0syst\u00e8me de chauffage\u00a0le plus\u00a0efficace du march\u00e9 pour combiner une tr\u00e8s faible consommation moyenne d&rsquo;\u00e9nergie et une vitesse de chauffage \u00e9lev\u00e9e. Montage avec les thermoplongeurs ThermalPower\u00ae de Lethiguel, Al Clean optimise la qualit\u00e9 de l&rsquo;aluminium.<\/p>\n<p>Gr\u00e2ce \u00e0 des ann\u00e9es d&rsquo;exp\u00e9rience sur le terrain, le four de maintien en temp\u00e9rature Al Clean est con\u00e7u pour r\u00e9duire le temps de fonctionnement et permet une maintenance pr\u00e9ventive tr\u00e8s efficace.<br \/>\nAl Clean est l&rsquo;atout pour le\u00a0maintien de l&rsquo;aluminium en HPDC ou la coul\u00e9e sous pression par gravit\u00e9. Il allie \u00e9conomie d&rsquo;\u00e9nergie et puissance de chauffe \u00e9lev\u00e9e.<\/p>\n<p><strong>Augmentez la qualit\u00e9 et l&rsquo;efficacit\u00e9 avec Al Clean!<\/strong>[\/vc_column_text][\/vc_column][vc_column width=\u00a0\u00bb2\/3&Prime; animation=\u00a0\u00bbfadeInRight\u00a0\u00bb el_class=\u00a0\u00bbbloc-img-bloc-article\u00a0\u00bb][vc_single_image image=\u00a0\u00bb1187&Prime; img_size=\u00a0\u00bbfull\u00a0\u00bb alignment=\u00a0\u00bbcenter\u00a0\u00bb css=\u00a0\u00bb.vc_custom_1580980476053{margin-top: 150px !important;}\u00a0\u00bb][vc_single_image image=\u00a0\u00bb1599&Prime; img_size=\u00a0\u00bbfull\u00a0\u00bb alignment=\u00a0\u00bbcenter\u00a0\u00bb][\/vc_column][\/vc_row][vc_row][vc_column][vc_single_image image=\u00a0\u00bb1600&Prime; img_size=\u00a0\u00bbfull\u00a0\u00bb alignment=\u00a0\u00bbcenter\u00a0\u00bb css_animation=\u00a0\u00bbfadeInLeft\u00a0\u00bb][\/vc_column][\/vc_row][vc_row][vc_column animation=\u00a0\u00bbfadeInRight\u00a0\u00bb][vc_row_inner][vc_column_inner][vc_column_text]<\/p>\n<h3 style=\"text-align: center;\">Points cl\u00e9s<\/h3>\n<p>[\/vc_column_text][\/vc_column_inner][\/vc_row_inner][vc_row_inner][vc_column_inner width=\u00a0\u00bb1\/3&Prime;][vc_column_text]R\u00e9gulation intelligente, surveillance approfondie, manipulation facile et convivialit\u00e9 intuitive avec Siemens Comfort TP1200. Les donn\u00e9es surveill\u00e9es sont exportables sur une cl\u00e9 USB..[\/vc_column_text][\/vc_column_inner][vc_column_inner width=\u00a0\u00bb1\/3&Prime;][vc_column_text]Thermal Power Heaters \u00ae personnalis\u00e9s en fonction des besoins en \u00e9nergie, de la temp\u00e9rature du m\u00e9tal et de l&rsquo;alimentation \u00e9lectrique pour assurer une puissance de chauffe maximale et une dur\u00e9e de vie la plus longue possible[\/vc_column_text][\/vc_column_inner][vc_column_inner width=\u00a0\u00bb1\/3&Prime;][vc_column_text]Entretien facile avec une position conviviale pour les changements et les r\u00e9parations du rotor. S\u00e9curit\u00e9 et position ergonomique pour un entretien rapide.[\/vc_column_text][\/vc_column_inner][\/vc_row_inner][vc_row_inner][vc_column_inner width=\u00a0\u00bb1\/3&Prime;][vc_column_text]Conception ergonomique, nettoyage simplifi\u00e9 et un acc\u00e8s facile aux thermoplongeurs, thermocouples et au bain d&rsquo;aluminium.[\/vc_column_text][\/vc_column_inner][vc_column_inner width=\u00a0\u00bb1\/3&Prime;][vc_column_text]Mat\u00e9riau r\u00e9fractaire et isolant de haute qualit\u00e9 pour une temp\u00e9rature de paroi (&lt;55 \u00b0 C) basse et une faible perte de puissance par convection.[\/vc_column_text][\/vc_column_inner][vc_column_inner width=\u00a0\u00bb1\/3&Prime;][vc_column_text]D\u00e9gazage int\u00e9gr\u00e9: solution tout-en-un pour un processus de coul\u00e9e optimis\u00e9.[\/vc_column_text][\/vc_column_inner][\/vc_row_inner][\/vc_column][\/vc_row][vc_row][vc_column animation=\u00a0\u00bbfadeInUp\u00a0\u00bb offset=\u00a0\u00bbvc_hidden-md vc_hidden-sm vc_hidden-xs\u00a0\u00bb][vc_single_image image=\u00a0\u00bb1700&Prime; img_size=\u00a0\u00bbfull\u00a0\u00bb][vc_btn title=\u00a0\u00bbCas d&rsquo;\u00e9tude four de maintien\u00a0\u00bb color=\u00a0\u00bbdanger\u00a0\u00bb css=\u00a0\u00bb.vc_custom_1594975113225{margin-top: -150px !important;margin-left: 50px !important;}\u00a0\u00bb][\/vc_column][\/vc_row][vc_row][vc_column animation=\u00a0\u00bbfadeInUp\u00a0\u00bb][vc_row_inner][vc_column_inner][vc_column_text]<\/p>\n<h3 style=\"text-align: center;\">Sp\u00e9cifications techniques<\/h3>\n<p>[\/vc_column_text][vc_single_image image=\u00a0\u00bb1527&Prime; img_size=\u00a0\u00bbfull\u00a0\u00bb alignment=\u00a0\u00bbcenter\u00a0\u00bb style=\u00a0\u00bbvc_box_shadow_3d\u00a0\u00bb][\/vc_column_inner][\/vc_row_inner][\/vc_column][\/vc_row][vc_row type=\u00a0\u00bbvc_default\u00a0\u00bb gap=\u00a0\u00bb10&Prime; css=\u00a0\u00bb.vc_custom_1560947205923{margin-top: 30px !important;}\u00a0\u00bb][vc_column width=\u00a0\u00bb1\/2&Prime; animation=\u00a0\u00bbfadeInLeft\u00a0\u00bb el_class=\u00a0\u00bbsimilar\u00a0\u00bb][vc_column_text]<\/p>\n<h3>Produits similaires<\/h3>\n<p>[\/vc_column_text][vc_separator color=\u00a0\u00bbcustom\u00a0\u00bb accent_color=\u00a0\u00bb#474747&Prime; css=\u00a0\u00bb.vc_custom_1560947192642{margin-top: -15px !important;}\u00a0\u00bb][\/vc_column][vc_column width=\u00a0\u00bb1\/2&Prime; animation=\u00a0\u00bbfadeInRight\u00a0\u00bb el_class=\u00a0\u00bbaccess\u00a0\u00bb][vc_column_text]<\/p>\n<h3>Accessoires<\/h3>\n<p>[\/vc_column_text][vc_separator color=\u00a0\u00bbcustom\u00a0\u00bb accent_color=\u00a0\u00bb#474747&Prime; css=\u00a0\u00bb.vc_custom_1560947199074{margin-top: -15px !important;}\u00a0\u00bb][\/vc_column][\/vc_row][vc_row][vc_column][vc_btn title=\u00a0\u00bbContactez nous\u00a0\u00bb style=\u00a0\u00bbcustom\u00a0\u00bb custom_background=\u00a0\u00bb#cf302d\u00a0\u00bb custom_text=\u00a0\u00bb#ffffff\u00a0\u00bb size=\u00a0\u00bblg\u00a0\u00bb align=\u00a0\u00bbcenter\u00a0\u00bb link=\u00a0\u00bburl:https%3A%2F%2Flethiguel.com\/fr%2Fcontact.html|title:Contact||\u00a0\u00bb][\/vc_column][\/vc_row]<\/p>\n<\/section>","protected":false},"excerpt":{"rendered":"<p>[vc_row type=\u00a0\u00bbvc_default\u00a0\u00bb content_placement=\u00a0\u00bbmiddle\u00a0\u00bb el_class=\u00a0\u00bbbloc-article\u00a0\u00bb][vc_column width=\u00a0\u00bb1\/3&Prime; el_class=\u00a0\u00bbtexteblanc bloc-text-bloc-article\u00a0\u00bb][vc_single_image image=\u00a0\u00bb1179&Prime; img_size=\u00a0\u00bbfull\u00a0\u00bb][vc_column_text css=\u00a0\u00bb.vc_custom_1575532181497{padding-top: 20px !important;padding-right: 20px !important;padding-bottom: 20px !important;padding-left: 20px !important;background-color: #313131 !important;}\u00a0\u00bb] Avantages du four de maintien en temp\u00e9rature : 3 tailles disponibles : Al Clean 6500, Al Clean 3500 et Al Clean 1500 Faible consommation d&rsquo;\u00e9nergie,\u00a0Four \u00e0 grande vitesse de chauffage Haute qualit\u00e9 de l&rsquo;aluminium D\u00e9gazage&hellip;<\/p>\n","protected":false},"author":1,"featured_media":0,"parent":0,"menu_order":0,"comment_status":"closed","ping_status":"closed","template":"","meta":{"footnotes":""},"class_list":["post-331","page","type-page","status-publish","hentry","description-off"],"yoast_head":"<!-- This site is optimized with the Yoast SEO plugin v27.4 - https:\/\/yoast.com\/product\/yoast-seo-wordpress\/ -->\n<title>Lethiguel<\/title>\n<meta name=\"description\" content=\"Lethiguel fabrique des fours industriels pour l&#039;aluminium dans des applications de haute pression ou fonderie. Contactez-nous pour plus d&#039;information sur notre gamme.\" \/>\n<meta name=\"robots\" content=\"index, follow, max-snippet:-1, max-image-preview:large, max-video-preview:-1\" \/>\n<link rel=\"canonical\" href=\"https:\/\/lethiguel.com\/fr\/four-maintien-temperature-aluminium-al-clean.html\" \/>\n<meta property=\"og:locale\" content=\"fr_FR\" \/>\n<meta property=\"og:type\" content=\"article\" \/>\n<meta property=\"og:title\" content=\"Lethiguel\" \/>\n<meta property=\"og:description\" content=\"Lethiguel fabrique des fours industriels pour l&#039;aluminium dans des applications de haute pression ou fonderie. Contactez-nous pour plus d&#039;information sur notre gamme.\" \/>\n<meta property=\"og:url\" content=\"https:\/\/lethiguel.com\/fr\/four-maintien-temperature-aluminium-al-clean.html\" \/>\n<meta property=\"og:site_name\" content=\"Lethiguel Fran\u00e7ais\" \/>\n<meta property=\"article:modified_time\" content=\"2025-05-30T12:18:20+00:00\" \/>\n<meta name=\"twitter:card\" content=\"summary_large_image\" \/>\n<meta name=\"twitter:label1\" content=\"Dur\u00e9e de lecture estim\u00e9e\" \/>\n\t<meta name=\"twitter:data1\" content=\"4 minutes\" \/>\n<script type=\"application\/ld+json\" class=\"yoast-schema-graph\">{\"@context\":\"https:\\\/\\\/schema.org\",\"@graph\":[{\"@type\":\"WebPage\",\"@id\":\"https:\\\/\\\/lethiguel.com\\\/fr\\\/four-maintien-temperature-aluminium-al-clean.html\",\"url\":\"https:\\\/\\\/lethiguel.com\\\/fr\\\/four-maintien-temperature-aluminium-al-clean.html\",\"name\":\"Lethiguel\",\"isPartOf\":{\"@id\":\"https:\\\/\\\/lethiguel.com\\\/fr\\\/#website\"},\"datePublished\":\"2019-06-20T12:35:55+00:00\",\"dateModified\":\"2025-05-30T12:18:20+00:00\",\"description\":\"Lethiguel fabrique des fours industriels pour l'aluminium dans des applications de haute pression ou fonderie. Contactez-nous pour plus d'information sur notre gamme.\",\"breadcrumb\":{\"@id\":\"https:\\\/\\\/lethiguel.com\\\/fr\\\/four-maintien-temperature-aluminium-al-clean.html#breadcrumb\"},\"inLanguage\":\"fr-FR\",\"potentialAction\":[{\"@type\":\"ReadAction\",\"target\":[\"https:\\\/\\\/lethiguel.com\\\/fr\\\/four-maintien-temperature-aluminium-al-clean.html\"]}]},{\"@type\":\"BreadcrumbList\",\"@id\":\"https:\\\/\\\/lethiguel.com\\\/fr\\\/four-maintien-temperature-aluminium-al-clean.html#breadcrumb\",\"itemListElement\":[{\"@type\":\"ListItem\",\"position\":1,\"name\":\"Accueil\",\"item\":\"https:\\\/\\\/lethiguel.com\\\/fr\\\/\"},{\"@type\":\"ListItem\",\"position\":2,\"name\":\"Four de maintien en temp\u00e9rature Al Clean\"}]},{\"@type\":\"WebSite\",\"@id\":\"https:\\\/\\\/lethiguel.com\\\/fr\\\/#website\",\"url\":\"https:\\\/\\\/lethiguel.com\\\/fr\\\/\",\"name\":\"Lethiguel Fran\u00e7ais\",\"description\":\"Heating and cooling solutions\",\"potentialAction\":[{\"@type\":\"SearchAction\",\"target\":{\"@type\":\"EntryPoint\",\"urlTemplate\":\"https:\\\/\\\/lethiguel.com\\\/fr\\\/?s={search_term_string}\"},\"query-input\":{\"@type\":\"PropertyValueSpecification\",\"valueRequired\":true,\"valueName\":\"search_term_string\"}}],\"inLanguage\":\"fr-FR\"}]}<\/script>\n<!-- \/ Yoast SEO plugin. -->","yoast_head_json":{"title":"Lethiguel","description":"Lethiguel fabrique des fours industriels pour l'aluminium dans des applications de haute pression ou fonderie. Contactez-nous pour plus d'information sur notre gamme.","robots":{"index":"index","follow":"follow","max-snippet":"max-snippet:-1","max-image-preview":"max-image-preview:large","max-video-preview":"max-video-preview:-1"},"canonical":"https:\/\/lethiguel.com\/fr\/four-maintien-temperature-aluminium-al-clean.html","og_locale":"fr_FR","og_type":"article","og_title":"Lethiguel","og_description":"Lethiguel fabrique des fours industriels pour l'aluminium dans des applications de haute pression ou fonderie. Contactez-nous pour plus d'information sur notre gamme.","og_url":"https:\/\/lethiguel.com\/fr\/four-maintien-temperature-aluminium-al-clean.html","og_site_name":"Lethiguel Fran\u00e7ais","article_modified_time":"2025-05-30T12:18:20+00:00","twitter_card":"summary_large_image","twitter_misc":{"Dur\u00e9e de lecture estim\u00e9e":"4 minutes"},"schema":{"@context":"https:\/\/schema.org","@graph":[{"@type":"WebPage","@id":"https:\/\/lethiguel.com\/fr\/four-maintien-temperature-aluminium-al-clean.html","url":"https:\/\/lethiguel.com\/fr\/four-maintien-temperature-aluminium-al-clean.html","name":"Lethiguel","isPartOf":{"@id":"https:\/\/lethiguel.com\/fr\/#website"},"datePublished":"2019-06-20T12:35:55+00:00","dateModified":"2025-05-30T12:18:20+00:00","description":"Lethiguel fabrique des fours industriels pour l'aluminium dans des applications de haute pression ou fonderie. Contactez-nous pour plus d'information sur notre gamme.","breadcrumb":{"@id":"https:\/\/lethiguel.com\/fr\/four-maintien-temperature-aluminium-al-clean.html#breadcrumb"},"inLanguage":"fr-FR","potentialAction":[{"@type":"ReadAction","target":["https:\/\/lethiguel.com\/fr\/four-maintien-temperature-aluminium-al-clean.html"]}]},{"@type":"BreadcrumbList","@id":"https:\/\/lethiguel.com\/fr\/four-maintien-temperature-aluminium-al-clean.html#breadcrumb","itemListElement":[{"@type":"ListItem","position":1,"name":"Accueil","item":"https:\/\/lethiguel.com\/fr\/"},{"@type":"ListItem","position":2,"name":"Four de maintien en temp\u00e9rature Al Clean"}]},{"@type":"WebSite","@id":"https:\/\/lethiguel.com\/fr\/#website","url":"https:\/\/lethiguel.com\/fr\/","name":"Lethiguel Fran\u00e7ais","description":"Heating and cooling solutions","potentialAction":[{"@type":"SearchAction","target":{"@type":"EntryPoint","urlTemplate":"https:\/\/lethiguel.com\/fr\/?s={search_term_string}"},"query-input":{"@type":"PropertyValueSpecification","valueRequired":true,"valueName":"search_term_string"}}],"inLanguage":"fr-FR"}]}},"_links":{"self":[{"href":"https:\/\/lethiguel.com\/fr\/wp-json\/wp\/v2\/pages\/331","targetHints":{"allow":["GET"]}}],"collection":[{"href":"https:\/\/lethiguel.com\/fr\/wp-json\/wp\/v2\/pages"}],"about":[{"href":"https:\/\/lethiguel.com\/fr\/wp-json\/wp\/v2\/types\/page"}],"author":[{"embeddable":true,"href":"https:\/\/lethiguel.com\/fr\/wp-json\/wp\/v2\/users\/1"}],"replies":[{"embeddable":true,"href":"https:\/\/lethiguel.com\/fr\/wp-json\/wp\/v2\/comments?post=331"}],"version-history":[{"count":51,"href":"https:\/\/lethiguel.com\/fr\/wp-json\/wp\/v2\/pages\/331\/revisions"}],"predecessor-version":[{"id":2185,"href":"https:\/\/lethiguel.com\/fr\/wp-json\/wp\/v2\/pages\/331\/revisions\/2185"}],"wp:attachment":[{"href":"https:\/\/lethiguel.com\/fr\/wp-json\/wp\/v2\/media?parent=331"}],"curies":[{"name":"wp","href":"https:\/\/api.w.org\/{rel}","templated":true}]}}