{"id":341,"date":"2019-06-20T14:44:39","date_gmt":"2019-06-20T12:44:39","guid":{"rendered":"https:\/\/lethiguel.com\/fr\/?page_id=341"},"modified":"2025-05-30T14:19:19","modified_gmt":"2025-05-30T12:19:19","slug":"four-sur-mesure-fonderie-moulage-gravite","status":"publish","type":"page","link":"https:\/\/lethiguel.com\/fr\/four-sur-mesure-fonderie-moulage-gravite.html","title":{"rendered":"Fours sur mesure"},"content":{"rendered":"<section class=\"wpb-content-wrapper\"><p>[vc_row type=\u00a0\u00bbvc_default\u00a0\u00bb content_placement=\u00a0\u00bbmiddle\u00a0\u00bb el_class=\u00a0\u00bbbloc-article\u00a0\u00bb][vc_column width=\u00a0\u00bb1\/3&Prime; el_class=\u00a0\u00bbtexteblanc bloc-text-bloc-article\u00a0\u00bb][vc_column_text css=\u00a0\u00bb.vc_custom_1575554977160{padding-top: 20px !important;padding-right: 20px !important;padding-bottom: 20px !important;padding-left: 20px !important;background-color: #313131 !important;}\u00a0\u00bb]<\/p>\n<h3 class=\"avantages1\">Fours sur mesure pour :<\/h3>\n<ul>\n<li>Fonderie sous pression<\/li>\n<li>Moulage en coquille par gravit\u00e9<\/li>\n<\/ul>\n<p>[\/vc_column_text][vc_column_text css=\u00a0\u00bb.vc_custom_1575555121067{margin-top: -40px !important;padding-top: 20px !important;padding-right: 20px !important;padding-bottom: 20px !important;padding-left: 20px !important;background-color: #cf302d !important;}\u00a0\u00bb]<strong>Qualit\u00e9, efficacit\u00e9, pr\u00e9cision des fours pour fonderie et moulage<\/strong><\/p>\n<p>Lethiguel con\u00e7oit et commercialise des\u00a0fours enti\u00e8rement personnalis\u00e9s, construits autour de la\u00a0technologie du chauffage par immersion, avec ou sans\u00a0syst\u00e8me de d\u00e9gazage\u00a0int\u00e9gr\u00e9. La capacit\u00e9 utile, les performances thermiques et la position du thermoplongeur sont sp\u00e9cifiquement con\u00e7ues pour chaque client.<\/p>\n<p>Gr\u00e2ce au savoir-faire de l&rsquo;entreprise, nos fours de chauffage par immersion permettent de r\u00e9duire la consommation d&rsquo;\u00e9nergie et d&rsquo;am\u00e9liorer la qualit\u00e9 des m\u00e9taux. L&rsquo;utilisation de thermoplongeurs dans un four augmente la temp\u00e9rature tout en \u00e9vitant l&rsquo;oxydation. Lorsqu&rsquo;ils sont utilis\u00e9s avec un syst\u00e8me de d\u00e9gazage, les thermoplongeurs assurent une qualit\u00e9 et une densit\u00e9 m\u00e9talliques optimales.[\/vc_column_text][\/vc_column][vc_column width=\u00a0\u00bb2\/3&Prime; animation=\u00a0\u00bbfadeInRight\u00a0\u00bb el_class=\u00a0\u00bbbloc-img-bloc-article\u00a0\u00bb][vc_single_image image=\u00a0\u00bb1716&Prime; img_size=\u00a0\u00bbfull\u00a0\u00bb alignment=\u00a0\u00bbcenter\u00a0\u00bb css_animation=\u00a0\u00bbfadeIn\u00a0\u00bb][\/vc_column][\/vc_row][vc_row][vc_column animation=\u00a0\u00bbfadeInLeft\u00a0\u00bb][vc_column_text]Au cours des derni\u00e8res ann\u00e9es, de plus en plus de clients ont fait confiance \u00e0 notre produit principale, le thermoplongeur Thermal Power \u00ae. En collaboration avec nos clients, nous avons con\u00e7u des fours sur mesure afin de r\u00e9pondre aux sp\u00e9cifications techniques tr\u00e8s sp\u00e9cifiques des industries qui n\u00e9cessitent une qualit\u00e9 accrue et une faible consommation d&rsquo;\u00e9nergie.<\/p>\n<p>Notre \u00e9quipe d&rsquo;ing\u00e9nieurs est toujours disponible pour concevoir la meilleure solution en fonction de vos sp\u00e9cifications techniques uniques.[\/vc_column_text][\/vc_column][\/vc_row][vc_row type=\u00a0\u00bbvc_default\u00a0\u00bb gap=\u00a0\u00bb10&Prime; css=\u00a0\u00bb.vc_custom_1560947205923{margin-top: 30px !important;}\u00a0\u00bb][vc_column width=\u00a0\u00bb1\/2&Prime; animation=\u00a0\u00bbfadeInLeft\u00a0\u00bb el_class=\u00a0\u00bbsimilar\u00a0\u00bb][vc_column_text]<\/p>\n<h3>Produits similaires<\/h3>\n<p>[\/vc_column_text][vc_separator color=\u00a0\u00bbcustom\u00a0\u00bb accent_color=\u00a0\u00bb#474747&Prime; css=\u00a0\u00bb.vc_custom_1560947192642{margin-top: -15px !important;}\u00a0\u00bb][\/vc_column][vc_column width=\u00a0\u00bb1\/2&Prime; animation=\u00a0\u00bbfadeInRight\u00a0\u00bb el_class=\u00a0\u00bbaccess\u00a0\u00bb][vc_column_text]<\/p>\n<h3>Accessoires<\/h3>\n<p>[\/vc_column_text][vc_separator color=\u00a0\u00bbcustom\u00a0\u00bb accent_color=\u00a0\u00bb#474747&Prime; css=\u00a0\u00bb.vc_custom_1560947199074{margin-top: -15px !important;}\u00a0\u00bb][\/vc_column][\/vc_row][vc_row][vc_column][vc_btn title=\u00a0\u00bbContactez nous\u00a0\u00bb style=\u00a0\u00bbcustom\u00a0\u00bb custom_background=\u00a0\u00bb#cf302d\u00a0\u00bb custom_text=\u00a0\u00bb#ffffff\u00a0\u00bb size=\u00a0\u00bblg\u00a0\u00bb align=\u00a0\u00bbcenter\u00a0\u00bb link=\u00a0\u00bburl:https%3A%2F%2Flethiguel.com\/fr%2Fcontact.html|title:Contact||\u00a0\u00bb][\/vc_column][\/vc_row]<\/p>\n<\/section>","protected":false},"excerpt":{"rendered":"<p>[vc_row type=\u00a0\u00bbvc_default\u00a0\u00bb content_placement=\u00a0\u00bbmiddle\u00a0\u00bb el_class=\u00a0\u00bbbloc-article\u00a0\u00bb][vc_column width=\u00a0\u00bb1\/3&Prime; el_class=\u00a0\u00bbtexteblanc bloc-text-bloc-article\u00a0\u00bb][vc_column_text css=\u00a0\u00bb.vc_custom_1575554977160{padding-top: 20px !important;padding-right: 20px !important;padding-bottom: 20px !important;padding-left: 20px !important;background-color: #313131 !important;}\u00a0\u00bb] Fours sur mesure pour : Fonderie sous pression Moulage en coquille par gravit\u00e9 [\/vc_column_text][vc_column_text css=\u00a0\u00bb.vc_custom_1575555121067{margin-top: -40px !important;padding-top: 20px !important;padding-right: 20px !important;padding-bottom: 20px !important;padding-left: 20px !important;background-color: #cf302d !important;}\u00a0\u00bb]Qualit\u00e9, efficacit\u00e9, pr\u00e9cision des fours pour fonderie et moulage Lethiguel con\u00e7oit&hellip;<\/p>\n","protected":false},"author":1,"featured_media":0,"parent":0,"menu_order":0,"comment_status":"closed","ping_status":"closed","template":"","meta":{"footnotes":""},"class_list":["post-341","page","type-page","status-publish","hentry","description-off"],"yoast_head":"<!-- This site is optimized with the Yoast SEO plugin v27.4 - https:\/\/yoast.com\/product\/yoast-seo-wordpress\/ -->\n<title>Lethiguel<\/title>\n<meta name=\"description\" content=\"Lethiguel fabrique des fours pour le chauffage par immersion. Contactez-nous pour plus d&#039;informations sur nos solutions et pour obtenir un devis.\" \/>\n<meta name=\"robots\" content=\"index, follow, max-snippet:-1, max-image-preview:large, max-video-preview:-1\" \/>\n<link rel=\"canonical\" href=\"https:\/\/lethiguel.com\/fr\/four-sur-mesure-fonderie-moulage-gravite.html\" \/>\n<meta property=\"og:locale\" content=\"fr_FR\" \/>\n<meta property=\"og:type\" content=\"article\" \/>\n<meta property=\"og:title\" content=\"Lethiguel\" \/>\n<meta property=\"og:description\" content=\"Lethiguel fabrique des fours pour le chauffage par immersion. Contactez-nous pour plus d&#039;informations sur nos solutions et pour obtenir un devis.\" \/>\n<meta property=\"og:url\" content=\"https:\/\/lethiguel.com\/fr\/four-sur-mesure-fonderie-moulage-gravite.html\" \/>\n<meta property=\"og:site_name\" content=\"Lethiguel Fran\u00e7ais\" \/>\n<meta property=\"article:modified_time\" content=\"2025-05-30T12:19:19+00:00\" \/>\n<meta name=\"twitter:card\" content=\"summary_large_image\" \/>\n<meta name=\"twitter:label1\" content=\"Dur\u00e9e de lecture estim\u00e9e\" \/>\n\t<meta name=\"twitter:data1\" content=\"4 minutes\" \/>\n<script type=\"application\/ld+json\" class=\"yoast-schema-graph\">{\"@context\":\"https:\\\/\\\/schema.org\",\"@graph\":[{\"@type\":\"WebPage\",\"@id\":\"https:\\\/\\\/lethiguel.com\\\/fr\\\/four-sur-mesure-fonderie-moulage-gravite.html\",\"url\":\"https:\\\/\\\/lethiguel.com\\\/fr\\\/four-sur-mesure-fonderie-moulage-gravite.html\",\"name\":\"Lethiguel\",\"isPartOf\":{\"@id\":\"https:\\\/\\\/lethiguel.com\\\/fr\\\/#website\"},\"datePublished\":\"2019-06-20T12:44:39+00:00\",\"dateModified\":\"2025-05-30T12:19:19+00:00\",\"description\":\"Lethiguel fabrique des fours pour le chauffage par immersion. Contactez-nous pour plus d'informations sur nos solutions et pour obtenir un devis.\",\"breadcrumb\":{\"@id\":\"https:\\\/\\\/lethiguel.com\\\/fr\\\/four-sur-mesure-fonderie-moulage-gravite.html#breadcrumb\"},\"inLanguage\":\"fr-FR\",\"potentialAction\":[{\"@type\":\"ReadAction\",\"target\":[\"https:\\\/\\\/lethiguel.com\\\/fr\\\/four-sur-mesure-fonderie-moulage-gravite.html\"]}]},{\"@type\":\"BreadcrumbList\",\"@id\":\"https:\\\/\\\/lethiguel.com\\\/fr\\\/four-sur-mesure-fonderie-moulage-gravite.html#breadcrumb\",\"itemListElement\":[{\"@type\":\"ListItem\",\"position\":1,\"name\":\"Accueil\",\"item\":\"https:\\\/\\\/lethiguel.com\\\/fr\\\/\"},{\"@type\":\"ListItem\",\"position\":2,\"name\":\"Fours sur mesure\"}]},{\"@type\":\"WebSite\",\"@id\":\"https:\\\/\\\/lethiguel.com\\\/fr\\\/#website\",\"url\":\"https:\\\/\\\/lethiguel.com\\\/fr\\\/\",\"name\":\"Lethiguel Fran\u00e7ais\",\"description\":\"Heating and cooling solutions\",\"potentialAction\":[{\"@type\":\"SearchAction\",\"target\":{\"@type\":\"EntryPoint\",\"urlTemplate\":\"https:\\\/\\\/lethiguel.com\\\/fr\\\/?s={search_term_string}\"},\"query-input\":{\"@type\":\"PropertyValueSpecification\",\"valueRequired\":true,\"valueName\":\"search_term_string\"}}],\"inLanguage\":\"fr-FR\"}]}<\/script>\n<!-- \/ Yoast SEO plugin. -->","yoast_head_json":{"title":"Lethiguel","description":"Lethiguel fabrique des fours pour le chauffage par immersion. Contactez-nous pour plus d'informations sur nos solutions et pour obtenir un devis.","robots":{"index":"index","follow":"follow","max-snippet":"max-snippet:-1","max-image-preview":"max-image-preview:large","max-video-preview":"max-video-preview:-1"},"canonical":"https:\/\/lethiguel.com\/fr\/four-sur-mesure-fonderie-moulage-gravite.html","og_locale":"fr_FR","og_type":"article","og_title":"Lethiguel","og_description":"Lethiguel fabrique des fours pour le chauffage par immersion. Contactez-nous pour plus d'informations sur nos solutions et pour obtenir un devis.","og_url":"https:\/\/lethiguel.com\/fr\/four-sur-mesure-fonderie-moulage-gravite.html","og_site_name":"Lethiguel Fran\u00e7ais","article_modified_time":"2025-05-30T12:19:19+00:00","twitter_card":"summary_large_image","twitter_misc":{"Dur\u00e9e de lecture estim\u00e9e":"4 minutes"},"schema":{"@context":"https:\/\/schema.org","@graph":[{"@type":"WebPage","@id":"https:\/\/lethiguel.com\/fr\/four-sur-mesure-fonderie-moulage-gravite.html","url":"https:\/\/lethiguel.com\/fr\/four-sur-mesure-fonderie-moulage-gravite.html","name":"Lethiguel","isPartOf":{"@id":"https:\/\/lethiguel.com\/fr\/#website"},"datePublished":"2019-06-20T12:44:39+00:00","dateModified":"2025-05-30T12:19:19+00:00","description":"Lethiguel fabrique des fours pour le chauffage par immersion. Contactez-nous pour plus d'informations sur nos solutions et pour obtenir un devis.","breadcrumb":{"@id":"https:\/\/lethiguel.com\/fr\/four-sur-mesure-fonderie-moulage-gravite.html#breadcrumb"},"inLanguage":"fr-FR","potentialAction":[{"@type":"ReadAction","target":["https:\/\/lethiguel.com\/fr\/four-sur-mesure-fonderie-moulage-gravite.html"]}]},{"@type":"BreadcrumbList","@id":"https:\/\/lethiguel.com\/fr\/four-sur-mesure-fonderie-moulage-gravite.html#breadcrumb","itemListElement":[{"@type":"ListItem","position":1,"name":"Accueil","item":"https:\/\/lethiguel.com\/fr\/"},{"@type":"ListItem","position":2,"name":"Fours sur mesure"}]},{"@type":"WebSite","@id":"https:\/\/lethiguel.com\/fr\/#website","url":"https:\/\/lethiguel.com\/fr\/","name":"Lethiguel Fran\u00e7ais","description":"Heating and cooling solutions","potentialAction":[{"@type":"SearchAction","target":{"@type":"EntryPoint","urlTemplate":"https:\/\/lethiguel.com\/fr\/?s={search_term_string}"},"query-input":{"@type":"PropertyValueSpecification","valueRequired":true,"valueName":"search_term_string"}}],"inLanguage":"fr-FR"}]}},"_links":{"self":[{"href":"https:\/\/lethiguel.com\/fr\/wp-json\/wp\/v2\/pages\/341","targetHints":{"allow":["GET"]}}],"collection":[{"href":"https:\/\/lethiguel.com\/fr\/wp-json\/wp\/v2\/pages"}],"about":[{"href":"https:\/\/lethiguel.com\/fr\/wp-json\/wp\/v2\/types\/page"}],"author":[{"embeddable":true,"href":"https:\/\/lethiguel.com\/fr\/wp-json\/wp\/v2\/users\/1"}],"replies":[{"embeddable":true,"href":"https:\/\/lethiguel.com\/fr\/wp-json\/wp\/v2\/comments?post=341"}],"version-history":[{"count":28,"href":"https:\/\/lethiguel.com\/fr\/wp-json\/wp\/v2\/pages\/341\/revisions"}],"predecessor-version":[{"id":2186,"href":"https:\/\/lethiguel.com\/fr\/wp-json\/wp\/v2\/pages\/341\/revisions\/2186"}],"wp:attachment":[{"href":"https:\/\/lethiguel.com\/fr\/wp-json\/wp\/v2\/media?parent=341"}],"curies":[{"name":"wp","href":"https:\/\/api.w.org\/{rel}","templated":true}]}}