{"id":348,"date":"2019-06-20T14:49:22","date_gmt":"2019-06-20T12:49:22","guid":{"rendered":"https:\/\/lethiguel.com\/fr\/?page_id=348"},"modified":"2025-05-30T14:44:13","modified_gmt":"2025-05-30T12:44:13","slug":"station-chauffage-degazage-twiga","status":"publish","type":"page","link":"https:\/\/lethiguel.com\/fr\/station-chauffage-degazage-twiga.html","title":{"rendered":"Station de chauffage \/ d\u00e9gazage Twiga"},"content":{"rendered":"<section class=\"wpb-content-wrapper\"><p>[vc_row type=\u00a0\u00bbvc_default\u00a0\u00bb content_placement=\u00a0\u00bbmiddle\u00a0\u00bb el_class=\u00a0\u00bbbloc-article\u00a0\u00bb][vc_column width=\u00a0\u00bb1\/3&Prime; el_class=\u00a0\u00bbtexteblanc bloc-text-bloc-article\u00a0\u00bb][vc_single_image image=\u00a0\u00bb1331&Prime; img_size=\u00a0\u00bbfull\u00a0\u00bb][vc_column_text css=\u00a0\u00bb.vc_custom_1575738522225{padding-top: 20px !important;padding-right: 20px !important;padding-bottom: 20px !important;padding-left: 20px !important;background-color: #313131 !important;}\u00a0\u00bb]<\/p>\n<h3 class=\"avantages1\">Avantages de la station de chauffage \/ d\u00e9gazage Twiga :<\/h3>\n<ul>\n<li>Taille de poche de 300 kg \u00e0 5T<\/li>\n<li>Puissance de chauffage de 2kW \u00e0 60kW<\/li>\n<li>D\u00e9gazage disponible<\/li>\n<li>Surveillance avanc\u00e9e disponible<\/li>\n<li>Construction compacte : 1,80m et extensible<\/li>\n<\/ul>\n<p>[\/vc_column_text][vc_column_text css=\u00a0\u00bb.vc_custom_1575738586528{margin-top: -40px !important;padding-top: 20px !important;padding-right: 20px !important;padding-bottom: 20px !important;padding-left: 20px !important;background-color: #cf302d !important;}\u00a0\u00bb]Twiga est la toute derni\u00e8re station de chauffage\/ d\u00e9gazage de Lethiguel. Con\u00e7ue pour optimiser l&rsquo;espace de travail et la consommation d&rsquo;\u00e9nergie, Twiga s&rsquo;adapte \u00e0 tout type de poche de transport et se monte pour le d\u00e9gazage gr\u00e2ce \u00e0 un support de couvercle adaptable. A monter avec les <a href=\"https:\/\/lethiguel.com\/fr\/thermoplongeur-thermal-power.html\">thermoplongeurs ThermalPower\u00ae<\/a>, Twiga permet une vitesse de chauffe \u00e9lev\u00e9e et une perte de chaleur minimale.[\/vc_column_text][\/vc_column][vc_column width=\u00a0\u00bb2\/3&Prime; animation=\u00a0\u00bbfadeInRight\u00a0\u00bb el_class=\u00a0\u00bbbloc-img-bloc-article\u00a0\u00bb][vc_single_image image=\u00a0\u00bb1697&Prime; img_size=\u00a0\u00bbfull\u00a0\u00bb alignment=\u00a0\u00bbcenter\u00a0\u00bb][\/vc_column][\/vc_row][vc_row][vc_column][vc_row_inner][vc_column_inner][vc_column_text]<\/p>\n<h3 style=\"text-align: center;\">Les configurations valable pour Twiga, station de chauffage d&rsquo;aluminium<\/h3>\n<p>[\/vc_column_text][\/vc_column_inner][\/vc_row_inner][vc_row_inner][vc_column_inner][vc_single_image image=\u00a0\u00bb1640&Prime; img_size=\u00a0\u00bbfull\u00a0\u00bb alignment=\u00a0\u00bbcenter\u00a0\u00bb][\/vc_column_inner][\/vc_row_inner][vc_row_inner][vc_column_inner width=\u00a0\u00bb1\/2&Prime;][vc_single_image image=\u00a0\u00bb1596&Prime; img_size=\u00a0\u00bbfull\u00a0\u00bb alignment=\u00a0\u00bbcenter\u00a0\u00bb css_animation=\u00a0\u00bbfadeInLeft\u00a0\u00bb css=\u00a0\u00bb.vc_custom_1594974083546{margin-top: 35px !important;}\u00a0\u00bb][vc_column_text css_animation=\u00a0\u00bbfadeInLeft\u00a0\u00bb]<\/p>\n<p style=\"text-align: center;\">Station de chaffauge d&rsquo;aluminium TWIGA: 2 thermoplongeurs<\/p>\n<p>[\/vc_column_text][\/vc_column_inner][vc_column_inner width=\u00a0\u00bb1\/2&Prime;][vc_single_image image=\u00a0\u00bb1595&Prime; img_size=\u00a0\u00bbfull\u00a0\u00bb alignment=\u00a0\u00bbcenter\u00a0\u00bb css_animation=\u00a0\u00bbfadeInRight\u00a0\u00bb][vc_column_text css_animation=\u00a0\u00bbfadeInRight\u00a0\u00bb]Station de chaffauge d&rsquo;aluminium TWIGA: 2 thermoplongeurs + d\u00e9gazzeur[\/vc_column_text][\/vc_column_inner][\/vc_row_inner][vc_empty_space][vc_separator][\/vc_column][\/vc_row][vc_row][vc_column][vc_row_inner][vc_column_inner][vc_column_text]<\/p>\n<h3 style=\"text-align: center;\">Advantages cl\u00e9s<\/h3>\n<p>[\/vc_column_text][\/vc_column_inner][\/vc_row_inner][vc_row_inner][vc_column_inner width=\u00a0\u00bb1\/2&Prime;][vc_column_text css_animation=\u00a0\u00bbfadeInLeft\u00a0\u00bb]<\/p>\n<h4 style=\"text-align: center;\">Economie d&rsquo;\u00e9nergie<\/h4>\n<p style=\"text-align: center;\">Des ann\u00e9es d&rsquo;exp\u00e9rience sur le terrain, il est con\u00e7u pour optimiser l&rsquo;espace de travail, gr\u00e2ce \u00e0 une g\u00e9om\u00e9trie compacte (seulement 1,80m en position de chauffage), et \u00e0 la consommation d&rsquo;\u00e9nergie, avec un syst\u00e8me de r\u00e9gulation intelligent fournissant seulement la puissance n\u00e9cessaire.<\/p>\n<p>[\/vc_column_text][\/vc_column_inner][vc_column_inner width=\u00a0\u00bb1\/2&Prime;][vc_column_text css_animation=\u00a0\u00bbfadeInRight\u00a0\u00bb]<\/p>\n<h4 style=\"text-align: center;\">Une solution sur mesure<\/h4>\n<p style=\"text-align: center;\">Twiga peut adapter \u00e0 tout type de poche de transport et \u00eatre mont\u00e9 de la d\u00e9gazage gr\u00e2ce \u00e0 un support de couvercle adaptatif et un couvercle personnalis\u00e9 pour mettre en \u0153uvre des thermoplongeurs personnalis\u00e9s.<\/p>\n<p>[\/vc_column_text][\/vc_column_inner][\/vc_row_inner][vc_row_inner][vc_column_inner width=\u00a0\u00bb1\/2&Prime;][vc_column_text css_animation=\u00a0\u00bbfadeInLeft\u00a0\u00bb]<\/p>\n<h4 style=\"text-align: center;\">Plus fort avec Thermoplongeur thermal power<\/h4>\n<p style=\"text-align: center;\">Mont\u00e9 avec les thermoplongeurs Lethiguel Thermal Power\u00ae, Twiga permet une vitesse de chauffage \u00e9lev\u00e9e et une faible perte de chaleur avec une augmentation de temp\u00e9rature en fonction des besoins de votre process (jusqu&rsquo;\u00e0 150 \u00b0 C \/ heure). Le syst\u00e8me de r\u00e9gulation intelligent est sp\u00e9cialement con\u00e7u pour utiliser 100% du potentiel des Thermal Power Heaters \u00ae, tout en leur fournissant un environnement contr\u00f4l\u00e9 pour une longue dur\u00e9e de vie.<\/p>\n<p>[\/vc_column_text][\/vc_column_inner][vc_column_inner width=\u00a0\u00bb1\/2&Prime;][vc_column_text css_animation=\u00a0\u00bbfadeInRight\u00a0\u00bb]<\/p>\n<h4 style=\"text-align: center;\">System d\u00e9gazage<\/h4>\n<p style=\"text-align: center;\">Avec notre thermoplongeur et syst\u00e8me d\u00e9gazage, nous vous assurons que vous aurez optimiser un bon management de qualit\u00e9 d&rsquo;aluminium et r\u00e9gulation de temp\u00e9rature<\/p>\n<p>[\/vc_column_text][\/vc_column_inner][\/vc_row_inner][\/vc_column][\/vc_row][vc_row][vc_column animation=\u00a0\u00bbfadeInUp\u00a0\u00bb offset=\u00a0\u00bbvc_hidden-md vc_hidden-sm vc_hidden-xs\u00a0\u00bb][vc_single_image image=\u00a0\u00bb1698&Prime; img_size=\u00a0\u00bbfull\u00a0\u00bb style=\u00a0\u00bbvc_box_shadow_3d\u00a0\u00bb][vc_btn title=\u00a0\u00bbSmart heating station\u00a0\u00bb color=\u00a0\u00bbdanger\u00a0\u00bb link=\u00a0\u00bburl:https%3A%2F%2Fwww.youtube.com%2Fwatch%3Fv%3D_IUlfZDgUrM|||\u00a0\u00bb css=\u00a0\u00bb.vc_custom_1594974528440{margin-top: -200px !important;margin-left: 50px !important;}\u00a0\u00bb][vc_row_inner][vc_column_inner][vc_column_text]<\/p>\n<h3 style=\"text-align: center;\">Sp\u00e9cifications techniques<\/h3>\n<p>[\/vc_column_text][vc_single_image image=\u00a0\u00bb1544&Prime; img_size=\u00a0\u00bbfull\u00a0\u00bb alignment=\u00a0\u00bbcenter\u00a0\u00bb style=\u00a0\u00bbvc_box_shadow_3d\u00a0\u00bb css_animation=\u00a0\u00bbfadeInLeft\u00a0\u00bb][\/vc_column_inner][\/vc_row_inner][vc_row_inner][vc_column_inner][vc_column_text css_animation=\u00a0\u00bbfadeInRight\u00a0\u00bb]<\/p>\n<h3>Si vous cherchez une solution de chauffage int\u00e9gr\u00e9e pour am\u00e9liorer votre processus de coul\u00e9e, ne cherchez pas plus loin.<\/h3>\n<p>Notre bureau d&rsquo;\u00e9tudes, en \u00e9troite collaboration avec notre \u00e9quipe d&rsquo;ing\u00e9nieurs commerciaux, peut construire une solution de chauffe 100% sur mesure en fonction de vos contraintes. L&rsquo;ensemble du projet est dirig\u00e9 par un groupe de travail dont l&rsquo;objectif est de fournir la meilleure solution dans un d\u00e9lai donn\u00e9.<\/p>\n<p>Nous pouvons fabriquer des stations de chauffage pour le maintien et\/ou la remont\u00e9e en temp\u00e9rature, et qui fonctionnent pour des poches de 500 kg \u00e0 10 tonnes avec une puissance \u00e9lectrique de 12 kW \u00e0 150 kW.[\/vc_column_text][\/vc_column_inner][\/vc_row_inner][\/vc_column][\/vc_row][vc_row][vc_column animation=\u00a0\u00bbfadeInUp\u00a0\u00bb][vc_video link=\u00a0\u00bbhttps:\/\/www.youtube.com\/watch?v=_IUlfZDgUrM\u00a0\u00bb align=\u00a0\u00bbcenter\u00a0\u00bb][\/vc_column][\/vc_row][vc_row type=\u00a0\u00bbvc_default\u00a0\u00bb gap=\u00a0\u00bb10&Prime; css=\u00a0\u00bb.vc_custom_1560947205923{margin-top: 30px !important;}\u00a0\u00bb][vc_column width=\u00a0\u00bb1\/2&Prime; animation=\u00a0\u00bbfadeInLeft\u00a0\u00bb el_class=\u00a0\u00bbsimilar\u00a0\u00bb][vc_column_text]<\/p>\n<h3>Produits similaires<\/h3>\n<p>[\/vc_column_text][vc_separator color=\u00a0\u00bbcustom\u00a0\u00bb accent_color=\u00a0\u00bb#474747&Prime; css=\u00a0\u00bb.vc_custom_1560947192642{margin-top: -15px !important;}\u00a0\u00bb][\/vc_column][vc_column width=\u00a0\u00bb1\/2&Prime; animation=\u00a0\u00bbfadeInRight\u00a0\u00bb el_class=\u00a0\u00bbaccess\u00a0\u00bb][vc_column_text]<\/p>\n<h3>Accessoires<\/h3>\n<p>[\/vc_column_text][vc_separator color=\u00a0\u00bbcustom\u00a0\u00bb accent_color=\u00a0\u00bb#474747&Prime; css=\u00a0\u00bb.vc_custom_1560947199074{margin-top: -15px !important;}\u00a0\u00bb][\/vc_column][\/vc_row][vc_row][vc_column][vc_btn title=\u00a0\u00bbContactez nous\u00a0\u00bb style=\u00a0\u00bbcustom\u00a0\u00bb custom_background=\u00a0\u00bb#cf302d\u00a0\u00bb custom_text=\u00a0\u00bb#ffffff\u00a0\u00bb size=\u00a0\u00bblg\u00a0\u00bb align=\u00a0\u00bbcenter\u00a0\u00bb link=\u00a0\u00bburl:https%3A%2F%2Flethiguel.com\/fr%2Fcontact.html|title:Contact||\u00a0\u00bb][\/vc_column][\/vc_row]<\/p>\n<\/section>","protected":false},"excerpt":{"rendered":"<p>[vc_row type=\u00a0\u00bbvc_default\u00a0\u00bb content_placement=\u00a0\u00bbmiddle\u00a0\u00bb el_class=\u00a0\u00bbbloc-article\u00a0\u00bb][vc_column width=\u00a0\u00bb1\/3&Prime; el_class=\u00a0\u00bbtexteblanc bloc-text-bloc-article\u00a0\u00bb][vc_single_image image=\u00a0\u00bb1331&Prime; img_size=\u00a0\u00bbfull\u00a0\u00bb][vc_column_text css=\u00a0\u00bb.vc_custom_1575738522225{padding-top: 20px !important;padding-right: 20px !important;padding-bottom: 20px !important;padding-left: 20px !important;background-color: #313131 !important;}\u00a0\u00bb] Avantages de la station de chauffage \/ d\u00e9gazage Twiga : Taille de poche de 300 kg \u00e0 5T Puissance de chauffage de 2kW \u00e0 60kW D\u00e9gazage disponible Surveillance avanc\u00e9e disponible Construction compacte : 1,80m et&hellip;<\/p>\n","protected":false},"author":1,"featured_media":0,"parent":0,"menu_order":0,"comment_status":"closed","ping_status":"closed","template":"","meta":{"footnotes":""},"class_list":["post-348","page","type-page","status-publish","hentry","description-off"],"yoast_head":"<!-- This site is optimized with the Yoast SEO plugin v27.4 - https:\/\/yoast.com\/product\/yoast-seo-wordpress\/ -->\n<title>Lethiguel<\/title>\n<meta name=\"description\" content=\"LETHIGUEL fournit des solutions de chauffage et d\u00e9gazage pour les fonderies d&#039;aluminium. Contactez-nous pour un devis sur mesure.\" \/>\n<meta name=\"robots\" content=\"index, follow, max-snippet:-1, max-image-preview:large, max-video-preview:-1\" \/>\n<link rel=\"canonical\" href=\"https:\/\/lethiguel.com\/fr\/station-chauffage-degazage-twiga.html\" \/>\n<meta property=\"og:locale\" content=\"fr_FR\" \/>\n<meta property=\"og:type\" content=\"article\" \/>\n<meta property=\"og:title\" content=\"Lethiguel\" \/>\n<meta property=\"og:description\" content=\"LETHIGUEL fournit des solutions de chauffage et d\u00e9gazage pour les fonderies d&#039;aluminium. Contactez-nous pour un devis sur mesure.\" \/>\n<meta property=\"og:url\" content=\"https:\/\/lethiguel.com\/fr\/station-chauffage-degazage-twiga.html\" \/>\n<meta property=\"og:site_name\" content=\"Lethiguel Fran\u00e7ais\" \/>\n<meta property=\"article:modified_time\" content=\"2025-05-30T12:44:13+00:00\" \/>\n<meta name=\"twitter:card\" content=\"summary_large_image\" \/>\n<meta name=\"twitter:label1\" content=\"Dur\u00e9e de lecture estim\u00e9e\" \/>\n\t<meta name=\"twitter:data1\" content=\"5 minutes\" \/>\n<script type=\"application\/ld+json\" class=\"yoast-schema-graph\">{\"@context\":\"https:\\\/\\\/schema.org\",\"@graph\":[{\"@type\":\"WebPage\",\"@id\":\"https:\\\/\\\/lethiguel.com\\\/fr\\\/station-chauffage-degazage-twiga.html\",\"url\":\"https:\\\/\\\/lethiguel.com\\\/fr\\\/station-chauffage-degazage-twiga.html\",\"name\":\"Lethiguel\",\"isPartOf\":{\"@id\":\"https:\\\/\\\/lethiguel.com\\\/fr\\\/#website\"},\"datePublished\":\"2019-06-20T12:49:22+00:00\",\"dateModified\":\"2025-05-30T12:44:13+00:00\",\"description\":\"LETHIGUEL fournit des solutions de chauffage et d\u00e9gazage pour les fonderies d'aluminium. Contactez-nous pour un devis sur mesure.\",\"breadcrumb\":{\"@id\":\"https:\\\/\\\/lethiguel.com\\\/fr\\\/station-chauffage-degazage-twiga.html#breadcrumb\"},\"inLanguage\":\"fr-FR\",\"potentialAction\":[{\"@type\":\"ReadAction\",\"target\":[\"https:\\\/\\\/lethiguel.com\\\/fr\\\/station-chauffage-degazage-twiga.html\"]}]},{\"@type\":\"BreadcrumbList\",\"@id\":\"https:\\\/\\\/lethiguel.com\\\/fr\\\/station-chauffage-degazage-twiga.html#breadcrumb\",\"itemListElement\":[{\"@type\":\"ListItem\",\"position\":1,\"name\":\"Accueil\",\"item\":\"https:\\\/\\\/lethiguel.com\\\/fr\\\/\"},{\"@type\":\"ListItem\",\"position\":2,\"name\":\"Station de chauffage \\\/ d\u00e9gazage Twiga\"}]},{\"@type\":\"WebSite\",\"@id\":\"https:\\\/\\\/lethiguel.com\\\/fr\\\/#website\",\"url\":\"https:\\\/\\\/lethiguel.com\\\/fr\\\/\",\"name\":\"Lethiguel Fran\u00e7ais\",\"description\":\"Heating and cooling solutions\",\"potentialAction\":[{\"@type\":\"SearchAction\",\"target\":{\"@type\":\"EntryPoint\",\"urlTemplate\":\"https:\\\/\\\/lethiguel.com\\\/fr\\\/?s={search_term_string}\"},\"query-input\":{\"@type\":\"PropertyValueSpecification\",\"valueRequired\":true,\"valueName\":\"search_term_string\"}}],\"inLanguage\":\"fr-FR\"}]}<\/script>\n<!-- \/ Yoast SEO plugin. -->","yoast_head_json":{"title":"Lethiguel","description":"LETHIGUEL fournit des solutions de chauffage et d\u00e9gazage pour les fonderies d'aluminium. Contactez-nous pour un devis sur mesure.","robots":{"index":"index","follow":"follow","max-snippet":"max-snippet:-1","max-image-preview":"max-image-preview:large","max-video-preview":"max-video-preview:-1"},"canonical":"https:\/\/lethiguel.com\/fr\/station-chauffage-degazage-twiga.html","og_locale":"fr_FR","og_type":"article","og_title":"Lethiguel","og_description":"LETHIGUEL fournit des solutions de chauffage et d\u00e9gazage pour les fonderies d'aluminium. Contactez-nous pour un devis sur mesure.","og_url":"https:\/\/lethiguel.com\/fr\/station-chauffage-degazage-twiga.html","og_site_name":"Lethiguel Fran\u00e7ais","article_modified_time":"2025-05-30T12:44:13+00:00","twitter_card":"summary_large_image","twitter_misc":{"Dur\u00e9e de lecture estim\u00e9e":"5 minutes"},"schema":{"@context":"https:\/\/schema.org","@graph":[{"@type":"WebPage","@id":"https:\/\/lethiguel.com\/fr\/station-chauffage-degazage-twiga.html","url":"https:\/\/lethiguel.com\/fr\/station-chauffage-degazage-twiga.html","name":"Lethiguel","isPartOf":{"@id":"https:\/\/lethiguel.com\/fr\/#website"},"datePublished":"2019-06-20T12:49:22+00:00","dateModified":"2025-05-30T12:44:13+00:00","description":"LETHIGUEL fournit des solutions de chauffage et d\u00e9gazage pour les fonderies d'aluminium. Contactez-nous pour un devis sur mesure.","breadcrumb":{"@id":"https:\/\/lethiguel.com\/fr\/station-chauffage-degazage-twiga.html#breadcrumb"},"inLanguage":"fr-FR","potentialAction":[{"@type":"ReadAction","target":["https:\/\/lethiguel.com\/fr\/station-chauffage-degazage-twiga.html"]}]},{"@type":"BreadcrumbList","@id":"https:\/\/lethiguel.com\/fr\/station-chauffage-degazage-twiga.html#breadcrumb","itemListElement":[{"@type":"ListItem","position":1,"name":"Accueil","item":"https:\/\/lethiguel.com\/fr\/"},{"@type":"ListItem","position":2,"name":"Station de chauffage \/ d\u00e9gazage Twiga"}]},{"@type":"WebSite","@id":"https:\/\/lethiguel.com\/fr\/#website","url":"https:\/\/lethiguel.com\/fr\/","name":"Lethiguel Fran\u00e7ais","description":"Heating and cooling solutions","potentialAction":[{"@type":"SearchAction","target":{"@type":"EntryPoint","urlTemplate":"https:\/\/lethiguel.com\/fr\/?s={search_term_string}"},"query-input":{"@type":"PropertyValueSpecification","valueRequired":true,"valueName":"search_term_string"}}],"inLanguage":"fr-FR"}]}},"_links":{"self":[{"href":"https:\/\/lethiguel.com\/fr\/wp-json\/wp\/v2\/pages\/348","targetHints":{"allow":["GET"]}}],"collection":[{"href":"https:\/\/lethiguel.com\/fr\/wp-json\/wp\/v2\/pages"}],"about":[{"href":"https:\/\/lethiguel.com\/fr\/wp-json\/wp\/v2\/types\/page"}],"author":[{"embeddable":true,"href":"https:\/\/lethiguel.com\/fr\/wp-json\/wp\/v2\/users\/1"}],"replies":[{"embeddable":true,"href":"https:\/\/lethiguel.com\/fr\/wp-json\/wp\/v2\/comments?post=348"}],"version-history":[{"count":35,"href":"https:\/\/lethiguel.com\/fr\/wp-json\/wp\/v2\/pages\/348\/revisions"}],"predecessor-version":[{"id":2203,"href":"https:\/\/lethiguel.com\/fr\/wp-json\/wp\/v2\/pages\/348\/revisions\/2203"}],"wp:attachment":[{"href":"https:\/\/lethiguel.com\/fr\/wp-json\/wp\/v2\/media?parent=348"}],"curies":[{"name":"wp","href":"https:\/\/api.w.org\/{rel}","templated":true}]}}