{"id":355,"date":"2019-06-20T15:12:00","date_gmt":"2019-06-20T13:12:00","guid":{"rendered":"https:\/\/lethiguel.com\/fr\/?page_id=355"},"modified":"2025-05-30T14:19:57","modified_gmt":"2025-05-30T12:19:57","slug":"materiel-entretien-thermoplongeur-clean-kit","status":"publish","type":"page","link":"https:\/\/lethiguel.com\/fr\/materiel-entretien-thermoplongeur-clean-kit.html","title":{"rendered":"Mat\u00e9riel d&rsquo;entretien de thermoplongeur Clean Kit"},"content":{"rendered":"<section class=\"wpb-content-wrapper\"><p>[vc_row type=\u00a0\u00bbvc_default\u00a0\u00bb el_class=\u00a0\u00bbbloc-article\u00a0\u00bb][vc_column width=\u00a0\u00bb1\/3&Prime; el_class=\u00a0\u00bbtexteblanc bloc-text-bloc-article\u00a0\u00bb][vc_column_text css=\u00a0\u00bb.vc_custom_1575535675385{padding-top: 20px !important;padding-right: 20px !important;padding-bottom: 20px !important;padding-left: 20px !important;background-color: #313131 !important;}\u00a0\u00bb]L&rsquo;efficacit\u00e9 des outils de production comme les thermoplongeurs est en partie affect\u00e9e par l&rsquo;\u00e9tat de l&rsquo;outil. Clean Kit est donc un \u00ab\u00a0must have\u00a0\u00bb pour l&rsquo;entretien des thermoplongeurs et pour s&rsquo;assurer que vous tirez le meilleur parti de votre \u00e9quipement de chauffage de m\u00e9taux.<\/p>\n<p><strong>r\u00e9f. TOOL-CLEANKIT-00<\/strong>[\/vc_column_text][\/vc_column][vc_column width=\u00a0\u00bb2\/3&Prime; animation=\u00a0\u00bbfadeInRight\u00a0\u00bb el_class=\u00a0\u00bbbloc-img-bloc-article\u00a0\u00bb][vc_single_image image=\u00a0\u00bb1196&Prime; img_size=\u00a0\u00bbfull\u00a0\u00bb alignment=\u00a0\u00bbcenter\u00a0\u00bb css_animation=\u00a0\u00bbfadeIn\u00a0\u00bb][\/vc_column][\/vc_row][vc_row][vc_column][vc_separator][vc_row_inner][vc_column_inner][vc_column_text css_animation=\u00a0\u00bbfadeInUp\u00a0\u00bb]<\/p>\n<h3 style=\"text-align: center;\">P\u00e9riph\u00e9riques pour les solutions de chauffage<\/h3>\n<p>[\/vc_column_text][vc_empty_space][\/vc_column_inner][\/vc_row_inner][vc_row_inner][vc_column_inner width=\u00a0\u00bb1\/2&Prime;][vc_column_text css_animation=\u00a0\u00bbfadeInLeft\u00a0\u00bb]<\/p>\n<h4>Nettoyant pour thermoplongeur<\/h4>\n<p>Il est con\u00e7u pour s&rsquo;adapter \u00e0 la gamme de thermoplongeur thermal power et aider les op\u00e9rateurs \u00e0 effectuer un nettoyage appropri\u00e9 du thermoplongeur. Meilleur est le nettoyage, plus longue est la dur\u00e9e de vie.<\/p>\n<p>R\u00e9f. TOOL-HEATERCL-00[\/vc_column_text][\/vc_column_inner][vc_column_inner width=\u00a0\u00bb1\/2&Prime;][vc_single_image image=\u00a0\u00bb1530&Prime; img_size=\u00a0\u00bbmedium\u00a0\u00bb alignment=\u00a0\u00bbcenter\u00a0\u00bb css_animation=\u00a0\u00bbfadeInLeft\u00a0\u00bb][\/vc_column_inner][\/vc_row_inner][vc_separator][vc_row_inner][vc_column_inner width=\u00a0\u00bb1\/2&Prime;][vc_single_image image=\u00a0\u00bb1531&Prime; img_size=\u00a0\u00bbmedium\u00a0\u00bb alignment=\u00a0\u00bbcenter\u00a0\u00bb css_animation=\u00a0\u00bbfadeInRight\u00a0\u00bb][\/vc_column_inner][vc_column_inner width=\u00a0\u00bb1\/2&Prime;][vc_column_text css_animation=\u00a0\u00bbfadeInRight\u00a0\u00bb]<\/p>\n<h3>Nettoyant pour le bain d&rsquo;aluminium<\/h3>\n<p>Il est con\u00e7u pour aider \u00e0 \u00e9liminer les crasses et l&rsquo;oxydation de la surface de votre four ou de votre poche de transport.<\/p>\n<p>Ref. TOOL-BATHCL-00[\/vc_column_text][\/vc_column_inner][\/vc_row_inner][vc_separator][vc_row_inner][vc_column_inner width=\u00a0\u00bb1\/2&Prime;][vc_column_text css_animation=\u00a0\u00bbfadeInLeft\u00a0\u00bb]<\/p>\n<h4>Nettoyant pour le r\u00e9fractaire<\/h4>\n<p>Un outil de nettoyage pour la paroi r\u00e9fractaire de tout four ou poche de transport. Gr\u00e2ce \u00e0 une conception pratique, il aide \u00e0 \u00e9liminer les d\u00e9p\u00f4ts de crasses des parois r\u00e9fractaires.<\/p>\n<p>R\u00e9f. TOOL-WALLCL-00[\/vc_column_text][\/vc_column_inner][vc_column_inner width=\u00a0\u00bb1\/2&Prime;][vc_single_image image=\u00a0\u00bb1533&Prime; img_size=\u00a0\u00bbmedium\u00a0\u00bb alignment=\u00a0\u00bbcenter\u00a0\u00bb css_animation=\u00a0\u00bbfadeInLeft\u00a0\u00bb][\/vc_column_inner][\/vc_row_inner][\/vc_column][\/vc_row][vc_row][vc_column][vc_btn title=\u00a0\u00bbContactez nous\u00a0\u00bb style=\u00a0\u00bbcustom\u00a0\u00bb custom_background=\u00a0\u00bb#cf302d\u00a0\u00bb custom_text=\u00a0\u00bb#ffffff\u00a0\u00bb size=\u00a0\u00bblg\u00a0\u00bb align=\u00a0\u00bbcenter\u00a0\u00bb link=\u00a0\u00bburl:https%3A%2F%2Flethiguel.com\/fr%2Fcontact.html|title:Contact||\u00a0\u00bb][\/vc_column][\/vc_row]<\/p>\n<\/section>","protected":false},"excerpt":{"rendered":"<p>[vc_row type=\u00a0\u00bbvc_default\u00a0\u00bb el_class=\u00a0\u00bbbloc-article\u00a0\u00bb][vc_column width=\u00a0\u00bb1\/3&Prime; el_class=\u00a0\u00bbtexteblanc bloc-text-bloc-article\u00a0\u00bb][vc_column_text css=\u00a0\u00bb.vc_custom_1575535675385{padding-top: 20px !important;padding-right: 20px !important;padding-bottom: 20px !important;padding-left: 20px !important;background-color: #313131 !important;}\u00a0\u00bb]L&rsquo;efficacit\u00e9 des outils de production comme les thermoplongeurs est en partie affect\u00e9e par l&rsquo;\u00e9tat de l&rsquo;outil. Clean Kit est donc un \u00ab\u00a0must have\u00a0\u00bb pour l&rsquo;entretien des thermoplongeurs et pour s&rsquo;assurer que vous tirez le meilleur parti de votre \u00e9quipement&hellip;<\/p>\n","protected":false},"author":1,"featured_media":0,"parent":0,"menu_order":0,"comment_status":"closed","ping_status":"closed","template":"","meta":{"footnotes":""},"class_list":["post-355","page","type-page","status-publish","hentry","description-off"],"yoast_head":"<!-- This site is optimized with the Yoast SEO plugin v27.4 - https:\/\/yoast.com\/product\/yoast-seo-wordpress\/ -->\n<title>Lethiguel<\/title>\n<meta name=\"description\" content=\"LETHIGUEL vous propose du mat\u00e9riel pour l&#039;entretien des thermoplongeurs utilis\u00e9s avec des m\u00e9taux fondus. Contactez-nous pour en savoir plus.\" \/>\n<meta name=\"robots\" content=\"index, follow, max-snippet:-1, max-image-preview:large, max-video-preview:-1\" \/>\n<link rel=\"canonical\" href=\"https:\/\/lethiguel.com\/fr\/materiel-entretien-thermoplongeur-clean-kit.html\" \/>\n<meta property=\"og:locale\" content=\"fr_FR\" \/>\n<meta property=\"og:type\" content=\"article\" \/>\n<meta property=\"og:title\" content=\"Lethiguel\" \/>\n<meta property=\"og:description\" content=\"LETHIGUEL vous propose du mat\u00e9riel pour l&#039;entretien des thermoplongeurs utilis\u00e9s avec des m\u00e9taux fondus. Contactez-nous pour en savoir plus.\" \/>\n<meta property=\"og:url\" content=\"https:\/\/lethiguel.com\/fr\/materiel-entretien-thermoplongeur-clean-kit.html\" \/>\n<meta property=\"og:site_name\" content=\"Lethiguel Fran\u00e7ais\" \/>\n<meta property=\"article:modified_time\" content=\"2025-05-30T12:19:57+00:00\" \/>\n<meta name=\"twitter:card\" content=\"summary_large_image\" \/>\n<meta name=\"twitter:label1\" content=\"Dur\u00e9e de lecture estim\u00e9e\" \/>\n\t<meta name=\"twitter:data1\" content=\"2 minutes\" \/>\n<script type=\"application\/ld+json\" class=\"yoast-schema-graph\">{\"@context\":\"https:\\\/\\\/schema.org\",\"@graph\":[{\"@type\":\"WebPage\",\"@id\":\"https:\\\/\\\/lethiguel.com\\\/fr\\\/materiel-entretien-thermoplongeur-clean-kit.html\",\"url\":\"https:\\\/\\\/lethiguel.com\\\/fr\\\/materiel-entretien-thermoplongeur-clean-kit.html\",\"name\":\"Lethiguel\",\"isPartOf\":{\"@id\":\"https:\\\/\\\/lethiguel.com\\\/fr\\\/#website\"},\"datePublished\":\"2019-06-20T13:12:00+00:00\",\"dateModified\":\"2025-05-30T12:19:57+00:00\",\"description\":\"LETHIGUEL vous propose du mat\u00e9riel pour l'entretien des thermoplongeurs utilis\u00e9s avec des m\u00e9taux fondus. Contactez-nous pour en savoir plus.\",\"breadcrumb\":{\"@id\":\"https:\\\/\\\/lethiguel.com\\\/fr\\\/materiel-entretien-thermoplongeur-clean-kit.html#breadcrumb\"},\"inLanguage\":\"fr-FR\",\"potentialAction\":[{\"@type\":\"ReadAction\",\"target\":[\"https:\\\/\\\/lethiguel.com\\\/fr\\\/materiel-entretien-thermoplongeur-clean-kit.html\"]}]},{\"@type\":\"BreadcrumbList\",\"@id\":\"https:\\\/\\\/lethiguel.com\\\/fr\\\/materiel-entretien-thermoplongeur-clean-kit.html#breadcrumb\",\"itemListElement\":[{\"@type\":\"ListItem\",\"position\":1,\"name\":\"Accueil\",\"item\":\"https:\\\/\\\/lethiguel.com\\\/fr\\\/\"},{\"@type\":\"ListItem\",\"position\":2,\"name\":\"Mat\u00e9riel d&rsquo;entretien de thermoplongeur Clean Kit\"}]},{\"@type\":\"WebSite\",\"@id\":\"https:\\\/\\\/lethiguel.com\\\/fr\\\/#website\",\"url\":\"https:\\\/\\\/lethiguel.com\\\/fr\\\/\",\"name\":\"Lethiguel Fran\u00e7ais\",\"description\":\"Heating and cooling solutions\",\"potentialAction\":[{\"@type\":\"SearchAction\",\"target\":{\"@type\":\"EntryPoint\",\"urlTemplate\":\"https:\\\/\\\/lethiguel.com\\\/fr\\\/?s={search_term_string}\"},\"query-input\":{\"@type\":\"PropertyValueSpecification\",\"valueRequired\":true,\"valueName\":\"search_term_string\"}}],\"inLanguage\":\"fr-FR\"}]}<\/script>\n<!-- \/ Yoast SEO plugin. -->","yoast_head_json":{"title":"Lethiguel","description":"LETHIGUEL vous propose du mat\u00e9riel pour l'entretien des thermoplongeurs utilis\u00e9s avec des m\u00e9taux fondus. Contactez-nous pour en savoir plus.","robots":{"index":"index","follow":"follow","max-snippet":"max-snippet:-1","max-image-preview":"max-image-preview:large","max-video-preview":"max-video-preview:-1"},"canonical":"https:\/\/lethiguel.com\/fr\/materiel-entretien-thermoplongeur-clean-kit.html","og_locale":"fr_FR","og_type":"article","og_title":"Lethiguel","og_description":"LETHIGUEL vous propose du mat\u00e9riel pour l'entretien des thermoplongeurs utilis\u00e9s avec des m\u00e9taux fondus. Contactez-nous pour en savoir plus.","og_url":"https:\/\/lethiguel.com\/fr\/materiel-entretien-thermoplongeur-clean-kit.html","og_site_name":"Lethiguel Fran\u00e7ais","article_modified_time":"2025-05-30T12:19:57+00:00","twitter_card":"summary_large_image","twitter_misc":{"Dur\u00e9e de lecture estim\u00e9e":"2 minutes"},"schema":{"@context":"https:\/\/schema.org","@graph":[{"@type":"WebPage","@id":"https:\/\/lethiguel.com\/fr\/materiel-entretien-thermoplongeur-clean-kit.html","url":"https:\/\/lethiguel.com\/fr\/materiel-entretien-thermoplongeur-clean-kit.html","name":"Lethiguel","isPartOf":{"@id":"https:\/\/lethiguel.com\/fr\/#website"},"datePublished":"2019-06-20T13:12:00+00:00","dateModified":"2025-05-30T12:19:57+00:00","description":"LETHIGUEL vous propose du mat\u00e9riel pour l'entretien des thermoplongeurs utilis\u00e9s avec des m\u00e9taux fondus. Contactez-nous pour en savoir plus.","breadcrumb":{"@id":"https:\/\/lethiguel.com\/fr\/materiel-entretien-thermoplongeur-clean-kit.html#breadcrumb"},"inLanguage":"fr-FR","potentialAction":[{"@type":"ReadAction","target":["https:\/\/lethiguel.com\/fr\/materiel-entretien-thermoplongeur-clean-kit.html"]}]},{"@type":"BreadcrumbList","@id":"https:\/\/lethiguel.com\/fr\/materiel-entretien-thermoplongeur-clean-kit.html#breadcrumb","itemListElement":[{"@type":"ListItem","position":1,"name":"Accueil","item":"https:\/\/lethiguel.com\/fr\/"},{"@type":"ListItem","position":2,"name":"Mat\u00e9riel d&rsquo;entretien de thermoplongeur Clean Kit"}]},{"@type":"WebSite","@id":"https:\/\/lethiguel.com\/fr\/#website","url":"https:\/\/lethiguel.com\/fr\/","name":"Lethiguel Fran\u00e7ais","description":"Heating and cooling solutions","potentialAction":[{"@type":"SearchAction","target":{"@type":"EntryPoint","urlTemplate":"https:\/\/lethiguel.com\/fr\/?s={search_term_string}"},"query-input":{"@type":"PropertyValueSpecification","valueRequired":true,"valueName":"search_term_string"}}],"inLanguage":"fr-FR"}]}},"_links":{"self":[{"href":"https:\/\/lethiguel.com\/fr\/wp-json\/wp\/v2\/pages\/355","targetHints":{"allow":["GET"]}}],"collection":[{"href":"https:\/\/lethiguel.com\/fr\/wp-json\/wp\/v2\/pages"}],"about":[{"href":"https:\/\/lethiguel.com\/fr\/wp-json\/wp\/v2\/types\/page"}],"author":[{"embeddable":true,"href":"https:\/\/lethiguel.com\/fr\/wp-json\/wp\/v2\/users\/1"}],"replies":[{"embeddable":true,"href":"https:\/\/lethiguel.com\/fr\/wp-json\/wp\/v2\/comments?post=355"}],"version-history":[{"count":16,"href":"https:\/\/lethiguel.com\/fr\/wp-json\/wp\/v2\/pages\/355\/revisions"}],"predecessor-version":[{"id":2187,"href":"https:\/\/lethiguel.com\/fr\/wp-json\/wp\/v2\/pages\/355\/revisions\/2187"}],"wp:attachment":[{"href":"https:\/\/lethiguel.com\/fr\/wp-json\/wp\/v2\/media?parent=355"}],"curies":[{"name":"wp","href":"https:\/\/api.w.org\/{rel}","templated":true}]}}