{"id":361,"date":"2019-06-20T15:18:08","date_gmt":"2019-06-20T13:18:08","guid":{"rendered":"https:\/\/lethiguel.com\/fr\/?page_id=361"},"modified":"2025-05-30T14:13:44","modified_gmt":"2025-05-30T12:13:44","slug":"chariot-chauffant-four-fonderie","status":"publish","type":"page","link":"https:\/\/lethiguel.com\/fr\/chariot-chauffant-four-fonderie.html","title":{"rendered":"Chariot chauffant"},"content":{"rendered":"<section class=\"wpb-content-wrapper\"><p>[vc_row type=\u00a0\u00bbvc_default\u00a0\u00bb content_placement=\u00a0\u00bbmiddle\u00a0\u00bb el_class=\u00a0\u00bbbloc-article\u00a0\u00bb][vc_column width=\u00a0\u00bb1\/3&Prime; el_class=\u00a0\u00bbtexteblanc bloc-text-bloc-article\u00a0\u00bb][vc_column_text css=\u00a0\u00bb.vc_custom_1575641356900{padding-top: 20px !important;padding-right: 20px !important;padding-bottom: 20px !important;padding-left: 20px !important;background-color: #313131 !important;}\u00a0\u00bb]<\/p>\n<h3 class=\"avantages1\">Chariot chauffant pour four de fonderie<\/h3>\n<p>Le chariot chauffant est un p\u00e9riph\u00e9rique de four pour les thermoplongeurs, les thermocouples et les r\u00e9chauffeurs d&rsquo;air. Il est compatible avec les <a href=\"https:\/\/lethiguel.com\/fr\/thermal-power-heater.html\">syst\u00e8mes de r\u00e9chauffage Thermal Power Heater<\/a> et <a href=\"https:\/\/lethiguel.com\/fr\/quickcheck.html\">Quick Check<\/a>. Sa conception est pratique et faciliter la manipulation des appareils de chauffage en permettant aux op\u00e9rateurs et au personnel de maintenance de d\u00e9placer et d&rsquo;utiliser les appareils de chauffage autour de la fonderie.<\/p>\n<p><span class=\"fort\">R\u00e9f. DESTP-00<\/span>[\/vc_column_text][\/vc_column][vc_column width=\u00a0\u00bb2\/3&Prime; animation=\u00a0\u00bbfadeInRight\u00a0\u00bb el_class=\u00a0\u00bbbloc-img-bloc-article\u00a0\u00bb][vc_single_image image=\u00a0\u00bb1267&Prime; img_size=\u00a0\u00bbfull\u00a0\u00bb alignment=\u00a0\u00bbcenter\u00a0\u00bb css_animation=\u00a0\u00bbfadeIn\u00a0\u00bb][\/vc_column][\/vc_row][vc_row][vc_column][vc_btn title=\u00a0\u00bbContactez nous\u00a0\u00bb style=\u00a0\u00bbcustom\u00a0\u00bb custom_background=\u00a0\u00bb#cf302d\u00a0\u00bb custom_text=\u00a0\u00bb#ffffff\u00a0\u00bb size=\u00a0\u00bblg\u00a0\u00bb align=\u00a0\u00bbcenter\u00a0\u00bb link=\u00a0\u00bburl:https%3A%2F%2Flethiguel.com\/fr%2Fcontact.html|title:Contact||\u00a0\u00bb][\/vc_column][\/vc_row]<\/p>\n<\/section>","protected":false},"excerpt":{"rendered":"<p>[vc_row type=\u00a0\u00bbvc_default\u00a0\u00bb content_placement=\u00a0\u00bbmiddle\u00a0\u00bb el_class=\u00a0\u00bbbloc-article\u00a0\u00bb][vc_column width=\u00a0\u00bb1\/3&Prime; el_class=\u00a0\u00bbtexteblanc bloc-text-bloc-article\u00a0\u00bb][vc_column_text css=\u00a0\u00bb.vc_custom_1575641356900{padding-top: 20px !important;padding-right: 20px !important;padding-bottom: 20px !important;padding-left: 20px !important;background-color: #313131 !important;}\u00a0\u00bb] Chariot chauffant pour four de fonderie Le chariot chauffant est un p\u00e9riph\u00e9rique de four pour les thermoplongeurs, les thermocouples et les r\u00e9chauffeurs d&rsquo;air. Il est compatible avec les syst\u00e8mes de r\u00e9chauffage Thermal Power Heater et Quick Check.&hellip;<\/p>\n","protected":false},"author":1,"featured_media":0,"parent":0,"menu_order":0,"comment_status":"closed","ping_status":"closed","template":"","meta":{"footnotes":""},"class_list":["post-361","page","type-page","status-publish","hentry","description-off"],"yoast_head":"<!-- This site is optimized with the Yoast SEO plugin v27.4 - https:\/\/yoast.com\/product\/yoast-seo-wordpress\/ -->\n<title>Lethiguel<\/title>\n<meta name=\"description\" content=\"LETHIGUEL vous propose des chariots chauffants comme p\u00e9riph\u00e9rique de four de fonderie int\u00e9grant thermoplongeur, thermocouple ou r\u00e9chauffeur d&#039;air. Contactez-nous !\" \/>\n<meta name=\"robots\" content=\"index, follow, max-snippet:-1, max-image-preview:large, max-video-preview:-1\" \/>\n<link rel=\"canonical\" href=\"https:\/\/lethiguel.com\/fr\/chariot-chauffant-four-fonderie.html\" \/>\n<meta property=\"og:locale\" content=\"fr_FR\" \/>\n<meta property=\"og:type\" content=\"article\" \/>\n<meta property=\"og:title\" content=\"Lethiguel\" \/>\n<meta property=\"og:description\" content=\"LETHIGUEL vous propose des chariots chauffants comme p\u00e9riph\u00e9rique de four de fonderie int\u00e9grant thermoplongeur, thermocouple ou r\u00e9chauffeur d&#039;air. Contactez-nous !\" \/>\n<meta property=\"og:url\" content=\"https:\/\/lethiguel.com\/fr\/chariot-chauffant-four-fonderie.html\" \/>\n<meta property=\"og:site_name\" content=\"Lethiguel Fran\u00e7ais\" \/>\n<meta property=\"article:modified_time\" content=\"2025-05-30T12:13:44+00:00\" \/>\n<meta name=\"twitter:card\" content=\"summary_large_image\" \/>\n<meta name=\"twitter:label1\" content=\"Dur\u00e9e de lecture estim\u00e9e\" \/>\n\t<meta name=\"twitter:data1\" content=\"1 minute\" \/>\n<script type=\"application\/ld+json\" class=\"yoast-schema-graph\">{\"@context\":\"https:\\\/\\\/schema.org\",\"@graph\":[{\"@type\":\"WebPage\",\"@id\":\"https:\\\/\\\/lethiguel.com\\\/fr\\\/chariot-chauffant-four-fonderie.html\",\"url\":\"https:\\\/\\\/lethiguel.com\\\/fr\\\/chariot-chauffant-four-fonderie.html\",\"name\":\"Lethiguel\",\"isPartOf\":{\"@id\":\"https:\\\/\\\/lethiguel.com\\\/fr\\\/#website\"},\"datePublished\":\"2019-06-20T13:18:08+00:00\",\"dateModified\":\"2025-05-30T12:13:44+00:00\",\"description\":\"LETHIGUEL vous propose des chariots chauffants comme p\u00e9riph\u00e9rique de four de fonderie int\u00e9grant thermoplongeur, thermocouple ou r\u00e9chauffeur d'air. Contactez-nous !\",\"breadcrumb\":{\"@id\":\"https:\\\/\\\/lethiguel.com\\\/fr\\\/chariot-chauffant-four-fonderie.html#breadcrumb\"},\"inLanguage\":\"fr-FR\",\"potentialAction\":[{\"@type\":\"ReadAction\",\"target\":[\"https:\\\/\\\/lethiguel.com\\\/fr\\\/chariot-chauffant-four-fonderie.html\"]}]},{\"@type\":\"BreadcrumbList\",\"@id\":\"https:\\\/\\\/lethiguel.com\\\/fr\\\/chariot-chauffant-four-fonderie.html#breadcrumb\",\"itemListElement\":[{\"@type\":\"ListItem\",\"position\":1,\"name\":\"Accueil\",\"item\":\"https:\\\/\\\/lethiguel.com\\\/fr\\\/\"},{\"@type\":\"ListItem\",\"position\":2,\"name\":\"Chariot chauffant\"}]},{\"@type\":\"WebSite\",\"@id\":\"https:\\\/\\\/lethiguel.com\\\/fr\\\/#website\",\"url\":\"https:\\\/\\\/lethiguel.com\\\/fr\\\/\",\"name\":\"Lethiguel Fran\u00e7ais\",\"description\":\"Heating and cooling solutions\",\"potentialAction\":[{\"@type\":\"SearchAction\",\"target\":{\"@type\":\"EntryPoint\",\"urlTemplate\":\"https:\\\/\\\/lethiguel.com\\\/fr\\\/?s={search_term_string}\"},\"query-input\":{\"@type\":\"PropertyValueSpecification\",\"valueRequired\":true,\"valueName\":\"search_term_string\"}}],\"inLanguage\":\"fr-FR\"}]}<\/script>\n<!-- \/ Yoast SEO plugin. -->","yoast_head_json":{"title":"Lethiguel","description":"LETHIGUEL vous propose des chariots chauffants comme p\u00e9riph\u00e9rique de four de fonderie int\u00e9grant thermoplongeur, thermocouple ou r\u00e9chauffeur d'air. Contactez-nous !","robots":{"index":"index","follow":"follow","max-snippet":"max-snippet:-1","max-image-preview":"max-image-preview:large","max-video-preview":"max-video-preview:-1"},"canonical":"https:\/\/lethiguel.com\/fr\/chariot-chauffant-four-fonderie.html","og_locale":"fr_FR","og_type":"article","og_title":"Lethiguel","og_description":"LETHIGUEL vous propose des chariots chauffants comme p\u00e9riph\u00e9rique de four de fonderie int\u00e9grant thermoplongeur, thermocouple ou r\u00e9chauffeur d'air. Contactez-nous !","og_url":"https:\/\/lethiguel.com\/fr\/chariot-chauffant-four-fonderie.html","og_site_name":"Lethiguel Fran\u00e7ais","article_modified_time":"2025-05-30T12:13:44+00:00","twitter_card":"summary_large_image","twitter_misc":{"Dur\u00e9e de lecture estim\u00e9e":"1 minute"},"schema":{"@context":"https:\/\/schema.org","@graph":[{"@type":"WebPage","@id":"https:\/\/lethiguel.com\/fr\/chariot-chauffant-four-fonderie.html","url":"https:\/\/lethiguel.com\/fr\/chariot-chauffant-four-fonderie.html","name":"Lethiguel","isPartOf":{"@id":"https:\/\/lethiguel.com\/fr\/#website"},"datePublished":"2019-06-20T13:18:08+00:00","dateModified":"2025-05-30T12:13:44+00:00","description":"LETHIGUEL vous propose des chariots chauffants comme p\u00e9riph\u00e9rique de four de fonderie int\u00e9grant thermoplongeur, thermocouple ou r\u00e9chauffeur d'air. Contactez-nous !","breadcrumb":{"@id":"https:\/\/lethiguel.com\/fr\/chariot-chauffant-four-fonderie.html#breadcrumb"},"inLanguage":"fr-FR","potentialAction":[{"@type":"ReadAction","target":["https:\/\/lethiguel.com\/fr\/chariot-chauffant-four-fonderie.html"]}]},{"@type":"BreadcrumbList","@id":"https:\/\/lethiguel.com\/fr\/chariot-chauffant-four-fonderie.html#breadcrumb","itemListElement":[{"@type":"ListItem","position":1,"name":"Accueil","item":"https:\/\/lethiguel.com\/fr\/"},{"@type":"ListItem","position":2,"name":"Chariot chauffant"}]},{"@type":"WebSite","@id":"https:\/\/lethiguel.com\/fr\/#website","url":"https:\/\/lethiguel.com\/fr\/","name":"Lethiguel Fran\u00e7ais","description":"Heating and cooling solutions","potentialAction":[{"@type":"SearchAction","target":{"@type":"EntryPoint","urlTemplate":"https:\/\/lethiguel.com\/fr\/?s={search_term_string}"},"query-input":{"@type":"PropertyValueSpecification","valueRequired":true,"valueName":"search_term_string"}}],"inLanguage":"fr-FR"}]}},"_links":{"self":[{"href":"https:\/\/lethiguel.com\/fr\/wp-json\/wp\/v2\/pages\/361","targetHints":{"allow":["GET"]}}],"collection":[{"href":"https:\/\/lethiguel.com\/fr\/wp-json\/wp\/v2\/pages"}],"about":[{"href":"https:\/\/lethiguel.com\/fr\/wp-json\/wp\/v2\/types\/page"}],"author":[{"embeddable":true,"href":"https:\/\/lethiguel.com\/fr\/wp-json\/wp\/v2\/users\/1"}],"replies":[{"embeddable":true,"href":"https:\/\/lethiguel.com\/fr\/wp-json\/wp\/v2\/comments?post=361"}],"version-history":[{"count":16,"href":"https:\/\/lethiguel.com\/fr\/wp-json\/wp\/v2\/pages\/361\/revisions"}],"predecessor-version":[{"id":2183,"href":"https:\/\/lethiguel.com\/fr\/wp-json\/wp\/v2\/pages\/361\/revisions\/2183"}],"wp:attachment":[{"href":"https:\/\/lethiguel.com\/fr\/wp-json\/wp\/v2\/media?parent=361"}],"curies":[{"name":"wp","href":"https:\/\/api.w.org\/{rel}","templated":true}]}}