{"id":376,"date":"2019-06-20T15:58:43","date_gmt":"2019-06-20T13:58:43","guid":{"rendered":"https:\/\/lethiguel.com\/fr\/?page_id=376"},"modified":"2021-02-09T10:56:27","modified_gmt":"2021-02-09T09:56:27","slug":"ceral","status":"publish","type":"page","link":"https:\/\/lethiguel.com\/fr\/ceral.html","title":{"rendered":"Tube de protection Ceral"},"content":{"rendered":"<section class=\"wpb-content-wrapper\"><p>[vc_row type=\u00a0\u00bbvc_default\u00a0\u00bb content_placement=\u00a0\u00bbmiddle\u00a0\u00bb el_class=\u00a0\u00bbbloc-article\u00a0\u00bb][vc_column width=\u00a0\u00bb1\/3&Prime; el_class=\u00a0\u00bbtexteblanc bloc-text-bloc-article\u00a0\u00bb][vc_column_text css=\u00a0\u00bb.vc_custom_1575536471930{padding-top: 20px !important;padding-right: 20px !important;padding-bottom: 20px !important;padding-left: 20px !important;background-color: #313131 !important;}\u00a0\u00bb]<span class=\"avantages1\">Instructions d&rsquo;utilisation appropri\u00e9es des tubes de protection Ceral :<\/span><\/p>\n<ul>\n<li>Stocker \u00e0 l&rsquo;abri de l&rsquo;humidit\u00e9 avant utilisation<\/li>\n<li>Pr\u00e9chauffer avant de chauffer le four froid<\/li>\n<li>Chauffer\/refroidir progressivement le mat\u00e9riau &#8211; \u00e9viter un refroidissement et un \u00e9chauffement brusques.<\/li>\n<li>Manipuler avec pr\u00e9caution<\/li>\n<li>A entretenir r\u00e9guli\u00e8rement afin d&rsquo;en prolonger la dur\u00e9e de vie.<\/li>\n<\/ul>\n<p>[\/vc_column_text][vc_column_text css=\u00a0\u00bb.vc_custom_1572257179614{margin-top: -40px !important;padding-top: 20px !important;padding-right: 20px !important;padding-bottom: 20px !important;padding-left: 20px !important;background-color: #cf302d !important;}\u00a0\u00bb]<strong>Ceral offre toute une gamme de technologies et de conceptions sur demande sp\u00e9cifique, et fournit des instructions d&rsquo;utilisation pertinentes.<\/strong>[\/vc_column_text][\/vc_column][vc_column width=\u00a0\u00bb2\/3&Prime; animation=\u00a0\u00bbfadeInRight\u00a0\u00bb el_class=\u00a0\u00bbbloc-img-bloc-article\u00a0\u00bb][vc_single_image image=\u00a0\u00bb572&Prime; img_size=\u00a0\u00bbfull\u00a0\u00bb alignment=\u00a0\u00bbcenter\u00a0\u00bb][\/vc_column][\/vc_row][vc_row animation=\u00a0\u00bbfadeInLeft\u00a0\u00bb][vc_column][vc_column_text]<\/p>\n<h3>Tube de protection<\/h3>\n<p>[\/vc_column_text][\/vc_column][vc_column width=\u00a0\u00bb1\/3&Prime;][vc_single_image image=\u00a0\u00bb1570&Prime; img_size=\u00a0\u00bbmedium\u00a0\u00bb alignment=\u00a0\u00bbcenter\u00a0\u00bb css=\u00a0\u00bb.vc_custom_1580391627982{margin-top: 80px !important;}\u00a0\u00bb][\/vc_column][vc_column width=\u00a0\u00bb1\/3&Prime;][vc_column_text]<\/p>\n<p style=\"text-align: center;\">Applications principale<\/p>\n<p>[\/vc_column_text][vc_separator el_width=\u00a0\u00bb70&Prime; css=\u00a0\u00bb.vc_custom_1580391413770{margin-top: -20px !important;}\u00a0\u00bb][vc_empty_space][\/vc_column][vc_column width=\u00a0\u00bb1\/3&Prime;][vc_row_inner css=\u00a0\u00bb.vc_custom_1580391599459{margin-top: 90px !important;margin-left: 40px !important;}\u00a0\u00bb][vc_column_inner][vc_column_text]La c\u00e9ramique en nitrure de silicium CERAL a la meilleure conductivit\u00e9 thermique lorsqu&rsquo;elle est utilis\u00e9e pour des applications de fusion d&rsquo;aluminium. M\u00eame s&rsquo;il peut y avoir une diff\u00e9rence de temp\u00e9rature entre le tube et le bain d&rsquo;aluminium dans certains environnements difficiles, le tube de protection fonctionnera parfaitement. En ce qui concerne sa dur\u00e9e de vie, il peut \u00eatre utilis\u00e9 pendant de nombreuses ann\u00e9es dans un environnement de fonctionnement correct et un entretien r\u00e9gulier.[\/vc_column_text][\/vc_column_inner][\/vc_row_inner][\/vc_column][\/vc_row][vc_row animation=\u00a0\u00bbfadeInRight\u00a0\u00bb][vc_column][vc_column_text]<\/p>\n<h3>Tige pour moulage basse pression<\/h3>\n<p>[\/vc_column_text][\/vc_column][vc_column width=\u00a0\u00bb1\/3&Prime;][vc_single_image image=\u00a0\u00bb1570&Prime; img_size=\u00a0\u00bbmedium\u00a0\u00bb alignment=\u00a0\u00bbcenter\u00a0\u00bb css=\u00a0\u00bb.vc_custom_1580391627982{margin-top: 80px !important;}\u00a0\u00bb][\/vc_column][vc_column width=\u00a0\u00bb1\/3&Prime;][vc_column_text]<\/p>\n<p style=\"text-align: center;\">Applications principale<\/p>\n<p>[\/vc_column_text][vc_separator el_width=\u00a0\u00bb70&Prime; css=\u00a0\u00bb.vc_custom_1580391413770{margin-top: -20px !important;}\u00a0\u00bb][vc_empty_space][\/vc_column][vc_column width=\u00a0\u00bb1\/3&Prime;][vc_row_inner css=\u00a0\u00bb.vc_custom_1580391599459{margin-top: 90px !important;margin-left: 40px !important;}\u00a0\u00bb][vc_column_inner][vc_column_text]La tige en c\u00e9ramique en nitrure de silicium CERAL a une excellente r\u00e9sistance \u00e0 la corrosion pour les applications LPDC. Il a des propri\u00e9t\u00e9s de r\u00e9tention de chaleur remarquables, de sorte que la perte de chaleur est r\u00e9duite au minimum.<\/p>\n<p>La tige peut \u00eatre utilis\u00e9e pendant de nombreuses ann\u00e9es si elle est entretenue r\u00e9guli\u00e8rement.[\/vc_column_text][\/vc_column_inner][\/vc_row_inner][\/vc_column][\/vc_row][vc_row animation=\u00a0\u00bbfadeInLeft\u00a0\u00bb][vc_column][vc_column_text]<\/p>\n<h3>Tuyau d&rsquo;arr\u00eat<\/h3>\n<p>[\/vc_column_text][\/vc_column][vc_column width=\u00a0\u00bb1\/3&Prime;][vc_single_image image=\u00a0\u00bb1574&Prime; img_size=\u00a0\u00bbmedium\u00a0\u00bb alignment=\u00a0\u00bbcenter\u00a0\u00bb css=\u00a0\u00bb.vc_custom_1580392337317{margin-top: 80px !important;}\u00a0\u00bb][\/vc_column][vc_column width=\u00a0\u00bb1\/3&Prime;][vc_column_text]<\/p>\n<p style=\"text-align: center;\">Applications principale<\/p>\n<p>[\/vc_column_text][vc_separator el_width=\u00a0\u00bb70&Prime; css=\u00a0\u00bb.vc_custom_1580391413770{margin-top: -20px !important;}\u00a0\u00bb][vc_empty_space][vc_single_image image=\u00a0\u00bb1573&Prime; img_size=\u00a0\u00bbmedium\u00a0\u00bb alignment=\u00a0\u00bbcenter\u00a0\u00bb][\/vc_column][vc_column width=\u00a0\u00bb1\/3&Prime;][vc_row_inner css=\u00a0\u00bb.vc_custom_1580393119714{margin-left: 40px !important;}\u00a0\u00bb][vc_column_inner][vc_column_text css=\u00a0\u00bb.vc_custom_1580482607802{margin-top: 20px !important;}\u00a0\u00bb]La c\u00e9ramique en nitrure de silicium CERAL a une densit\u00e9 \u00e9lev\u00e9e et une r\u00e9sistance \u00e0 l&rsquo;abrasion; c&rsquo;est le mat\u00e9riau le plus appropri\u00e9 pour le moulage basse pression.<\/p>\n<p>Le tuyau d&rsquo;arr\u00eat a les propri\u00e9t\u00e9s les plus favorables: t\u00e9nacit\u00e9, non mouillage avec une excellente pr\u00e9cision de conception.<\/p>\n<p>Le tuyau d&rsquo;arr\u00eat peut \u00eatre utilis\u00e9 pendant de nombreuses ann\u00e9es s&rsquo;il est entretenu r\u00e9guli\u00e8rement.<\/p>\n<p>La propri\u00e9t\u00e9 non mouillante est tr\u00e8s importante lorsqu&rsquo;elle est utilis\u00e9e dans des applications de moulage basse pression.[\/vc_column_text][\/vc_column_inner][\/vc_row_inner][\/vc_column][\/vc_row][vc_row animation=\u00a0\u00bbfadeInRight\u00a0\u00bb][vc_column][vc_column_text]<\/p>\n<h3>Tuyau de d\u00e9gazage et rotor<\/h3>\n<p>[\/vc_column_text][\/vc_column][vc_column width=\u00a0\u00bb1\/3&Prime; css=\u00a0\u00bb.vc_custom_1580393155707{margin-top: 80px !important;}\u00a0\u00bb][\/vc_column][vc_column width=\u00a0\u00bb1\/3&Prime;][vc_column_text]<\/p>\n<p style=\"text-align: center;\">Applications principale<\/p>\n<p>[\/vc_column_text][vc_separator el_width=\u00a0\u00bb70&Prime; css=\u00a0\u00bb.vc_custom_1580391413770{margin-top: -20px !important;}\u00a0\u00bb][vc_empty_space][vc_single_image image=\u00a0\u00bb1577&Prime; img_size=\u00a0\u00bbmedium\u00a0\u00bb alignment=\u00a0\u00bbcenter\u00a0\u00bb][\/vc_column][vc_column width=\u00a0\u00bb1\/3&Prime;][vc_row_inner css=\u00a0\u00bb.vc_custom_1580393354606{margin-top: 20px !important;margin-left: 40px !important;}\u00a0\u00bb][vc_column_inner][vc_column_text]La c\u00e9ramique en nitrure de silicium CERAL a une densit\u00e9 \u00e9lev\u00e9e et une r\u00e9sistance \u00e0 l&rsquo;abrasion, c&rsquo;est le mat\u00e9riau le plus appropri\u00e9 utilis\u00e9 pour les tubes de d\u00e9gazage et l&rsquo;arbre du rotor.<\/p>\n<p>L&rsquo;arbre du rotor en nitrure de silicium CERAL pr\u00e9sente une r\u00e9sistance exceptionnelle \u00e0 la corrosion et \u00e0 l&rsquo;oxydation par rapport aux autres produits. Il assure une efficacit\u00e9 \u00e9lev\u00e9e d&rsquo;\u00e9limination de l&rsquo;hydrog\u00e8ne.<\/p>\n<p>L&rsquo;arbre du rotor peut \u00eatre utilis\u00e9 pendant de nombreuses ann\u00e9es s&rsquo;il est entretenu r\u00e9guli\u00e8rement.<\/p>\n<p>&nbsp;<\/p>\n<p><strong>L&rsquo;efficacit\u00e9 du d\u00e9gazage varie en fonction de la forme du rotor et d&rsquo;autres conditions.<\/strong><\/p>\n<p><strong>Nous vendons le rotor le plus appropri\u00e9 en fonction de son environnement.<\/strong>[\/vc_column_text][\/vc_column_inner][\/vc_row_inner][\/vc_column][\/vc_row][vc_row][vc_column][vc_btn title=\u00a0\u00bbContactez nous\u00a0\u00bb style=\u00a0\u00bbcustom\u00a0\u00bb custom_background=\u00a0\u00bb#cf302d\u00a0\u00bb custom_text=\u00a0\u00bb#ffffff\u00a0\u00bb size=\u00a0\u00bblg\u00a0\u00bb align=\u00a0\u00bbcenter\u00a0\u00bb link=\u00a0\u00bburl:https%3A%2F%2Flethiguel.com\/fr%2Fcontact.html|title:Contact||\u00a0\u00bb][\/vc_column][\/vc_row]<\/p>\n<\/section>","protected":false},"excerpt":{"rendered":"<p>[vc_row type=\u00a0\u00bbvc_default\u00a0\u00bb content_placement=\u00a0\u00bbmiddle\u00a0\u00bb el_class=\u00a0\u00bbbloc-article\u00a0\u00bb][vc_column width=\u00a0\u00bb1\/3&Prime; el_class=\u00a0\u00bbtexteblanc bloc-text-bloc-article\u00a0\u00bb][vc_column_text css=\u00a0\u00bb.vc_custom_1575536471930{padding-top: 20px !important;padding-right: 20px !important;padding-bottom: 20px !important;padding-left: 20px !important;background-color: #313131 !important;}\u00a0\u00bb]Instructions d&rsquo;utilisation appropri\u00e9es des tubes de protection Ceral : Stocker \u00e0 l&rsquo;abri de l&rsquo;humidit\u00e9 avant utilisation Pr\u00e9chauffer avant de chauffer le four froid Chauffer\/refroidir progressivement le mat\u00e9riau &#8211; \u00e9viter un refroidissement et un \u00e9chauffement brusques. Manipuler avec pr\u00e9caution&hellip;<\/p>\n","protected":false},"author":1,"featured_media":0,"parent":0,"menu_order":0,"comment_status":"closed","ping_status":"closed","template":"","meta":{"footnotes":""},"class_list":["post-376","page","type-page","status-publish","hentry","description-off"],"yoast_head":"<!-- This site is optimized with the Yoast SEO plugin v27.4 - https:\/\/yoast.com\/product\/yoast-seo-wordpress\/ -->\n<title>Lethiguel<\/title>\n<meta name=\"description\" content=\"LETHIGUEL fournit des tubes de protection pour vos appareils de chauffage de m\u00e9tal dans des applications de fonderie. Contactez-nous pour des d\u00e9tails.\" \/>\n<meta name=\"robots\" content=\"index, follow, max-snippet:-1, max-image-preview:large, max-video-preview:-1\" \/>\n<link rel=\"canonical\" href=\"https:\/\/lethiguel.com\/fr\/ceral.html\" \/>\n<meta property=\"og:locale\" content=\"fr_FR\" \/>\n<meta property=\"og:type\" content=\"article\" \/>\n<meta property=\"og:title\" content=\"Lethiguel\" \/>\n<meta property=\"og:description\" content=\"LETHIGUEL fournit des tubes de protection pour vos appareils de chauffage de m\u00e9tal dans des applications de fonderie. Contactez-nous pour des d\u00e9tails.\" \/>\n<meta property=\"og:url\" content=\"https:\/\/lethiguel.com\/fr\/ceral.html\" \/>\n<meta property=\"og:site_name\" content=\"Lethiguel Fran\u00e7ais\" \/>\n<meta property=\"article:modified_time\" content=\"2021-02-09T09:56:27+00:00\" \/>\n<meta name=\"twitter:card\" content=\"summary_large_image\" \/>\n<meta name=\"twitter:label1\" content=\"Dur\u00e9e de lecture estim\u00e9e\" \/>\n\t<meta name=\"twitter:data1\" content=\"5 minutes\" \/>\n<script type=\"application\/ld+json\" class=\"yoast-schema-graph\">{\"@context\":\"https:\\\/\\\/schema.org\",\"@graph\":[{\"@type\":\"WebPage\",\"@id\":\"https:\\\/\\\/lethiguel.com\\\/fr\\\/ceral.html\",\"url\":\"https:\\\/\\\/lethiguel.com\\\/fr\\\/ceral.html\",\"name\":\"Lethiguel\",\"isPartOf\":{\"@id\":\"https:\\\/\\\/lethiguel.com\\\/fr\\\/#website\"},\"datePublished\":\"2019-06-20T13:58:43+00:00\",\"dateModified\":\"2021-02-09T09:56:27+00:00\",\"description\":\"LETHIGUEL fournit des tubes de protection pour vos appareils de chauffage de m\u00e9tal dans des applications de fonderie. Contactez-nous pour des d\u00e9tails.\",\"breadcrumb\":{\"@id\":\"https:\\\/\\\/lethiguel.com\\\/fr\\\/ceral.html#breadcrumb\"},\"inLanguage\":\"fr-FR\",\"potentialAction\":[{\"@type\":\"ReadAction\",\"target\":[\"https:\\\/\\\/lethiguel.com\\\/fr\\\/ceral.html\"]}]},{\"@type\":\"BreadcrumbList\",\"@id\":\"https:\\\/\\\/lethiguel.com\\\/fr\\\/ceral.html#breadcrumb\",\"itemListElement\":[{\"@type\":\"ListItem\",\"position\":1,\"name\":\"Accueil\",\"item\":\"https:\\\/\\\/lethiguel.com\\\/fr\\\/\"},{\"@type\":\"ListItem\",\"position\":2,\"name\":\"Tube de protection Ceral\"}]},{\"@type\":\"WebSite\",\"@id\":\"https:\\\/\\\/lethiguel.com\\\/fr\\\/#website\",\"url\":\"https:\\\/\\\/lethiguel.com\\\/fr\\\/\",\"name\":\"Lethiguel Fran\u00e7ais\",\"description\":\"Heating and cooling solutions\",\"potentialAction\":[{\"@type\":\"SearchAction\",\"target\":{\"@type\":\"EntryPoint\",\"urlTemplate\":\"https:\\\/\\\/lethiguel.com\\\/fr\\\/?s={search_term_string}\"},\"query-input\":{\"@type\":\"PropertyValueSpecification\",\"valueRequired\":true,\"valueName\":\"search_term_string\"}}],\"inLanguage\":\"fr-FR\"}]}<\/script>\n<!-- \/ Yoast SEO plugin. -->","yoast_head_json":{"title":"Lethiguel","description":"LETHIGUEL fournit des tubes de protection pour vos appareils de chauffage de m\u00e9tal dans des applications de fonderie. Contactez-nous pour des d\u00e9tails.","robots":{"index":"index","follow":"follow","max-snippet":"max-snippet:-1","max-image-preview":"max-image-preview:large","max-video-preview":"max-video-preview:-1"},"canonical":"https:\/\/lethiguel.com\/fr\/ceral.html","og_locale":"fr_FR","og_type":"article","og_title":"Lethiguel","og_description":"LETHIGUEL fournit des tubes de protection pour vos appareils de chauffage de m\u00e9tal dans des applications de fonderie. Contactez-nous pour des d\u00e9tails.","og_url":"https:\/\/lethiguel.com\/fr\/ceral.html","og_site_name":"Lethiguel Fran\u00e7ais","article_modified_time":"2021-02-09T09:56:27+00:00","twitter_card":"summary_large_image","twitter_misc":{"Dur\u00e9e de lecture estim\u00e9e":"5 minutes"},"schema":{"@context":"https:\/\/schema.org","@graph":[{"@type":"WebPage","@id":"https:\/\/lethiguel.com\/fr\/ceral.html","url":"https:\/\/lethiguel.com\/fr\/ceral.html","name":"Lethiguel","isPartOf":{"@id":"https:\/\/lethiguel.com\/fr\/#website"},"datePublished":"2019-06-20T13:58:43+00:00","dateModified":"2021-02-09T09:56:27+00:00","description":"LETHIGUEL fournit des tubes de protection pour vos appareils de chauffage de m\u00e9tal dans des applications de fonderie. Contactez-nous pour des d\u00e9tails.","breadcrumb":{"@id":"https:\/\/lethiguel.com\/fr\/ceral.html#breadcrumb"},"inLanguage":"fr-FR","potentialAction":[{"@type":"ReadAction","target":["https:\/\/lethiguel.com\/fr\/ceral.html"]}]},{"@type":"BreadcrumbList","@id":"https:\/\/lethiguel.com\/fr\/ceral.html#breadcrumb","itemListElement":[{"@type":"ListItem","position":1,"name":"Accueil","item":"https:\/\/lethiguel.com\/fr\/"},{"@type":"ListItem","position":2,"name":"Tube de protection Ceral"}]},{"@type":"WebSite","@id":"https:\/\/lethiguel.com\/fr\/#website","url":"https:\/\/lethiguel.com\/fr\/","name":"Lethiguel Fran\u00e7ais","description":"Heating and cooling solutions","potentialAction":[{"@type":"SearchAction","target":{"@type":"EntryPoint","urlTemplate":"https:\/\/lethiguel.com\/fr\/?s={search_term_string}"},"query-input":{"@type":"PropertyValueSpecification","valueRequired":true,"valueName":"search_term_string"}}],"inLanguage":"fr-FR"}]}},"_links":{"self":[{"href":"https:\/\/lethiguel.com\/fr\/wp-json\/wp\/v2\/pages\/376","targetHints":{"allow":["GET"]}}],"collection":[{"href":"https:\/\/lethiguel.com\/fr\/wp-json\/wp\/v2\/pages"}],"about":[{"href":"https:\/\/lethiguel.com\/fr\/wp-json\/wp\/v2\/types\/page"}],"author":[{"embeddable":true,"href":"https:\/\/lethiguel.com\/fr\/wp-json\/wp\/v2\/users\/1"}],"replies":[{"embeddable":true,"href":"https:\/\/lethiguel.com\/fr\/wp-json\/wp\/v2\/comments?post=376"}],"version-history":[{"count":17,"href":"https:\/\/lethiguel.com\/fr\/wp-json\/wp\/v2\/pages\/376\/revisions"}],"predecessor-version":[{"id":1785,"href":"https:\/\/lethiguel.com\/fr\/wp-json\/wp\/v2\/pages\/376\/revisions\/1785"}],"wp:attachment":[{"href":"https:\/\/lethiguel.com\/fr\/wp-json\/wp\/v2\/media?parent=376"}],"curies":[{"name":"wp","href":"https:\/\/api.w.org\/{rel}","templated":true}]}}