{"id":518,"date":"2019-06-24T17:41:26","date_gmt":"2019-06-24T15:41:26","guid":{"rendered":"https:\/\/lethiguel.com\/fr\/?page_id=518"},"modified":"2019-12-20T10:55:20","modified_gmt":"2019-12-20T09:55:20","slug":"mentions-legales","status":"publish","type":"page","link":"https:\/\/lethiguel.com\/fr\/mentions-legales.html","title":{"rendered":"Mentions l\u00e9gales"},"content":{"rendered":"<h1>EDITEUR DU SITE<\/h1>\n<p>Le site www.lethiguel.com est la propri\u00e9t\u00e9 de la soci\u00e9t\u00e9 LETHIGUEL, SAS au capital de 38 186\u20ac.<br \/>\nN\u00b0 d&rsquo;identification :\u00a0 305 418 832 RCS LYON<br \/>\nSIRET : 305 418 832 00054<br \/>\nCapital social : 38 196 \u20ac<br \/>\nSi\u00e8ge social : 14 rue du Parc d&rsquo;Activit\u00e9s &#8211; 69210 LENTILLY, FRANCE<br \/>\nN\u00b0 de t\u00e9l\u00e9phone : 04 78 34 86 24<br \/>\nN\u00b0 de TVA : FR37305418832<br \/>\nCode APE : Fabrication d&rsquo;Appareils Electrom\u00e9nagers (251Z)<\/p>\n<p>Le directeur de la publication est Michel LEVACHER, Pr\u00e9sident de LETHIGUEL SAS.<\/p>\n<p>&nbsp;<\/p>\n<h2>CONTACT<\/h2>\n<p>LETHIGUEL<\/p>\n<p>14 rue du Parc d&rsquo;Activit\u00e9s<br \/>\n69210 LENTILLY<br \/>\nFRANCE<\/p>\n<p>&nbsp;<\/p>\n<h2>H\u00c9BERGEMENT DU SITE<\/h2>\n<p>Soci\u00e9t\u00e9 : OVH<br \/>\nAdresse: 2 Rue Kellermann \u2013 59100 Roubaix<\/p>\n<p>&nbsp;<\/p>\n<h2>CONCEPTION DU SITE<\/h2>\n<p>Soci\u00e9t\u00e9 : <a title=\"D2b Consulting\" href=\"http:\/\/www.d2bconsulting.fr\/\" target=\"_blank\" rel=\"noopener nofollow noreferrer\">D2b Consulting, conseil en strat\u00e9gie commerciale et strat\u00e9gie digitale<\/a><br \/>\nAdresse : 3, rue Gattefoss\u00e9 \u2013 69800 Saint Priest &#8211; France.<\/p>\n<p>&nbsp;<\/p>\n<h2>DISPOSITIONS L\u00c9GALES<\/h2>\n<h3>Confidentialit\u00e9 et protection des donn\u00e9es personnelles :<\/h3>\n<p>LETHIGUEL n&rsquo;enregistre pas d&rsquo;informations personnelles permettant l&rsquo;identification, \u00e0 l&rsquo;exception des formulaires que l&rsquo;utilisateur est libre de remplir. Ces informations ne seront pas utilis\u00e9es sans votre accord, nous les utiliserons seulement pour vous adresser des courriers, des brochures, des devis ou vous contacter.<\/p>\n<p>Les informations recueillies sur les sites b\u00e9n\u00e9ficient de la protection de la loi \u00ab\u00a0Informatique et Libert\u00e9s\u00a0\u00bb n\u00b0 78-17 du 06 janvier 1978. Elles b\u00e9n\u00e9ficient d&rsquo;un droit d&rsquo;acc\u00e8s, de rectification, d&rsquo;opposition \u00e0 communication et de suppression sur simple demande \u00e0 LETHIGUEL, 14 rue du Parc d&rsquo;Activit\u00e9s &#8211; 69210 LENTILLY, FRANCE.<\/p>\n<p>LETHIGUEL pourra proc\u00e9der \u00e0 des analyses statistiques sans que celles-ci soient nominatives et pourra en informer des tiers (organismes d&rsquo;\u00e9valuation de fr\u00e9quentation) sous une forme r\u00e9sum\u00e9e et non nominative.<\/p>\n<div class=\"entry-content\">\n<h2>Cookies :<\/h2>\n<p>Le traitement des commandes n\u00e9cessite l\u2019utilisation de cookies. Des donn\u00e9es non personnelles sont enregistr\u00e9es par ce syst\u00e8me de cookies (fichiers texte utilis\u00e9s pour reconna\u00eetre les utilisateurs et simplifier leur navigation sur le site). Les cookies n\u2019ont aucune pertinence en dehors de leur utilisation sur le site Web <a href=\"http:\/\/www.lethiguel.com\/\">www.lethiguel.com<\/a>.<\/p>\n<\/div>\n<h3>Liens hypertexte :<\/h3>\n<p>LETHIGUEL ne contr\u00f4le pas les sites en connexion avec le sien, et ne saurait donc \u00eatre responsable de leur contenu. Les risques li\u00e9s \u00e0 l&rsquo;utilisation de ces sites incombent pleinement \u00e0 l&rsquo;utilisateur. Il se conformera \u00e0 leurs conditions d&rsquo;utilisation.<\/p>\n<p>&nbsp;<\/p>\n<h2>COPYRIGHT<\/h2>\n<p>Tous droits de reproduction et de diffusion r\u00e9serv\u00e9s. \u00a9 LETHIGUEL.<\/p>\n","protected":false},"excerpt":{"rendered":"<p>EDITEUR DU SITE Le site www.lethiguel.com est la propri\u00e9t\u00e9 de la soci\u00e9t\u00e9 LETHIGUEL, SAS au capital de 38 186\u20ac. N\u00b0 d&rsquo;identification :\u00a0 305 418 832 RCS LYON SIRET : 305 418 832 00054 Capital social : 38 196 \u20ac Si\u00e8ge social : 14 rue du Parc d&rsquo;Activit\u00e9s &#8211; 69210 LENTILLY, FRANCE N\u00b0 de t\u00e9l\u00e9phone :&hellip;<\/p>\n","protected":false},"author":1,"featured_media":0,"parent":0,"menu_order":0,"comment_status":"closed","ping_status":"closed","template":"","meta":{"footnotes":""},"class_list":["post-518","page","type-page","status-publish","hentry","description-off"],"yoast_head":"<!-- This site is optimized with the Yoast SEO plugin v27.4 - https:\/\/yoast.com\/product\/yoast-seo-wordpress\/ -->\n<title>Lethiguel<\/title>\n<meta name=\"description\" content=\"Consultez les mentions l\u00e9gales du site internet de LETHIGUEL, fabricant de solutions de chauffage et de refroidissement pour fonderie et coul\u00e9e sous vide.\" \/>\n<meta name=\"robots\" content=\"index, follow, max-snippet:-1, max-image-preview:large, max-video-preview:-1\" \/>\n<link rel=\"canonical\" href=\"https:\/\/lethiguel.com\/fr\/mentions-legales.html\" \/>\n<meta property=\"og:locale\" content=\"fr_FR\" \/>\n<meta property=\"og:type\" content=\"article\" \/>\n<meta property=\"og:title\" content=\"Lethiguel\" \/>\n<meta property=\"og:description\" content=\"Consultez les mentions l\u00e9gales du site internet de LETHIGUEL, fabricant de solutions de chauffage et de refroidissement pour fonderie et coul\u00e9e sous vide.\" \/>\n<meta property=\"og:url\" content=\"https:\/\/lethiguel.com\/fr\/mentions-legales.html\" \/>\n<meta property=\"og:site_name\" content=\"Lethiguel Fran\u00e7ais\" \/>\n<meta property=\"article:modified_time\" content=\"2019-12-20T09:55:20+00:00\" \/>\n<meta name=\"twitter:card\" content=\"summary_large_image\" \/>\n<meta name=\"twitter:label1\" content=\"Dur\u00e9e de lecture estim\u00e9e\" \/>\n\t<meta name=\"twitter:data1\" content=\"2 minutes\" \/>\n<script type=\"application\/ld+json\" class=\"yoast-schema-graph\">{\"@context\":\"https:\\\/\\\/schema.org\",\"@graph\":[{\"@type\":\"WebPage\",\"@id\":\"https:\\\/\\\/lethiguel.com\\\/fr\\\/mentions-legales.html\",\"url\":\"https:\\\/\\\/lethiguel.com\\\/fr\\\/mentions-legales.html\",\"name\":\"Lethiguel\",\"isPartOf\":{\"@id\":\"https:\\\/\\\/lethiguel.com\\\/fr\\\/#website\"},\"datePublished\":\"2019-06-24T15:41:26+00:00\",\"dateModified\":\"2019-12-20T09:55:20+00:00\",\"description\":\"Consultez les mentions l\u00e9gales du site internet de LETHIGUEL, fabricant de solutions de chauffage et de refroidissement pour fonderie et coul\u00e9e sous vide.\",\"breadcrumb\":{\"@id\":\"https:\\\/\\\/lethiguel.com\\\/fr\\\/mentions-legales.html#breadcrumb\"},\"inLanguage\":\"fr-FR\",\"potentialAction\":[{\"@type\":\"ReadAction\",\"target\":[\"https:\\\/\\\/lethiguel.com\\\/fr\\\/mentions-legales.html\"]}]},{\"@type\":\"BreadcrumbList\",\"@id\":\"https:\\\/\\\/lethiguel.com\\\/fr\\\/mentions-legales.html#breadcrumb\",\"itemListElement\":[{\"@type\":\"ListItem\",\"position\":1,\"name\":\"Accueil\",\"item\":\"https:\\\/\\\/lethiguel.com\\\/fr\\\/\"},{\"@type\":\"ListItem\",\"position\":2,\"name\":\"Mentions l\u00e9gales\"}]},{\"@type\":\"WebSite\",\"@id\":\"https:\\\/\\\/lethiguel.com\\\/fr\\\/#website\",\"url\":\"https:\\\/\\\/lethiguel.com\\\/fr\\\/\",\"name\":\"Lethiguel Fran\u00e7ais\",\"description\":\"Heating and cooling solutions\",\"potentialAction\":[{\"@type\":\"SearchAction\",\"target\":{\"@type\":\"EntryPoint\",\"urlTemplate\":\"https:\\\/\\\/lethiguel.com\\\/fr\\\/?s={search_term_string}\"},\"query-input\":{\"@type\":\"PropertyValueSpecification\",\"valueRequired\":true,\"valueName\":\"search_term_string\"}}],\"inLanguage\":\"fr-FR\"}]}<\/script>\n<!-- \/ Yoast SEO plugin. -->","yoast_head_json":{"title":"Lethiguel","description":"Consultez les mentions l\u00e9gales du site internet de LETHIGUEL, fabricant de solutions de chauffage et de refroidissement pour fonderie et coul\u00e9e sous vide.","robots":{"index":"index","follow":"follow","max-snippet":"max-snippet:-1","max-image-preview":"max-image-preview:large","max-video-preview":"max-video-preview:-1"},"canonical":"https:\/\/lethiguel.com\/fr\/mentions-legales.html","og_locale":"fr_FR","og_type":"article","og_title":"Lethiguel","og_description":"Consultez les mentions l\u00e9gales du site internet de LETHIGUEL, fabricant de solutions de chauffage et de refroidissement pour fonderie et coul\u00e9e sous vide.","og_url":"https:\/\/lethiguel.com\/fr\/mentions-legales.html","og_site_name":"Lethiguel Fran\u00e7ais","article_modified_time":"2019-12-20T09:55:20+00:00","twitter_card":"summary_large_image","twitter_misc":{"Dur\u00e9e de lecture estim\u00e9e":"2 minutes"},"schema":{"@context":"https:\/\/schema.org","@graph":[{"@type":"WebPage","@id":"https:\/\/lethiguel.com\/fr\/mentions-legales.html","url":"https:\/\/lethiguel.com\/fr\/mentions-legales.html","name":"Lethiguel","isPartOf":{"@id":"https:\/\/lethiguel.com\/fr\/#website"},"datePublished":"2019-06-24T15:41:26+00:00","dateModified":"2019-12-20T09:55:20+00:00","description":"Consultez les mentions l\u00e9gales du site internet de LETHIGUEL, fabricant de solutions de chauffage et de refroidissement pour fonderie et coul\u00e9e sous vide.","breadcrumb":{"@id":"https:\/\/lethiguel.com\/fr\/mentions-legales.html#breadcrumb"},"inLanguage":"fr-FR","potentialAction":[{"@type":"ReadAction","target":["https:\/\/lethiguel.com\/fr\/mentions-legales.html"]}]},{"@type":"BreadcrumbList","@id":"https:\/\/lethiguel.com\/fr\/mentions-legales.html#breadcrumb","itemListElement":[{"@type":"ListItem","position":1,"name":"Accueil","item":"https:\/\/lethiguel.com\/fr\/"},{"@type":"ListItem","position":2,"name":"Mentions l\u00e9gales"}]},{"@type":"WebSite","@id":"https:\/\/lethiguel.com\/fr\/#website","url":"https:\/\/lethiguel.com\/fr\/","name":"Lethiguel Fran\u00e7ais","description":"Heating and cooling solutions","potentialAction":[{"@type":"SearchAction","target":{"@type":"EntryPoint","urlTemplate":"https:\/\/lethiguel.com\/fr\/?s={search_term_string}"},"query-input":{"@type":"PropertyValueSpecification","valueRequired":true,"valueName":"search_term_string"}}],"inLanguage":"fr-FR"}]}},"_links":{"self":[{"href":"https:\/\/lethiguel.com\/fr\/wp-json\/wp\/v2\/pages\/518","targetHints":{"allow":["GET"]}}],"collection":[{"href":"https:\/\/lethiguel.com\/fr\/wp-json\/wp\/v2\/pages"}],"about":[{"href":"https:\/\/lethiguel.com\/fr\/wp-json\/wp\/v2\/types\/page"}],"author":[{"embeddable":true,"href":"https:\/\/lethiguel.com\/fr\/wp-json\/wp\/v2\/users\/1"}],"replies":[{"embeddable":true,"href":"https:\/\/lethiguel.com\/fr\/wp-json\/wp\/v2\/comments?post=518"}],"version-history":[{"count":7,"href":"https:\/\/lethiguel.com\/fr\/wp-json\/wp\/v2\/pages\/518\/revisions"}],"predecessor-version":[{"id":1502,"href":"https:\/\/lethiguel.com\/fr\/wp-json\/wp\/v2\/pages\/518\/revisions\/1502"}],"wp:attachment":[{"href":"https:\/\/lethiguel.com\/fr\/wp-json\/wp\/v2\/media?parent=518"}],"curies":[{"name":"wp","href":"https:\/\/api.w.org\/{rel}","templated":true}]}}