{"id":588,"date":"2019-07-22T14:24:49","date_gmt":"2019-07-22T12:24:49","guid":{"rendered":"https:\/\/lethiguel.com\/fr\/?page_id=588"},"modified":"2021-12-17T12:35:43","modified_gmt":"2021-12-17T11:35:43","slug":"dates-cles-lethiguel","status":"publish","type":"page","link":"https:\/\/lethiguel.com\/fr\/dates-cles-lethiguel.html","title":{"rendered":"Dates cl\u00e9s"},"content":{"rendered":"<section class=\"wpb-content-wrapper\"><p>[vc_row][vc_column]<div class=\"legacy-timeline\" style=\"background:#f4f4f4;\"><div class=\"legacy-timeline-item\"><div class=\"legacy-timeline-year\">2021<\/div><div class=\"legacy-timeline-content\"><\/p>\n<p class=\"txt-timeline\" style=\"text-align: right;\">Cr\u00e9ation du Lethiguel Mexique<\/p>\n<p><img fetchpriority=\"high\" decoding=\"async\" class=\" wp-image-2033 alignright\" src=\"https:\/\/lethiguel.com\/fr\/wp-content\/uploads\/sites\/8\/2021\/12\/Lethiguel_Mexico-removebg-preview.png\" alt=\"\" width=\"389\" height=\"259\" srcset=\"https:\/\/lethiguel.com\/fr\/wp-content\/uploads\/sites\/8\/2021\/12\/Lethiguel_Mexico-removebg-preview.png 612w, https:\/\/lethiguel.com\/fr\/wp-content\/uploads\/sites\/8\/2021\/12\/Lethiguel_Mexico-removebg-preview-300x200.png 300w\" sizes=\"(max-width: 389px) 100vw, 389px\" \/><\/div><\/div><div class=\"legacy-timeline-item\"><div class=\"legacy-timeline-year\">2021<\/div><div class=\"legacy-timeline-content\"><\/p>\n<p class=\"txt-timeline\" style=\"text-align: left;\">Lethiguel a acquis Midland Technologies aux \u00c9tats-Unis<\/p>\n<p><img decoding=\"async\" class=\"alignnone wp-image-2028\" src=\"https:\/\/lethiguel.com\/fr\/wp-content\/uploads\/sites\/8\/2021\/12\/midland_logo_2-removebg-preview.png\" alt=\"\" width=\"381\" height=\"124\" srcset=\"https:\/\/lethiguel.com\/fr\/wp-content\/uploads\/sites\/8\/2021\/12\/midland_logo_2-removebg-preview.png 875w, https:\/\/lethiguel.com\/fr\/wp-content\/uploads\/sites\/8\/2021\/12\/midland_logo_2-removebg-preview-300x98.png 300w, https:\/\/lethiguel.com\/fr\/wp-content\/uploads\/sites\/8\/2021\/12\/midland_logo_2-removebg-preview-768x250.png 768w\" sizes=\"(max-width: 381px) 100vw, 381px\" \/><\/div><\/div><div class=\"legacy-timeline-item\"><div class=\"legacy-timeline-year\">2020<\/div><div class=\"legacy-timeline-content\"><\/p>\n<p class=\"txt-timeline\" style=\"text-align: right;\">Fermeture officielle de Lethiguel North-America \u00e0 Toronto, Canada<\/p>\n<p><\/div><\/div><div class=\"legacy-timeline-item\"><div class=\"legacy-timeline-year\">2019<\/div><div class=\"legacy-timeline-content\"><\/p>\n<p class=\"txt-timeline\">D\u00e9m\u00e9nagement du si\u00e8ge social \u00e0 Lentilly, France<\/p>\n<p><\/div><\/div><div class=\"legacy-timeline-item\"><div class=\"legacy-timeline-year\">2016<\/div><div class=\"legacy-timeline-content\"><\/p>\n<p class=\"txt-timeline\" style=\"text-align: right;\">Cr\u00e9ation du Lethiguel Japon \u00e0 Nagoya. L&#8217;embauchement passe \u00e0 30 employ\u00e9s.<\/p>\n<div class=\"img-timeline\"><img decoding=\"async\" class=\"wp-image-2029 alignright\" src=\"https:\/\/lethiguel.com\/fr\/wp-content\/uploads\/sites\/8\/2021\/12\/lethiguel_logo_japan.png\" alt=\"\" width=\"381\" height=\"191\" srcset=\"https:\/\/lethiguel.com\/fr\/wp-content\/uploads\/sites\/8\/2021\/12\/lethiguel_logo_japan.png 2000w, https:\/\/lethiguel.com\/fr\/wp-content\/uploads\/sites\/8\/2021\/12\/lethiguel_logo_japan-300x150.png 300w, https:\/\/lethiguel.com\/fr\/wp-content\/uploads\/sites\/8\/2021\/12\/lethiguel_logo_japan-1024x512.png 1024w, https:\/\/lethiguel.com\/fr\/wp-content\/uploads\/sites\/8\/2021\/12\/lethiguel_logo_japan-768x384.png 768w, https:\/\/lethiguel.com\/fr\/wp-content\/uploads\/sites\/8\/2021\/12\/lethiguel_logo_japan-1536x768.png 1536w\" sizes=\"(max-width: 381px) 100vw, 381px\" \/><\/div>\n<p><\/div><\/div><div class=\"legacy-timeline-item\"><div class=\"legacy-timeline-year\">2015<\/div><div class=\"legacy-timeline-content\"><\/p>\n<p class=\"txt-timeline\" style=\"text-align: left;\">Cr\u00e9ation de Lethiguel Am\u00e9rique du Nord \u00e0 Toronto, Canada<\/p>\n<div class=\"img-timeline\"><img loading=\"lazy\" decoding=\"async\" class=\"wp-image-2031 alignleft\" src=\"https:\/\/lethiguel.com\/fr\/wp-content\/uploads\/sites\/8\/2021\/12\/Logo_Lethiguel_america-removebg-preview.png\" alt=\"\" width=\"358\" height=\"154\" srcset=\"https:\/\/lethiguel.com\/fr\/wp-content\/uploads\/sites\/8\/2021\/12\/Logo_Lethiguel_america-removebg-preview.png 528w, https:\/\/lethiguel.com\/fr\/wp-content\/uploads\/sites\/8\/2021\/12\/Logo_Lethiguel_america-removebg-preview-300x129.png 300w\" sizes=\"(max-width: 358px) 100vw, 358px\" \/><\/div>\n<p><\/div><\/div><div class=\"legacy-timeline-item\"><div class=\"legacy-timeline-year\">2013<\/div><div class=\"legacy-timeline-content\"><\/p>\n<p class=\"txt-timeline\" style=\"text-align: right;\">Cr\u00e9ation de Lethiguel Allemagne \u00e0 Francfort, Allemagne<\/p>\n<p><img loading=\"lazy\" decoding=\"async\" class=\"alignnone wp-image-2030 alignright\" src=\"https:\/\/lethiguel.com\/fr\/wp-content\/uploads\/sites\/8\/2021\/12\/png_logo_europe-removebg-preview.png\" alt=\"\" width=\"350\" height=\"182\" srcset=\"https:\/\/lethiguel.com\/fr\/wp-content\/uploads\/sites\/8\/2021\/12\/png_logo_europe-removebg-preview.png 693w, https:\/\/lethiguel.com\/fr\/wp-content\/uploads\/sites\/8\/2021\/12\/png_logo_europe-removebg-preview-300x156.png 300w\" sizes=\"(max-width: 350px) 100vw, 350px\" \/><\/div><\/div><div class=\"legacy-timeline-item\"><div class=\"legacy-timeline-year\">2010<\/div><div class=\"legacy-timeline-content\"><\/p>\n<p class=\"txt-timeline\" style=\"text-align: left;\">Les fonctions commerciales, productives et administratives sont regroup\u00e9es au sein de Lozanne France.<\/p>\n<div class=\"img-timeline\"><img loading=\"lazy\" decoding=\"async\" class=\"wp-image-813 alignleft\" src=\"\/fr\/wp-content\/uploads\/sites\/8\/2019\/12\/lethiguel-fabricant-equipement-controle-temperature-fonderie.jpg\" alt=\"Lethiguel fabricant d'\u00e9quipement de contr\u00f4le de temp\u00e9rature pour fonderie\" width=\"349\" height=\"78\" \/><\/div>\n<p><\/div><\/div><div class=\"legacy-timeline-item\"><div class=\"legacy-timeline-year\">2009<\/div><div class=\"legacy-timeline-content\"><\/p>\n<p class=\"txt-timeline\">Guillaume Levacher est engag\u00e9 pour d\u00e9velopper les ventes \u00e0 l&rsquo;international<\/p>\n<p><\/div><\/div><div class=\"legacy-timeline-item\"><div class=\"legacy-timeline-year\">2008<\/div><div class=\"legacy-timeline-content\"><\/p>\n<p class=\"txt-timeline\">Certification ISO 9001<\/p>\n<p><\/div><\/div><div class=\"legacy-timeline-item\"><div class=\"legacy-timeline-year\">2007<\/div><div class=\"legacy-timeline-content\"><\/p>\n<p class=\"txt-timeline\">Avec le rachat de Hifast, Lethiguel commence la fabrication de ses propres appareils de chauffage.<\/p>\n<p><\/div><\/div><div class=\"legacy-timeline-item\"><div class=\"legacy-timeline-year\">2003<\/div><div class=\"legacy-timeline-content\"><\/p>\n<p class=\"txt-timeline\">Lethiguel int\u00e8gre Fitec qui deviendra le d\u00e9partement machines-outils<\/p>\n<p><\/div><\/div><div class=\"legacy-timeline-item\"><div class=\"legacy-timeline-year\">1998<\/div><div class=\"legacy-timeline-content\"><\/p>\n<p class=\"txt-timeline\">D\u00e9veloppement des ventes de thermoplongeurs sur le march\u00e9 fran\u00e7ais<\/p>\n<p><\/div><\/div><div class=\"legacy-timeline-item\"><div class=\"legacy-timeline-year\">1991<\/div><div class=\"legacy-timeline-content\"><\/p>\n<p class=\"txt-timeline\">Cr\u00e9ation de la holding qui finance des investissements globaux de 2,5 M Lethiguel<\/p>\n<p><\/div><\/div><div class=\"legacy-timeline-item\"><div class=\"legacy-timeline-year\">1979<\/div><div class=\"legacy-timeline-content\"><\/p>\n<p class=\"txt-timeline\">Lethiguel s&rsquo;installe dans un nouveau bureau \u00e0 Tassin la Demi-Lune, France<\/p>\n<p><\/div><\/div><div class=\"legacy-timeline-item\"><div class=\"legacy-timeline-year\">1976<\/div><div class=\"legacy-timeline-content\"><\/p>\n<p class=\"txt-timeline\">Mise en place Lethiguel le 26 f\u00e9vrier. L&rsquo;entreprise vend ensuite des creusets allemands \u00e0 des fonderies fran\u00e7aises<\/p>\n<p><\/div><\/div><\/div>[\/vc_column][\/vc_row]<\/p>\n<\/section>","protected":false},"excerpt":{"rendered":"<p>[vc_row][vc_column][\/vc_column][\/vc_row]<\/p>\n","protected":false},"author":1,"featured_media":0,"parent":0,"menu_order":0,"comment_status":"closed","ping_status":"closed","template":"","meta":{"footnotes":""},"class_list":["post-588","page","type-page","status-publish","hentry","description-off"],"yoast_head":"<!-- This site is optimized with the Yoast SEO plugin v27.4 - https:\/\/yoast.com\/product\/yoast-seo-wordpress\/ -->\n<title>Lethiguel<\/title>\n<meta name=\"description\" content=\"D\u00e9couvrez l&#039;historique de la soci\u00e9t\u00e9 Lethiguel, expert en solutions de mise en temp\u00e9rature pour fonderie et contactez-nous pour toute question.\" \/>\n<meta name=\"robots\" content=\"index, follow, max-snippet:-1, max-image-preview:large, max-video-preview:-1\" \/>\n<link rel=\"canonical\" href=\"https:\/\/lethiguel.com\/fr\/dates-cles-lethiguel.html\" \/>\n<meta property=\"og:locale\" content=\"fr_FR\" \/>\n<meta property=\"og:type\" content=\"article\" \/>\n<meta property=\"og:title\" content=\"Lethiguel\" \/>\n<meta property=\"og:description\" content=\"D\u00e9couvrez l&#039;historique de la soci\u00e9t\u00e9 Lethiguel, expert en solutions de mise en temp\u00e9rature pour fonderie et contactez-nous pour toute question.\" \/>\n<meta property=\"og:url\" content=\"https:\/\/lethiguel.com\/fr\/dates-cles-lethiguel.html\" \/>\n<meta property=\"og:site_name\" content=\"Lethiguel Fran\u00e7ais\" \/>\n<meta property=\"article:modified_time\" content=\"2021-12-17T11:35:43+00:00\" \/>\n<meta property=\"og:image\" content=\"https:\/\/lethiguel.com\/fr\/wp-content\/uploads\/sites\/8\/2021\/12\/Lethiguel_Mexico-removebg-preview.png\" \/>\n<meta name=\"twitter:card\" content=\"summary_large_image\" \/>\n<meta name=\"twitter:label1\" content=\"Dur\u00e9e de lecture estim\u00e9e\" \/>\n\t<meta name=\"twitter:data1\" content=\"2 minutes\" \/>\n<script type=\"application\/ld+json\" class=\"yoast-schema-graph\">{\"@context\":\"https:\\\/\\\/schema.org\",\"@graph\":[{\"@type\":\"WebPage\",\"@id\":\"https:\\\/\\\/lethiguel.com\\\/fr\\\/dates-cles-lethiguel.html\",\"url\":\"https:\\\/\\\/lethiguel.com\\\/fr\\\/dates-cles-lethiguel.html\",\"name\":\"Lethiguel\",\"isPartOf\":{\"@id\":\"https:\\\/\\\/lethiguel.com\\\/fr\\\/#website\"},\"primaryImageOfPage\":{\"@id\":\"https:\\\/\\\/lethiguel.com\\\/fr\\\/dates-cles-lethiguel.html#primaryimage\"},\"image\":{\"@id\":\"https:\\\/\\\/lethiguel.com\\\/fr\\\/dates-cles-lethiguel.html#primaryimage\"},\"thumbnailUrl\":\"https:\\\/\\\/lethiguel.com\\\/fr\\\/wp-content\\\/uploads\\\/sites\\\/8\\\/2021\\\/12\\\/Lethiguel_Mexico-removebg-preview.png\",\"datePublished\":\"2019-07-22T12:24:49+00:00\",\"dateModified\":\"2021-12-17T11:35:43+00:00\",\"description\":\"D\u00e9couvrez l'historique de la soci\u00e9t\u00e9 Lethiguel, expert en solutions de mise en temp\u00e9rature pour fonderie et contactez-nous pour toute question.\",\"breadcrumb\":{\"@id\":\"https:\\\/\\\/lethiguel.com\\\/fr\\\/dates-cles-lethiguel.html#breadcrumb\"},\"inLanguage\":\"fr-FR\",\"potentialAction\":[{\"@type\":\"ReadAction\",\"target\":[\"https:\\\/\\\/lethiguel.com\\\/fr\\\/dates-cles-lethiguel.html\"]}]},{\"@type\":\"ImageObject\",\"inLanguage\":\"fr-FR\",\"@id\":\"https:\\\/\\\/lethiguel.com\\\/fr\\\/dates-cles-lethiguel.html#primaryimage\",\"url\":\"https:\\\/\\\/lethiguel.com\\\/fr\\\/wp-content\\\/uploads\\\/sites\\\/8\\\/2021\\\/12\\\/Lethiguel_Mexico-removebg-preview.png\",\"contentUrl\":\"https:\\\/\\\/lethiguel.com\\\/fr\\\/wp-content\\\/uploads\\\/sites\\\/8\\\/2021\\\/12\\\/Lethiguel_Mexico-removebg-preview.png\",\"width\":612,\"height\":408},{\"@type\":\"BreadcrumbList\",\"@id\":\"https:\\\/\\\/lethiguel.com\\\/fr\\\/dates-cles-lethiguel.html#breadcrumb\",\"itemListElement\":[{\"@type\":\"ListItem\",\"position\":1,\"name\":\"Accueil\",\"item\":\"https:\\\/\\\/lethiguel.com\\\/fr\\\/\"},{\"@type\":\"ListItem\",\"position\":2,\"name\":\"Dates cl\u00e9s\"}]},{\"@type\":\"WebSite\",\"@id\":\"https:\\\/\\\/lethiguel.com\\\/fr\\\/#website\",\"url\":\"https:\\\/\\\/lethiguel.com\\\/fr\\\/\",\"name\":\"Lethiguel Fran\u00e7ais\",\"description\":\"Heating and cooling solutions\",\"potentialAction\":[{\"@type\":\"SearchAction\",\"target\":{\"@type\":\"EntryPoint\",\"urlTemplate\":\"https:\\\/\\\/lethiguel.com\\\/fr\\\/?s={search_term_string}\"},\"query-input\":{\"@type\":\"PropertyValueSpecification\",\"valueRequired\":true,\"valueName\":\"search_term_string\"}}],\"inLanguage\":\"fr-FR\"}]}<\/script>\n<!-- \/ Yoast SEO plugin. -->","yoast_head_json":{"title":"Lethiguel","description":"D\u00e9couvrez l'historique de la soci\u00e9t\u00e9 Lethiguel, expert en solutions de mise en temp\u00e9rature pour fonderie et contactez-nous pour toute question.","robots":{"index":"index","follow":"follow","max-snippet":"max-snippet:-1","max-image-preview":"max-image-preview:large","max-video-preview":"max-video-preview:-1"},"canonical":"https:\/\/lethiguel.com\/fr\/dates-cles-lethiguel.html","og_locale":"fr_FR","og_type":"article","og_title":"Lethiguel","og_description":"D\u00e9couvrez l'historique de la soci\u00e9t\u00e9 Lethiguel, expert en solutions de mise en temp\u00e9rature pour fonderie et contactez-nous pour toute question.","og_url":"https:\/\/lethiguel.com\/fr\/dates-cles-lethiguel.html","og_site_name":"Lethiguel Fran\u00e7ais","article_modified_time":"2021-12-17T11:35:43+00:00","og_image":[{"url":"https:\/\/lethiguel.com\/fr\/wp-content\/uploads\/sites\/8\/2021\/12\/Lethiguel_Mexico-removebg-preview.png","type":"","width":"","height":""}],"twitter_card":"summary_large_image","twitter_misc":{"Dur\u00e9e de lecture estim\u00e9e":"2 minutes"},"schema":{"@context":"https:\/\/schema.org","@graph":[{"@type":"WebPage","@id":"https:\/\/lethiguel.com\/fr\/dates-cles-lethiguel.html","url":"https:\/\/lethiguel.com\/fr\/dates-cles-lethiguel.html","name":"Lethiguel","isPartOf":{"@id":"https:\/\/lethiguel.com\/fr\/#website"},"primaryImageOfPage":{"@id":"https:\/\/lethiguel.com\/fr\/dates-cles-lethiguel.html#primaryimage"},"image":{"@id":"https:\/\/lethiguel.com\/fr\/dates-cles-lethiguel.html#primaryimage"},"thumbnailUrl":"https:\/\/lethiguel.com\/fr\/wp-content\/uploads\/sites\/8\/2021\/12\/Lethiguel_Mexico-removebg-preview.png","datePublished":"2019-07-22T12:24:49+00:00","dateModified":"2021-12-17T11:35:43+00:00","description":"D\u00e9couvrez l'historique de la soci\u00e9t\u00e9 Lethiguel, expert en solutions de mise en temp\u00e9rature pour fonderie et contactez-nous pour toute question.","breadcrumb":{"@id":"https:\/\/lethiguel.com\/fr\/dates-cles-lethiguel.html#breadcrumb"},"inLanguage":"fr-FR","potentialAction":[{"@type":"ReadAction","target":["https:\/\/lethiguel.com\/fr\/dates-cles-lethiguel.html"]}]},{"@type":"ImageObject","inLanguage":"fr-FR","@id":"https:\/\/lethiguel.com\/fr\/dates-cles-lethiguel.html#primaryimage","url":"https:\/\/lethiguel.com\/fr\/wp-content\/uploads\/sites\/8\/2021\/12\/Lethiguel_Mexico-removebg-preview.png","contentUrl":"https:\/\/lethiguel.com\/fr\/wp-content\/uploads\/sites\/8\/2021\/12\/Lethiguel_Mexico-removebg-preview.png","width":612,"height":408},{"@type":"BreadcrumbList","@id":"https:\/\/lethiguel.com\/fr\/dates-cles-lethiguel.html#breadcrumb","itemListElement":[{"@type":"ListItem","position":1,"name":"Accueil","item":"https:\/\/lethiguel.com\/fr\/"},{"@type":"ListItem","position":2,"name":"Dates cl\u00e9s"}]},{"@type":"WebSite","@id":"https:\/\/lethiguel.com\/fr\/#website","url":"https:\/\/lethiguel.com\/fr\/","name":"Lethiguel Fran\u00e7ais","description":"Heating and cooling solutions","potentialAction":[{"@type":"SearchAction","target":{"@type":"EntryPoint","urlTemplate":"https:\/\/lethiguel.com\/fr\/?s={search_term_string}"},"query-input":{"@type":"PropertyValueSpecification","valueRequired":true,"valueName":"search_term_string"}}],"inLanguage":"fr-FR"}]}},"_links":{"self":[{"href":"https:\/\/lethiguel.com\/fr\/wp-json\/wp\/v2\/pages\/588","targetHints":{"allow":["GET"]}}],"collection":[{"href":"https:\/\/lethiguel.com\/fr\/wp-json\/wp\/v2\/pages"}],"about":[{"href":"https:\/\/lethiguel.com\/fr\/wp-json\/wp\/v2\/types\/page"}],"author":[{"embeddable":true,"href":"https:\/\/lethiguel.com\/fr\/wp-json\/wp\/v2\/users\/1"}],"replies":[{"embeddable":true,"href":"https:\/\/lethiguel.com\/fr\/wp-json\/wp\/v2\/comments?post=588"}],"version-history":[{"count":15,"href":"https:\/\/lethiguel.com\/fr\/wp-json\/wp\/v2\/pages\/588\/revisions"}],"predecessor-version":[{"id":2034,"href":"https:\/\/lethiguel.com\/fr\/wp-json\/wp\/v2\/pages\/588\/revisions\/2034"}],"wp:attachment":[{"href":"https:\/\/lethiguel.com\/fr\/wp-json\/wp\/v2\/media?parent=588"}],"curies":[{"name":"wp","href":"https:\/\/api.w.org\/{rel}","templated":true}]}}