{"id":795,"date":"2019-08-13T11:03:47","date_gmt":"2019-08-13T09:03:47","guid":{"rendered":"https:\/\/lethiguel.com\/fr\/?page_id=795"},"modified":"2020-07-30T14:33:44","modified_gmt":"2020-07-30T12:33:44","slug":"euroguss-2020","status":"publish","type":"page","link":"https:\/\/lethiguel.com\/fr\/euroguss-2020.html","title":{"rendered":"EUROGUSS 2020"},"content":{"rendered":"<section class=\"wpb-content-wrapper\"><p>[vc_row][vc_column]<div class=\"dt-fancy-separator\" style=\"width: 100%;\"><div class=\"dt-fancy-title\"><span class=\"separator-holder separator-left\"><\/span>EUROGUSS - International Trade Fair for Die Casting<span class=\"separator-holder separator-right\"><\/span><\/div><\/div>[vc_empty_space][vc_single_image image=\u00a0\u00bb1523&Prime; img_size=\u00a0\u00bbfull\u00a0\u00bb][vc_column_text]Nous remercions Euroguss de nous avoir accueillis, et bien s\u00fbr nos clients et visiteurs du monde entier qui nous ont visit\u00e9s. Sans aucun doute, cet salon \u00e9tait bien pass\u00e9! Gr\u00e2ce \u00e0 ces 3 jours d&rsquo;expositions, nous avons pu rattraper nos clients, \u00e9changer des informations pr\u00e9cieuses, et nous avons rencontr\u00e9 de nombreux nouveaux clients potentiels. Pour nous, ce sont de bons d\u00e9buts pour 2020!<\/p>\n<p>&nbsp;<\/p>\n<p>Rendez-vous \u00e0 Euroguss 2022 \u00e0 Nuremberg en Allemagne.<\/p>\n<p>[\/vc_column_text][\/vc_column][\/vc_row][vc_row][vc_column][vc_video link=\u00a0\u00bbhttps:\/\/youtu.be\/qnWUpxinK38&Prime;][\/vc_column][\/vc_row][vc_row][vc_column][vc_column_text]Vous voulez savoir plus de <a href=\"https:\/\/www.euroguss.de\/en#\">Euroguss 2022<\/a>?[\/vc_column_text][vc_btn title=\u00a0\u00bbPlus d&rsquo;info\u00a0\u00bb style=\u00a0\u00bb3d\u00a0\u00bb link=\u00a0\u00bburl:https%3A%2F%2Fwww.euroguss.de%2Fen||target:%20_blank|\u00a0\u00bb][\/vc_column][\/vc_row]<\/p>\n<\/section>","protected":false},"excerpt":{"rendered":"<p>[vc_row][vc_column][vc_empty_space][vc_single_image image=\u00a0\u00bb1523&Prime; img_size=\u00a0\u00bbfull\u00a0\u00bb][vc_column_text]Nous remercions Euroguss de nous avoir accueillis, et bien s\u00fbr nos clients et visiteurs du monde entier qui nous ont visit\u00e9s. Sans aucun doute, cet salon \u00e9tait bien pass\u00e9! Gr\u00e2ce \u00e0 ces 3 jours d&rsquo;expositions, nous avons pu rattraper nos clients, \u00e9changer des informations pr\u00e9cieuses, et nous avons rencontr\u00e9 de nombreux nouveaux clients&hellip;<\/p>\n","protected":false},"author":2,"featured_media":0,"parent":0,"menu_order":0,"comment_status":"closed","ping_status":"closed","template":"","meta":{"footnotes":""},"class_list":["post-795","page","type-page","status-publish","hentry","description-off"],"yoast_head":"<!-- This site is optimized with the Yoast SEO plugin v27.4 - https:\/\/yoast.com\/product\/yoast-seo-wordpress\/ -->\n<title>Lethiguel<\/title>\n<meta name=\"description\" content=\"Venez rencontrer Lethiguel au salon Euroguss du 14 au 16 Janvier 2020 et \u00e9changer sur nos solutions de chauffage et refroidissement pour l&#039;industrie des m\u00e9taux.\" \/>\n<meta name=\"robots\" content=\"index, follow, max-snippet:-1, max-image-preview:large, max-video-preview:-1\" \/>\n<link rel=\"canonical\" href=\"https:\/\/lethiguel.com\/fr\/euroguss-2020.html\" \/>\n<meta property=\"og:locale\" content=\"fr_FR\" \/>\n<meta property=\"og:type\" content=\"article\" \/>\n<meta property=\"og:title\" content=\"Lethiguel\" \/>\n<meta property=\"og:description\" content=\"Venez rencontrer Lethiguel au salon Euroguss du 14 au 16 Janvier 2020 et \u00e9changer sur nos solutions de chauffage et refroidissement pour l&#039;industrie des m\u00e9taux.\" \/>\n<meta property=\"og:url\" content=\"https:\/\/lethiguel.com\/fr\/euroguss-2020.html\" \/>\n<meta property=\"og:site_name\" content=\"Lethiguel Fran\u00e7ais\" \/>\n<meta property=\"article:modified_time\" content=\"2020-07-30T12:33:44+00:00\" \/>\n<meta name=\"twitter:card\" content=\"summary_large_image\" \/>\n<meta name=\"twitter:label1\" content=\"Dur\u00e9e de lecture estim\u00e9e\" \/>\n\t<meta name=\"twitter:data1\" content=\"1 minute\" \/>\n<script type=\"application\/ld+json\" class=\"yoast-schema-graph\">{\"@context\":\"https:\\\/\\\/schema.org\",\"@graph\":[{\"@type\":\"WebPage\",\"@id\":\"https:\\\/\\\/lethiguel.com\\\/fr\\\/euroguss-2020.html\",\"url\":\"https:\\\/\\\/lethiguel.com\\\/fr\\\/euroguss-2020.html\",\"name\":\"Lethiguel\",\"isPartOf\":{\"@id\":\"https:\\\/\\\/lethiguel.com\\\/fr\\\/#website\"},\"datePublished\":\"2019-08-13T09:03:47+00:00\",\"dateModified\":\"2020-07-30T12:33:44+00:00\",\"description\":\"Venez rencontrer Lethiguel au salon Euroguss du 14 au 16 Janvier 2020 et \u00e9changer sur nos solutions de chauffage et refroidissement pour l'industrie des m\u00e9taux.\",\"breadcrumb\":{\"@id\":\"https:\\\/\\\/lethiguel.com\\\/fr\\\/euroguss-2020.html#breadcrumb\"},\"inLanguage\":\"fr-FR\",\"potentialAction\":[{\"@type\":\"ReadAction\",\"target\":[\"https:\\\/\\\/lethiguel.com\\\/fr\\\/euroguss-2020.html\"]}]},{\"@type\":\"BreadcrumbList\",\"@id\":\"https:\\\/\\\/lethiguel.com\\\/fr\\\/euroguss-2020.html#breadcrumb\",\"itemListElement\":[{\"@type\":\"ListItem\",\"position\":1,\"name\":\"Accueil\",\"item\":\"https:\\\/\\\/lethiguel.com\\\/fr\\\/\"},{\"@type\":\"ListItem\",\"position\":2,\"name\":\"EUROGUSS 2020\"}]},{\"@type\":\"WebSite\",\"@id\":\"https:\\\/\\\/lethiguel.com\\\/fr\\\/#website\",\"url\":\"https:\\\/\\\/lethiguel.com\\\/fr\\\/\",\"name\":\"Lethiguel Fran\u00e7ais\",\"description\":\"Heating and cooling solutions\",\"potentialAction\":[{\"@type\":\"SearchAction\",\"target\":{\"@type\":\"EntryPoint\",\"urlTemplate\":\"https:\\\/\\\/lethiguel.com\\\/fr\\\/?s={search_term_string}\"},\"query-input\":{\"@type\":\"PropertyValueSpecification\",\"valueRequired\":true,\"valueName\":\"search_term_string\"}}],\"inLanguage\":\"fr-FR\"}]}<\/script>\n<!-- \/ Yoast SEO plugin. -->","yoast_head_json":{"title":"Lethiguel","description":"Venez rencontrer Lethiguel au salon Euroguss du 14 au 16 Janvier 2020 et \u00e9changer sur nos solutions de chauffage et refroidissement pour l'industrie des m\u00e9taux.","robots":{"index":"index","follow":"follow","max-snippet":"max-snippet:-1","max-image-preview":"max-image-preview:large","max-video-preview":"max-video-preview:-1"},"canonical":"https:\/\/lethiguel.com\/fr\/euroguss-2020.html","og_locale":"fr_FR","og_type":"article","og_title":"Lethiguel","og_description":"Venez rencontrer Lethiguel au salon Euroguss du 14 au 16 Janvier 2020 et \u00e9changer sur nos solutions de chauffage et refroidissement pour l'industrie des m\u00e9taux.","og_url":"https:\/\/lethiguel.com\/fr\/euroguss-2020.html","og_site_name":"Lethiguel Fran\u00e7ais","article_modified_time":"2020-07-30T12:33:44+00:00","twitter_card":"summary_large_image","twitter_misc":{"Dur\u00e9e de lecture estim\u00e9e":"1 minute"},"schema":{"@context":"https:\/\/schema.org","@graph":[{"@type":"WebPage","@id":"https:\/\/lethiguel.com\/fr\/euroguss-2020.html","url":"https:\/\/lethiguel.com\/fr\/euroguss-2020.html","name":"Lethiguel","isPartOf":{"@id":"https:\/\/lethiguel.com\/fr\/#website"},"datePublished":"2019-08-13T09:03:47+00:00","dateModified":"2020-07-30T12:33:44+00:00","description":"Venez rencontrer Lethiguel au salon Euroguss du 14 au 16 Janvier 2020 et \u00e9changer sur nos solutions de chauffage et refroidissement pour l'industrie des m\u00e9taux.","breadcrumb":{"@id":"https:\/\/lethiguel.com\/fr\/euroguss-2020.html#breadcrumb"},"inLanguage":"fr-FR","potentialAction":[{"@type":"ReadAction","target":["https:\/\/lethiguel.com\/fr\/euroguss-2020.html"]}]},{"@type":"BreadcrumbList","@id":"https:\/\/lethiguel.com\/fr\/euroguss-2020.html#breadcrumb","itemListElement":[{"@type":"ListItem","position":1,"name":"Accueil","item":"https:\/\/lethiguel.com\/fr\/"},{"@type":"ListItem","position":2,"name":"EUROGUSS 2020"}]},{"@type":"WebSite","@id":"https:\/\/lethiguel.com\/fr\/#website","url":"https:\/\/lethiguel.com\/fr\/","name":"Lethiguel Fran\u00e7ais","description":"Heating and cooling solutions","potentialAction":[{"@type":"SearchAction","target":{"@type":"EntryPoint","urlTemplate":"https:\/\/lethiguel.com\/fr\/?s={search_term_string}"},"query-input":{"@type":"PropertyValueSpecification","valueRequired":true,"valueName":"search_term_string"}}],"inLanguage":"fr-FR"}]}},"_links":{"self":[{"href":"https:\/\/lethiguel.com\/fr\/wp-json\/wp\/v2\/pages\/795","targetHints":{"allow":["GET"]}}],"collection":[{"href":"https:\/\/lethiguel.com\/fr\/wp-json\/wp\/v2\/pages"}],"about":[{"href":"https:\/\/lethiguel.com\/fr\/wp-json\/wp\/v2\/types\/page"}],"author":[{"embeddable":true,"href":"https:\/\/lethiguel.com\/fr\/wp-json\/wp\/v2\/users\/2"}],"replies":[{"embeddable":true,"href":"https:\/\/lethiguel.com\/fr\/wp-json\/wp\/v2\/comments?post=795"}],"version-history":[{"count":10,"href":"https:\/\/lethiguel.com\/fr\/wp-json\/wp\/v2\/pages\/795\/revisions"}],"predecessor-version":[{"id":1652,"href":"https:\/\/lethiguel.com\/fr\/wp-json\/wp\/v2\/pages\/795\/revisions\/1652"}],"wp:attachment":[{"href":"https:\/\/lethiguel.com\/fr\/wp-json\/wp\/v2\/media?parent=795"}],"curies":[{"name":"wp","href":"https:\/\/api.w.org\/{rel}","templated":true}]}}