{"id":84,"date":"2019-06-18T15:19:24","date_gmt":"2019-06-18T13:19:24","guid":{"rendered":"https:\/\/lethiguel.com\/fr\/?page_id=84"},"modified":"2025-05-30T14:33:09","modified_gmt":"2025-05-30T12:33:09","slug":"solutions-refroidissement","status":"publish","type":"page","link":"https:\/\/lethiguel.com\/fr\/solutions-refroidissement.html","title":{"rendered":"Solutions de refroidissement"},"content":{"rendered":"<section class=\"wpb-content-wrapper\"><p>[vc_row][vc_column][rev_slider alias=\u00a0\u00bbCooling solutions\u00a0\u00bb][vc_empty_space][vc_row_inner][vc_column_inner][vc_column_text css_animation=\u00a0\u00bbfadeInLeft\u00a0\u00bb]Jet Cooling optimisera votre qualit\u00e9 de moulage sous pression et temps du cycle. Il vous apporte une haute qualit\u00e9 et performance pour les entreprises innovantes. Initialement, cette technologie a \u00e9t\u00e9 d\u00e9velopp\u00e9e et brevet\u00e9e par Ahresty Japon. En tant que partenaire proche, nous distribuons les syst\u00e8mes Ahresty et a \u00e9galement d\u00e9velopp\u00e9 notre propre gamme de machines en circuit ferm\u00e9.[\/vc_column_text][\/vc_column_inner][\/vc_row_inner][vc_empty_space][\/vc_column][\/vc_row][vc_row animation=\u00a0\u00bbfadeInLeft\u00a0\u00bb][vc_column][vc_column_text css=\u00a0\u00bb.vc_custom_1594903796799{padding-top: 20px !important;padding-right: 20px !important;padding-bottom: 20px !important;padding-left: 20px !important;background-color: #ededed !important;}\u00a0\u00bb]<\/p>\n<h3>Comment \u00e7a marche?<\/h3>\n<p style=\"text-align: left;\">Une unit\u00e9 hydraulique assure la circulation de l&rsquo;eau de refroidissement sous pression (de 3 \u00e0 20 bars) pendant une dur\u00e9e d\u00e9termin\u00e9e dans les circuits d&rsquo;injecteurs de petit diam\u00e8tre (\u00d8 de 1,2 \u00e0 2,8 mm) ins\u00e9r\u00e9s dans les broches.<\/p>\n<p style=\"text-align: left;\">A la fin de la p\u00e9riode de refroidissement, un distributeur pneumatique injecte de l&rsquo;air dans les circuits de l&rsquo;injecteur pour le purger. De cette fa\u00e7on, le cycle peut \u00eatre effectu\u00e9 en toute s\u00e9curit\u00e9 sans la pr\u00e9sence d&rsquo;eau \u00e0 l&rsquo;int\u00e9rieur des circuits.<\/p>\n<p style=\"text-align: left;\">Le cycle de refroidissement est synchronis\u00e9 par des temporisations r\u00e9glables avec la machine de pression.<\/p>\n<p>[\/vc_column_text][\/vc_column][vc_column animation=\u00a0\u00bbfadeInLeft\u00a0\u00bb][vc_single_image image=\u00a0\u00bb1780&Prime; img_size=\u00a0\u00bbfull\u00a0\u00bb alignment=\u00a0\u00bbcenter\u00a0\u00bb][vc_row_inner][vc_column_inner][vc_column_text]<\/p>\n<h3><span style=\"color: #00ccff;\">1. Refroidir\u00a0<\/span><\/h3>\n<p>Une pompe haute pression envoie d&rsquo;abord de l&rsquo;eau (jusqu&rsquo;\u00e0 20 bar) dans les circuits pendant la phase de refroidissement. Gr\u00e2ce aux collecteurs et aux broches de noyau sp\u00e9cifiques, l&rsquo;eau peut atteindre de minuscules zones proches de l&rsquo;aluminium.<\/p>\n<p>En contr\u00f4lant le temps de refroidissement, la temp\u00e9rature de la fili\u00e8re peut \u00eatre efficacement r\u00e9gul\u00e9e et les points chauds peuvent \u00eatre supprim\u00e9s.<\/p>\n<p>&nbsp;<\/p>\n<h3><span style=\"color: #00ccff;\">2. Purger<\/span><\/h3>\n<p>Ensuite, l&rsquo;air comprim\u00e9 remplit les circuits et chasse l&rsquo;eau restante vers la machine pour s&rsquo;assurer qu&rsquo;il ne reste plus d&rsquo;eau dans la matrice.<\/p>\n<p>&nbsp;<\/p>\n<h3><span style=\"color: #00ccff;\">3. Test de fuite<\/span><\/h3>\n<p>Enfin, toute l&rsquo;installation est sous pression et la machine recherche toute chute de pression qui pourrait \u00eatre caus\u00e9e par une fuite.<\/p>\n<p>Une fois qu&rsquo;il est assur\u00e9 qu&rsquo;il n&rsquo;y a pas de fuite, le cycle suivant peut \u00eatre lanc\u00e9.[\/vc_column_text][\/vc_column_inner][\/vc_row_inner][\/vc_column][\/vc_row][vc_row animation=\u00a0\u00bbfadeInLeft\u00a0\u00bb][vc_column][vc_row_inner][vc_column_inner css=\u00a0\u00bb.vc_custom_1594972671887{padding-top: 20px !important;padding-right: 20px !important;padding-bottom: 20px !important;padding-left: 20px !important;}\u00a0\u00bb][vc_column_text css=\u00a0\u00bb.vc_custom_1594972712122{padding-top: 20px !important;padding-right: 20px !important;padding-bottom: 20px !important;padding-left: 20px !important;background-color: #ededed !important;}\u00a0\u00bb]<\/p>\n<h3>Les avantages de Jet Cooling pour le secteur de la coul\u00e9e sous pression:<\/h3>\n<p>La fatigue thermique des matrices de moulage sous pression en m\u00e9tal non ferreux devient plus s\u00e9v\u00e8re \u00e0 des temp\u00e9ratures de fonctionnement plus \u00e9lev\u00e9es et r\u00e9duit la dur\u00e9e de vie de la matrice. Afin de prolonger la dur\u00e9e de vie de la fili\u00e8re, la conception de la fili\u00e8re doit \u00eatre trait\u00e9e avec des m\u00e9thodes de refroidissement efficaces. Le Jet Cooling peut r\u00e9soudre la plupart des probl\u00e8mes li\u00e9s \u00e0 la chaleur dans le moulage sous pression non ferreux:<\/p>\n<ul>\n<li>R\u00e9duire le temps du cycle<\/li>\n<li>Optimiser la durabilit\u00e9 des \u00e9l\u00e9ments de moule<\/li>\n<li>Pr\u00e9venir la porosit\u00e9 et les retraits de mati\u00e8re<\/li>\n<li>R\u00e9duire de la ferraille<\/li>\n<\/ul>\n<p>[\/vc_column_text][\/vc_column_inner][\/vc_row_inner][\/vc_column][\/vc_row][vc_row animation=\u00a0\u00bbfadeInLeft\u00a0\u00bb][vc_column offset=\u00a0\u00bbvc_hidden-md vc_hidden-sm vc_hidden-xs\u00a0\u00bb][vc_single_image image=\u00a0\u00bb1781&Prime; img_size=\u00a0\u00bbfull\u00a0\u00bb][vc_btn title=\u00a0\u00bbVid\u00e9o Jet Cooling\u00a0\u00bb color=\u00a0\u00bbprimary\u00a0\u00bb link=\u00a0\u00bburl:https%3A%2F%2Fyoutu.be%2Fmsqh8DJD7xw|||\u00a0\u00bb css=\u00a0\u00bb.vc_custom_1595508292572{margin-top: -250px !important;margin-left: 40px !important;}\u00a0\u00bb][vc_btn title=\u00a0\u00bbCas d&rsquo;\u00e9tude Jet Cooling\u00a0\u00bb color=\u00a0\u00bbprimary\u00a0\u00bb align=\u00a0\u00bbleft\u00a0\u00bb link=\u00a0\u00bburl:https%3A%2F%2Flethiguel.com%2Ffr%2F1718-2.html|||\u00a0\u00bb css=\u00a0\u00bb.vc_custom_1595508267386{margin-top: -200px !important;margin-left: 40px !important;}\u00a0\u00bb][\/vc_column][\/vc_row][vc_row animation=\u00a0\u00bbfadeInLeft\u00a0\u00bb][vc_column css=\u00a0\u00bb.vc_custom_1595508329906{margin-top: 150px !important;}\u00a0\u00bb][vc_column_text]Plus d\u2019infos sur Jet Cooling? Laissez-nous vous expliquer en d\u00e9tail ![\/vc_column_text][vc_btn title=\u00a0\u00bbContactez nous\u00a0\u00bb align=\u00a0\u00bbleft\u00a0\u00bb css=\u00a0\u00bb.vc_custom_1581948335145{margin-top: -30px !important;}\u00a0\u00bb][vc_separator color=\u00a0\u00bbcustom\u00a0\u00bb accent_color=\u00a0\u00bb#474747&Prime;][\/vc_column][\/vc_row][vc_row type=\u00a0\u00bbvc_default\u00a0\u00bb gap=\u00a0\u00bb10&Prime; equal_height=\u00a0\u00bbyes\u00a0\u00bb css_animation=\u00a0\u00bbfadeInDown\u00a0\u00bb el_class=\u00a0\u00bbrow-produits\u00a0\u00bb][vc_column width=\u00a0\u00bb1\/4&Prime; el_class=\u00a0\u00bbencart-produits\u00a0\u00bb][vc_single_image image=\u00a0\u00bb1293&Prime; img_size=\u00a0\u00bbfull\u00a0\u00bb alignment=\u00a0\u00bbcenter\u00a0\u00bb el_class=\u00a0\u00bbphotomachine bloc-img-machine\u00a0\u00bb][vc_column_text]<\/p>\n<h3 style=\"text-align: center;\"><span style=\"color: #009fe1;\">SpotCool Classic<\/span><\/h3>\n<p>[\/vc_column_text][vc_btn title=\u00a0\u00bbPlus d&rsquo;info\u00a0\u00bb style=\u00a0\u00bbcustom\u00a0\u00bb custom_background=\u00a0\u00bb#ffffff\u00a0\u00bb custom_text=\u00a0\u00bb#383838&Prime; shape=\u00a0\u00bbround\u00a0\u00bb align=\u00a0\u00bbcenter\u00a0\u00bb link=\u00a0\u00bburl:https%3A%2F%2Flethiguel.com%2Ffr%2Fspotcool-classic.html|title:SpotCool%20Classic||\u00a0\u00bb el_class=\u00a0\u00bbbtn-encart\u00a0\u00bb][\/vc_column][vc_column width=\u00a0\u00bb1\/4&Prime; el_class=\u00a0\u00bbencart-produits\u00a0\u00bb][vc_single_image image=\u00a0\u00bb1302&Prime; img_size=\u00a0\u00bbfull\u00a0\u00bb alignment=\u00a0\u00bbcenter\u00a0\u00bb el_class=\u00a0\u00bbphotomachine bloc-img-machine\u00a0\u00bb][vc_column_text]<\/p>\n<h3 style=\"text-align: center;\"><span style=\"color: #009fe1;\">SpotCool Evolution<br \/>\n<\/span><\/h3>\n<p>[\/vc_column_text][vc_btn title=\u00a0\u00bbPlus d&rsquo;info\u00a0\u00bb style=\u00a0\u00bbcustom\u00a0\u00bb custom_background=\u00a0\u00bb#ffffff\u00a0\u00bb custom_text=\u00a0\u00bb#383838&Prime; shape=\u00a0\u00bbround\u00a0\u00bb align=\u00a0\u00bbcenter\u00a0\u00bb link=\u00a0\u00bburl:https%3A%2F%2Flethiguel.com%2Ffr%2Fspotcool-evolution.html|title:SpotCool%20Evolution||\u00a0\u00bb el_class=\u00a0\u00bbbtn-encart\u00a0\u00bb][\/vc_column][vc_column width=\u00a0\u00bb1\/4&Prime; el_class=\u00a0\u00bbencart-produits\u00a0\u00bb][vc_single_image image=\u00a0\u00bb1317&Prime; img_size=\u00a0\u00bbfull\u00a0\u00bb alignment=\u00a0\u00bbcenter\u00a0\u00bb el_class=\u00a0\u00bbphotomachine bloc-img-machine\u00a0\u00bb][vc_column_text]<\/p>\n<h3 style=\"text-align: center;\"><span style=\"color: #009fe1;\">SpotCool Performance<\/span><\/h3>\n<p>[\/vc_column_text][vc_btn title=\u00a0\u00bbPlus d&rsquo;info\u00a0\u00bb style=\u00a0\u00bbcustom\u00a0\u00bb custom_background=\u00a0\u00bb#ffffff\u00a0\u00bb custom_text=\u00a0\u00bb#383838&Prime; shape=\u00a0\u00bbround\u00a0\u00bb align=\u00a0\u00bbcenter\u00a0\u00bb link=\u00a0\u00bburl:https%3A%2F%2Flethiguel.com\/fr%2Fspotcool-performance.html|title:SpotCool%20Performance||\u00a0\u00bb el_class=\u00a0\u00bbbtn-encart\u00a0\u00bb][\/vc_column][vc_column width=\u00a0\u00bb1\/4&Prime; el_class=\u00a0\u00bbencart-produits\u00a0\u00bb][vc_single_image image=\u00a0\u00bb1212&Prime; img_size=\u00a0\u00bbfull\u00a0\u00bb alignment=\u00a0\u00bbcenter\u00a0\u00bb el_class=\u00a0\u00bbphotomachine bloc-img-machine\u00a0\u00bb][vc_column_text]<\/p>\n<h3 style=\"text-align: center;\"><span style=\"color: #009fe1;\">R\u00e9partiteurs<\/span><\/h3>\n<p>[\/vc_column_text][vc_btn title=\u00a0\u00bbPlus d&rsquo;info\u00a0\u00bb style=\u00a0\u00bbcustom\u00a0\u00bb custom_background=\u00a0\u00bb#ffffff\u00a0\u00bb custom_text=\u00a0\u00bb#383838&Prime; shape=\u00a0\u00bbround\u00a0\u00bb align=\u00a0\u00bbcenter\u00a0\u00bb link=\u00a0\u00bburl:https%3A%2F%2Flethiguel.com%2Ffr%2Frepartiteurs.html|title:Manifolds||\u00a0\u00bb el_class=\u00a0\u00bbbtn-encart\u00a0\u00bb][\/vc_column][\/vc_row][vc_row type=\u00a0\u00bbvc_default\u00a0\u00bb gap=\u00a0\u00bb10&Prime; equal_height=\u00a0\u00bbyes\u00a0\u00bb css_animation=\u00a0\u00bbfadeInDown\u00a0\u00bb el_class=\u00a0\u00bbrow-produits\u00a0\u00bb][vc_column width=\u00a0\u00bb1\/4&Prime; el_class=\u00a0\u00bbencart-produits\u00a0\u00bb][vc_single_image image=\u00a0\u00bb1205&Prime; img_size=\u00a0\u00bbfull\u00a0\u00bb alignment=\u00a0\u00bbcenter\u00a0\u00bb el_class=\u00a0\u00bbphotomachine bloc-img-machine\u00a0\u00bb][vc_column_text]<\/p>\n<h3 style=\"text-align: center;\"><span style=\"color: #009fe1;\">Broches<\/span><\/h3>\n<p>[\/vc_column_text][vc_btn title=\u00a0\u00bbPlus d&rsquo;info\u00a0\u00bb style=\u00a0\u00bbcustom\u00a0\u00bb custom_background=\u00a0\u00bb#ffffff\u00a0\u00bb custom_text=\u00a0\u00bb#383838&Prime; shape=\u00a0\u00bbround\u00a0\u00bb align=\u00a0\u00bbcenter\u00a0\u00bb link=\u00a0\u00bburl:https%3A%2F%2Flethiguel.com%2Ffr%2Fbroche-jet-cooler.html|title:Corepins||\u00a0\u00bb el_class=\u00a0\u00bbbtn-encart\u00a0\u00bb][\/vc_column][vc_column width=\u00a0\u00bb1\/4&Prime; el_class=\u00a0\u00bbencart-produits\u00a0\u00bb][vc_single_image image=\u00a0\u00bb1210&Prime; img_size=\u00a0\u00bbfull\u00a0\u00bb alignment=\u00a0\u00bbcenter\u00a0\u00bb el_class=\u00a0\u00bbphotomachine bloc-img-machine\u00a0\u00bb][vc_column_text]<\/p>\n<h3 style=\"text-align: center;\"><span style=\"color: #009fe1;\">D\u00e9bitm\u00e8tre Flowmaster<br \/>\n<\/span><\/h3>\n<p>[\/vc_column_text][vc_btn title=\u00a0\u00bbPlus d&rsquo;info\u00a0\u00bb style=\u00a0\u00bbcustom\u00a0\u00bb custom_background=\u00a0\u00bb#ffffff\u00a0\u00bb custom_text=\u00a0\u00bb#383838&Prime; shape=\u00a0\u00bbround\u00a0\u00bb align=\u00a0\u00bbcenter\u00a0\u00bb link=\u00a0\u00bburl:https%3A%2F%2Flethiguel.com%2Ffr%2Fdebitmetre-flowmaster-fonderie.html|title:Flowmaster||\u00a0\u00bb el_class=\u00a0\u00bbbtn-encart\u00a0\u00bb][\/vc_column][vc_column width=\u00a0\u00bb1\/4&Prime; el_class=\u00a0\u00bbencart-produits\u00a0\u00bb][vc_single_image image=\u00a0\u00bb1322&Prime; img_size=\u00a0\u00bbfull\u00a0\u00bb alignment=\u00a0\u00bbcenter\u00a0\u00bb el_class=\u00a0\u00bbphotomachine bloc-img-machine\u00a0\u00bb][vc_column_text]<\/p>\n<h3 style=\"text-align: center;\"><span style=\"color: #009fe1;\">Water Check<br \/>\n<\/span><\/h3>\n<p>[\/vc_column_text][vc_btn title=\u00a0\u00bbPlus d&rsquo;info\u00a0\u00bb style=\u00a0\u00bbcustom\u00a0\u00bb custom_background=\u00a0\u00bb#ffffff\u00a0\u00bb custom_text=\u00a0\u00bb#383838&Prime; shape=\u00a0\u00bbround\u00a0\u00bb align=\u00a0\u00bbcenter\u00a0\u00bb link=\u00a0\u00bburl:https%3A%2F%2Flethiguel.com%2Ffr%2Fspotcool-water-check.html|title:SpotCool%20Mini%20Water%20Check||\u00a0\u00bb el_class=\u00a0\u00bbbtn-encart\u00a0\u00bb][\/vc_column][vc_column width=\u00a0\u00bb1\/4&Prime; el_class=\u00a0\u00bbencart-produits\u00a0\u00bb][vc_single_image image=\u00a0\u00bb1311&Prime; img_size=\u00a0\u00bbfull\u00a0\u00bb alignment=\u00a0\u00bbcenter\u00a0\u00bb el_class=\u00a0\u00bbphotomachine bloc-img-machine\u00a0\u00bb][vc_column_text]<\/p>\n<h3 style=\"text-align: center;\"><span style=\"color: #009fe1;\">Mini Water Check<br \/>\n<\/span><\/h3>\n<p>[\/vc_column_text][vc_btn title=\u00a0\u00bbPlus d&rsquo;info\u00a0\u00bb style=\u00a0\u00bbcustom\u00a0\u00bb custom_background=\u00a0\u00bb#ffffff\u00a0\u00bb custom_text=\u00a0\u00bb#383838&Prime; shape=\u00a0\u00bbround\u00a0\u00bb align=\u00a0\u00bbcenter\u00a0\u00bb link=\u00a0\u00bburl:https%3A%2F%2Flethiguel.com\/fr%2Fspotcool-mini-water-check.html|title:SpotCool%20Mini%20Water%20Check||\u00a0\u00bb el_class=\u00a0\u00bbbtn-encart\u00a0\u00bb][\/vc_column][\/vc_row][vc_row type=\u00a0\u00bbvc_default\u00a0\u00bb gap=\u00a0\u00bb10&Prime; equal_height=\u00a0\u00bbyes\u00a0\u00bb css_animation=\u00a0\u00bbfadeInDown\u00a0\u00bb el_class=\u00a0\u00bbrow-produits\u00a0\u00bb][vc_column width=\u00a0\u00bb1\/4&Prime; el_class=\u00a0\u00bbencart-produits\u00a0\u00bb][vc_single_image image=\u00a0\u00bb1417&Prime; img_size=\u00a0\u00bbfull\u00a0\u00bb alignment=\u00a0\u00bbcenter\u00a0\u00bb el_class=\u00a0\u00bbphotomachine bloc-img-machine\u00a0\u00bb][vc_column_text]<\/p>\n<h3 style=\"text-align: center;\"><span style=\"color: #009fe1;\">Adoucisseur d&rsquo;eau<br \/>\n<\/span><\/h3>\n<p>[\/vc_column_text][vc_btn title=\u00a0\u00bbPlus d&rsquo;info\u00a0\u00bb style=\u00a0\u00bbcustom\u00a0\u00bb custom_background=\u00a0\u00bb#ffffff\u00a0\u00bb custom_text=\u00a0\u00bb#383838&Prime; shape=\u00a0\u00bbround\u00a0\u00bb align=\u00a0\u00bbcenter\u00a0\u00bb link=\u00a0\u00bburl:https%3A%2F%2Flethiguel.com%2Ffr%2Fadoucisseur-eau-spotcool.html|title:SpotCool%20Water%20Softener||\u00a0\u00bb el_class=\u00a0\u00bbbtn-encart\u00a0\u00bb][\/vc_column][vc_column width=\u00a0\u00bb1\/4&Prime; el_class=\u00a0\u00bbencart-produits\u00a0\u00bb][vc_single_image image=\u00a0\u00bb1270&Prime; img_size=\u00a0\u00bbfull\u00a0\u00bb alignment=\u00a0\u00bbcenter\u00a0\u00bb el_class=\u00a0\u00bbphotomachine bloc-img-machine\u00a0\u00bb][vc_column_text]<\/p>\n<h3 style=\"text-align: center;\"><span style=\"color: #009fe1;\">Jet Cooler<br \/>\n<\/span><\/h3>\n<p>[\/vc_column_text][vc_btn title=\u00a0\u00bbPlus d&rsquo;info\u00a0\u00bb style=\u00a0\u00bbcustom\u00a0\u00bb custom_background=\u00a0\u00bb#ffffff\u00a0\u00bb custom_text=\u00a0\u00bb#383838&Prime; shape=\u00a0\u00bbround\u00a0\u00bb align=\u00a0\u00bbcenter\u00a0\u00bb link=\u00a0\u00bburl:https%3A%2F%2Flethiguel.com%2Ffr%2Fsolution-refroidissement-jet-cooler.html|title:Jet%20cooler||\u00a0\u00bb el_class=\u00a0\u00bbbtn-encart\u00a0\u00bb][\/vc_column][vc_column width=\u00a0\u00bb1\/4&Prime; el_class=\u00a0\u00bbencart-produits\u00a0\u00bb][vc_single_image image=\u00a0\u00bb1370&Prime; img_size=\u00a0\u00bbfull\u00a0\u00bb alignment=\u00a0\u00bbcenter\u00a0\u00bb el_class=\u00a0\u00bbphotomachine bloc-img-machine\u00a0\u00bb][vc_column_text]<\/p>\n<h3 style=\"text-align: center;\"><span style=\"color: #009fe1;\">Pack de raccordement<br \/>\n<\/span><\/h3>\n<p>[\/vc_column_text][vc_btn title=\u00a0\u00bbPlus d&rsquo;info\u00a0\u00bb style=\u00a0\u00bbcustom\u00a0\u00bb custom_background=\u00a0\u00bb#ffffff\u00a0\u00bb custom_text=\u00a0\u00bb#383838&Prime; shape=\u00a0\u00bbround\u00a0\u00bb align=\u00a0\u00bbcenter\u00a0\u00bb link=\u00a0\u00bburl:https%3A%2F%2Flethiguel.com%2Ffr%2Fpack-raccordement.html|title:Connection%20pack||\u00a0\u00bb el_class=\u00a0\u00bbbtn-encart\u00a0\u00bb][\/vc_column][vc_column width=\u00a0\u00bb1\/4&Prime;][\/vc_column][\/vc_row]<\/p>\n<\/section>","protected":false},"excerpt":{"rendered":"<p>[vc_row][vc_column][rev_slider alias=\u00a0\u00bbCooling solutions\u00a0\u00bb][vc_empty_space][vc_row_inner][vc_column_inner][vc_column_text css_animation=\u00a0\u00bbfadeInLeft\u00a0\u00bb]Jet Cooling optimisera votre qualit\u00e9 de moulage sous pression et temps du cycle. Il vous apporte une haute qualit\u00e9 et performance pour les entreprises innovantes. Initialement, cette technologie a \u00e9t\u00e9 d\u00e9velopp\u00e9e et brevet\u00e9e par Ahresty Japon. En tant que partenaire proche, nous distribuons les syst\u00e8mes Ahresty et a \u00e9galement d\u00e9velopp\u00e9 notre propre&hellip;<\/p>\n","protected":false},"author":1,"featured_media":0,"parent":0,"menu_order":0,"comment_status":"closed","ping_status":"closed","template":"","meta":{"footnotes":""},"class_list":["post-84","page","type-page","status-publish","hentry","description-off"],"yoast_head":"<!-- This site is optimized with the Yoast SEO plugin v27.4 - https:\/\/yoast.com\/product\/yoast-seo-wordpress\/ -->\n<title>Lethiguel<\/title>\n<meta name=\"description\" content=\"LETHIGUEL fabrique des syst\u00e8mes Jet Cooling pour le contr\u00f4le thermique. Contactez-nous pour les d\u00e9tails sur notre technologie.\" \/>\n<meta name=\"robots\" content=\"index, follow, max-snippet:-1, max-image-preview:large, max-video-preview:-1\" \/>\n<link rel=\"canonical\" href=\"https:\/\/lethiguel.com\/fr\/solutions-refroidissement.html\" \/>\n<meta property=\"og:locale\" content=\"fr_FR\" \/>\n<meta property=\"og:type\" content=\"article\" \/>\n<meta property=\"og:title\" content=\"Lethiguel\" \/>\n<meta property=\"og:description\" content=\"LETHIGUEL fabrique des syst\u00e8mes Jet Cooling pour le contr\u00f4le thermique. Contactez-nous pour les d\u00e9tails sur notre technologie.\" \/>\n<meta property=\"og:url\" content=\"https:\/\/lethiguel.com\/fr\/solutions-refroidissement.html\" \/>\n<meta property=\"og:site_name\" content=\"Lethiguel Fran\u00e7ais\" \/>\n<meta property=\"article:modified_time\" content=\"2025-05-30T12:33:09+00:00\" \/>\n<meta name=\"twitter:card\" content=\"summary_large_image\" \/>\n<meta name=\"twitter:label1\" content=\"Dur\u00e9e de lecture estim\u00e9e\" \/>\n\t<meta name=\"twitter:data1\" content=\"4 minutes\" \/>\n<script type=\"application\/ld+json\" class=\"yoast-schema-graph\">{\"@context\":\"https:\\\/\\\/schema.org\",\"@graph\":[{\"@type\":\"WebPage\",\"@id\":\"https:\\\/\\\/lethiguel.com\\\/fr\\\/solutions-refroidissement.html\",\"url\":\"https:\\\/\\\/lethiguel.com\\\/fr\\\/solutions-refroidissement.html\",\"name\":\"Lethiguel\",\"isPartOf\":{\"@id\":\"https:\\\/\\\/lethiguel.com\\\/fr\\\/#website\"},\"datePublished\":\"2019-06-18T13:19:24+00:00\",\"dateModified\":\"2025-05-30T12:33:09+00:00\",\"description\":\"LETHIGUEL fabrique des syst\u00e8mes Jet Cooling pour le contr\u00f4le thermique. Contactez-nous pour les d\u00e9tails sur notre technologie.\",\"breadcrumb\":{\"@id\":\"https:\\\/\\\/lethiguel.com\\\/fr\\\/solutions-refroidissement.html#breadcrumb\"},\"inLanguage\":\"fr-FR\",\"potentialAction\":[{\"@type\":\"ReadAction\",\"target\":[\"https:\\\/\\\/lethiguel.com\\\/fr\\\/solutions-refroidissement.html\"]}]},{\"@type\":\"BreadcrumbList\",\"@id\":\"https:\\\/\\\/lethiguel.com\\\/fr\\\/solutions-refroidissement.html#breadcrumb\",\"itemListElement\":[{\"@type\":\"ListItem\",\"position\":1,\"name\":\"Accueil\",\"item\":\"https:\\\/\\\/lethiguel.com\\\/fr\\\/\"},{\"@type\":\"ListItem\",\"position\":2,\"name\":\"Solutions de refroidissement\"}]},{\"@type\":\"WebSite\",\"@id\":\"https:\\\/\\\/lethiguel.com\\\/fr\\\/#website\",\"url\":\"https:\\\/\\\/lethiguel.com\\\/fr\\\/\",\"name\":\"Lethiguel Fran\u00e7ais\",\"description\":\"Heating and cooling solutions\",\"potentialAction\":[{\"@type\":\"SearchAction\",\"target\":{\"@type\":\"EntryPoint\",\"urlTemplate\":\"https:\\\/\\\/lethiguel.com\\\/fr\\\/?s={search_term_string}\"},\"query-input\":{\"@type\":\"PropertyValueSpecification\",\"valueRequired\":true,\"valueName\":\"search_term_string\"}}],\"inLanguage\":\"fr-FR\"}]}<\/script>\n<!-- \/ Yoast SEO plugin. -->","yoast_head_json":{"title":"Lethiguel","description":"LETHIGUEL fabrique des syst\u00e8mes Jet Cooling pour le contr\u00f4le thermique. Contactez-nous pour les d\u00e9tails sur notre technologie.","robots":{"index":"index","follow":"follow","max-snippet":"max-snippet:-1","max-image-preview":"max-image-preview:large","max-video-preview":"max-video-preview:-1"},"canonical":"https:\/\/lethiguel.com\/fr\/solutions-refroidissement.html","og_locale":"fr_FR","og_type":"article","og_title":"Lethiguel","og_description":"LETHIGUEL fabrique des syst\u00e8mes Jet Cooling pour le contr\u00f4le thermique. Contactez-nous pour les d\u00e9tails sur notre technologie.","og_url":"https:\/\/lethiguel.com\/fr\/solutions-refroidissement.html","og_site_name":"Lethiguel Fran\u00e7ais","article_modified_time":"2025-05-30T12:33:09+00:00","twitter_card":"summary_large_image","twitter_misc":{"Dur\u00e9e de lecture estim\u00e9e":"4 minutes"},"schema":{"@context":"https:\/\/schema.org","@graph":[{"@type":"WebPage","@id":"https:\/\/lethiguel.com\/fr\/solutions-refroidissement.html","url":"https:\/\/lethiguel.com\/fr\/solutions-refroidissement.html","name":"Lethiguel","isPartOf":{"@id":"https:\/\/lethiguel.com\/fr\/#website"},"datePublished":"2019-06-18T13:19:24+00:00","dateModified":"2025-05-30T12:33:09+00:00","description":"LETHIGUEL fabrique des syst\u00e8mes Jet Cooling pour le contr\u00f4le thermique. Contactez-nous pour les d\u00e9tails sur notre technologie.","breadcrumb":{"@id":"https:\/\/lethiguel.com\/fr\/solutions-refroidissement.html#breadcrumb"},"inLanguage":"fr-FR","potentialAction":[{"@type":"ReadAction","target":["https:\/\/lethiguel.com\/fr\/solutions-refroidissement.html"]}]},{"@type":"BreadcrumbList","@id":"https:\/\/lethiguel.com\/fr\/solutions-refroidissement.html#breadcrumb","itemListElement":[{"@type":"ListItem","position":1,"name":"Accueil","item":"https:\/\/lethiguel.com\/fr\/"},{"@type":"ListItem","position":2,"name":"Solutions de refroidissement"}]},{"@type":"WebSite","@id":"https:\/\/lethiguel.com\/fr\/#website","url":"https:\/\/lethiguel.com\/fr\/","name":"Lethiguel Fran\u00e7ais","description":"Heating and cooling solutions","potentialAction":[{"@type":"SearchAction","target":{"@type":"EntryPoint","urlTemplate":"https:\/\/lethiguel.com\/fr\/?s={search_term_string}"},"query-input":{"@type":"PropertyValueSpecification","valueRequired":true,"valueName":"search_term_string"}}],"inLanguage":"fr-FR"}]}},"_links":{"self":[{"href":"https:\/\/lethiguel.com\/fr\/wp-json\/wp\/v2\/pages\/84","targetHints":{"allow":["GET"]}}],"collection":[{"href":"https:\/\/lethiguel.com\/fr\/wp-json\/wp\/v2\/pages"}],"about":[{"href":"https:\/\/lethiguel.com\/fr\/wp-json\/wp\/v2\/types\/page"}],"author":[{"embeddable":true,"href":"https:\/\/lethiguel.com\/fr\/wp-json\/wp\/v2\/users\/1"}],"replies":[{"embeddable":true,"href":"https:\/\/lethiguel.com\/fr\/wp-json\/wp\/v2\/comments?post=84"}],"version-history":[{"count":73,"href":"https:\/\/lethiguel.com\/fr\/wp-json\/wp\/v2\/pages\/84\/revisions"}],"predecessor-version":[{"id":2196,"href":"https:\/\/lethiguel.com\/fr\/wp-json\/wp\/v2\/pages\/84\/revisions\/2196"}],"wp:attachment":[{"href":"https:\/\/lethiguel.com\/fr\/wp-json\/wp\/v2\/media?parent=84"}],"curies":[{"name":"wp","href":"https:\/\/api.w.org\/{rel}","templated":true}]}}