{"id":87,"date":"2019-06-18T15:19:57","date_gmt":"2019-06-18T13:19:57","guid":{"rendered":"https:\/\/lethiguel.com\/fr\/?page_id=87"},"modified":"2023-08-10T10:38:14","modified_gmt":"2023-08-10T08:38:14","slug":"solutions-chauffage","status":"publish","type":"page","link":"https:\/\/lethiguel.com\/fr\/solutions-chauffage.html","title":{"rendered":"Solutions de chauffage"},"content":{"rendered":"<section class=\"wpb-content-wrapper\"><p>[vc_row][vc_column][vc_column_text css_animation=\u00a0\u00bbfadeInLeft\u00a0\u00bb el_class=\u00a0\u00bbtxt-header\u00a0\u00bb]<\/p>\n<h3>Lethiguel offre une vaste gamme de solutions de chauffage, des thermoplongeurs jusqu&rsquo;aux fours sur mesure.<\/h3>\n<p>Notre solution chauffage principale: thermoplongeur aluminium, une nouvelle technique pour augmenter efficacit\u00e9 de chauffage. Nous optimisons vos:<\/p>\n<ul>\n<li>Productivit\u00e9<\/li>\n<li>La qualit\u00e9 du m\u00e9tal<\/li>\n<li>\u00c9conomies d&rsquo;\u00e9nergie<\/li>\n<\/ul>\n<p>N&rsquo;h\u00e9sitez pas \u00e0 nous contacter pour nous fournir votre cas. Ensuite nous allons \u00e9tudier et vous offrez la meilleure solution.[\/vc_column_text][vc_btn title=\u00a0\u00bbContactez nous\u00a0\u00bb align=\u00a0\u00bbleft\u00a0\u00bb css_animation=\u00a0\u00bbfadeInLeft\u00a0\u00bb link=\u00a0\u00bburl:https%3A%2F%2Flethiguel.com\/fr%2Fcontact.html|||\u00a0\u00bb][vc_separator color=\u00a0\u00bbcustom\u00a0\u00bb accent_color=\u00a0\u00bb#474747&Prime;][\/vc_column][\/vc_row][vc_row][vc_column animation=\u00a0\u00bbfadeInDownBig\u00a0\u00bb][vc_column_text css_animation=\u00a0\u00bbfadeInUp\u00a0\u00bb]<\/p>\n<h3 style=\"text-align: center;\"><span style=\"color: #ff0000;\">Des produits exclusifs pour les fonderies innovantes\u00a0<\/span><\/h3>\n<p>[\/vc_column_text][\/vc_column][\/vc_row][vc_row type=\u00a0\u00bbvc_default\u00a0\u00bb gap=\u00a0\u00bb10&Prime; equal_height=\u00a0\u00bbyes\u00a0\u00bb css_animation=\u00a0\u00bbfadeInDown\u00a0\u00bb el_class=\u00a0\u00bbrow-produits\u00a0\u00bb][vc_column width=\u00a0\u00bb1\/4&Prime; el_class=\u00a0\u00bbencart-produits\u00a0\u00bb][vc_single_image image=\u00a0\u00bb1327&Prime; img_size=\u00a0\u00bbfull\u00a0\u00bb alignment=\u00a0\u00bbcenter\u00a0\u00bb el_class=\u00a0\u00bbphotomachine bloc-img-machine\u00a0\u00bb][vc_column_text el_class=\u00a0\u00bbtitre-trop-long\u00a0\u00bb]<\/p>\n<h3 style=\"text-align: center;\"><span style=\"color: #009fe1;\"><span style=\"color: #cf302d;\">Thermoplongeur Thermal Power<\/span><br \/>\n<\/span><\/h3>\n<p>[\/vc_column_text][vc_btn title=\u00a0\u00bbPlus d&rsquo;info\u00a0\u00bb style=\u00a0\u00bbcustom\u00a0\u00bb custom_background=\u00a0\u00bb#ffffff\u00a0\u00bb custom_text=\u00a0\u00bb#383838&Prime; shape=\u00a0\u00bbround\u00a0\u00bb align=\u00a0\u00bbcenter\u00a0\u00bb link=\u00a0\u00bburl:https%3A%2F%2Flethiguel.com%2Ffr%2Fthermoplongeur-thermal-power.html|title:Thermal%20Power%20heater||\u00a0\u00bb el_class=\u00a0\u00bbbtn-encart\u00a0\u00bb][\/vc_column][vc_column width=\u00a0\u00bb1\/4&Prime; el_class=\u00a0\u00bbencart-produits\u00a0\u00bb][vc_single_image image=\u00a0\u00bb1334&Prime; img_size=\u00a0\u00bbfull\u00a0\u00bb alignment=\u00a0\u00bbcenter\u00a0\u00bb el_class=\u00a0\u00bbphotomachine bloc-img-machine\u00a0\u00bb][vc_column_text el_class=\u00a0\u00bbtitre-trop-long\u00a0\u00bb]<\/p>\n<h3 style=\"text-align: center;\"><span style=\"color: #009fe1;\"><span style=\"color: #cf302d;\">Thermoplongeur type L<\/span><br \/>\n<\/span><\/h3>\n<p>[\/vc_column_text][vc_btn title=\u00a0\u00bbPlus d&rsquo;info\u00a0\u00bb style=\u00a0\u00bbcustom\u00a0\u00bb custom_background=\u00a0\u00bb#ffffff\u00a0\u00bb custom_text=\u00a0\u00bb#383838&Prime; shape=\u00a0\u00bbround\u00a0\u00bb align=\u00a0\u00bbcenter\u00a0\u00bb link=\u00a0\u00bburl:https%3A%2F%2Flethiguel.com%2Ffr%2Fthermoplongeur-type-l.html|title:L-Type%20Thermal%20Power%20heater||\u00a0\u00bb el_class=\u00a0\u00bbbtn-encart\u00a0\u00bb][\/vc_column][vc_column width=\u00a0\u00bb1\/4&Prime; el_class=\u00a0\u00bbencart-produits\u00a0\u00bb][vc_single_image image=\u00a0\u00bb1971&Prime; img_size=\u00a0\u00bbmedium\u00a0\u00bb alignment=\u00a0\u00bbcenter\u00a0\u00bb el_class=\u00a0\u00bbphotomachine bloc-img-machine\u00a0\u00bb][vc_column_text]<\/p>\n<h3 style=\"text-align: center;\"><span style=\"color: #cf302d;\">WattMobil<\/span><\/h3>\n<p>[\/vc_column_text][vc_btn title=\u00a0\u00bbPlus d&rsquo;info\u00a0\u00bb style=\u00a0\u00bbcustom\u00a0\u00bb custom_background=\u00a0\u00bb#ffffff\u00a0\u00bb custom_text=\u00a0\u00bb#383838&Prime; shape=\u00a0\u00bbround\u00a0\u00bb align=\u00a0\u00bbcenter\u00a0\u00bb link=\u00a0\u00bburl:https%3A%2F%2Flethiguel.com%2Ffr%2Fchauffage-metal-wattmobil.html|title:WattMobil||\u00a0\u00bb el_class=\u00a0\u00bbbtn-encart\u00a0\u00bb][\/vc_column][vc_column width=\u00a0\u00bb1\/4&Prime; el_class=\u00a0\u00bbencart-produits\u00a0\u00bb][vc_single_image image=\u00a0\u00bb1286&Prime; img_size=\u00a0\u00bbfull\u00a0\u00bb alignment=\u00a0\u00bbcenter\u00a0\u00bb el_class=\u00a0\u00bbphotomachine bloc-img-machine\u00a0\u00bb][vc_column_text]<\/p>\n<h3 style=\"text-align: center;\"><span style=\"color: #cf302d;\">QuickCheck<\/span><\/h3>\n<p>[\/vc_column_text][vc_btn title=\u00a0\u00bbPlus d&rsquo;info\u00a0\u00bb style=\u00a0\u00bbcustom\u00a0\u00bb custom_background=\u00a0\u00bb#ffffff\u00a0\u00bb custom_text=\u00a0\u00bb#383838&Prime; shape=\u00a0\u00bbround\u00a0\u00bb align=\u00a0\u00bbcenter\u00a0\u00bb link=\u00a0\u00bburl:https%3A%2F%2Flethiguel.com%2Ffr%2Fthermocouple-quickcheck.html|title:QuickCheck||\u00a0\u00bb el_class=\u00a0\u00bbbtn-encart\u00a0\u00bb][\/vc_column][\/vc_row][vc_row type=\u00a0\u00bbvc_default\u00a0\u00bb gap=\u00a0\u00bb10&Prime; equal_height=\u00a0\u00bbyes\u00a0\u00bb css_animation=\u00a0\u00bbfadeInDown\u00a0\u00bb el_class=\u00a0\u00bbrow-produits\u00a0\u00bb][vc_column width=\u00a0\u00bb1\/4&Prime; el_class=\u00a0\u00bbencart-produits\u00a0\u00bb][vc_single_image image=\u00a0\u00bb1177&Prime; img_size=\u00a0\u00bbfull\u00a0\u00bb alignment=\u00a0\u00bbcenter\u00a0\u00bb el_class=\u00a0\u00bbphotomachine bloc-img-machine\u00a0\u00bb][vc_column_text]<\/p>\n<h3 style=\"text-align: center;\"><span style=\"color: #009fe1;\"><span style=\"color: #cf302d;\">Air Thermal Power<\/span><br \/>\n<\/span><\/h3>\n<p>[\/vc_column_text][vc_btn title=\u00a0\u00bbPlus d&rsquo;info\u00a0\u00bb style=\u00a0\u00bbcustom\u00a0\u00bb custom_background=\u00a0\u00bb#ffffff\u00a0\u00bb custom_text=\u00a0\u00bb#383838&Prime; shape=\u00a0\u00bbround\u00a0\u00bb align=\u00a0\u00bbcenter\u00a0\u00bb link=\u00a0\u00bburl:https%3A%2F%2Flethiguel.com%2Ffr%2Fappareil-rechauffage-air-thermal-power.html|title:Air%20Thermal%20Power%20heater||\u00a0\u00bb el_class=\u00a0\u00bbbtn-encart\u00a0\u00bb][\/vc_column][vc_column width=\u00a0\u00bb1\/4&Prime; el_class=\u00a0\u00bbencart-produits\u00a0\u00bb][vc_single_image image=\u00a0\u00bb572&Prime; img_size=\u00a0\u00bbfull\u00a0\u00bb alignment=\u00a0\u00bbcenter\u00a0\u00bb el_class=\u00a0\u00bbphotomachine bloc-img-machine\u00a0\u00bb][vc_column_text]<\/p>\n<h3 style=\"text-align: center;\"><span style=\"color: #009fe1;\"><span style=\"color: #cf302d;\">Ceral<\/span><br \/>\n<\/span><\/h3>\n<p>[\/vc_column_text][vc_btn title=\u00a0\u00bbPlus d&rsquo;info\u00a0\u00bb style=\u00a0\u00bbcustom\u00a0\u00bb custom_background=\u00a0\u00bb#ffffff\u00a0\u00bb custom_text=\u00a0\u00bb#383838&Prime; shape=\u00a0\u00bbround\u00a0\u00bb align=\u00a0\u00bbcenter\u00a0\u00bb link=\u00a0\u00bburl:https%3A%2F%2Flethiguel.com\/fr%2Fceral.html|title:Ceral||\u00a0\u00bb el_class=\u00a0\u00bbbtn-encart\u00a0\u00bb][\/vc_column][vc_column width=\u00a0\u00bb1\/4&Prime; el_class=\u00a0\u00bbencart-produits\u00a0\u00bb][vc_single_image image=\u00a0\u00bb1187&Prime; img_size=\u00a0\u00bbfull\u00a0\u00bb alignment=\u00a0\u00bbcenter\u00a0\u00bb el_class=\u00a0\u00bbphotomachine bloc-img-machine\u00a0\u00bb][vc_column_text]<\/p>\n<h3 style=\"text-align: center;\"><span style=\"color: #009fe1;\"><span style=\"color: #cf302d;\">Al Clean<\/span><br \/>\n<\/span><\/h3>\n<p>[\/vc_column_text][vc_btn title=\u00a0\u00bbPlus d&rsquo;info\u00a0\u00bb style=\u00a0\u00bbcustom\u00a0\u00bb custom_background=\u00a0\u00bb#ffffff\u00a0\u00bb custom_text=\u00a0\u00bb#383838&Prime; shape=\u00a0\u00bbround\u00a0\u00bb align=\u00a0\u00bbcenter\u00a0\u00bb link=\u00a0\u00bburl:https%3A%2F%2Flethiguel.com%2Ffr%2Ffour-maintien-temperature-aluminium-al-clean.html|title:Al%20Clean||\u00a0\u00bb el_class=\u00a0\u00bbbtn-encart\u00a0\u00bb][\/vc_column][vc_column width=\u00a0\u00bb1\/4&Prime; el_class=\u00a0\u00bbencart-produits\u00a0\u00bb][vc_single_image image=\u00a0\u00bb1014&Prime; img_size=\u00a0\u00bbfull\u00a0\u00bb alignment=\u00a0\u00bbcenter\u00a0\u00bb el_class=\u00a0\u00bbphotomachine bloc-img-machine\u00a0\u00bb][vc_column_text]<\/p>\n<h3 style=\"text-align: center;\"><span style=\"color: #cf302d;\">Fours sur mesure<\/span><span style=\"color: #009fe1;\"><br \/>\n<\/span><\/h3>\n<p>[\/vc_column_text][vc_btn title=\u00a0\u00bbPlus d&rsquo;info\u00a0\u00bb style=\u00a0\u00bbcustom\u00a0\u00bb custom_background=\u00a0\u00bb#ffffff\u00a0\u00bb custom_text=\u00a0\u00bb#383838&Prime; shape=\u00a0\u00bbround\u00a0\u00bb align=\u00a0\u00bbcenter\u00a0\u00bb link=\u00a0\u00bburl:https%3A%2F%2Flethiguel.com%2Ffr%2Ffour-sur-mesure-fonderie-moulage-gravite.html|title:Customized%20furnaces||\u00a0\u00bb el_class=\u00a0\u00bbbtn-encart\u00a0\u00bb][\/vc_column][\/vc_row][vc_row type=\u00a0\u00bbvc_default\u00a0\u00bb gap=\u00a0\u00bb10&Prime; equal_height=\u00a0\u00bbyes\u00a0\u00bb css_animation=\u00a0\u00bbfadeInDown\u00a0\u00bb el_class=\u00a0\u00bbrow-produits\u00a0\u00bb][vc_column width=\u00a0\u00bb1\/4&Prime; el_class=\u00a0\u00bbencart-produits\u00a0\u00bb][vc_single_image image=\u00a0\u00bb1333&Prime; img_size=\u00a0\u00bbfull\u00a0\u00bb alignment=\u00a0\u00bbcenter\u00a0\u00bb el_class=\u00a0\u00bbphotomachine bloc-img-machine\u00a0\u00bb][vc_column_text]<\/p>\n<h3 style=\"text-align: center;\"><span style=\"color: #009fe1;\"><span style=\"color: #cf302d;\">Twiga<\/span><br \/>\n<\/span><\/h3>\n<p>[\/vc_column_text][vc_btn title=\u00a0\u00bbPlus d&rsquo;info\u00a0\u00bb style=\u00a0\u00bbcustom\u00a0\u00bb custom_background=\u00a0\u00bb#ffffff\u00a0\u00bb custom_text=\u00a0\u00bb#383838&Prime; shape=\u00a0\u00bbround\u00a0\u00bb align=\u00a0\u00bbcenter\u00a0\u00bb link=\u00a0\u00bburl:https%3A%2F%2Flethiguel.com%2Ffr%2Fstation-chauffage-degazage-twiga.html|title:Twiga||\u00a0\u00bb el_class=\u00a0\u00bbbtn-encart\u00a0\u00bb][\/vc_column][vc_column width=\u00a0\u00bb1\/4&Prime; el_class=\u00a0\u00bbencart-produits\u00a0\u00bb][vc_single_image image=\u00a0\u00bb1196&Prime; img_size=\u00a0\u00bbfull\u00a0\u00bb alignment=\u00a0\u00bbcenter\u00a0\u00bb el_class=\u00a0\u00bbphotomachine bloc-img-machine\u00a0\u00bb][vc_column_text]<\/p>\n<h3 style=\"text-align: center;\"><span style=\"color: #009fe1;\"><span style=\"color: #cf302d;\">Kit d&rsquo;entretien<\/span><br \/>\n<\/span><\/h3>\n<p>[\/vc_column_text][vc_btn title=\u00a0\u00bbPlus d&rsquo;info\u00a0\u00bb style=\u00a0\u00bbcustom\u00a0\u00bb custom_background=\u00a0\u00bb#ffffff\u00a0\u00bb custom_text=\u00a0\u00bb#383838&Prime; shape=\u00a0\u00bbround\u00a0\u00bb align=\u00a0\u00bbcenter\u00a0\u00bb link=\u00a0\u00bburl:https%3A%2F%2Flethiguel.com%2Ffr%2Fmateriel-entretien-thermoplongeur-clean-kit.html|title:Clean%20Kit||\u00a0\u00bb el_class=\u00a0\u00bbbtn-encart\u00a0\u00bb][\/vc_column][vc_column width=\u00a0\u00bb1\/4&Prime; el_class=\u00a0\u00bbencart-produits\u00a0\u00bb][vc_single_image image=\u00a0\u00bb1267&Prime; img_size=\u00a0\u00bbfull\u00a0\u00bb alignment=\u00a0\u00bbcenter\u00a0\u00bb el_class=\u00a0\u00bbphotomachine bloc-img-machine\u00a0\u00bb][vc_column_text]<\/p>\n<h3 style=\"text-align: center;\"><span style=\"color: #009fe1;\"><span style=\"color: #cf302d;\">Chariot chauffant<\/span><br \/>\n<\/span><\/h3>\n<p>[\/vc_column_text][vc_btn title=\u00a0\u00bbPlus d&rsquo;info\u00a0\u00bb style=\u00a0\u00bbcustom\u00a0\u00bb custom_background=\u00a0\u00bb#ffffff\u00a0\u00bb custom_text=\u00a0\u00bb#383838&Prime; shape=\u00a0\u00bbround\u00a0\u00bb align=\u00a0\u00bbcenter\u00a0\u00bb link=\u00a0\u00bburl:https%3A%2F%2Flethiguel.com%2Ffr%2Fchariot-chauffant-four-fonderie.html|title:Clean%20Kit||\u00a0\u00bb el_class=\u00a0\u00bbbtn-encart\u00a0\u00bb][\/vc_column][\/vc_row]<\/p>\n<\/section>","protected":false},"excerpt":{"rendered":"<p>[vc_row][vc_column][vc_column_text css_animation=\u00a0\u00bbfadeInLeft\u00a0\u00bb el_class=\u00a0\u00bbtxt-header\u00a0\u00bb] Lethiguel offre une vaste gamme de solutions de chauffage, des thermoplongeurs jusqu&rsquo;aux fours sur mesure. Notre solution chauffage principale: thermoplongeur aluminium, une nouvelle technique pour augmenter efficacit\u00e9 de chauffage. Nous optimisons vos: Productivit\u00e9 La qualit\u00e9 du m\u00e9tal \u00c9conomies d&rsquo;\u00e9nergie N&rsquo;h\u00e9sitez pas \u00e0 nous contacter pour nous fournir votre cas. Ensuite nous allons&hellip;<\/p>\n","protected":false},"author":1,"featured_media":0,"parent":0,"menu_order":0,"comment_status":"closed","ping_status":"closed","template":"","meta":{"footnotes":""},"class_list":["post-87","page","type-page","status-publish","hentry","description-off"],"yoast_head":"<!-- This site is optimized with the Yoast SEO plugin v27.4 - https:\/\/yoast.com\/product\/yoast-seo-wordpress\/ -->\n<title>Lethiguel<\/title>\n<meta name=\"description\" content=\"fournit des solution de chauffage par immersion pour l&#039;industrie : four, thermoplongeur, thermocouple, ... Contactez-nous pour un devis sur mesure.\" \/>\n<meta name=\"robots\" content=\"index, follow, max-snippet:-1, max-image-preview:large, max-video-preview:-1\" \/>\n<link rel=\"canonical\" href=\"https:\/\/lethiguel.com\/fr\/solutions-chauffage.html\" \/>\n<meta property=\"og:locale\" content=\"fr_FR\" \/>\n<meta property=\"og:type\" content=\"article\" \/>\n<meta property=\"og:title\" content=\"Lethiguel\" \/>\n<meta property=\"og:description\" content=\"fournit des solution de chauffage par immersion pour l&#039;industrie : four, thermoplongeur, thermocouple, ... Contactez-nous pour un devis sur mesure.\" \/>\n<meta property=\"og:url\" content=\"https:\/\/lethiguel.com\/fr\/solutions-chauffage.html\" \/>\n<meta property=\"og:site_name\" content=\"Lethiguel Fran\u00e7ais\" \/>\n<meta property=\"article:modified_time\" content=\"2023-08-10T08:38:14+00:00\" \/>\n<meta name=\"twitter:card\" content=\"summary_large_image\" \/>\n<meta name=\"twitter:label1\" content=\"Dur\u00e9e de lecture estim\u00e9e\" \/>\n\t<meta name=\"twitter:data1\" content=\"2 minutes\" \/>\n<script type=\"application\/ld+json\" class=\"yoast-schema-graph\">{\"@context\":\"https:\\\/\\\/schema.org\",\"@graph\":[{\"@type\":\"WebPage\",\"@id\":\"https:\\\/\\\/lethiguel.com\\\/fr\\\/solutions-chauffage.html\",\"url\":\"https:\\\/\\\/lethiguel.com\\\/fr\\\/solutions-chauffage.html\",\"name\":\"Lethiguel\",\"isPartOf\":{\"@id\":\"https:\\\/\\\/lethiguel.com\\\/fr\\\/#website\"},\"datePublished\":\"2019-06-18T13:19:57+00:00\",\"dateModified\":\"2023-08-10T08:38:14+00:00\",\"description\":\"fournit des solution de chauffage par immersion pour l'industrie : four, thermoplongeur, thermocouple, ... Contactez-nous pour un devis sur mesure.\",\"breadcrumb\":{\"@id\":\"https:\\\/\\\/lethiguel.com\\\/fr\\\/solutions-chauffage.html#breadcrumb\"},\"inLanguage\":\"fr-FR\",\"potentialAction\":[{\"@type\":\"ReadAction\",\"target\":[\"https:\\\/\\\/lethiguel.com\\\/fr\\\/solutions-chauffage.html\"]}]},{\"@type\":\"BreadcrumbList\",\"@id\":\"https:\\\/\\\/lethiguel.com\\\/fr\\\/solutions-chauffage.html#breadcrumb\",\"itemListElement\":[{\"@type\":\"ListItem\",\"position\":1,\"name\":\"Accueil\",\"item\":\"https:\\\/\\\/lethiguel.com\\\/fr\\\/\"},{\"@type\":\"ListItem\",\"position\":2,\"name\":\"Solutions de chauffage\"}]},{\"@type\":\"WebSite\",\"@id\":\"https:\\\/\\\/lethiguel.com\\\/fr\\\/#website\",\"url\":\"https:\\\/\\\/lethiguel.com\\\/fr\\\/\",\"name\":\"Lethiguel Fran\u00e7ais\",\"description\":\"Heating and cooling solutions\",\"potentialAction\":[{\"@type\":\"SearchAction\",\"target\":{\"@type\":\"EntryPoint\",\"urlTemplate\":\"https:\\\/\\\/lethiguel.com\\\/fr\\\/?s={search_term_string}\"},\"query-input\":{\"@type\":\"PropertyValueSpecification\",\"valueRequired\":true,\"valueName\":\"search_term_string\"}}],\"inLanguage\":\"fr-FR\"}]}<\/script>\n<!-- \/ Yoast SEO plugin. -->","yoast_head_json":{"title":"Lethiguel","description":"fournit des solution de chauffage par immersion pour l'industrie : four, thermoplongeur, thermocouple, ... Contactez-nous pour un devis sur mesure.","robots":{"index":"index","follow":"follow","max-snippet":"max-snippet:-1","max-image-preview":"max-image-preview:large","max-video-preview":"max-video-preview:-1"},"canonical":"https:\/\/lethiguel.com\/fr\/solutions-chauffage.html","og_locale":"fr_FR","og_type":"article","og_title":"Lethiguel","og_description":"fournit des solution de chauffage par immersion pour l'industrie : four, thermoplongeur, thermocouple, ... Contactez-nous pour un devis sur mesure.","og_url":"https:\/\/lethiguel.com\/fr\/solutions-chauffage.html","og_site_name":"Lethiguel Fran\u00e7ais","article_modified_time":"2023-08-10T08:38:14+00:00","twitter_card":"summary_large_image","twitter_misc":{"Dur\u00e9e de lecture estim\u00e9e":"2 minutes"},"schema":{"@context":"https:\/\/schema.org","@graph":[{"@type":"WebPage","@id":"https:\/\/lethiguel.com\/fr\/solutions-chauffage.html","url":"https:\/\/lethiguel.com\/fr\/solutions-chauffage.html","name":"Lethiguel","isPartOf":{"@id":"https:\/\/lethiguel.com\/fr\/#website"},"datePublished":"2019-06-18T13:19:57+00:00","dateModified":"2023-08-10T08:38:14+00:00","description":"fournit des solution de chauffage par immersion pour l'industrie : four, thermoplongeur, thermocouple, ... Contactez-nous pour un devis sur mesure.","breadcrumb":{"@id":"https:\/\/lethiguel.com\/fr\/solutions-chauffage.html#breadcrumb"},"inLanguage":"fr-FR","potentialAction":[{"@type":"ReadAction","target":["https:\/\/lethiguel.com\/fr\/solutions-chauffage.html"]}]},{"@type":"BreadcrumbList","@id":"https:\/\/lethiguel.com\/fr\/solutions-chauffage.html#breadcrumb","itemListElement":[{"@type":"ListItem","position":1,"name":"Accueil","item":"https:\/\/lethiguel.com\/fr\/"},{"@type":"ListItem","position":2,"name":"Solutions de chauffage"}]},{"@type":"WebSite","@id":"https:\/\/lethiguel.com\/fr\/#website","url":"https:\/\/lethiguel.com\/fr\/","name":"Lethiguel Fran\u00e7ais","description":"Heating and cooling solutions","potentialAction":[{"@type":"SearchAction","target":{"@type":"EntryPoint","urlTemplate":"https:\/\/lethiguel.com\/fr\/?s={search_term_string}"},"query-input":{"@type":"PropertyValueSpecification","valueRequired":true,"valueName":"search_term_string"}}],"inLanguage":"fr-FR"}]}},"_links":{"self":[{"href":"https:\/\/lethiguel.com\/fr\/wp-json\/wp\/v2\/pages\/87","targetHints":{"allow":["GET"]}}],"collection":[{"href":"https:\/\/lethiguel.com\/fr\/wp-json\/wp\/v2\/pages"}],"about":[{"href":"https:\/\/lethiguel.com\/fr\/wp-json\/wp\/v2\/types\/page"}],"author":[{"embeddable":true,"href":"https:\/\/lethiguel.com\/fr\/wp-json\/wp\/v2\/users\/1"}],"replies":[{"embeddable":true,"href":"https:\/\/lethiguel.com\/fr\/wp-json\/wp\/v2\/comments?post=87"}],"version-history":[{"count":49,"href":"https:\/\/lethiguel.com\/fr\/wp-json\/wp\/v2\/pages\/87\/revisions"}],"predecessor-version":[{"id":2129,"href":"https:\/\/lethiguel.com\/fr\/wp-json\/wp\/v2\/pages\/87\/revisions\/2129"}],"wp:attachment":[{"href":"https:\/\/lethiguel.com\/fr\/wp-json\/wp\/v2\/media?parent=87"}],"curies":[{"name":"wp","href":"https:\/\/api.w.org\/{rel}","templated":true}]}}